{"id":15,"date":"2021-04-14T18:13:40","date_gmt":"2021-04-14T16:13:40","guid":{"rendered":"https:\/\/gambinieditore.studiozerocinque.it\/la-casa-editrice\/"},"modified":"2024-08-05T10:58:45","modified_gmt":"2024-08-05T08:58:45","slug":"la-casa-editrice","status":"publish","type":"page","link":"https:\/\/gambinieditore.studiozerocinque.it\/?page_id=15","title":{"rendered":"La casa editrice"},"content":{"rendered":"<div>\n<h2>&#8220;Memore del passato, reggo il presente guardando al futuro.&#8221;<\/h2>\n<p>Gambini Editore fonda il proprio orientamento sul proposito di attingere alle radici del passato affinch\u00e9 sia possibile interpretare e vivere il presente e affrontare pi\u00f9 consapevolmente il futuro.<br \/>Questa \u00e8 la visione che guida il nuovo progetto editoriale di Isabella Gambini come proseguimento dell\u2019esperienza decennale maturata da co-titolare del marchio Intermedia Edizioni.<\/p>\n<p>Avvalendosi dell\u2019impronta femminile della sua fondatrice e dell\u2019ausilio di uno staff giovane e dinamico, Gambini Editore punta a promuovere la cultura come strumento di partecipazione, arricchimento e scambio.<br \/>In questa direzione si muove anche la sfida di individuare e valorizzare talenti emergenti e temi di approfondimento attraenti. Uno spazio significativo \u00e8 dedicato alle donne e al loro contributo alle diverse realt\u00e0 culturali, tra storia, immaginario e attualit\u00e0.<\/p>\n<p>La produzione editoriale \u00e8 organizzata per collane e spazia dalla narrativa, alla poesia, alla saggistica, con un\u2019apertura al mondo accademico. Una speciale attenzione \u00e8 dedicata ai temi di attualit\u00e0 e di geopolitica, nell\u2019intento di allargare lo sguardo oltre i confini. Spiccano inoltre gli approfondimenti dedicati alle scienze sociali, alla storia e alla valorizzazione del patrimonio storico e culturale del nostro paese.<\/p>\n<\/div>\n<p><!--more--><br \/>\n<!-- {\"type\":\"layout\",\"children\":[{\"type\":\"section\",\"props\":{\"image_position\":\"center-center\",\"padding\":\"xsmall\",\"padding_remove_top\":false,\"preserve_color\":true,\"style\":\"primary\",\"title_breakpoint\":\"xl\",\"title_position\":\"top-left\",\"title_rotation\":\"left\",\"vertical_align\":\"middle\",\"width\":\"default\"},\"children\":[{\"type\":\"row\",\"children\":[{\"type\":\"column\",\"props\":{\"image_position\":\"center-center\",\"position_sticky_breakpoint\":\"m\"},\"children\":[{\"type\":\"breadcrumbs\",\"props\":{\"show_current\":true,\"show_home\":true}}]}]}],\"name\":\"Breadcrumbs\"},{\"type\":\"section\",\"props\":{\"image_position\":\"center-center\",\"padding\":\"small\",\"style\":\"default\",\"title_breakpoint\":\"xl\",\"title_position\":\"top-left\",\"title_rotation\":\"left\",\"vertical_align\":\"middle\",\"width\":\"large\"},\"children\":[{\"type\":\"row\",\"children\":[{\"type\":\"column\",\"props\":{\"image_position\":\"center-center\",\"position_sticky_breakpoint\":\"m\",\"style\":\"card-default\"},\"children\":[{\"type\":\"headline\",\"props\":{\"title_color\":\"primary\",\"title_element\":\"h1\"},\"source\":{\"query\":{\"name\":\"pages.singlePage\"},\"props\":{\"content\":{\"filters\":{\"search\":\"\"},\"name\":\"title\"}}}},{\"type\":\"text\",\"props\":{\"column_breakpoint\":\"m\",\"content\":\"\n\n<h2>\\\"Memore del passato, reggo il presente guardando al futuro.\\\"<\\\/h2>\\n\n\n<p>Gambini Editore fonda il proprio orientamento sul proposito di attingere alle radici del passato affinch\\u00e9 sia possibile interpretare e vivere il presente e affrontare pi\\u00f9 consapevolmente il futuro.<br \\\/>Questa \\u00e8 la visione che guida il nuovo progetto editoriale di Isabella Gambini come proseguimento dell\\u2019esperienza decennale maturata da co-titolare del marchio Intermedia Edizioni.<\\\/p>\\n\n\n<p>Avvalendosi dell\\u2019impronta femminile della sua fondatrice e dell\\u2019ausilio di uno staff giovane e dinamico, Gambini Editore punta a promuovere la cultura come strumento di partecipazione, arricchimento e scambio.<br \\\/>In questa direzione si muove anche la sfida di individuare e valorizzare talenti emergenti e temi di approfondimento attraenti. Uno spazio significativo \\u00e8 dedicato alle donne e al loro contributo alle diverse realt\\u00e0 culturali, tra storia, immaginario e attualit\\u00e0.<\\\/p>\\n\n\n<p>La produzione editoriale \\u00e8 organizzata per collane e spazia dalla narrativa, alla poesia, alla saggistica, con un\\u2019apertura al mondo accademico. Una speciale attenzione \\u00e8 dedicata ai temi di attualit\\u00e0 e di geopolitica, nell\\u2019intento di allargare lo sguardo oltre i confini. Spiccano inoltre gli approfondimenti dedicati alle scienze sociali, alla storia e alla valorizzazione del patrimonio storico e culturale del nostro paese.<\\\/p>\",\"margin\":\"default\"}}]}]}]}],\"version\":\"4.4.5\"} --><\/p>\n","protected":false},"excerpt":{"rendered":"<p>&#8220;Memore del passato, reggo il presente guardando al futuro.&#8221; Gambini Editore fonda il proprio orientamento sul proposito di attingere alle radici del passato affinch\u00e9 sia possibile interpretare e vivere il presente e affrontare pi\u00f9 consapevolmente il futuro.Questa \u00e8 la visione che guida il nuovo progetto editoriale di Isabella Gambini come proseguimento dell\u2019esperienza decennale maturata da [&hellip;]<\/p>\n","protected":false},"author":1,"featured_media":0,"parent":0,"menu_order":3,"comment_status":"closed","ping_status":"closed","template":"","meta":{"footnotes":""},"class_list":["post-15","page","type-page","status-publish","hentry"],"yoast_head":"<!-- This site is optimized with the Yoast SEO plugin v25.9 - https:\/\/yoast.com\/wordpress\/plugins\/seo\/ -->\n<title>La casa editrice - Gambini Editore<\/title>\n<meta name=\"robots\" content=\"noindex, follow, max-snippet:-1, max-image-preview:large, max-video-preview:-1\" \/>\n<meta property=\"og:locale\" content=\"it_IT\" \/>\n<meta property=\"og:type\" content=\"article\" \/>\n<meta property=\"og:title\" content=\"La casa editrice - Gambini Editore\" \/>\n<meta property=\"og:description\" content=\"&#8220;Memore del passato, reggo il presente guardando al futuro.&#8221; Gambini Editore fonda il proprio orientamento sul proposito di attingere alle radici del passato affinch\u00e9 sia possibile interpretare e vivere il presente e affrontare pi\u00f9 consapevolmente il futuro.Questa \u00e8 la visione che guida il nuovo progetto editoriale di Isabella Gambini come proseguimento dell\u2019esperienza decennale maturata da [&hellip;]\" \/>\n<meta property=\"og:url\" content=\"https:\/\/gambinieditore.studiozerocinque.it\/?page_id=15\" \/>\n<meta property=\"og:site_name\" content=\"Gambini Editore\" \/>\n<meta property=\"article:modified_time\" content=\"2024-08-05T08:58:45+00:00\" \/>\n<meta name=\"twitter:card\" content=\"summary_large_image\" \/>\n<meta name=\"twitter:label1\" content=\"Tempo di lettura stimato\" \/>\n\t<meta name=\"twitter:data1\" content=\"1 minuto\" \/>\n<script type=\"application\/ld+json\" class=\"yoast-schema-graph\">{\"@context\":\"https:\/\/schema.org\",\"@graph\":[{\"@type\":\"WebPage\",\"@id\":\"https:\/\/gambinieditore.studiozerocinque.it\/?page_id=15\",\"url\":\"https:\/\/gambinieditore.studiozerocinque.it\/?page_id=15\",\"name\":\"La casa editrice - Gambini Editore\",\"isPartOf\":{\"@id\":\"https:\/\/gambinieditore.studiozerocinque.it\/#website\"},\"datePublished\":\"2021-04-14T16:13:40+00:00\",\"dateModified\":\"2024-08-05T08:58:45+00:00\",\"breadcrumb\":{\"@id\":\"https:\/\/gambinieditore.studiozerocinque.it\/?page_id=15#breadcrumb\"},\"inLanguage\":\"it-IT\",\"potentialAction\":[{\"@type\":\"ReadAction\",\"target\":[\"https:\/\/gambinieditore.studiozerocinque.it\/?page_id=15\"]}]},{\"@type\":\"BreadcrumbList\",\"@id\":\"https:\/\/gambinieditore.studiozerocinque.it\/?page_id=15#breadcrumb\",\"itemListElement\":[{\"@type\":\"ListItem\",\"position\":1,\"name\":\"Home\",\"item\":\"https:\/\/gambinieditore.studiozerocinque.it\/\"},{\"@type\":\"ListItem\",\"position\":2,\"name\":\"La casa editrice\"}]},{\"@type\":\"WebSite\",\"@id\":\"https:\/\/gambinieditore.studiozerocinque.it\/#website\",\"url\":\"https:\/\/gambinieditore.studiozerocinque.it\/\",\"name\":\"Gambini Editore\",\"description\":\"\",\"potentialAction\":[{\"@type\":\"SearchAction\",\"target\":{\"@type\":\"EntryPoint\",\"urlTemplate\":\"https:\/\/gambinieditore.studiozerocinque.it\/?s={search_term_string}\"},\"query-input\":{\"@type\":\"PropertyValueSpecification\",\"valueRequired\":true,\"valueName\":\"search_term_string\"}}],\"inLanguage\":\"it-IT\"}]}<\/script>\n<!-- \/ Yoast SEO plugin. -->","yoast_head_json":{"title":"La casa editrice - Gambini Editore","robots":{"index":"noindex","follow":"follow","max-snippet":"max-snippet:-1","max-image-preview":"max-image-preview:large","max-video-preview":"max-video-preview:-1"},"og_locale":"it_IT","og_type":"article","og_title":"La casa editrice - Gambini Editore","og_description":"&#8220;Memore del passato, reggo il presente guardando al futuro.&#8221; Gambini Editore fonda il proprio orientamento sul proposito di attingere alle radici del passato affinch\u00e9 sia possibile interpretare e vivere il presente e affrontare pi\u00f9 consapevolmente il futuro.Questa \u00e8 la visione che guida il nuovo progetto editoriale di Isabella Gambini come proseguimento dell\u2019esperienza decennale maturata da [&hellip;]","og_url":"https:\/\/gambinieditore.studiozerocinque.it\/?page_id=15","og_site_name":"Gambini Editore","article_modified_time":"2024-08-05T08:58:45+00:00","twitter_card":"summary_large_image","twitter_misc":{"Tempo di lettura stimato":"1 minuto"},"schema":{"@context":"https:\/\/schema.org","@graph":[{"@type":"WebPage","@id":"https:\/\/gambinieditore.studiozerocinque.it\/?page_id=15","url":"https:\/\/gambinieditore.studiozerocinque.it\/?page_id=15","name":"La casa editrice - Gambini Editore","isPartOf":{"@id":"https:\/\/gambinieditore.studiozerocinque.it\/#website"},"datePublished":"2021-04-14T16:13:40+00:00","dateModified":"2024-08-05T08:58:45+00:00","breadcrumb":{"@id":"https:\/\/gambinieditore.studiozerocinque.it\/?page_id=15#breadcrumb"},"inLanguage":"it-IT","potentialAction":[{"@type":"ReadAction","target":["https:\/\/gambinieditore.studiozerocinque.it\/?page_id=15"]}]},{"@type":"BreadcrumbList","@id":"https:\/\/gambinieditore.studiozerocinque.it\/?page_id=15#breadcrumb","itemListElement":[{"@type":"ListItem","position":1,"name":"Home","item":"https:\/\/gambinieditore.studiozerocinque.it\/"},{"@type":"ListItem","position":2,"name":"La casa editrice"}]},{"@type":"WebSite","@id":"https:\/\/gambinieditore.studiozerocinque.it\/#website","url":"https:\/\/gambinieditore.studiozerocinque.it\/","name":"Gambini Editore","description":"","potentialAction":[{"@type":"SearchAction","target":{"@type":"EntryPoint","urlTemplate":"https:\/\/gambinieditore.studiozerocinque.it\/?s={search_term_string}"},"query-input":{"@type":"PropertyValueSpecification","valueRequired":true,"valueName":"search_term_string"}}],"inLanguage":"it-IT"}]}},"_links":{"self":[{"href":"https:\/\/gambinieditore.studiozerocinque.it\/index.php?rest_route=\/wp\/v2\/pages\/15","targetHints":{"allow":["GET"]}}],"collection":[{"href":"https:\/\/gambinieditore.studiozerocinque.it\/index.php?rest_route=\/wp\/v2\/pages"}],"about":[{"href":"https:\/\/gambinieditore.studiozerocinque.it\/index.php?rest_route=\/wp\/v2\/types\/page"}],"author":[{"embeddable":true,"href":"https:\/\/gambinieditore.studiozerocinque.it\/index.php?rest_route=\/wp\/v2\/users\/1"}],"replies":[{"embeddable":true,"href":"https:\/\/gambinieditore.studiozerocinque.it\/index.php?rest_route=%2Fwp%2Fv2%2Fcomments&post=15"}],"version-history":[{"count":17,"href":"https:\/\/gambinieditore.studiozerocinque.it\/index.php?rest_route=\/wp\/v2\/pages\/15\/revisions"}],"predecessor-version":[{"id":1169,"href":"https:\/\/gambinieditore.studiozerocinque.it\/index.php?rest_route=\/wp\/v2\/pages\/15\/revisions\/1169"}],"wp:attachment":[{"href":"https:\/\/gambinieditore.studiozerocinque.it\/index.php?rest_route=%2Fwp%2Fv2%2Fmedia&parent=15"}],"curies":[{"name":"wp","href":"https:\/\/api.w.org\/{rel}","templated":true}]}}