{"id":116,"date":"2022-02-11T18:41:05","date_gmt":"2022-02-11T17:41:05","guid":{"rendered":"https:\/\/gambinieditore.studiozerocinque.it\/prodotto\/l-altra-perugia\/"},"modified":"2022-02-11T18:41:05","modified_gmt":"2022-02-11T17:41:05","slug":"l-altra-perugia","status":"publish","type":"product","link":"https:\/\/gambinieditore.studiozerocinque.it\/?product=l-altra-perugia","title":{"rendered":"L&#8217;altra Perugia"},"content":{"rendered":"<p>La citt\u00e0\u00a0 \u00e9 progetto di vita collettiva. Insieme movimento di ombre e di luci, crocevia di destini, speranze, illusioni, delusioni. la ciitt\u00e0\u00a0 \u00e9 lo spazio immaginato condiviso. Fuori dagli schemi della Perugia da cartolina questo libro \u00e9 la narrazione fotografica di una citt\u00e0\u00a0 in cambiamento. Cartoline da un presente che non si pu\u00f2 pi\u00f9 far finta di non vedere.<\/p>\n","protected":false},"excerpt":{"rendered":"<p>&#8220;La citt\u00e0\u00a0 \u00e9 progetto di vita collettiva. Insieme movimento di ombre e luci, crocevia di destini, speranze, illusioni e delusioni. La citt\u00e0\u00a0 \u00e9 spazio immaginato e condiviso. Fuori dagli schemi della Perugia da cartolina questo libro \u00e9 la narrazione fotografica di una citt\u00e0\u00a0 in cambiamento: cartoline da un presente che non si pu\u00f2 pi\u00f9 far finta di non vedere&#8230;&#8221;<\/p>\n","protected":false},"featured_media":115,"comment_status":"open","ping_status":"closed","template":"","meta":[],"product_brand":[],"product_cat":[18],"product_tag":[],"class_list":{"0":"post-116","1":"product","2":"type-product","3":"status-publish","4":"has-post-thumbnail","6":"product_cat-libri","8":"first","9":"instock","10":"shipping-taxable","11":"purchasable","12":"product-type-simple"},"yoast_head":"<!-- This site is optimized with the Yoast SEO plugin v25.9 - https:\/\/yoast.com\/wordpress\/plugins\/seo\/ -->\n<title>L&#039;altra Perugia - Gambini Editore<\/title>\n<meta name=\"robots\" content=\"noindex, follow, max-snippet:-1, max-image-preview:large, max-video-preview:-1\" \/>\n<meta property=\"og:locale\" content=\"it_IT\" \/>\n<meta property=\"og:type\" content=\"article\" \/>\n<meta property=\"og:title\" content=\"L&#039;altra Perugia - Gambini Editore\" \/>\n<meta property=\"og:description\" content=\"&quot;La citt\u00e0\u00a0 \u00e9 progetto di vita collettiva. Insieme movimento di ombre e luci, crocevia di destini, speranze, illusioni e delusioni. La citt\u00e0\u00a0 \u00e9 spazio immaginato e condiviso. Fuori dagli schemi della Perugia da cartolina questo libro \u00e9 la narrazione fotografica di una citt\u00e0\u00a0 in cambiamento: cartoline da un presente che non si pu\u00f2 pi\u00f9 far finta di non vedere...&quot;\" \/>\n<meta property=\"og:url\" content=\"https:\/\/gambinieditore.studiozerocinque.it\/?product=l-altra-perugia\" \/>\n<meta property=\"og:site_name\" content=\"Gambini Editore\" \/>\n<meta property=\"og:image\" content=\"https:\/\/gambinieditore.studiozerocinque.it\/wp-content\/uploads\/2022\/02\/67-Laltra-Perugia.jpg\" \/>\n\t<meta property=\"og:image:width\" content=\"300\" \/>\n\t<meta property=\"og:image:height\" content=\"429\" \/>\n\t<meta property=\"og:image:type\" content=\"image\/jpeg\" \/>\n<meta name=\"twitter:card\" content=\"summary_large_image\" \/>\n<script type=\"application\/ld+json\" class=\"yoast-schema-graph\">{\"@context\":\"https:\/\/schema.org\",\"@graph\":[{\"@type\":\"WebPage\",\"@id\":\"https:\/\/gambinieditore.studiozerocinque.it\/?product=l-altra-perugia\",\"url\":\"https:\/\/gambinieditore.studiozerocinque.it\/?product=l-altra-perugia\",\"name\":\"L'altra Perugia - Gambini Editore\",\"isPartOf\":{\"@id\":\"https:\/\/gambinieditore.studiozerocinque.it\/#website\"},\"primaryImageOfPage\":{\"@id\":\"https:\/\/gambinieditore.studiozerocinque.it\/?product=l-altra-perugia#primaryimage\"},\"image\":{\"@id\":\"https:\/\/gambinieditore.studiozerocinque.it\/?product=l-altra-perugia#primaryimage\"},\"thumbnailUrl\":\"https:\/\/gambinieditore.studiozerocinque.it\/wp-content\/uploads\/2022\/02\/67-Laltra-Perugia.jpg\",\"datePublished\":\"2022-02-11T17:41:05+00:00\",\"breadcrumb\":{\"@id\":\"https:\/\/gambinieditore.studiozerocinque.it\/?product=l-altra-perugia#breadcrumb\"},\"inLanguage\":\"it-IT\",\"potentialAction\":[{\"@type\":\"ReadAction\",\"target\":[\"https:\/\/gambinieditore.studiozerocinque.it\/?product=l-altra-perugia\"]}]},{\"@type\":\"ImageObject\",\"inLanguage\":\"it-IT\",\"@id\":\"https:\/\/gambinieditore.studiozerocinque.it\/?product=l-altra-perugia#primaryimage\",\"url\":\"https:\/\/gambinieditore.studiozerocinque.it\/wp-content\/uploads\/2022\/02\/67-Laltra-Perugia.jpg\",\"contentUrl\":\"https:\/\/gambinieditore.studiozerocinque.it\/wp-content\/uploads\/2022\/02\/67-Laltra-Perugia.jpg\",\"width\":300,\"height\":429,\"caption\":\"L'altra Perugia\"},{\"@type\":\"BreadcrumbList\",\"@id\":\"https:\/\/gambinieditore.studiozerocinque.it\/?product=l-altra-perugia#breadcrumb\",\"itemListElement\":[{\"@type\":\"ListItem\",\"position\":1,\"name\":\"Home\",\"item\":\"https:\/\/gambinieditore.studiozerocinque.it\/\"},{\"@type\":\"ListItem\",\"position\":2,\"name\":\"Catalogo\",\"item\":\"https:\/\/gambinieditore.studiozerocinque.it\/?page_id=7\"},{\"@type\":\"ListItem\",\"position\":3,\"name\":\"L&#8217;altra Perugia\"}]},{\"@type\":\"WebSite\",\"@id\":\"https:\/\/gambinieditore.studiozerocinque.it\/#website\",\"url\":\"https:\/\/gambinieditore.studiozerocinque.it\/\",\"name\":\"Gambini Editore\",\"description\":\"\",\"potentialAction\":[{\"@type\":\"SearchAction\",\"target\":{\"@type\":\"EntryPoint\",\"urlTemplate\":\"https:\/\/gambinieditore.studiozerocinque.it\/?s={search_term_string}\"},\"query-input\":{\"@type\":\"PropertyValueSpecification\",\"valueRequired\":true,\"valueName\":\"search_term_string\"}}],\"inLanguage\":\"it-IT\"}]}<\/script>\n<!-- \/ Yoast SEO plugin. -->","yoast_head_json":{"title":"L'altra Perugia - Gambini Editore","robots":{"index":"noindex","follow":"follow","max-snippet":"max-snippet:-1","max-image-preview":"max-image-preview:large","max-video-preview":"max-video-preview:-1"},"og_locale":"it_IT","og_type":"article","og_title":"L'altra Perugia - Gambini Editore","og_description":"\"La citt\u00e0\u00a0 \u00e9 progetto di vita collettiva. Insieme movimento di ombre e luci, crocevia di destini, speranze, illusioni e delusioni. La citt\u00e0\u00a0 \u00e9 spazio immaginato e condiviso. Fuori dagli schemi della Perugia da cartolina questo libro \u00e9 la narrazione fotografica di una citt\u00e0\u00a0 in cambiamento: cartoline da un presente che non si pu\u00f2 pi\u00f9 far finta di non vedere...\"","og_url":"https:\/\/gambinieditore.studiozerocinque.it\/?product=l-altra-perugia","og_site_name":"Gambini Editore","og_image":[{"width":300,"height":429,"url":"https:\/\/gambinieditore.studiozerocinque.it\/wp-content\/uploads\/2022\/02\/67-Laltra-Perugia.jpg","type":"image\/jpeg"}],"twitter_card":"summary_large_image","schema":{"@context":"https:\/\/schema.org","@graph":[{"@type":"WebPage","@id":"https:\/\/gambinieditore.studiozerocinque.it\/?product=l-altra-perugia","url":"https:\/\/gambinieditore.studiozerocinque.it\/?product=l-altra-perugia","name":"L'altra Perugia - Gambini Editore","isPartOf":{"@id":"https:\/\/gambinieditore.studiozerocinque.it\/#website"},"primaryImageOfPage":{"@id":"https:\/\/gambinieditore.studiozerocinque.it\/?product=l-altra-perugia#primaryimage"},"image":{"@id":"https:\/\/gambinieditore.studiozerocinque.it\/?product=l-altra-perugia#primaryimage"},"thumbnailUrl":"https:\/\/gambinieditore.studiozerocinque.it\/wp-content\/uploads\/2022\/02\/67-Laltra-Perugia.jpg","datePublished":"2022-02-11T17:41:05+00:00","breadcrumb":{"@id":"https:\/\/gambinieditore.studiozerocinque.it\/?product=l-altra-perugia#breadcrumb"},"inLanguage":"it-IT","potentialAction":[{"@type":"ReadAction","target":["https:\/\/gambinieditore.studiozerocinque.it\/?product=l-altra-perugia"]}]},{"@type":"ImageObject","inLanguage":"it-IT","@id":"https:\/\/gambinieditore.studiozerocinque.it\/?product=l-altra-perugia#primaryimage","url":"https:\/\/gambinieditore.studiozerocinque.it\/wp-content\/uploads\/2022\/02\/67-Laltra-Perugia.jpg","contentUrl":"https:\/\/gambinieditore.studiozerocinque.it\/wp-content\/uploads\/2022\/02\/67-Laltra-Perugia.jpg","width":300,"height":429,"caption":"L'altra Perugia"},{"@type":"BreadcrumbList","@id":"https:\/\/gambinieditore.studiozerocinque.it\/?product=l-altra-perugia#breadcrumb","itemListElement":[{"@type":"ListItem","position":1,"name":"Home","item":"https:\/\/gambinieditore.studiozerocinque.it\/"},{"@type":"ListItem","position":2,"name":"Catalogo","item":"https:\/\/gambinieditore.studiozerocinque.it\/?page_id=7"},{"@type":"ListItem","position":3,"name":"L&#8217;altra Perugia"}]},{"@type":"WebSite","@id":"https:\/\/gambinieditore.studiozerocinque.it\/#website","url":"https:\/\/gambinieditore.studiozerocinque.it\/","name":"Gambini Editore","description":"","potentialAction":[{"@type":"SearchAction","target":{"@type":"EntryPoint","urlTemplate":"https:\/\/gambinieditore.studiozerocinque.it\/?s={search_term_string}"},"query-input":{"@type":"PropertyValueSpecification","valueRequired":true,"valueName":"search_term_string"}}],"inLanguage":"it-IT"}]}},"_links":{"self":[{"href":"https:\/\/gambinieditore.studiozerocinque.it\/index.php?rest_route=\/wp\/v2\/product\/116","targetHints":{"allow":["GET"]}}],"collection":[{"href":"https:\/\/gambinieditore.studiozerocinque.it\/index.php?rest_route=\/wp\/v2\/product"}],"about":[{"href":"https:\/\/gambinieditore.studiozerocinque.it\/index.php?rest_route=\/wp\/v2\/types\/product"}],"replies":[{"embeddable":true,"href":"https:\/\/gambinieditore.studiozerocinque.it\/index.php?rest_route=%2Fwp%2Fv2%2Fcomments&post=116"}],"wp:featuredmedia":[{"embeddable":true,"href":"https:\/\/gambinieditore.studiozerocinque.it\/index.php?rest_route=\/wp\/v2\/media\/115"}],"wp:attachment":[{"href":"https:\/\/gambinieditore.studiozerocinque.it\/index.php?rest_route=%2Fwp%2Fv2%2Fmedia&parent=116"}],"wp:term":[{"taxonomy":"product_brand","embeddable":true,"href":"https:\/\/gambinieditore.studiozerocinque.it\/index.php?rest_route=%2Fwp%2Fv2%2Fproduct_brand&post=116"},{"taxonomy":"product_cat","embeddable":true,"href":"https:\/\/gambinieditore.studiozerocinque.it\/index.php?rest_route=%2Fwp%2Fv2%2Fproduct_cat&post=116"},{"taxonomy":"product_tag","embeddable":true,"href":"https:\/\/gambinieditore.studiozerocinque.it\/index.php?rest_route=%2Fwp%2Fv2%2Fproduct_tag&post=116"}],"curies":[{"name":"wp","href":"https:\/\/api.w.org\/{rel}","templated":true}]}}