{"id":1384,"date":"2024-11-25T20:05:50","date_gmt":"2024-11-25T19:05:50","guid":{"rendered":"https:\/\/gambinieditore.studiozerocinque.it\/religione\/il-giubileo-di-giorgio-infantino"},"modified":"2024-11-25T20:05:50","modified_gmt":"2024-11-25T19:05:50","slug":"il-giubileo-di-giorgio-infantino","status":"publish","type":"product","link":"https:\/\/gambinieditore.studiozerocinque.it\/?product=il-giubileo-di-giorgio-infantino","title":{"rendered":"Il Giubileo di Giorgio Infantino"},"content":{"rendered":"<p style=\"margin:0px;font-style:normal;font-size:13px;line-height:normal;font-family:'Helvetica Neue';\">Il Giubileo \u00e8 sostanzialmente un dono che parte dall\u2019iniziativa salvifica di Dio per il suo popolo e si traduce in \u00abAnno di misericordia\u00bb, in \u00abAnno di grazia\u00bb. \u00c8 un prolungato e intenso invito alla santit\u00e0, un anno volto alla disponibilit\u00e0 ad accogliere il dono di grazia che Dio concede al suo popolo, un anno di vero rinnovamento sociale e spirituale, perch\u00e9 \u00e8 l\u2019Anno della remissione, dell\u2019abbuono\/condono di ogni debito. Il giubileo, essendo un evento di riconciliazione, \u00e8 un pressante invito a rispondere al richiamo di Dio che opera la salvezza per ogni uomo; un luogo d\u2019incontro tra \u2018due pellegrinaggi\u2019 che si intersecano: quello di Dio verso l\u2019uomo e quello dell\u2019uomo verso Dio.<\/p>\n","protected":false},"excerpt":{"rendered":"<p>Evento di riconciliazione. Un&#8217;occasione di &#8220;Pellegrinaggio&#8221;<\/p>\n<p>Prefazione di P. Antonio Spadaro S.I.<\/p>\n","protected":false},"featured_media":1383,"comment_status":"open","ping_status":"closed","template":"","meta":[],"product_brand":[],"product_cat":[17,18,24,34],"product_tag":[],"class_list":{"0":"post-1384","1":"product","2":"type-product","3":"status-publish","4":"has-post-thumbnail","6":"product_cat-catalogo","7":"product_cat-libri","8":"product_cat-novita","9":"product_cat-religione","11":"first","12":"instock","13":"shipping-taxable","14":"purchasable","15":"product-type-simple"},"yoast_head":"<!-- This site is optimized with the Yoast SEO plugin v25.9 - https:\/\/yoast.com\/wordpress\/plugins\/seo\/ -->\n<title>Il Giubileo di Giorgio Infantino - Gambini Editore<\/title>\n<meta name=\"robots\" content=\"noindex, follow, max-snippet:-1, max-image-preview:large, max-video-preview:-1\" \/>\n<meta property=\"og:locale\" content=\"it_IT\" \/>\n<meta property=\"og:type\" content=\"article\" \/>\n<meta property=\"og:title\" content=\"Il Giubileo di Giorgio Infantino - Gambini Editore\" \/>\n<meta property=\"og:description\" content=\"Evento di riconciliazione. Un&#039;occasione di &quot;Pellegrinaggio&quot; Prefazione di P. Antonio Spadaro S.I.\" \/>\n<meta property=\"og:url\" content=\"https:\/\/gambinieditore.studiozerocinque.it\/?product=il-giubileo-di-giorgio-infantino\" \/>\n<meta property=\"og:site_name\" content=\"Gambini Editore\" \/>\n<meta property=\"og:image\" content=\"https:\/\/gambinieditore.studiozerocinque.it\/wp-content\/uploads\/2024\/11\/459-Il-Giubileo-di-Giorgio-Infantino.jpg\" \/>\n\t<meta property=\"og:image:width\" content=\"1712\" \/>\n\t<meta property=\"og:image:height\" content=\"2421\" \/>\n\t<meta property=\"og:image:type\" content=\"image\/jpeg\" \/>\n<meta name=\"twitter:card\" content=\"summary_large_image\" \/>\n<meta name=\"twitter:label1\" content=\"Tempo di lettura stimato\" \/>\n\t<meta name=\"twitter:data1\" content=\"1 minuto\" \/>\n<script type=\"application\/ld+json\" class=\"yoast-schema-graph\">{\"@context\":\"https:\/\/schema.org\",\"@graph\":[{\"@type\":\"WebPage\",\"@id\":\"https:\/\/gambinieditore.studiozerocinque.it\/?product=il-giubileo-di-giorgio-infantino\",\"url\":\"https:\/\/gambinieditore.studiozerocinque.it\/?product=il-giubileo-di-giorgio-infantino\",\"name\":\"Il Giubileo di Giorgio Infantino - Gambini Editore\",\"isPartOf\":{\"@id\":\"https:\/\/gambinieditore.studiozerocinque.it\/#website\"},\"primaryImageOfPage\":{\"@id\":\"https:\/\/gambinieditore.studiozerocinque.it\/?product=il-giubileo-di-giorgio-infantino#primaryimage\"},\"image\":{\"@id\":\"https:\/\/gambinieditore.studiozerocinque.it\/?product=il-giubileo-di-giorgio-infantino#primaryimage\"},\"thumbnailUrl\":\"https:\/\/gambinieditore.studiozerocinque.it\/wp-content\/uploads\/2024\/11\/459-Il-Giubileo-di-Giorgio-Infantino.jpg\",\"datePublished\":\"2024-11-25T19:05:50+00:00\",\"breadcrumb\":{\"@id\":\"https:\/\/gambinieditore.studiozerocinque.it\/?product=il-giubileo-di-giorgio-infantino#breadcrumb\"},\"inLanguage\":\"it-IT\",\"potentialAction\":[{\"@type\":\"ReadAction\",\"target\":[\"https:\/\/gambinieditore.studiozerocinque.it\/?product=il-giubileo-di-giorgio-infantino\"]}]},{\"@type\":\"ImageObject\",\"inLanguage\":\"it-IT\",\"@id\":\"https:\/\/gambinieditore.studiozerocinque.it\/?product=il-giubileo-di-giorgio-infantino#primaryimage\",\"url\":\"https:\/\/gambinieditore.studiozerocinque.it\/wp-content\/uploads\/2024\/11\/459-Il-Giubileo-di-Giorgio-Infantino.jpg\",\"contentUrl\":\"https:\/\/gambinieditore.studiozerocinque.it\/wp-content\/uploads\/2024\/11\/459-Il-Giubileo-di-Giorgio-Infantino.jpg\",\"width\":1712,\"height\":2421,\"caption\":\"Il Giubileo di Giorgio Infantino\"},{\"@type\":\"BreadcrumbList\",\"@id\":\"https:\/\/gambinieditore.studiozerocinque.it\/?product=il-giubileo-di-giorgio-infantino#breadcrumb\",\"itemListElement\":[{\"@type\":\"ListItem\",\"position\":1,\"name\":\"Home\",\"item\":\"https:\/\/gambinieditore.studiozerocinque.it\/\"},{\"@type\":\"ListItem\",\"position\":2,\"name\":\"Catalogo\",\"item\":\"https:\/\/gambinieditore.studiozerocinque.it\/?page_id=7\"},{\"@type\":\"ListItem\",\"position\":3,\"name\":\"Il Giubileo di Giorgio Infantino\"}]},{\"@type\":\"WebSite\",\"@id\":\"https:\/\/gambinieditore.studiozerocinque.it\/#website\",\"url\":\"https:\/\/gambinieditore.studiozerocinque.it\/\",\"name\":\"Gambini Editore\",\"description\":\"\",\"potentialAction\":[{\"@type\":\"SearchAction\",\"target\":{\"@type\":\"EntryPoint\",\"urlTemplate\":\"https:\/\/gambinieditore.studiozerocinque.it\/?s={search_term_string}\"},\"query-input\":{\"@type\":\"PropertyValueSpecification\",\"valueRequired\":true,\"valueName\":\"search_term_string\"}}],\"inLanguage\":\"it-IT\"}]}<\/script>\n<!-- \/ Yoast SEO plugin. -->","yoast_head_json":{"title":"Il Giubileo di Giorgio Infantino - Gambini Editore","robots":{"index":"noindex","follow":"follow","max-snippet":"max-snippet:-1","max-image-preview":"max-image-preview:large","max-video-preview":"max-video-preview:-1"},"og_locale":"it_IT","og_type":"article","og_title":"Il Giubileo di Giorgio Infantino - Gambini Editore","og_description":"Evento di riconciliazione. Un'occasione di \"Pellegrinaggio\" Prefazione di P. Antonio Spadaro S.I.","og_url":"https:\/\/gambinieditore.studiozerocinque.it\/?product=il-giubileo-di-giorgio-infantino","og_site_name":"Gambini Editore","og_image":[{"width":1712,"height":2421,"url":"https:\/\/gambinieditore.studiozerocinque.it\/wp-content\/uploads\/2024\/11\/459-Il-Giubileo-di-Giorgio-Infantino.jpg","type":"image\/jpeg"}],"twitter_card":"summary_large_image","twitter_misc":{"Tempo di lettura stimato":"1 minuto"},"schema":{"@context":"https:\/\/schema.org","@graph":[{"@type":"WebPage","@id":"https:\/\/gambinieditore.studiozerocinque.it\/?product=il-giubileo-di-giorgio-infantino","url":"https:\/\/gambinieditore.studiozerocinque.it\/?product=il-giubileo-di-giorgio-infantino","name":"Il Giubileo di Giorgio Infantino - Gambini Editore","isPartOf":{"@id":"https:\/\/gambinieditore.studiozerocinque.it\/#website"},"primaryImageOfPage":{"@id":"https:\/\/gambinieditore.studiozerocinque.it\/?product=il-giubileo-di-giorgio-infantino#primaryimage"},"image":{"@id":"https:\/\/gambinieditore.studiozerocinque.it\/?product=il-giubileo-di-giorgio-infantino#primaryimage"},"thumbnailUrl":"https:\/\/gambinieditore.studiozerocinque.it\/wp-content\/uploads\/2024\/11\/459-Il-Giubileo-di-Giorgio-Infantino.jpg","datePublished":"2024-11-25T19:05:50+00:00","breadcrumb":{"@id":"https:\/\/gambinieditore.studiozerocinque.it\/?product=il-giubileo-di-giorgio-infantino#breadcrumb"},"inLanguage":"it-IT","potentialAction":[{"@type":"ReadAction","target":["https:\/\/gambinieditore.studiozerocinque.it\/?product=il-giubileo-di-giorgio-infantino"]}]},{"@type":"ImageObject","inLanguage":"it-IT","@id":"https:\/\/gambinieditore.studiozerocinque.it\/?product=il-giubileo-di-giorgio-infantino#primaryimage","url":"https:\/\/gambinieditore.studiozerocinque.it\/wp-content\/uploads\/2024\/11\/459-Il-Giubileo-di-Giorgio-Infantino.jpg","contentUrl":"https:\/\/gambinieditore.studiozerocinque.it\/wp-content\/uploads\/2024\/11\/459-Il-Giubileo-di-Giorgio-Infantino.jpg","width":1712,"height":2421,"caption":"Il Giubileo di Giorgio Infantino"},{"@type":"BreadcrumbList","@id":"https:\/\/gambinieditore.studiozerocinque.it\/?product=il-giubileo-di-giorgio-infantino#breadcrumb","itemListElement":[{"@type":"ListItem","position":1,"name":"Home","item":"https:\/\/gambinieditore.studiozerocinque.it\/"},{"@type":"ListItem","position":2,"name":"Catalogo","item":"https:\/\/gambinieditore.studiozerocinque.it\/?page_id=7"},{"@type":"ListItem","position":3,"name":"Il Giubileo di Giorgio Infantino"}]},{"@type":"WebSite","@id":"https:\/\/gambinieditore.studiozerocinque.it\/#website","url":"https:\/\/gambinieditore.studiozerocinque.it\/","name":"Gambini Editore","description":"","potentialAction":[{"@type":"SearchAction","target":{"@type":"EntryPoint","urlTemplate":"https:\/\/gambinieditore.studiozerocinque.it\/?s={search_term_string}"},"query-input":{"@type":"PropertyValueSpecification","valueRequired":true,"valueName":"search_term_string"}}],"inLanguage":"it-IT"}]}},"_links":{"self":[{"href":"https:\/\/gambinieditore.studiozerocinque.it\/index.php?rest_route=\/wp\/v2\/product\/1384","targetHints":{"allow":["GET"]}}],"collection":[{"href":"https:\/\/gambinieditore.studiozerocinque.it\/index.php?rest_route=\/wp\/v2\/product"}],"about":[{"href":"https:\/\/gambinieditore.studiozerocinque.it\/index.php?rest_route=\/wp\/v2\/types\/product"}],"replies":[{"embeddable":true,"href":"https:\/\/gambinieditore.studiozerocinque.it\/index.php?rest_route=%2Fwp%2Fv2%2Fcomments&post=1384"}],"wp:featuredmedia":[{"embeddable":true,"href":"https:\/\/gambinieditore.studiozerocinque.it\/index.php?rest_route=\/wp\/v2\/media\/1383"}],"wp:attachment":[{"href":"https:\/\/gambinieditore.studiozerocinque.it\/index.php?rest_route=%2Fwp%2Fv2%2Fmedia&parent=1384"}],"wp:term":[{"taxonomy":"product_brand","embeddable":true,"href":"https:\/\/gambinieditore.studiozerocinque.it\/index.php?rest_route=%2Fwp%2Fv2%2Fproduct_brand&post=1384"},{"taxonomy":"product_cat","embeddable":true,"href":"https:\/\/gambinieditore.studiozerocinque.it\/index.php?rest_route=%2Fwp%2Fv2%2Fproduct_cat&post=1384"},{"taxonomy":"product_tag","embeddable":true,"href":"https:\/\/gambinieditore.studiozerocinque.it\/index.php?rest_route=%2Fwp%2Fv2%2Fproduct_tag&post=1384"}],"curies":[{"name":"wp","href":"https:\/\/api.w.org\/{rel}","templated":true}]}}