{"id":1386,"date":"2024-11-28T17:09:27","date_gmt":"2024-11-28T16:09:27","guid":{"rendered":"https:\/\/gambinieditore.studiozerocinque.it\/bambini-e-ragazzi\/luisa-il-sogno-in-un-barattolo-di-lorella-pica"},"modified":"2024-11-28T17:09:27","modified_gmt":"2024-11-28T16:09:27","slug":"luisa-il-sogno-in-un-barattolo-di-lorella-pica","status":"publish","type":"product","link":"https:\/\/gambinieditore.studiozerocinque.it\/?product=luisa-il-sogno-in-un-barattolo-di-lorella-pica","title":{"rendered":"Luisa. Il sogno in un barattolo di Lorella Pica"},"content":{"rendered":"<p style=\"margin:0px;font-style:normal;font-size:13px;line-height:normal;font-family:'Helvetica Neue';\">Immagina di entrare in un villaggio sperduto del Guatemala, nel cuore dell\u2019America Centrale, lontano anni luce da qualsiasi citt\u00e0, dove non \u00e8 mai arrivata la corrente elettrica n\u00e9 l\u2019acqua corrente; un luogo in cui nessuna casa, neanche la pi\u00f9 umile delle baracche, ha servizi igienici. Un villaggio dove la scuola non \u00e8 nemmeno un sogno, n\u00e9 tantomeno un desiderio, e dove la speranza sembra non aver mai messo piede. In questo villaggio, tutti, compresi i bambini piccoli piccoli, maneggiano polvere da sparare per confezionare petardi. Tra loro c\u2019\u00e8 Luisa, una bambina dalle manine sempre sporche di quella polvere grigia, anche lei costruisce petardi. La sua vita, grigia come quella polvere, non potr\u00e0 mai essere diversa, non potr\u00e0 mai colorarsi\u00a0di mille colori&#8230; Una vita destinata a non cambiare mai, a restare opaca, senza luce n\u00e9 colore. Ma, in un brevissimo istante di una giornata qualsiasi, uguale a tutte le altre, accade qualcosa di straordinario. Qualcosa che stravolger\u00e0 per sempre la vita di Luisa e quella di tutti gli altri bambini e bambine del villaggio. In questo villaggio guatemalteco, proprio in quel momento, nasce e comincia a prendere forma una speranza nuova. Una speranza che va oltre ogni immaginazione, oltre ogni sogno possibile.\u00a0<\/p><\/p>\n","protected":false},"excerpt":{"rendered":"<p>Ispirato a una storia vera per insegnare la solidariet\u00e0 ai pi\u00f9 piccoli.<\/p>\n","protected":false},"featured_media":1385,"comment_status":"open","ping_status":"closed","template":"","meta":[],"product_brand":[],"product_cat":[17,18,24,31],"product_tag":[],"class_list":{"0":"post-1386","1":"product","2":"type-product","3":"status-publish","4":"has-post-thumbnail","6":"product_cat-catalogo","7":"product_cat-libri","8":"product_cat-novita","9":"product_cat-bambini-e-ragazzi","11":"first","12":"instock","13":"shipping-taxable","14":"purchasable","15":"product-type-simple"},"yoast_head":"<!-- This site is optimized with the Yoast SEO plugin v25.9 - https:\/\/yoast.com\/wordpress\/plugins\/seo\/ -->\n<title>Luisa. Il sogno in un barattolo di Lorella Pica - Gambini Editore<\/title>\n<meta name=\"robots\" content=\"noindex, follow, max-snippet:-1, max-image-preview:large, max-video-preview:-1\" \/>\n<meta property=\"og:locale\" content=\"it_IT\" \/>\n<meta property=\"og:type\" content=\"article\" \/>\n<meta property=\"og:title\" content=\"Luisa. Il sogno in un barattolo di Lorella Pica - Gambini Editore\" \/>\n<meta property=\"og:description\" content=\"Ispirato a una storia vera per insegnare la solidariet\u00e0 ai pi\u00f9 piccoli.\" \/>\n<meta property=\"og:url\" content=\"https:\/\/gambinieditore.studiozerocinque.it\/?product=luisa-il-sogno-in-un-barattolo-di-lorella-pica\" \/>\n<meta property=\"og:site_name\" content=\"Gambini Editore\" \/>\n<meta property=\"og:image\" content=\"https:\/\/gambinieditore.studiozerocinque.it\/wp-content\/uploads\/2024\/11\/460-Luisa.-Il-sogno-in-un-barattolo-di-Lorella-Pica.jpg\" \/>\n\t<meta property=\"og:image:width\" content=\"2459\" \/>\n\t<meta property=\"og:image:height\" content=\"2484\" \/>\n\t<meta property=\"og:image:type\" content=\"image\/jpeg\" \/>\n<meta name=\"twitter:card\" content=\"summary_large_image\" \/>\n<meta name=\"twitter:label1\" content=\"Tempo di lettura stimato\" \/>\n\t<meta name=\"twitter:data1\" content=\"1 minuto\" \/>\n<script type=\"application\/ld+json\" class=\"yoast-schema-graph\">{\"@context\":\"https:\/\/schema.org\",\"@graph\":[{\"@type\":\"WebPage\",\"@id\":\"https:\/\/gambinieditore.studiozerocinque.it\/?product=luisa-il-sogno-in-un-barattolo-di-lorella-pica\",\"url\":\"https:\/\/gambinieditore.studiozerocinque.it\/?product=luisa-il-sogno-in-un-barattolo-di-lorella-pica\",\"name\":\"Luisa. Il sogno in un barattolo di Lorella Pica - Gambini Editore\",\"isPartOf\":{\"@id\":\"https:\/\/gambinieditore.studiozerocinque.it\/#website\"},\"primaryImageOfPage\":{\"@id\":\"https:\/\/gambinieditore.studiozerocinque.it\/?product=luisa-il-sogno-in-un-barattolo-di-lorella-pica#primaryimage\"},\"image\":{\"@id\":\"https:\/\/gambinieditore.studiozerocinque.it\/?product=luisa-il-sogno-in-un-barattolo-di-lorella-pica#primaryimage\"},\"thumbnailUrl\":\"https:\/\/gambinieditore.studiozerocinque.it\/wp-content\/uploads\/2024\/11\/460-Luisa.-Il-sogno-in-un-barattolo-di-Lorella-Pica.jpg\",\"datePublished\":\"2024-11-28T16:09:27+00:00\",\"breadcrumb\":{\"@id\":\"https:\/\/gambinieditore.studiozerocinque.it\/?product=luisa-il-sogno-in-un-barattolo-di-lorella-pica#breadcrumb\"},\"inLanguage\":\"it-IT\",\"potentialAction\":[{\"@type\":\"ReadAction\",\"target\":[\"https:\/\/gambinieditore.studiozerocinque.it\/?product=luisa-il-sogno-in-un-barattolo-di-lorella-pica\"]}]},{\"@type\":\"ImageObject\",\"inLanguage\":\"it-IT\",\"@id\":\"https:\/\/gambinieditore.studiozerocinque.it\/?product=luisa-il-sogno-in-un-barattolo-di-lorella-pica#primaryimage\",\"url\":\"https:\/\/gambinieditore.studiozerocinque.it\/wp-content\/uploads\/2024\/11\/460-Luisa.-Il-sogno-in-un-barattolo-di-Lorella-Pica.jpg\",\"contentUrl\":\"https:\/\/gambinieditore.studiozerocinque.it\/wp-content\/uploads\/2024\/11\/460-Luisa.-Il-sogno-in-un-barattolo-di-Lorella-Pica.jpg\",\"width\":2459,\"height\":2484,\"caption\":\"Luisa. Il sogno in un barattolo di Lorella Pica\"},{\"@type\":\"BreadcrumbList\",\"@id\":\"https:\/\/gambinieditore.studiozerocinque.it\/?product=luisa-il-sogno-in-un-barattolo-di-lorella-pica#breadcrumb\",\"itemListElement\":[{\"@type\":\"ListItem\",\"position\":1,\"name\":\"Home\",\"item\":\"https:\/\/gambinieditore.studiozerocinque.it\/\"},{\"@type\":\"ListItem\",\"position\":2,\"name\":\"Catalogo\",\"item\":\"https:\/\/gambinieditore.studiozerocinque.it\/?page_id=7\"},{\"@type\":\"ListItem\",\"position\":3,\"name\":\"Luisa. Il sogno in un barattolo di Lorella Pica\"}]},{\"@type\":\"WebSite\",\"@id\":\"https:\/\/gambinieditore.studiozerocinque.it\/#website\",\"url\":\"https:\/\/gambinieditore.studiozerocinque.it\/\",\"name\":\"Gambini Editore\",\"description\":\"\",\"potentialAction\":[{\"@type\":\"SearchAction\",\"target\":{\"@type\":\"EntryPoint\",\"urlTemplate\":\"https:\/\/gambinieditore.studiozerocinque.it\/?s={search_term_string}\"},\"query-input\":{\"@type\":\"PropertyValueSpecification\",\"valueRequired\":true,\"valueName\":\"search_term_string\"}}],\"inLanguage\":\"it-IT\"}]}<\/script>\n<!-- \/ Yoast SEO plugin. -->","yoast_head_json":{"title":"Luisa. Il sogno in un barattolo di Lorella Pica - Gambini Editore","robots":{"index":"noindex","follow":"follow","max-snippet":"max-snippet:-1","max-image-preview":"max-image-preview:large","max-video-preview":"max-video-preview:-1"},"og_locale":"it_IT","og_type":"article","og_title":"Luisa. Il sogno in un barattolo di Lorella Pica - Gambini Editore","og_description":"Ispirato a una storia vera per insegnare la solidariet\u00e0 ai pi\u00f9 piccoli.","og_url":"https:\/\/gambinieditore.studiozerocinque.it\/?product=luisa-il-sogno-in-un-barattolo-di-lorella-pica","og_site_name":"Gambini Editore","og_image":[{"width":2459,"height":2484,"url":"https:\/\/gambinieditore.studiozerocinque.it\/wp-content\/uploads\/2024\/11\/460-Luisa.-Il-sogno-in-un-barattolo-di-Lorella-Pica.jpg","type":"image\/jpeg"}],"twitter_card":"summary_large_image","twitter_misc":{"Tempo di lettura stimato":"1 minuto"},"schema":{"@context":"https:\/\/schema.org","@graph":[{"@type":"WebPage","@id":"https:\/\/gambinieditore.studiozerocinque.it\/?product=luisa-il-sogno-in-un-barattolo-di-lorella-pica","url":"https:\/\/gambinieditore.studiozerocinque.it\/?product=luisa-il-sogno-in-un-barattolo-di-lorella-pica","name":"Luisa. Il sogno in un barattolo di Lorella Pica - Gambini Editore","isPartOf":{"@id":"https:\/\/gambinieditore.studiozerocinque.it\/#website"},"primaryImageOfPage":{"@id":"https:\/\/gambinieditore.studiozerocinque.it\/?product=luisa-il-sogno-in-un-barattolo-di-lorella-pica#primaryimage"},"image":{"@id":"https:\/\/gambinieditore.studiozerocinque.it\/?product=luisa-il-sogno-in-un-barattolo-di-lorella-pica#primaryimage"},"thumbnailUrl":"https:\/\/gambinieditore.studiozerocinque.it\/wp-content\/uploads\/2024\/11\/460-Luisa.-Il-sogno-in-un-barattolo-di-Lorella-Pica.jpg","datePublished":"2024-11-28T16:09:27+00:00","breadcrumb":{"@id":"https:\/\/gambinieditore.studiozerocinque.it\/?product=luisa-il-sogno-in-un-barattolo-di-lorella-pica#breadcrumb"},"inLanguage":"it-IT","potentialAction":[{"@type":"ReadAction","target":["https:\/\/gambinieditore.studiozerocinque.it\/?product=luisa-il-sogno-in-un-barattolo-di-lorella-pica"]}]},{"@type":"ImageObject","inLanguage":"it-IT","@id":"https:\/\/gambinieditore.studiozerocinque.it\/?product=luisa-il-sogno-in-un-barattolo-di-lorella-pica#primaryimage","url":"https:\/\/gambinieditore.studiozerocinque.it\/wp-content\/uploads\/2024\/11\/460-Luisa.-Il-sogno-in-un-barattolo-di-Lorella-Pica.jpg","contentUrl":"https:\/\/gambinieditore.studiozerocinque.it\/wp-content\/uploads\/2024\/11\/460-Luisa.-Il-sogno-in-un-barattolo-di-Lorella-Pica.jpg","width":2459,"height":2484,"caption":"Luisa. Il sogno in un barattolo di Lorella Pica"},{"@type":"BreadcrumbList","@id":"https:\/\/gambinieditore.studiozerocinque.it\/?product=luisa-il-sogno-in-un-barattolo-di-lorella-pica#breadcrumb","itemListElement":[{"@type":"ListItem","position":1,"name":"Home","item":"https:\/\/gambinieditore.studiozerocinque.it\/"},{"@type":"ListItem","position":2,"name":"Catalogo","item":"https:\/\/gambinieditore.studiozerocinque.it\/?page_id=7"},{"@type":"ListItem","position":3,"name":"Luisa. Il sogno in un barattolo di Lorella Pica"}]},{"@type":"WebSite","@id":"https:\/\/gambinieditore.studiozerocinque.it\/#website","url":"https:\/\/gambinieditore.studiozerocinque.it\/","name":"Gambini Editore","description":"","potentialAction":[{"@type":"SearchAction","target":{"@type":"EntryPoint","urlTemplate":"https:\/\/gambinieditore.studiozerocinque.it\/?s={search_term_string}"},"query-input":{"@type":"PropertyValueSpecification","valueRequired":true,"valueName":"search_term_string"}}],"inLanguage":"it-IT"}]}},"_links":{"self":[{"href":"https:\/\/gambinieditore.studiozerocinque.it\/index.php?rest_route=\/wp\/v2\/product\/1386","targetHints":{"allow":["GET"]}}],"collection":[{"href":"https:\/\/gambinieditore.studiozerocinque.it\/index.php?rest_route=\/wp\/v2\/product"}],"about":[{"href":"https:\/\/gambinieditore.studiozerocinque.it\/index.php?rest_route=\/wp\/v2\/types\/product"}],"replies":[{"embeddable":true,"href":"https:\/\/gambinieditore.studiozerocinque.it\/index.php?rest_route=%2Fwp%2Fv2%2Fcomments&post=1386"}],"wp:featuredmedia":[{"embeddable":true,"href":"https:\/\/gambinieditore.studiozerocinque.it\/index.php?rest_route=\/wp\/v2\/media\/1385"}],"wp:attachment":[{"href":"https:\/\/gambinieditore.studiozerocinque.it\/index.php?rest_route=%2Fwp%2Fv2%2Fmedia&parent=1386"}],"wp:term":[{"taxonomy":"product_brand","embeddable":true,"href":"https:\/\/gambinieditore.studiozerocinque.it\/index.php?rest_route=%2Fwp%2Fv2%2Fproduct_brand&post=1386"},{"taxonomy":"product_cat","embeddable":true,"href":"https:\/\/gambinieditore.studiozerocinque.it\/index.php?rest_route=%2Fwp%2Fv2%2Fproduct_cat&post=1386"},{"taxonomy":"product_tag","embeddable":true,"href":"https:\/\/gambinieditore.studiozerocinque.it\/index.php?rest_route=%2Fwp%2Fv2%2Fproduct_tag&post=1386"}],"curies":[{"name":"wp","href":"https:\/\/api.w.org\/{rel}","templated":true}]}}