{"id":1392,"date":"2024-12-23T14:49:12","date_gmt":"2024-12-23T13:49:12","guid":{"rendered":"https:\/\/gambinieditore.studiozerocinque.it\/novita\/le-rose-di-agbogbloshie-di-laura-guercio"},"modified":"2024-12-23T14:49:12","modified_gmt":"2024-12-23T13:49:12","slug":"le-rose-di-agbogbloshie-di-laura-guercio","status":"publish","type":"product","link":"https:\/\/gambinieditore.studiozerocinque.it\/?product=le-rose-di-agbogbloshie-di-laura-guercio","title":{"rendered":"Le rose di Agbogbloshie di Laura Guercio"},"content":{"rendered":"<p>Lontane migliaia di chilometri l\u2019una dall\u2019altra, Accra e Londra sono unite da otto bambini che vivono ad Agbogbloshie, sobborgo della capitale ghanese nel quale sorge la pi\u00f9 grande discarica africana di rifiuti industriali elettronici e tecnologici. Le loro piccole storie si uniscono a quella della dottoressa inglese Catherine Miller, tra loro per studiare le drammatiche conseguenze dell\u2019inquinamento sulla salute di chi su quella discarica \u00e8 destinato a vivere, e a quella di Nigel Tornton, giornalista londinese che all\u2019improvviso, scoperta questa realt\u00e0, comincia a mettere in discussione le sicurezze e le convinzioni di sempre. La quotidianit\u00e0 avvelenata di Kofi, di sua sorella Ama e dei loro giovani amici, i dubbi di Nigel e le amorevoli attenzioni di Catherine diventano simbolo di consapevolezza e impegno. Cruda nella denuncia di una verit\u00e0 che, pur sotto gli occhi del mondo intero, rimane sconosciuta ai pi\u00f9, Laura Guercio ci accompagna con delicatezza in un non-luogo drammaticamente reale, un mondo la cui terra \u00e8 fatta di detriti, immondizia, marciume; una terra dalla quale, nonostante tutto, proprio come diceva Fabrizio De Andr\u00e9, nascono dei fiori.<\/p>\n","protected":false},"excerpt":{"rendered":"<p>Romanzo<\/p>\n","protected":false},"featured_media":1391,"comment_status":"open","ping_status":"closed","template":"","meta":[],"product_brand":[],"product_cat":[17,18,24],"product_tag":[],"class_list":{"0":"post-1392","1":"product","2":"type-product","3":"status-publish","4":"has-post-thumbnail","6":"product_cat-catalogo","7":"product_cat-libri","8":"product_cat-novita","10":"first","11":"instock","12":"shipping-taxable","13":"purchasable","14":"product-type-simple"},"yoast_head":"<!-- This site is optimized with the Yoast SEO plugin v25.9 - https:\/\/yoast.com\/wordpress\/plugins\/seo\/ -->\n<title>Le rose di Agbogbloshie di Laura Guercio - Gambini Editore<\/title>\n<meta name=\"robots\" content=\"noindex, follow, max-snippet:-1, max-image-preview:large, max-video-preview:-1\" \/>\n<meta property=\"og:locale\" content=\"it_IT\" \/>\n<meta property=\"og:type\" content=\"article\" \/>\n<meta property=\"og:title\" content=\"Le rose di Agbogbloshie di Laura Guercio - Gambini Editore\" \/>\n<meta property=\"og:description\" content=\"Romanzo\" \/>\n<meta property=\"og:url\" content=\"https:\/\/gambinieditore.studiozerocinque.it\/?product=le-rose-di-agbogbloshie-di-laura-guercio\" \/>\n<meta property=\"og:site_name\" content=\"Gambini Editore\" \/>\n<meta property=\"og:image\" content=\"https:\/\/gambinieditore.studiozerocinque.it\/wp-content\/uploads\/2024\/12\/463-Le-rose-di-Agbogbloshie-di-Laura-Guercio.jpg\" \/>\n\t<meta property=\"og:image:width\" content=\"1712\" \/>\n\t<meta property=\"og:image:height\" content=\"2548\" \/>\n\t<meta property=\"og:image:type\" content=\"image\/jpeg\" \/>\n<meta name=\"twitter:card\" content=\"summary_large_image\" \/>\n<meta name=\"twitter:label1\" content=\"Tempo di lettura stimato\" \/>\n\t<meta name=\"twitter:data1\" content=\"1 minuto\" \/>\n<script type=\"application\/ld+json\" class=\"yoast-schema-graph\">{\"@context\":\"https:\/\/schema.org\",\"@graph\":[{\"@type\":\"WebPage\",\"@id\":\"https:\/\/gambinieditore.studiozerocinque.it\/?product=le-rose-di-agbogbloshie-di-laura-guercio\",\"url\":\"https:\/\/gambinieditore.studiozerocinque.it\/?product=le-rose-di-agbogbloshie-di-laura-guercio\",\"name\":\"Le rose di Agbogbloshie di Laura Guercio - Gambini Editore\",\"isPartOf\":{\"@id\":\"https:\/\/gambinieditore.studiozerocinque.it\/#website\"},\"primaryImageOfPage\":{\"@id\":\"https:\/\/gambinieditore.studiozerocinque.it\/?product=le-rose-di-agbogbloshie-di-laura-guercio#primaryimage\"},\"image\":{\"@id\":\"https:\/\/gambinieditore.studiozerocinque.it\/?product=le-rose-di-agbogbloshie-di-laura-guercio#primaryimage\"},\"thumbnailUrl\":\"https:\/\/gambinieditore.studiozerocinque.it\/wp-content\/uploads\/2024\/12\/463-Le-rose-di-Agbogbloshie-di-Laura-Guercio.jpg\",\"datePublished\":\"2024-12-23T13:49:12+00:00\",\"breadcrumb\":{\"@id\":\"https:\/\/gambinieditore.studiozerocinque.it\/?product=le-rose-di-agbogbloshie-di-laura-guercio#breadcrumb\"},\"inLanguage\":\"it-IT\",\"potentialAction\":[{\"@type\":\"ReadAction\",\"target\":[\"https:\/\/gambinieditore.studiozerocinque.it\/?product=le-rose-di-agbogbloshie-di-laura-guercio\"]}]},{\"@type\":\"ImageObject\",\"inLanguage\":\"it-IT\",\"@id\":\"https:\/\/gambinieditore.studiozerocinque.it\/?product=le-rose-di-agbogbloshie-di-laura-guercio#primaryimage\",\"url\":\"https:\/\/gambinieditore.studiozerocinque.it\/wp-content\/uploads\/2024\/12\/463-Le-rose-di-Agbogbloshie-di-Laura-Guercio.jpg\",\"contentUrl\":\"https:\/\/gambinieditore.studiozerocinque.it\/wp-content\/uploads\/2024\/12\/463-Le-rose-di-Agbogbloshie-di-Laura-Guercio.jpg\",\"width\":1712,\"height\":2548,\"caption\":\"Le rose di Agbogbloshie di Laura Guercio\"},{\"@type\":\"BreadcrumbList\",\"@id\":\"https:\/\/gambinieditore.studiozerocinque.it\/?product=le-rose-di-agbogbloshie-di-laura-guercio#breadcrumb\",\"itemListElement\":[{\"@type\":\"ListItem\",\"position\":1,\"name\":\"Home\",\"item\":\"https:\/\/gambinieditore.studiozerocinque.it\/\"},{\"@type\":\"ListItem\",\"position\":2,\"name\":\"Catalogo\",\"item\":\"https:\/\/gambinieditore.studiozerocinque.it\/?page_id=7\"},{\"@type\":\"ListItem\",\"position\":3,\"name\":\"Le rose di Agbogbloshie di Laura Guercio\"}]},{\"@type\":\"WebSite\",\"@id\":\"https:\/\/gambinieditore.studiozerocinque.it\/#website\",\"url\":\"https:\/\/gambinieditore.studiozerocinque.it\/\",\"name\":\"Gambini Editore\",\"description\":\"\",\"potentialAction\":[{\"@type\":\"SearchAction\",\"target\":{\"@type\":\"EntryPoint\",\"urlTemplate\":\"https:\/\/gambinieditore.studiozerocinque.it\/?s={search_term_string}\"},\"query-input\":{\"@type\":\"PropertyValueSpecification\",\"valueRequired\":true,\"valueName\":\"search_term_string\"}}],\"inLanguage\":\"it-IT\"}]}<\/script>\n<!-- \/ Yoast SEO plugin. -->","yoast_head_json":{"title":"Le rose di Agbogbloshie di Laura Guercio - Gambini Editore","robots":{"index":"noindex","follow":"follow","max-snippet":"max-snippet:-1","max-image-preview":"max-image-preview:large","max-video-preview":"max-video-preview:-1"},"og_locale":"it_IT","og_type":"article","og_title":"Le rose di Agbogbloshie di Laura Guercio - Gambini Editore","og_description":"Romanzo","og_url":"https:\/\/gambinieditore.studiozerocinque.it\/?product=le-rose-di-agbogbloshie-di-laura-guercio","og_site_name":"Gambini Editore","og_image":[{"width":1712,"height":2548,"url":"https:\/\/gambinieditore.studiozerocinque.it\/wp-content\/uploads\/2024\/12\/463-Le-rose-di-Agbogbloshie-di-Laura-Guercio.jpg","type":"image\/jpeg"}],"twitter_card":"summary_large_image","twitter_misc":{"Tempo di lettura stimato":"1 minuto"},"schema":{"@context":"https:\/\/schema.org","@graph":[{"@type":"WebPage","@id":"https:\/\/gambinieditore.studiozerocinque.it\/?product=le-rose-di-agbogbloshie-di-laura-guercio","url":"https:\/\/gambinieditore.studiozerocinque.it\/?product=le-rose-di-agbogbloshie-di-laura-guercio","name":"Le rose di Agbogbloshie di Laura Guercio - Gambini Editore","isPartOf":{"@id":"https:\/\/gambinieditore.studiozerocinque.it\/#website"},"primaryImageOfPage":{"@id":"https:\/\/gambinieditore.studiozerocinque.it\/?product=le-rose-di-agbogbloshie-di-laura-guercio#primaryimage"},"image":{"@id":"https:\/\/gambinieditore.studiozerocinque.it\/?product=le-rose-di-agbogbloshie-di-laura-guercio#primaryimage"},"thumbnailUrl":"https:\/\/gambinieditore.studiozerocinque.it\/wp-content\/uploads\/2024\/12\/463-Le-rose-di-Agbogbloshie-di-Laura-Guercio.jpg","datePublished":"2024-12-23T13:49:12+00:00","breadcrumb":{"@id":"https:\/\/gambinieditore.studiozerocinque.it\/?product=le-rose-di-agbogbloshie-di-laura-guercio#breadcrumb"},"inLanguage":"it-IT","potentialAction":[{"@type":"ReadAction","target":["https:\/\/gambinieditore.studiozerocinque.it\/?product=le-rose-di-agbogbloshie-di-laura-guercio"]}]},{"@type":"ImageObject","inLanguage":"it-IT","@id":"https:\/\/gambinieditore.studiozerocinque.it\/?product=le-rose-di-agbogbloshie-di-laura-guercio#primaryimage","url":"https:\/\/gambinieditore.studiozerocinque.it\/wp-content\/uploads\/2024\/12\/463-Le-rose-di-Agbogbloshie-di-Laura-Guercio.jpg","contentUrl":"https:\/\/gambinieditore.studiozerocinque.it\/wp-content\/uploads\/2024\/12\/463-Le-rose-di-Agbogbloshie-di-Laura-Guercio.jpg","width":1712,"height":2548,"caption":"Le rose di Agbogbloshie di Laura Guercio"},{"@type":"BreadcrumbList","@id":"https:\/\/gambinieditore.studiozerocinque.it\/?product=le-rose-di-agbogbloshie-di-laura-guercio#breadcrumb","itemListElement":[{"@type":"ListItem","position":1,"name":"Home","item":"https:\/\/gambinieditore.studiozerocinque.it\/"},{"@type":"ListItem","position":2,"name":"Catalogo","item":"https:\/\/gambinieditore.studiozerocinque.it\/?page_id=7"},{"@type":"ListItem","position":3,"name":"Le rose di Agbogbloshie di Laura Guercio"}]},{"@type":"WebSite","@id":"https:\/\/gambinieditore.studiozerocinque.it\/#website","url":"https:\/\/gambinieditore.studiozerocinque.it\/","name":"Gambini Editore","description":"","potentialAction":[{"@type":"SearchAction","target":{"@type":"EntryPoint","urlTemplate":"https:\/\/gambinieditore.studiozerocinque.it\/?s={search_term_string}"},"query-input":{"@type":"PropertyValueSpecification","valueRequired":true,"valueName":"search_term_string"}}],"inLanguage":"it-IT"}]}},"_links":{"self":[{"href":"https:\/\/gambinieditore.studiozerocinque.it\/index.php?rest_route=\/wp\/v2\/product\/1392","targetHints":{"allow":["GET"]}}],"collection":[{"href":"https:\/\/gambinieditore.studiozerocinque.it\/index.php?rest_route=\/wp\/v2\/product"}],"about":[{"href":"https:\/\/gambinieditore.studiozerocinque.it\/index.php?rest_route=\/wp\/v2\/types\/product"}],"replies":[{"embeddable":true,"href":"https:\/\/gambinieditore.studiozerocinque.it\/index.php?rest_route=%2Fwp%2Fv2%2Fcomments&post=1392"}],"wp:featuredmedia":[{"embeddable":true,"href":"https:\/\/gambinieditore.studiozerocinque.it\/index.php?rest_route=\/wp\/v2\/media\/1391"}],"wp:attachment":[{"href":"https:\/\/gambinieditore.studiozerocinque.it\/index.php?rest_route=%2Fwp%2Fv2%2Fmedia&parent=1392"}],"wp:term":[{"taxonomy":"product_brand","embeddable":true,"href":"https:\/\/gambinieditore.studiozerocinque.it\/index.php?rest_route=%2Fwp%2Fv2%2Fproduct_brand&post=1392"},{"taxonomy":"product_cat","embeddable":true,"href":"https:\/\/gambinieditore.studiozerocinque.it\/index.php?rest_route=%2Fwp%2Fv2%2Fproduct_cat&post=1392"},{"taxonomy":"product_tag","embeddable":true,"href":"https:\/\/gambinieditore.studiozerocinque.it\/index.php?rest_route=%2Fwp%2Fv2%2Fproduct_tag&post=1392"}],"curies":[{"name":"wp","href":"https:\/\/api.w.org\/{rel}","templated":true}]}}