{"id":1398,"date":"2025-02-06T11:27:48","date_gmt":"2025-02-06T10:27:48","guid":{"rendered":"https:\/\/gambinieditore.studiozerocinque.it\/cognizioni\/lo-scoiattolo-e-listrione-di-raffaele-federici"},"modified":"2025-02-06T11:27:48","modified_gmt":"2025-02-06T10:27:48","slug":"lo-scoiattolo-e-listrione-di-raffaele-federici","status":"publish","type":"product","link":"https:\/\/gambinieditore.studiozerocinque.it\/?product=lo-scoiattolo-e-listrione-di-raffaele-federici","title":{"rendered":"Lo scoiattolo e l\u2019istrione di Raffaele Federici"},"content":{"rendered":"<p>Se Simmel \u00e8 stato descritto da Ortega y Gasset come uno scoiattolo, agilissimo e velocissimo nel saltare da un problema ad un altro e nel lasciare al lettore il compito di cercarne le connessioni nelle sue opere, in cui \u00e8 sempre stata presente l\u2019attenzione alla tensione tra individualit\u00e0 e socialit\u00e0, Michels, invece, \u00e8 stato un vero istrione e un funambolo, un sociologo in grado di leggere i comportamenti machiavellici delle volpi e dei leoni della sua contemporaneit\u00e0, in un mondo in profonda trasformazione in cui la sistematizzazione organica della complessit\u00e0 dei fenomeni umani era (e resta) impossibile pur in presenza di una legittimazione, ossia di una Weltanschauung istituzionalizzata.<\/p>\n","protected":false},"excerpt":{"rendered":"<p>Le eccentriche traiettorie della sociologia classica<\/p>\n","protected":false},"featured_media":1397,"comment_status":"open","ping_status":"closed","template":"","meta":[],"product_brand":[],"product_cat":[17,22,18,30,24],"product_tag":[],"class_list":{"0":"post-1398","1":"product","2":"type-product","3":"status-publish","4":"has-post-thumbnail","6":"product_cat-catalogo","7":"product_cat-collane","8":"product_cat-libri","9":"product_cat-cognizioni","10":"product_cat-novita","12":"first","13":"instock","14":"shipping-taxable","15":"purchasable","16":"product-type-simple"},"yoast_head":"<!-- This site is optimized with the Yoast SEO plugin v25.9 - https:\/\/yoast.com\/wordpress\/plugins\/seo\/ -->\n<title>Lo scoiattolo e l\u2019istrione di Raffaele Federici - Gambini Editore<\/title>\n<meta name=\"robots\" content=\"noindex, follow, max-snippet:-1, max-image-preview:large, max-video-preview:-1\" \/>\n<meta property=\"og:locale\" content=\"it_IT\" \/>\n<meta property=\"og:type\" content=\"article\" \/>\n<meta property=\"og:title\" content=\"Lo scoiattolo e l\u2019istrione di Raffaele Federici - Gambini Editore\" \/>\n<meta property=\"og:description\" content=\"Le eccentriche traiettorie della sociologia classica\" \/>\n<meta property=\"og:url\" content=\"https:\/\/gambinieditore.studiozerocinque.it\/?product=lo-scoiattolo-e-listrione-di-raffaele-federici\" \/>\n<meta property=\"og:site_name\" content=\"Gambini Editore\" \/>\n<meta property=\"og:image\" content=\"https:\/\/gambinieditore.studiozerocinque.it\/wp-content\/uploads\/2025\/02\/472-Lo-scoiattolo-e-listrione-di-Raffaele-Federici.jpg\" \/>\n\t<meta property=\"og:image:width\" content=\"1698\" \/>\n\t<meta property=\"og:image:height\" content=\"2376\" \/>\n\t<meta property=\"og:image:type\" content=\"image\/jpeg\" \/>\n<meta name=\"twitter:card\" content=\"summary_large_image\" \/>\n<meta name=\"twitter:label1\" content=\"Tempo di lettura stimato\" \/>\n\t<meta name=\"twitter:data1\" content=\"1 minuto\" \/>\n<script type=\"application\/ld+json\" class=\"yoast-schema-graph\">{\"@context\":\"https:\/\/schema.org\",\"@graph\":[{\"@type\":\"WebPage\",\"@id\":\"https:\/\/gambinieditore.studiozerocinque.it\/?product=lo-scoiattolo-e-listrione-di-raffaele-federici\",\"url\":\"https:\/\/gambinieditore.studiozerocinque.it\/?product=lo-scoiattolo-e-listrione-di-raffaele-federici\",\"name\":\"Lo scoiattolo e l\u2019istrione di Raffaele Federici - Gambini Editore\",\"isPartOf\":{\"@id\":\"https:\/\/gambinieditore.studiozerocinque.it\/#website\"},\"primaryImageOfPage\":{\"@id\":\"https:\/\/gambinieditore.studiozerocinque.it\/?product=lo-scoiattolo-e-listrione-di-raffaele-federici#primaryimage\"},\"image\":{\"@id\":\"https:\/\/gambinieditore.studiozerocinque.it\/?product=lo-scoiattolo-e-listrione-di-raffaele-federici#primaryimage\"},\"thumbnailUrl\":\"https:\/\/gambinieditore.studiozerocinque.it\/wp-content\/uploads\/2025\/02\/472-Lo-scoiattolo-e-listrione-di-Raffaele-Federici.jpg\",\"datePublished\":\"2025-02-06T10:27:48+00:00\",\"breadcrumb\":{\"@id\":\"https:\/\/gambinieditore.studiozerocinque.it\/?product=lo-scoiattolo-e-listrione-di-raffaele-federici#breadcrumb\"},\"inLanguage\":\"it-IT\",\"potentialAction\":[{\"@type\":\"ReadAction\",\"target\":[\"https:\/\/gambinieditore.studiozerocinque.it\/?product=lo-scoiattolo-e-listrione-di-raffaele-federici\"]}]},{\"@type\":\"ImageObject\",\"inLanguage\":\"it-IT\",\"@id\":\"https:\/\/gambinieditore.studiozerocinque.it\/?product=lo-scoiattolo-e-listrione-di-raffaele-federici#primaryimage\",\"url\":\"https:\/\/gambinieditore.studiozerocinque.it\/wp-content\/uploads\/2025\/02\/472-Lo-scoiattolo-e-listrione-di-Raffaele-Federici.jpg\",\"contentUrl\":\"https:\/\/gambinieditore.studiozerocinque.it\/wp-content\/uploads\/2025\/02\/472-Lo-scoiattolo-e-listrione-di-Raffaele-Federici.jpg\",\"width\":1698,\"height\":2376,\"caption\":\"Lo scoiattolo e l\u2019istrione di Raffaele Federici\"},{\"@type\":\"BreadcrumbList\",\"@id\":\"https:\/\/gambinieditore.studiozerocinque.it\/?product=lo-scoiattolo-e-listrione-di-raffaele-federici#breadcrumb\",\"itemListElement\":[{\"@type\":\"ListItem\",\"position\":1,\"name\":\"Home\",\"item\":\"https:\/\/gambinieditore.studiozerocinque.it\/\"},{\"@type\":\"ListItem\",\"position\":2,\"name\":\"Catalogo\",\"item\":\"https:\/\/gambinieditore.studiozerocinque.it\/?page_id=7\"},{\"@type\":\"ListItem\",\"position\":3,\"name\":\"Lo scoiattolo e l\u2019istrione di Raffaele Federici\"}]},{\"@type\":\"WebSite\",\"@id\":\"https:\/\/gambinieditore.studiozerocinque.it\/#website\",\"url\":\"https:\/\/gambinieditore.studiozerocinque.it\/\",\"name\":\"Gambini Editore\",\"description\":\"\",\"potentialAction\":[{\"@type\":\"SearchAction\",\"target\":{\"@type\":\"EntryPoint\",\"urlTemplate\":\"https:\/\/gambinieditore.studiozerocinque.it\/?s={search_term_string}\"},\"query-input\":{\"@type\":\"PropertyValueSpecification\",\"valueRequired\":true,\"valueName\":\"search_term_string\"}}],\"inLanguage\":\"it-IT\"}]}<\/script>\n<!-- \/ Yoast SEO plugin. -->","yoast_head_json":{"title":"Lo scoiattolo e l\u2019istrione di Raffaele Federici - Gambini Editore","robots":{"index":"noindex","follow":"follow","max-snippet":"max-snippet:-1","max-image-preview":"max-image-preview:large","max-video-preview":"max-video-preview:-1"},"og_locale":"it_IT","og_type":"article","og_title":"Lo scoiattolo e l\u2019istrione di Raffaele Federici - Gambini Editore","og_description":"Le eccentriche traiettorie della sociologia classica","og_url":"https:\/\/gambinieditore.studiozerocinque.it\/?product=lo-scoiattolo-e-listrione-di-raffaele-federici","og_site_name":"Gambini Editore","og_image":[{"width":1698,"height":2376,"url":"https:\/\/gambinieditore.studiozerocinque.it\/wp-content\/uploads\/2025\/02\/472-Lo-scoiattolo-e-listrione-di-Raffaele-Federici.jpg","type":"image\/jpeg"}],"twitter_card":"summary_large_image","twitter_misc":{"Tempo di lettura stimato":"1 minuto"},"schema":{"@context":"https:\/\/schema.org","@graph":[{"@type":"WebPage","@id":"https:\/\/gambinieditore.studiozerocinque.it\/?product=lo-scoiattolo-e-listrione-di-raffaele-federici","url":"https:\/\/gambinieditore.studiozerocinque.it\/?product=lo-scoiattolo-e-listrione-di-raffaele-federici","name":"Lo scoiattolo e l\u2019istrione di Raffaele Federici - Gambini Editore","isPartOf":{"@id":"https:\/\/gambinieditore.studiozerocinque.it\/#website"},"primaryImageOfPage":{"@id":"https:\/\/gambinieditore.studiozerocinque.it\/?product=lo-scoiattolo-e-listrione-di-raffaele-federici#primaryimage"},"image":{"@id":"https:\/\/gambinieditore.studiozerocinque.it\/?product=lo-scoiattolo-e-listrione-di-raffaele-federici#primaryimage"},"thumbnailUrl":"https:\/\/gambinieditore.studiozerocinque.it\/wp-content\/uploads\/2025\/02\/472-Lo-scoiattolo-e-listrione-di-Raffaele-Federici.jpg","datePublished":"2025-02-06T10:27:48+00:00","breadcrumb":{"@id":"https:\/\/gambinieditore.studiozerocinque.it\/?product=lo-scoiattolo-e-listrione-di-raffaele-federici#breadcrumb"},"inLanguage":"it-IT","potentialAction":[{"@type":"ReadAction","target":["https:\/\/gambinieditore.studiozerocinque.it\/?product=lo-scoiattolo-e-listrione-di-raffaele-federici"]}]},{"@type":"ImageObject","inLanguage":"it-IT","@id":"https:\/\/gambinieditore.studiozerocinque.it\/?product=lo-scoiattolo-e-listrione-di-raffaele-federici#primaryimage","url":"https:\/\/gambinieditore.studiozerocinque.it\/wp-content\/uploads\/2025\/02\/472-Lo-scoiattolo-e-listrione-di-Raffaele-Federici.jpg","contentUrl":"https:\/\/gambinieditore.studiozerocinque.it\/wp-content\/uploads\/2025\/02\/472-Lo-scoiattolo-e-listrione-di-Raffaele-Federici.jpg","width":1698,"height":2376,"caption":"Lo scoiattolo e l\u2019istrione di Raffaele Federici"},{"@type":"BreadcrumbList","@id":"https:\/\/gambinieditore.studiozerocinque.it\/?product=lo-scoiattolo-e-listrione-di-raffaele-federici#breadcrumb","itemListElement":[{"@type":"ListItem","position":1,"name":"Home","item":"https:\/\/gambinieditore.studiozerocinque.it\/"},{"@type":"ListItem","position":2,"name":"Catalogo","item":"https:\/\/gambinieditore.studiozerocinque.it\/?page_id=7"},{"@type":"ListItem","position":3,"name":"Lo scoiattolo e l\u2019istrione di Raffaele Federici"}]},{"@type":"WebSite","@id":"https:\/\/gambinieditore.studiozerocinque.it\/#website","url":"https:\/\/gambinieditore.studiozerocinque.it\/","name":"Gambini Editore","description":"","potentialAction":[{"@type":"SearchAction","target":{"@type":"EntryPoint","urlTemplate":"https:\/\/gambinieditore.studiozerocinque.it\/?s={search_term_string}"},"query-input":{"@type":"PropertyValueSpecification","valueRequired":true,"valueName":"search_term_string"}}],"inLanguage":"it-IT"}]}},"_links":{"self":[{"href":"https:\/\/gambinieditore.studiozerocinque.it\/index.php?rest_route=\/wp\/v2\/product\/1398","targetHints":{"allow":["GET"]}}],"collection":[{"href":"https:\/\/gambinieditore.studiozerocinque.it\/index.php?rest_route=\/wp\/v2\/product"}],"about":[{"href":"https:\/\/gambinieditore.studiozerocinque.it\/index.php?rest_route=\/wp\/v2\/types\/product"}],"replies":[{"embeddable":true,"href":"https:\/\/gambinieditore.studiozerocinque.it\/index.php?rest_route=%2Fwp%2Fv2%2Fcomments&post=1398"}],"wp:featuredmedia":[{"embeddable":true,"href":"https:\/\/gambinieditore.studiozerocinque.it\/index.php?rest_route=\/wp\/v2\/media\/1397"}],"wp:attachment":[{"href":"https:\/\/gambinieditore.studiozerocinque.it\/index.php?rest_route=%2Fwp%2Fv2%2Fmedia&parent=1398"}],"wp:term":[{"taxonomy":"product_brand","embeddable":true,"href":"https:\/\/gambinieditore.studiozerocinque.it\/index.php?rest_route=%2Fwp%2Fv2%2Fproduct_brand&post=1398"},{"taxonomy":"product_cat","embeddable":true,"href":"https:\/\/gambinieditore.studiozerocinque.it\/index.php?rest_route=%2Fwp%2Fv2%2Fproduct_cat&post=1398"},{"taxonomy":"product_tag","embeddable":true,"href":"https:\/\/gambinieditore.studiozerocinque.it\/index.php?rest_route=%2Fwp%2Fv2%2Fproduct_tag&post=1398"}],"curies":[{"name":"wp","href":"https:\/\/api.w.org\/{rel}","templated":true}]}}