{"id":140,"date":"2022-02-11T18:41:11","date_gmt":"2022-02-11T17:41:11","guid":{"rendered":"https:\/\/gambinieditore.studiozerocinque.it\/prodotto\/rinvigoritevi-nello-spirito\/"},"modified":"2022-02-11T18:41:11","modified_gmt":"2022-02-11T17:41:11","slug":"rinvigoritevi-nello-spirito","status":"publish","type":"product","link":"https:\/\/gambinieditore.studiozerocinque.it\/?product=rinvigoritevi-nello-spirito","title":{"rendered":"Rinvigoritevi nello Spirito"},"content":{"rendered":"<p>Ci sono note che volano in alto e la loro melodia si inabissa nel profondo di tanti cuori, cos\u00e0\u00ac queste Parole nate in un cuore faranno vibrare tante anime perch\u00e9 Esse germoglieranno in ognuno di voi. In questo libro c&#8217;\u00e9 il Mistero tangibile perch\u00e9 esso si svela attraverso la piccolezza, ma fa grande chi lo legge, anzi chi si nutre delle Sue Parole. Chi si nutre della parola avr\u00e0\u00a0 tanta saggezza ma chi esprime la Parola \u00e9 la Verit\u00e0 Infallibile<\/p>\n","protected":false},"excerpt":{"rendered":"<p>In questo libro c&#8217;\u00e9 il Mistero tangibile perch\u00e9 esso si svela attraverso la piccolezza, ma fa grande chi lo legge, anzi chi si nutre delle Sue Parole. Chi si nutre della parola avr\u00e0\u00a0 tanta saggezza ma chi esprime la Parola \u00e9 la Verit\u00e0\u00a0 Infallibile<\/p>\n","protected":false},"featured_media":139,"comment_status":"open","ping_status":"closed","template":"","meta":[],"product_brand":[],"product_cat":[18],"product_tag":[],"class_list":{"0":"post-140","1":"product","2":"type-product","3":"status-publish","4":"has-post-thumbnail","6":"product_cat-libri","8":"first","9":"instock","10":"shipping-taxable","11":"purchasable","12":"product-type-simple"},"yoast_head":"<!-- This site is optimized with the Yoast SEO plugin v25.9 - https:\/\/yoast.com\/wordpress\/plugins\/seo\/ -->\n<title>Rinvigoritevi nello Spirito - Gambini Editore<\/title>\n<meta name=\"robots\" content=\"noindex, follow, max-snippet:-1, max-image-preview:large, max-video-preview:-1\" \/>\n<meta property=\"og:locale\" content=\"it_IT\" \/>\n<meta property=\"og:type\" content=\"article\" \/>\n<meta property=\"og:title\" content=\"Rinvigoritevi nello Spirito - Gambini Editore\" \/>\n<meta property=\"og:description\" content=\"In questo libro c&#039;\u00e9 il Mistero tangibile perch\u00e9 esso si svela attraverso la piccolezza, ma fa grande chi lo legge, anzi chi si nutre delle Sue Parole. Chi si nutre della parola avr\u00e0\u00a0 tanta saggezza ma chi esprime la Parola \u00e9 la Verit\u00e0\u00a0 Infallibile\" \/>\n<meta property=\"og:url\" content=\"https:\/\/gambinieditore.studiozerocinque.it\/?product=rinvigoritevi-nello-spirito\" \/>\n<meta property=\"og:site_name\" content=\"Gambini Editore\" \/>\n<meta property=\"og:image\" content=\"https:\/\/gambinieditore.studiozerocinque.it\/wp-content\/uploads\/2022\/02\/79-Rinvigoritevi-nello-Spirito.jpg\" \/>\n\t<meta property=\"og:image:width\" content=\"600\" \/>\n\t<meta property=\"og:image:height\" content=\"737\" \/>\n\t<meta property=\"og:image:type\" content=\"image\/jpeg\" \/>\n<meta name=\"twitter:card\" content=\"summary_large_image\" \/>\n<script type=\"application\/ld+json\" class=\"yoast-schema-graph\">{\"@context\":\"https:\/\/schema.org\",\"@graph\":[{\"@type\":\"WebPage\",\"@id\":\"https:\/\/gambinieditore.studiozerocinque.it\/?product=rinvigoritevi-nello-spirito\",\"url\":\"https:\/\/gambinieditore.studiozerocinque.it\/?product=rinvigoritevi-nello-spirito\",\"name\":\"Rinvigoritevi nello Spirito - Gambini Editore\",\"isPartOf\":{\"@id\":\"https:\/\/gambinieditore.studiozerocinque.it\/#website\"},\"primaryImageOfPage\":{\"@id\":\"https:\/\/gambinieditore.studiozerocinque.it\/?product=rinvigoritevi-nello-spirito#primaryimage\"},\"image\":{\"@id\":\"https:\/\/gambinieditore.studiozerocinque.it\/?product=rinvigoritevi-nello-spirito#primaryimage\"},\"thumbnailUrl\":\"https:\/\/gambinieditore.studiozerocinque.it\/wp-content\/uploads\/2022\/02\/79-Rinvigoritevi-nello-Spirito.jpg\",\"datePublished\":\"2022-02-11T17:41:11+00:00\",\"breadcrumb\":{\"@id\":\"https:\/\/gambinieditore.studiozerocinque.it\/?product=rinvigoritevi-nello-spirito#breadcrumb\"},\"inLanguage\":\"it-IT\",\"potentialAction\":[{\"@type\":\"ReadAction\",\"target\":[\"https:\/\/gambinieditore.studiozerocinque.it\/?product=rinvigoritevi-nello-spirito\"]}]},{\"@type\":\"ImageObject\",\"inLanguage\":\"it-IT\",\"@id\":\"https:\/\/gambinieditore.studiozerocinque.it\/?product=rinvigoritevi-nello-spirito#primaryimage\",\"url\":\"https:\/\/gambinieditore.studiozerocinque.it\/wp-content\/uploads\/2022\/02\/79-Rinvigoritevi-nello-Spirito.jpg\",\"contentUrl\":\"https:\/\/gambinieditore.studiozerocinque.it\/wp-content\/uploads\/2022\/02\/79-Rinvigoritevi-nello-Spirito.jpg\",\"width\":600,\"height\":737,\"caption\":\"Rinvigoritevi nello Spirito\"},{\"@type\":\"BreadcrumbList\",\"@id\":\"https:\/\/gambinieditore.studiozerocinque.it\/?product=rinvigoritevi-nello-spirito#breadcrumb\",\"itemListElement\":[{\"@type\":\"ListItem\",\"position\":1,\"name\":\"Home\",\"item\":\"https:\/\/gambinieditore.studiozerocinque.it\/\"},{\"@type\":\"ListItem\",\"position\":2,\"name\":\"Catalogo\",\"item\":\"https:\/\/gambinieditore.studiozerocinque.it\/?page_id=7\"},{\"@type\":\"ListItem\",\"position\":3,\"name\":\"Rinvigoritevi nello Spirito\"}]},{\"@type\":\"WebSite\",\"@id\":\"https:\/\/gambinieditore.studiozerocinque.it\/#website\",\"url\":\"https:\/\/gambinieditore.studiozerocinque.it\/\",\"name\":\"Gambini Editore\",\"description\":\"\",\"potentialAction\":[{\"@type\":\"SearchAction\",\"target\":{\"@type\":\"EntryPoint\",\"urlTemplate\":\"https:\/\/gambinieditore.studiozerocinque.it\/?s={search_term_string}\"},\"query-input\":{\"@type\":\"PropertyValueSpecification\",\"valueRequired\":true,\"valueName\":\"search_term_string\"}}],\"inLanguage\":\"it-IT\"}]}<\/script>\n<!-- \/ Yoast SEO plugin. -->","yoast_head_json":{"title":"Rinvigoritevi nello Spirito - Gambini Editore","robots":{"index":"noindex","follow":"follow","max-snippet":"max-snippet:-1","max-image-preview":"max-image-preview:large","max-video-preview":"max-video-preview:-1"},"og_locale":"it_IT","og_type":"article","og_title":"Rinvigoritevi nello Spirito - Gambini Editore","og_description":"In questo libro c'\u00e9 il Mistero tangibile perch\u00e9 esso si svela attraverso la piccolezza, ma fa grande chi lo legge, anzi chi si nutre delle Sue Parole. Chi si nutre della parola avr\u00e0\u00a0 tanta saggezza ma chi esprime la Parola \u00e9 la Verit\u00e0\u00a0 Infallibile","og_url":"https:\/\/gambinieditore.studiozerocinque.it\/?product=rinvigoritevi-nello-spirito","og_site_name":"Gambini Editore","og_image":[{"width":600,"height":737,"url":"https:\/\/gambinieditore.studiozerocinque.it\/wp-content\/uploads\/2022\/02\/79-Rinvigoritevi-nello-Spirito.jpg","type":"image\/jpeg"}],"twitter_card":"summary_large_image","schema":{"@context":"https:\/\/schema.org","@graph":[{"@type":"WebPage","@id":"https:\/\/gambinieditore.studiozerocinque.it\/?product=rinvigoritevi-nello-spirito","url":"https:\/\/gambinieditore.studiozerocinque.it\/?product=rinvigoritevi-nello-spirito","name":"Rinvigoritevi nello Spirito - Gambini Editore","isPartOf":{"@id":"https:\/\/gambinieditore.studiozerocinque.it\/#website"},"primaryImageOfPage":{"@id":"https:\/\/gambinieditore.studiozerocinque.it\/?product=rinvigoritevi-nello-spirito#primaryimage"},"image":{"@id":"https:\/\/gambinieditore.studiozerocinque.it\/?product=rinvigoritevi-nello-spirito#primaryimage"},"thumbnailUrl":"https:\/\/gambinieditore.studiozerocinque.it\/wp-content\/uploads\/2022\/02\/79-Rinvigoritevi-nello-Spirito.jpg","datePublished":"2022-02-11T17:41:11+00:00","breadcrumb":{"@id":"https:\/\/gambinieditore.studiozerocinque.it\/?product=rinvigoritevi-nello-spirito#breadcrumb"},"inLanguage":"it-IT","potentialAction":[{"@type":"ReadAction","target":["https:\/\/gambinieditore.studiozerocinque.it\/?product=rinvigoritevi-nello-spirito"]}]},{"@type":"ImageObject","inLanguage":"it-IT","@id":"https:\/\/gambinieditore.studiozerocinque.it\/?product=rinvigoritevi-nello-spirito#primaryimage","url":"https:\/\/gambinieditore.studiozerocinque.it\/wp-content\/uploads\/2022\/02\/79-Rinvigoritevi-nello-Spirito.jpg","contentUrl":"https:\/\/gambinieditore.studiozerocinque.it\/wp-content\/uploads\/2022\/02\/79-Rinvigoritevi-nello-Spirito.jpg","width":600,"height":737,"caption":"Rinvigoritevi nello Spirito"},{"@type":"BreadcrumbList","@id":"https:\/\/gambinieditore.studiozerocinque.it\/?product=rinvigoritevi-nello-spirito#breadcrumb","itemListElement":[{"@type":"ListItem","position":1,"name":"Home","item":"https:\/\/gambinieditore.studiozerocinque.it\/"},{"@type":"ListItem","position":2,"name":"Catalogo","item":"https:\/\/gambinieditore.studiozerocinque.it\/?page_id=7"},{"@type":"ListItem","position":3,"name":"Rinvigoritevi nello Spirito"}]},{"@type":"WebSite","@id":"https:\/\/gambinieditore.studiozerocinque.it\/#website","url":"https:\/\/gambinieditore.studiozerocinque.it\/","name":"Gambini Editore","description":"","potentialAction":[{"@type":"SearchAction","target":{"@type":"EntryPoint","urlTemplate":"https:\/\/gambinieditore.studiozerocinque.it\/?s={search_term_string}"},"query-input":{"@type":"PropertyValueSpecification","valueRequired":true,"valueName":"search_term_string"}}],"inLanguage":"it-IT"}]}},"_links":{"self":[{"href":"https:\/\/gambinieditore.studiozerocinque.it\/index.php?rest_route=\/wp\/v2\/product\/140","targetHints":{"allow":["GET"]}}],"collection":[{"href":"https:\/\/gambinieditore.studiozerocinque.it\/index.php?rest_route=\/wp\/v2\/product"}],"about":[{"href":"https:\/\/gambinieditore.studiozerocinque.it\/index.php?rest_route=\/wp\/v2\/types\/product"}],"replies":[{"embeddable":true,"href":"https:\/\/gambinieditore.studiozerocinque.it\/index.php?rest_route=%2Fwp%2Fv2%2Fcomments&post=140"}],"wp:featuredmedia":[{"embeddable":true,"href":"https:\/\/gambinieditore.studiozerocinque.it\/index.php?rest_route=\/wp\/v2\/media\/139"}],"wp:attachment":[{"href":"https:\/\/gambinieditore.studiozerocinque.it\/index.php?rest_route=%2Fwp%2Fv2%2Fmedia&parent=140"}],"wp:term":[{"taxonomy":"product_brand","embeddable":true,"href":"https:\/\/gambinieditore.studiozerocinque.it\/index.php?rest_route=%2Fwp%2Fv2%2Fproduct_brand&post=140"},{"taxonomy":"product_cat","embeddable":true,"href":"https:\/\/gambinieditore.studiozerocinque.it\/index.php?rest_route=%2Fwp%2Fv2%2Fproduct_cat&post=140"},{"taxonomy":"product_tag","embeddable":true,"href":"https:\/\/gambinieditore.studiozerocinque.it\/index.php?rest_route=%2Fwp%2Fv2%2Fproduct_tag&post=140"}],"curies":[{"name":"wp","href":"https:\/\/api.w.org\/{rel}","templated":true}]}}