{"id":1404,"date":"2025-03-06T09:30:53","date_gmt":"2025-03-06T08:30:53","guid":{"rendered":"https:\/\/gambinieditore.studiozerocinque.it\/storia\/castellieri-di-tommaso-mariotti"},"modified":"2025-03-06T09:30:53","modified_gmt":"2025-03-06T08:30:53","slug":"castellieri-di-tommaso-mariotti","status":"publish","type":"product","link":"https:\/\/gambinieditore.studiozerocinque.it\/?product=castellieri-di-tommaso-mariotti","title":{"rendered":"Castellieri di Tommaso Mariotti"},"content":{"rendered":"<p style=\"margin:0px;font-style:normal;font-size:13px;line-height:normal;font-family:'Helvetica Neue';\">Le flebili testimonianze lasciate dai \u201cnostri\u201d antenati Umbri conducono a riscoprire antichi e enigmatici insediamenti d\u2019altura, noti come castellieri. Questi siti, delimitati da possenti mura di cui oggi rimangono soltanto pochi resti, risalgono principalmente all\u2019Et\u00e0 del Ferro. Tuttavia, il loro utilizzo si \u00e8 protratto dai secoli pi\u00f9 remoti, venendo successivamente \u201cmarcato\u201d dalla presenza di chiese, abbazie o piccoli nuclei abitativi montani.<\/p>\n<p style=\"margin:0px;font-style:normal;font-size:13px;line-height:normal;font-family:'Helvetica Neue';\">Le dorsali dei Monti Amerini, Martani e Sabini celano ancora oggi numerosi segni di questi insediamenti, segni che soltanto osservatori esperti riescono a individuare e interpretare. Questa dettagliata indagine storica condotta dall\u2019autore e basata su approfonditi studi scientifici e archeologici viene documentata in maniera puntuale e appropriata.<\/p>\n<p style=\"margin:0px;font-style:normal;font-size:13px;line-height:normal;font-family:'Helvetica Neue';\">Il libro si propone di fare chiarezza su un tema poco noto e al tempo stesso straordinariamente interessante.<\/p>\n","protected":false},"excerpt":{"rendered":"<p>Viaggio alla scoperta degli antichi insediamenti dell&#8217;Umbria meridionale.<\/p>\n","protected":false},"featured_media":1403,"comment_status":"open","ping_status":"closed","template":"","meta":[],"product_brand":[],"product_cat":[17,18,24,39,59,60],"product_tag":[],"class_list":{"0":"post-1404","1":"product","2":"type-product","3":"status-publish","4":"has-post-thumbnail","6":"product_cat-catalogo","7":"product_cat-libri","8":"product_cat-novita","9":"product_cat-archeologia","10":"product_cat-saggistica","11":"product_cat-storia","13":"first","14":"instock","15":"shipping-taxable","16":"purchasable","17":"product-type-simple"},"yoast_head":"<!-- This site is optimized with the Yoast SEO plugin v25.9 - https:\/\/yoast.com\/wordpress\/plugins\/seo\/ -->\n<title>Castellieri di Tommaso Mariotti - Gambini Editore<\/title>\n<meta name=\"robots\" content=\"noindex, follow, max-snippet:-1, max-image-preview:large, max-video-preview:-1\" \/>\n<meta property=\"og:locale\" content=\"it_IT\" \/>\n<meta property=\"og:type\" content=\"article\" \/>\n<meta property=\"og:title\" content=\"Castellieri di Tommaso Mariotti - Gambini Editore\" \/>\n<meta property=\"og:description\" content=\"Viaggio alla scoperta degli antichi insediamenti dell&#039;Umbria meridionale.\" \/>\n<meta property=\"og:url\" content=\"https:\/\/gambinieditore.studiozerocinque.it\/?product=castellieri-di-tommaso-mariotti\" \/>\n<meta property=\"og:site_name\" content=\"Gambini Editore\" \/>\n<meta property=\"og:image\" content=\"https:\/\/gambinieditore.studiozerocinque.it\/wp-content\/uploads\/2025\/03\/484-Castellieri-di-Tommaso-Mariotti.jpg\" \/>\n\t<meta property=\"og:image:width\" content=\"1290\" \/>\n\t<meta property=\"og:image:height\" content=\"1858\" \/>\n\t<meta property=\"og:image:type\" content=\"image\/jpeg\" \/>\n<meta name=\"twitter:card\" content=\"summary_large_image\" \/>\n<meta name=\"twitter:label1\" content=\"Tempo di lettura stimato\" \/>\n\t<meta name=\"twitter:data1\" content=\"1 minuto\" \/>\n<script type=\"application\/ld+json\" class=\"yoast-schema-graph\">{\"@context\":\"https:\/\/schema.org\",\"@graph\":[{\"@type\":\"WebPage\",\"@id\":\"https:\/\/gambinieditore.studiozerocinque.it\/?product=castellieri-di-tommaso-mariotti\",\"url\":\"https:\/\/gambinieditore.studiozerocinque.it\/?product=castellieri-di-tommaso-mariotti\",\"name\":\"Castellieri di Tommaso Mariotti - Gambini Editore\",\"isPartOf\":{\"@id\":\"https:\/\/gambinieditore.studiozerocinque.it\/#website\"},\"primaryImageOfPage\":{\"@id\":\"https:\/\/gambinieditore.studiozerocinque.it\/?product=castellieri-di-tommaso-mariotti#primaryimage\"},\"image\":{\"@id\":\"https:\/\/gambinieditore.studiozerocinque.it\/?product=castellieri-di-tommaso-mariotti#primaryimage\"},\"thumbnailUrl\":\"https:\/\/gambinieditore.studiozerocinque.it\/wp-content\/uploads\/2025\/03\/484-Castellieri-di-Tommaso-Mariotti.jpg\",\"datePublished\":\"2025-03-06T08:30:53+00:00\",\"breadcrumb\":{\"@id\":\"https:\/\/gambinieditore.studiozerocinque.it\/?product=castellieri-di-tommaso-mariotti#breadcrumb\"},\"inLanguage\":\"it-IT\",\"potentialAction\":[{\"@type\":\"ReadAction\",\"target\":[\"https:\/\/gambinieditore.studiozerocinque.it\/?product=castellieri-di-tommaso-mariotti\"]}]},{\"@type\":\"ImageObject\",\"inLanguage\":\"it-IT\",\"@id\":\"https:\/\/gambinieditore.studiozerocinque.it\/?product=castellieri-di-tommaso-mariotti#primaryimage\",\"url\":\"https:\/\/gambinieditore.studiozerocinque.it\/wp-content\/uploads\/2025\/03\/484-Castellieri-di-Tommaso-Mariotti.jpg\",\"contentUrl\":\"https:\/\/gambinieditore.studiozerocinque.it\/wp-content\/uploads\/2025\/03\/484-Castellieri-di-Tommaso-Mariotti.jpg\",\"width\":1290,\"height\":1858,\"caption\":\"Castellieri di Tommaso Mariotti\"},{\"@type\":\"BreadcrumbList\",\"@id\":\"https:\/\/gambinieditore.studiozerocinque.it\/?product=castellieri-di-tommaso-mariotti#breadcrumb\",\"itemListElement\":[{\"@type\":\"ListItem\",\"position\":1,\"name\":\"Home\",\"item\":\"https:\/\/gambinieditore.studiozerocinque.it\/\"},{\"@type\":\"ListItem\",\"position\":2,\"name\":\"Catalogo\",\"item\":\"https:\/\/gambinieditore.studiozerocinque.it\/?page_id=7\"},{\"@type\":\"ListItem\",\"position\":3,\"name\":\"Castellieri di Tommaso Mariotti\"}]},{\"@type\":\"WebSite\",\"@id\":\"https:\/\/gambinieditore.studiozerocinque.it\/#website\",\"url\":\"https:\/\/gambinieditore.studiozerocinque.it\/\",\"name\":\"Gambini Editore\",\"description\":\"\",\"potentialAction\":[{\"@type\":\"SearchAction\",\"target\":{\"@type\":\"EntryPoint\",\"urlTemplate\":\"https:\/\/gambinieditore.studiozerocinque.it\/?s={search_term_string}\"},\"query-input\":{\"@type\":\"PropertyValueSpecification\",\"valueRequired\":true,\"valueName\":\"search_term_string\"}}],\"inLanguage\":\"it-IT\"}]}<\/script>\n<!-- \/ Yoast SEO plugin. -->","yoast_head_json":{"title":"Castellieri di Tommaso Mariotti - Gambini Editore","robots":{"index":"noindex","follow":"follow","max-snippet":"max-snippet:-1","max-image-preview":"max-image-preview:large","max-video-preview":"max-video-preview:-1"},"og_locale":"it_IT","og_type":"article","og_title":"Castellieri di Tommaso Mariotti - Gambini Editore","og_description":"Viaggio alla scoperta degli antichi insediamenti dell'Umbria meridionale.","og_url":"https:\/\/gambinieditore.studiozerocinque.it\/?product=castellieri-di-tommaso-mariotti","og_site_name":"Gambini Editore","og_image":[{"width":1290,"height":1858,"url":"https:\/\/gambinieditore.studiozerocinque.it\/wp-content\/uploads\/2025\/03\/484-Castellieri-di-Tommaso-Mariotti.jpg","type":"image\/jpeg"}],"twitter_card":"summary_large_image","twitter_misc":{"Tempo di lettura stimato":"1 minuto"},"schema":{"@context":"https:\/\/schema.org","@graph":[{"@type":"WebPage","@id":"https:\/\/gambinieditore.studiozerocinque.it\/?product=castellieri-di-tommaso-mariotti","url":"https:\/\/gambinieditore.studiozerocinque.it\/?product=castellieri-di-tommaso-mariotti","name":"Castellieri di Tommaso Mariotti - Gambini Editore","isPartOf":{"@id":"https:\/\/gambinieditore.studiozerocinque.it\/#website"},"primaryImageOfPage":{"@id":"https:\/\/gambinieditore.studiozerocinque.it\/?product=castellieri-di-tommaso-mariotti#primaryimage"},"image":{"@id":"https:\/\/gambinieditore.studiozerocinque.it\/?product=castellieri-di-tommaso-mariotti#primaryimage"},"thumbnailUrl":"https:\/\/gambinieditore.studiozerocinque.it\/wp-content\/uploads\/2025\/03\/484-Castellieri-di-Tommaso-Mariotti.jpg","datePublished":"2025-03-06T08:30:53+00:00","breadcrumb":{"@id":"https:\/\/gambinieditore.studiozerocinque.it\/?product=castellieri-di-tommaso-mariotti#breadcrumb"},"inLanguage":"it-IT","potentialAction":[{"@type":"ReadAction","target":["https:\/\/gambinieditore.studiozerocinque.it\/?product=castellieri-di-tommaso-mariotti"]}]},{"@type":"ImageObject","inLanguage":"it-IT","@id":"https:\/\/gambinieditore.studiozerocinque.it\/?product=castellieri-di-tommaso-mariotti#primaryimage","url":"https:\/\/gambinieditore.studiozerocinque.it\/wp-content\/uploads\/2025\/03\/484-Castellieri-di-Tommaso-Mariotti.jpg","contentUrl":"https:\/\/gambinieditore.studiozerocinque.it\/wp-content\/uploads\/2025\/03\/484-Castellieri-di-Tommaso-Mariotti.jpg","width":1290,"height":1858,"caption":"Castellieri di Tommaso Mariotti"},{"@type":"BreadcrumbList","@id":"https:\/\/gambinieditore.studiozerocinque.it\/?product=castellieri-di-tommaso-mariotti#breadcrumb","itemListElement":[{"@type":"ListItem","position":1,"name":"Home","item":"https:\/\/gambinieditore.studiozerocinque.it\/"},{"@type":"ListItem","position":2,"name":"Catalogo","item":"https:\/\/gambinieditore.studiozerocinque.it\/?page_id=7"},{"@type":"ListItem","position":3,"name":"Castellieri di Tommaso Mariotti"}]},{"@type":"WebSite","@id":"https:\/\/gambinieditore.studiozerocinque.it\/#website","url":"https:\/\/gambinieditore.studiozerocinque.it\/","name":"Gambini Editore","description":"","potentialAction":[{"@type":"SearchAction","target":{"@type":"EntryPoint","urlTemplate":"https:\/\/gambinieditore.studiozerocinque.it\/?s={search_term_string}"},"query-input":{"@type":"PropertyValueSpecification","valueRequired":true,"valueName":"search_term_string"}}],"inLanguage":"it-IT"}]}},"_links":{"self":[{"href":"https:\/\/gambinieditore.studiozerocinque.it\/index.php?rest_route=\/wp\/v2\/product\/1404","targetHints":{"allow":["GET"]}}],"collection":[{"href":"https:\/\/gambinieditore.studiozerocinque.it\/index.php?rest_route=\/wp\/v2\/product"}],"about":[{"href":"https:\/\/gambinieditore.studiozerocinque.it\/index.php?rest_route=\/wp\/v2\/types\/product"}],"replies":[{"embeddable":true,"href":"https:\/\/gambinieditore.studiozerocinque.it\/index.php?rest_route=%2Fwp%2Fv2%2Fcomments&post=1404"}],"wp:featuredmedia":[{"embeddable":true,"href":"https:\/\/gambinieditore.studiozerocinque.it\/index.php?rest_route=\/wp\/v2\/media\/1403"}],"wp:attachment":[{"href":"https:\/\/gambinieditore.studiozerocinque.it\/index.php?rest_route=%2Fwp%2Fv2%2Fmedia&parent=1404"}],"wp:term":[{"taxonomy":"product_brand","embeddable":true,"href":"https:\/\/gambinieditore.studiozerocinque.it\/index.php?rest_route=%2Fwp%2Fv2%2Fproduct_brand&post=1404"},{"taxonomy":"product_cat","embeddable":true,"href":"https:\/\/gambinieditore.studiozerocinque.it\/index.php?rest_route=%2Fwp%2Fv2%2Fproduct_cat&post=1404"},{"taxonomy":"product_tag","embeddable":true,"href":"https:\/\/gambinieditore.studiozerocinque.it\/index.php?rest_route=%2Fwp%2Fv2%2Fproduct_tag&post=1404"}],"curies":[{"name":"wp","href":"https:\/\/api.w.org\/{rel}","templated":true}]}}