{"id":1412,"date":"2025-05-21T19:42:11","date_gmt":"2025-05-21T17:42:11","guid":{"rendered":"https:\/\/gambinieditore.studiozerocinque.it\/narrativa-italiana\/fiore-e-l-umbro-di-fiorenza-maffei-e-roberto-rapaccini"},"modified":"2025-05-21T19:42:11","modified_gmt":"2025-05-21T17:42:11","slug":"fiore-e-l-umbro-di-fiorenza-maffei-e-roberto-rapaccini","status":"publish","type":"product","link":"https:\/\/gambinieditore.studiozerocinque.it\/?product=fiore-e-l-umbro-di-fiorenza-maffei-e-roberto-rapaccini","title":{"rendered":"Fiore e l&#8217;Umbro di Fiorenza Maffei e Roberto Rapaccini"},"content":{"rendered":"<p style=\"margin:0px;font-style:normal;font-size:13px;line-height:normal;font-family:'Helvetica Neue';\">Gli autori, attraverso un fitto scambio epistolare durato diversi mesi, ripercorrono le proprie vite, dai ricordi dell\u2019infanzia fino al presente. I racconti degli episodi vissuti si intrecciano con riflessioni sul passato, sulle occasioni perdute, sulle sfide affrontate e su ci\u00f2 che non potr\u00e0 pi\u00f9 essere. Rivivono le emozioni dei momenti cruciali, dalle scelte giovanili fino all\u2019et\u00e0 adulta, mentre sullo sfondo emergono i luoghi amati, vissuti o semplicemente visitati. Ci trasportano nel mondo delle loro passioni: l\u2019Umbro racconta il suo legame profondo con l\u2019Arte, mentre Fiore si sofferma sull\u2019amore per la squadra del Torino. Tra le lettere trovano spazio storie d\u2019amore, legami familiari e vicende professionali, arricchite da incontri speciali con personaggi noti. L\u2019Umbro ricorda l\u2019incontro con un giovane Fiorello in un villaggio turistico, mentre Fiore rievoca il giorno in cui Pel\u00e9, prima di entrare in uno studio televisivo, volle scattare una foto con la giovane commissaria. A emergere con forza \u00e8 il profondo legame di amicizia, nato durante il corso da vicecommissario e rimasto saldo fino all\u2019abbraccio dopo pi\u00f9 di trent\u2019anni. Fiore racconta all\u2019amico di una bambina innamorata di suo padre, del difficile inizio da giovane meridionale emigrata al Nord, delle sue vicissitudini sentimentali e della carriera tra indagini su droga e omicidi. L\u2019Umbro, invece, narra la storia di un ragazzo appassionato di pop art, che trascorreva le estati a Londra per poi ritrovarsi, quindici anni dopo, a organizzare la sicurezza durante i Campionati Europei di calcio in Inghilterra e, infine, essere nominato esperto nazionale presso la Commissione Europea a Bruxelles. Con delicatezza, ma senza esitazioni, l\u2019Umbro affronta il tema dei suoi gravi problemi di salute che hanno sconvolto i suoi progetti, senza per\u00f2 riuscire a spegnerli del tutto. Fiore gli resta idealmente accanto, per poi svelare la propria recente battaglia contro la malattia, affrontata solo dopo aver percorso il Cammino di Santiago. La vita continuer\u00e0 a scorrere e gli autori, uniti dal tempo e dai ricordi, continueranno ad alzare gli occhi verso le stesse stelle.<\/p>\n","protected":false},"excerpt":{"rendered":"<p>Prefazione di Giampiero Moscato<\/p>\n","protected":false},"featured_media":1411,"comment_status":"open","ping_status":"closed","template":"","meta":[],"product_brand":[],"product_cat":[17,18,25,24],"product_tag":[],"class_list":{"0":"post-1412","1":"product","2":"type-product","3":"status-publish","4":"has-post-thumbnail","6":"product_cat-catalogo","7":"product_cat-libri","8":"product_cat-narrativa-italiana","9":"product_cat-novita","11":"first","12":"instock","13":"shipping-taxable","14":"purchasable","15":"product-type-simple"},"yoast_head":"<!-- This site is optimized with the Yoast SEO plugin v25.9 - https:\/\/yoast.com\/wordpress\/plugins\/seo\/ -->\n<title>Fiore e l&#039;Umbro di Fiorenza Maffei e Roberto Rapaccini - Gambini Editore<\/title>\n<meta name=\"robots\" content=\"noindex, follow, max-snippet:-1, max-image-preview:large, max-video-preview:-1\" \/>\n<meta property=\"og:locale\" content=\"it_IT\" \/>\n<meta property=\"og:type\" content=\"article\" \/>\n<meta property=\"og:title\" content=\"Fiore e l&#039;Umbro di Fiorenza Maffei e Roberto Rapaccini - Gambini Editore\" \/>\n<meta property=\"og:description\" content=\"Prefazione di Giampiero Moscato\" \/>\n<meta property=\"og:url\" content=\"https:\/\/gambinieditore.studiozerocinque.it\/?product=fiore-e-l-umbro-di-fiorenza-maffei-e-roberto-rapaccini\" \/>\n<meta property=\"og:site_name\" content=\"Gambini Editore\" \/>\n<meta property=\"og:image\" content=\"https:\/\/gambinieditore.studiozerocinque.it\/wp-content\/uploads\/2025\/05\/490-Fiore-e-lUmbro-di-Fiorenza-Maffei-e-Roberto-Rapaccini.jpg\" \/>\n\t<meta property=\"og:image:width\" content=\"1712\" \/>\n\t<meta property=\"og:image:height\" content=\"2532\" \/>\n\t<meta property=\"og:image:type\" content=\"image\/jpeg\" \/>\n<meta name=\"twitter:card\" content=\"summary_large_image\" \/>\n<meta name=\"twitter:label1\" content=\"Tempo di lettura stimato\" \/>\n\t<meta name=\"twitter:data1\" content=\"2 minuti\" \/>\n<script type=\"application\/ld+json\" class=\"yoast-schema-graph\">{\"@context\":\"https:\/\/schema.org\",\"@graph\":[{\"@type\":\"WebPage\",\"@id\":\"https:\/\/gambinieditore.studiozerocinque.it\/?product=fiore-e-l-umbro-di-fiorenza-maffei-e-roberto-rapaccini\",\"url\":\"https:\/\/gambinieditore.studiozerocinque.it\/?product=fiore-e-l-umbro-di-fiorenza-maffei-e-roberto-rapaccini\",\"name\":\"Fiore e l'Umbro di Fiorenza Maffei e Roberto Rapaccini - Gambini Editore\",\"isPartOf\":{\"@id\":\"https:\/\/gambinieditore.studiozerocinque.it\/#website\"},\"primaryImageOfPage\":{\"@id\":\"https:\/\/gambinieditore.studiozerocinque.it\/?product=fiore-e-l-umbro-di-fiorenza-maffei-e-roberto-rapaccini#primaryimage\"},\"image\":{\"@id\":\"https:\/\/gambinieditore.studiozerocinque.it\/?product=fiore-e-l-umbro-di-fiorenza-maffei-e-roberto-rapaccini#primaryimage\"},\"thumbnailUrl\":\"https:\/\/gambinieditore.studiozerocinque.it\/wp-content\/uploads\/2025\/05\/490-Fiore-e-lUmbro-di-Fiorenza-Maffei-e-Roberto-Rapaccini.jpg\",\"datePublished\":\"2025-05-21T17:42:11+00:00\",\"breadcrumb\":{\"@id\":\"https:\/\/gambinieditore.studiozerocinque.it\/?product=fiore-e-l-umbro-di-fiorenza-maffei-e-roberto-rapaccini#breadcrumb\"},\"inLanguage\":\"it-IT\",\"potentialAction\":[{\"@type\":\"ReadAction\",\"target\":[\"https:\/\/gambinieditore.studiozerocinque.it\/?product=fiore-e-l-umbro-di-fiorenza-maffei-e-roberto-rapaccini\"]}]},{\"@type\":\"ImageObject\",\"inLanguage\":\"it-IT\",\"@id\":\"https:\/\/gambinieditore.studiozerocinque.it\/?product=fiore-e-l-umbro-di-fiorenza-maffei-e-roberto-rapaccini#primaryimage\",\"url\":\"https:\/\/gambinieditore.studiozerocinque.it\/wp-content\/uploads\/2025\/05\/490-Fiore-e-lUmbro-di-Fiorenza-Maffei-e-Roberto-Rapaccini.jpg\",\"contentUrl\":\"https:\/\/gambinieditore.studiozerocinque.it\/wp-content\/uploads\/2025\/05\/490-Fiore-e-lUmbro-di-Fiorenza-Maffei-e-Roberto-Rapaccini.jpg\",\"width\":1712,\"height\":2532,\"caption\":\"Fiore e l'Umbro di Fiorenza Maffei e Roberto Rapaccini\"},{\"@type\":\"BreadcrumbList\",\"@id\":\"https:\/\/gambinieditore.studiozerocinque.it\/?product=fiore-e-l-umbro-di-fiorenza-maffei-e-roberto-rapaccini#breadcrumb\",\"itemListElement\":[{\"@type\":\"ListItem\",\"position\":1,\"name\":\"Home\",\"item\":\"https:\/\/gambinieditore.studiozerocinque.it\/\"},{\"@type\":\"ListItem\",\"position\":2,\"name\":\"Catalogo\",\"item\":\"https:\/\/gambinieditore.studiozerocinque.it\/?page_id=7\"},{\"@type\":\"ListItem\",\"position\":3,\"name\":\"Fiore e l&#8217;Umbro di Fiorenza Maffei e Roberto Rapaccini\"}]},{\"@type\":\"WebSite\",\"@id\":\"https:\/\/gambinieditore.studiozerocinque.it\/#website\",\"url\":\"https:\/\/gambinieditore.studiozerocinque.it\/\",\"name\":\"Gambini Editore\",\"description\":\"\",\"potentialAction\":[{\"@type\":\"SearchAction\",\"target\":{\"@type\":\"EntryPoint\",\"urlTemplate\":\"https:\/\/gambinieditore.studiozerocinque.it\/?s={search_term_string}\"},\"query-input\":{\"@type\":\"PropertyValueSpecification\",\"valueRequired\":true,\"valueName\":\"search_term_string\"}}],\"inLanguage\":\"it-IT\"}]}<\/script>\n<!-- \/ Yoast SEO plugin. -->","yoast_head_json":{"title":"Fiore e l'Umbro di Fiorenza Maffei e Roberto Rapaccini - Gambini Editore","robots":{"index":"noindex","follow":"follow","max-snippet":"max-snippet:-1","max-image-preview":"max-image-preview:large","max-video-preview":"max-video-preview:-1"},"og_locale":"it_IT","og_type":"article","og_title":"Fiore e l'Umbro di Fiorenza Maffei e Roberto Rapaccini - Gambini Editore","og_description":"Prefazione di Giampiero Moscato","og_url":"https:\/\/gambinieditore.studiozerocinque.it\/?product=fiore-e-l-umbro-di-fiorenza-maffei-e-roberto-rapaccini","og_site_name":"Gambini Editore","og_image":[{"width":1712,"height":2532,"url":"https:\/\/gambinieditore.studiozerocinque.it\/wp-content\/uploads\/2025\/05\/490-Fiore-e-lUmbro-di-Fiorenza-Maffei-e-Roberto-Rapaccini.jpg","type":"image\/jpeg"}],"twitter_card":"summary_large_image","twitter_misc":{"Tempo di lettura stimato":"2 minuti"},"schema":{"@context":"https:\/\/schema.org","@graph":[{"@type":"WebPage","@id":"https:\/\/gambinieditore.studiozerocinque.it\/?product=fiore-e-l-umbro-di-fiorenza-maffei-e-roberto-rapaccini","url":"https:\/\/gambinieditore.studiozerocinque.it\/?product=fiore-e-l-umbro-di-fiorenza-maffei-e-roberto-rapaccini","name":"Fiore e l'Umbro di Fiorenza Maffei e Roberto Rapaccini - Gambini Editore","isPartOf":{"@id":"https:\/\/gambinieditore.studiozerocinque.it\/#website"},"primaryImageOfPage":{"@id":"https:\/\/gambinieditore.studiozerocinque.it\/?product=fiore-e-l-umbro-di-fiorenza-maffei-e-roberto-rapaccini#primaryimage"},"image":{"@id":"https:\/\/gambinieditore.studiozerocinque.it\/?product=fiore-e-l-umbro-di-fiorenza-maffei-e-roberto-rapaccini#primaryimage"},"thumbnailUrl":"https:\/\/gambinieditore.studiozerocinque.it\/wp-content\/uploads\/2025\/05\/490-Fiore-e-lUmbro-di-Fiorenza-Maffei-e-Roberto-Rapaccini.jpg","datePublished":"2025-05-21T17:42:11+00:00","breadcrumb":{"@id":"https:\/\/gambinieditore.studiozerocinque.it\/?product=fiore-e-l-umbro-di-fiorenza-maffei-e-roberto-rapaccini#breadcrumb"},"inLanguage":"it-IT","potentialAction":[{"@type":"ReadAction","target":["https:\/\/gambinieditore.studiozerocinque.it\/?product=fiore-e-l-umbro-di-fiorenza-maffei-e-roberto-rapaccini"]}]},{"@type":"ImageObject","inLanguage":"it-IT","@id":"https:\/\/gambinieditore.studiozerocinque.it\/?product=fiore-e-l-umbro-di-fiorenza-maffei-e-roberto-rapaccini#primaryimage","url":"https:\/\/gambinieditore.studiozerocinque.it\/wp-content\/uploads\/2025\/05\/490-Fiore-e-lUmbro-di-Fiorenza-Maffei-e-Roberto-Rapaccini.jpg","contentUrl":"https:\/\/gambinieditore.studiozerocinque.it\/wp-content\/uploads\/2025\/05\/490-Fiore-e-lUmbro-di-Fiorenza-Maffei-e-Roberto-Rapaccini.jpg","width":1712,"height":2532,"caption":"Fiore e l'Umbro di Fiorenza Maffei e Roberto Rapaccini"},{"@type":"BreadcrumbList","@id":"https:\/\/gambinieditore.studiozerocinque.it\/?product=fiore-e-l-umbro-di-fiorenza-maffei-e-roberto-rapaccini#breadcrumb","itemListElement":[{"@type":"ListItem","position":1,"name":"Home","item":"https:\/\/gambinieditore.studiozerocinque.it\/"},{"@type":"ListItem","position":2,"name":"Catalogo","item":"https:\/\/gambinieditore.studiozerocinque.it\/?page_id=7"},{"@type":"ListItem","position":3,"name":"Fiore e l&#8217;Umbro di Fiorenza Maffei e Roberto Rapaccini"}]},{"@type":"WebSite","@id":"https:\/\/gambinieditore.studiozerocinque.it\/#website","url":"https:\/\/gambinieditore.studiozerocinque.it\/","name":"Gambini Editore","description":"","potentialAction":[{"@type":"SearchAction","target":{"@type":"EntryPoint","urlTemplate":"https:\/\/gambinieditore.studiozerocinque.it\/?s={search_term_string}"},"query-input":{"@type":"PropertyValueSpecification","valueRequired":true,"valueName":"search_term_string"}}],"inLanguage":"it-IT"}]}},"_links":{"self":[{"href":"https:\/\/gambinieditore.studiozerocinque.it\/index.php?rest_route=\/wp\/v2\/product\/1412","targetHints":{"allow":["GET"]}}],"collection":[{"href":"https:\/\/gambinieditore.studiozerocinque.it\/index.php?rest_route=\/wp\/v2\/product"}],"about":[{"href":"https:\/\/gambinieditore.studiozerocinque.it\/index.php?rest_route=\/wp\/v2\/types\/product"}],"replies":[{"embeddable":true,"href":"https:\/\/gambinieditore.studiozerocinque.it\/index.php?rest_route=%2Fwp%2Fv2%2Fcomments&post=1412"}],"wp:featuredmedia":[{"embeddable":true,"href":"https:\/\/gambinieditore.studiozerocinque.it\/index.php?rest_route=\/wp\/v2\/media\/1411"}],"wp:attachment":[{"href":"https:\/\/gambinieditore.studiozerocinque.it\/index.php?rest_route=%2Fwp%2Fv2%2Fmedia&parent=1412"}],"wp:term":[{"taxonomy":"product_brand","embeddable":true,"href":"https:\/\/gambinieditore.studiozerocinque.it\/index.php?rest_route=%2Fwp%2Fv2%2Fproduct_brand&post=1412"},{"taxonomy":"product_cat","embeddable":true,"href":"https:\/\/gambinieditore.studiozerocinque.it\/index.php?rest_route=%2Fwp%2Fv2%2Fproduct_cat&post=1412"},{"taxonomy":"product_tag","embeddable":true,"href":"https:\/\/gambinieditore.studiozerocinque.it\/index.php?rest_route=%2Fwp%2Fv2%2Fproduct_tag&post=1412"}],"curies":[{"name":"wp","href":"https:\/\/api.w.org\/{rel}","templated":true}]}}