{"id":1416,"date":"2025-06-16T18:40:59","date_gmt":"2025-06-16T16:40:59","guid":{"rendered":"https:\/\/gambinieditore.studiozerocinque.it\/saggistica\/nel-cuore-del-mondo-di-maurizio-gardenal"},"modified":"2025-06-16T18:40:59","modified_gmt":"2025-06-16T16:40:59","slug":"nel-cuore-del-mondo-di-maurizio-gardenal","status":"publish","type":"product","link":"https:\/\/gambinieditore.studiozerocinque.it\/?product=nel-cuore-del-mondo-di-maurizio-gardenal","title":{"rendered":"Nel cuore del mondo di Maurizio Gardenal"},"content":{"rendered":"<p>Un flusso di Luce adamantina scorre silenzioso nel cuore umano, conducendolo verso l\u2019origine divina degli esseri, degli eventi, delle voci della natura e dei gesti pi\u00f9 umili rivolti a chi invoca aiuto. Vivere questa Luce, lasciarla fiorire nel pensiero che contempla il mondo, \u00e8 un dono ineffabile: grazia del Risorto per l\u2019uomo di buona volont\u00e0, che con ardente desiderio cerca la verit\u00e0 di s\u00e9.<\/p>\n","protected":false},"excerpt":{"rendered":"<p>Un flusso di Luce adamantina scorre silenzioso nel cuore umano, conducendolo verso l\u2019origine divina degli esseri, degli eventi, delle voci della natura e dei gesti pi\u00f9 umili rivolti a chi invoca aiuto. Vivere questa Luce, lasciarla fiorire nel pensiero che contempla il mondo, \u00e8 un dono ineffabile: grazia del Risorto per l\u2019uomo di buona volont\u00e0, [&hellip;]<\/p>\n","protected":false},"featured_media":1415,"comment_status":"open","ping_status":"closed","template":"","meta":[],"product_brand":[],"product_cat":[17,25,23,24,35,59],"product_tag":[],"class_list":{"0":"post-1416","1":"product","2":"type-product","3":"status-publish","4":"has-post-thumbnail","6":"product_cat-catalogo","7":"product_cat-narrativa-italiana","8":"product_cat-fuori-collana","9":"product_cat-novita","10":"product_cat-poesia","11":"product_cat-saggistica","13":"first","14":"instock","15":"shipping-taxable","16":"purchasable","17":"product-type-simple"},"yoast_head":"<!-- This site is optimized with the Yoast SEO plugin v25.9 - https:\/\/yoast.com\/wordpress\/plugins\/seo\/ -->\n<title>Nel cuore del mondo di Maurizio Gardenal - Gambini Editore<\/title>\n<meta name=\"robots\" content=\"noindex, follow, max-snippet:-1, max-image-preview:large, max-video-preview:-1\" \/>\n<meta property=\"og:locale\" content=\"it_IT\" \/>\n<meta property=\"og:type\" content=\"article\" \/>\n<meta property=\"og:title\" content=\"Nel cuore del mondo di Maurizio Gardenal - Gambini Editore\" \/>\n<meta property=\"og:description\" content=\"Un flusso di Luce adamantina scorre silenzioso nel cuore umano, conducendolo verso l\u2019origine divina degli esseri, degli eventi, delle voci della natura e dei gesti pi\u00f9 umili rivolti a chi invoca aiuto. Vivere questa Luce, lasciarla fiorire nel pensiero che contempla il mondo, \u00e8 un dono ineffabile: grazia del Risorto per l\u2019uomo di buona volont\u00e0, [&hellip;]\" \/>\n<meta property=\"og:url\" content=\"https:\/\/gambinieditore.studiozerocinque.it\/?product=nel-cuore-del-mondo-di-maurizio-gardenal\" \/>\n<meta property=\"og:site_name\" content=\"Gambini Editore\" \/>\n<meta property=\"og:image\" content=\"https:\/\/gambinieditore.studiozerocinque.it\/wp-content\/uploads\/2025\/06\/492-Nel-cuore-del-mondo-di-Maurizio-Gardenal.jpg\" \/>\n\t<meta property=\"og:image:width\" content=\"1724\" \/>\n\t<meta property=\"og:image:height\" content=\"2460\" \/>\n\t<meta property=\"og:image:type\" content=\"image\/jpeg\" \/>\n<meta name=\"twitter:card\" content=\"summary_large_image\" \/>\n<script type=\"application\/ld+json\" class=\"yoast-schema-graph\">{\"@context\":\"https:\/\/schema.org\",\"@graph\":[{\"@type\":\"WebPage\",\"@id\":\"https:\/\/gambinieditore.studiozerocinque.it\/?product=nel-cuore-del-mondo-di-maurizio-gardenal\",\"url\":\"https:\/\/gambinieditore.studiozerocinque.it\/?product=nel-cuore-del-mondo-di-maurizio-gardenal\",\"name\":\"Nel cuore del mondo di Maurizio Gardenal - Gambini Editore\",\"isPartOf\":{\"@id\":\"https:\/\/gambinieditore.studiozerocinque.it\/#website\"},\"primaryImageOfPage\":{\"@id\":\"https:\/\/gambinieditore.studiozerocinque.it\/?product=nel-cuore-del-mondo-di-maurizio-gardenal#primaryimage\"},\"image\":{\"@id\":\"https:\/\/gambinieditore.studiozerocinque.it\/?product=nel-cuore-del-mondo-di-maurizio-gardenal#primaryimage\"},\"thumbnailUrl\":\"https:\/\/gambinieditore.studiozerocinque.it\/wp-content\/uploads\/2025\/06\/492-Nel-cuore-del-mondo-di-Maurizio-Gardenal.jpg\",\"datePublished\":\"2025-06-16T16:40:59+00:00\",\"breadcrumb\":{\"@id\":\"https:\/\/gambinieditore.studiozerocinque.it\/?product=nel-cuore-del-mondo-di-maurizio-gardenal#breadcrumb\"},\"inLanguage\":\"it-IT\",\"potentialAction\":[{\"@type\":\"ReadAction\",\"target\":[\"https:\/\/gambinieditore.studiozerocinque.it\/?product=nel-cuore-del-mondo-di-maurizio-gardenal\"]}]},{\"@type\":\"ImageObject\",\"inLanguage\":\"it-IT\",\"@id\":\"https:\/\/gambinieditore.studiozerocinque.it\/?product=nel-cuore-del-mondo-di-maurizio-gardenal#primaryimage\",\"url\":\"https:\/\/gambinieditore.studiozerocinque.it\/wp-content\/uploads\/2025\/06\/492-Nel-cuore-del-mondo-di-Maurizio-Gardenal.jpg\",\"contentUrl\":\"https:\/\/gambinieditore.studiozerocinque.it\/wp-content\/uploads\/2025\/06\/492-Nel-cuore-del-mondo-di-Maurizio-Gardenal.jpg\",\"width\":1724,\"height\":2460,\"caption\":\"Nel cuore del mondo di Maurizio Gardenal\"},{\"@type\":\"BreadcrumbList\",\"@id\":\"https:\/\/gambinieditore.studiozerocinque.it\/?product=nel-cuore-del-mondo-di-maurizio-gardenal#breadcrumb\",\"itemListElement\":[{\"@type\":\"ListItem\",\"position\":1,\"name\":\"Home\",\"item\":\"https:\/\/gambinieditore.studiozerocinque.it\/\"},{\"@type\":\"ListItem\",\"position\":2,\"name\":\"Catalogo\",\"item\":\"https:\/\/gambinieditore.studiozerocinque.it\/?page_id=7\"},{\"@type\":\"ListItem\",\"position\":3,\"name\":\"Nel cuore del mondo di Maurizio Gardenal\"}]},{\"@type\":\"WebSite\",\"@id\":\"https:\/\/gambinieditore.studiozerocinque.it\/#website\",\"url\":\"https:\/\/gambinieditore.studiozerocinque.it\/\",\"name\":\"Gambini Editore\",\"description\":\"\",\"potentialAction\":[{\"@type\":\"SearchAction\",\"target\":{\"@type\":\"EntryPoint\",\"urlTemplate\":\"https:\/\/gambinieditore.studiozerocinque.it\/?s={search_term_string}\"},\"query-input\":{\"@type\":\"PropertyValueSpecification\",\"valueRequired\":true,\"valueName\":\"search_term_string\"}}],\"inLanguage\":\"it-IT\"}]}<\/script>\n<!-- \/ Yoast SEO plugin. -->","yoast_head_json":{"title":"Nel cuore del mondo di Maurizio Gardenal - Gambini Editore","robots":{"index":"noindex","follow":"follow","max-snippet":"max-snippet:-1","max-image-preview":"max-image-preview:large","max-video-preview":"max-video-preview:-1"},"og_locale":"it_IT","og_type":"article","og_title":"Nel cuore del mondo di Maurizio Gardenal - Gambini Editore","og_description":"Un flusso di Luce adamantina scorre silenzioso nel cuore umano, conducendolo verso l\u2019origine divina degli esseri, degli eventi, delle voci della natura e dei gesti pi\u00f9 umili rivolti a chi invoca aiuto. Vivere questa Luce, lasciarla fiorire nel pensiero che contempla il mondo, \u00e8 un dono ineffabile: grazia del Risorto per l\u2019uomo di buona volont\u00e0, [&hellip;]","og_url":"https:\/\/gambinieditore.studiozerocinque.it\/?product=nel-cuore-del-mondo-di-maurizio-gardenal","og_site_name":"Gambini Editore","og_image":[{"width":1724,"height":2460,"url":"https:\/\/gambinieditore.studiozerocinque.it\/wp-content\/uploads\/2025\/06\/492-Nel-cuore-del-mondo-di-Maurizio-Gardenal.jpg","type":"image\/jpeg"}],"twitter_card":"summary_large_image","schema":{"@context":"https:\/\/schema.org","@graph":[{"@type":"WebPage","@id":"https:\/\/gambinieditore.studiozerocinque.it\/?product=nel-cuore-del-mondo-di-maurizio-gardenal","url":"https:\/\/gambinieditore.studiozerocinque.it\/?product=nel-cuore-del-mondo-di-maurizio-gardenal","name":"Nel cuore del mondo di Maurizio Gardenal - Gambini Editore","isPartOf":{"@id":"https:\/\/gambinieditore.studiozerocinque.it\/#website"},"primaryImageOfPage":{"@id":"https:\/\/gambinieditore.studiozerocinque.it\/?product=nel-cuore-del-mondo-di-maurizio-gardenal#primaryimage"},"image":{"@id":"https:\/\/gambinieditore.studiozerocinque.it\/?product=nel-cuore-del-mondo-di-maurizio-gardenal#primaryimage"},"thumbnailUrl":"https:\/\/gambinieditore.studiozerocinque.it\/wp-content\/uploads\/2025\/06\/492-Nel-cuore-del-mondo-di-Maurizio-Gardenal.jpg","datePublished":"2025-06-16T16:40:59+00:00","breadcrumb":{"@id":"https:\/\/gambinieditore.studiozerocinque.it\/?product=nel-cuore-del-mondo-di-maurizio-gardenal#breadcrumb"},"inLanguage":"it-IT","potentialAction":[{"@type":"ReadAction","target":["https:\/\/gambinieditore.studiozerocinque.it\/?product=nel-cuore-del-mondo-di-maurizio-gardenal"]}]},{"@type":"ImageObject","inLanguage":"it-IT","@id":"https:\/\/gambinieditore.studiozerocinque.it\/?product=nel-cuore-del-mondo-di-maurizio-gardenal#primaryimage","url":"https:\/\/gambinieditore.studiozerocinque.it\/wp-content\/uploads\/2025\/06\/492-Nel-cuore-del-mondo-di-Maurizio-Gardenal.jpg","contentUrl":"https:\/\/gambinieditore.studiozerocinque.it\/wp-content\/uploads\/2025\/06\/492-Nel-cuore-del-mondo-di-Maurizio-Gardenal.jpg","width":1724,"height":2460,"caption":"Nel cuore del mondo di Maurizio Gardenal"},{"@type":"BreadcrumbList","@id":"https:\/\/gambinieditore.studiozerocinque.it\/?product=nel-cuore-del-mondo-di-maurizio-gardenal#breadcrumb","itemListElement":[{"@type":"ListItem","position":1,"name":"Home","item":"https:\/\/gambinieditore.studiozerocinque.it\/"},{"@type":"ListItem","position":2,"name":"Catalogo","item":"https:\/\/gambinieditore.studiozerocinque.it\/?page_id=7"},{"@type":"ListItem","position":3,"name":"Nel cuore del mondo di Maurizio Gardenal"}]},{"@type":"WebSite","@id":"https:\/\/gambinieditore.studiozerocinque.it\/#website","url":"https:\/\/gambinieditore.studiozerocinque.it\/","name":"Gambini Editore","description":"","potentialAction":[{"@type":"SearchAction","target":{"@type":"EntryPoint","urlTemplate":"https:\/\/gambinieditore.studiozerocinque.it\/?s={search_term_string}"},"query-input":{"@type":"PropertyValueSpecification","valueRequired":true,"valueName":"search_term_string"}}],"inLanguage":"it-IT"}]}},"_links":{"self":[{"href":"https:\/\/gambinieditore.studiozerocinque.it\/index.php?rest_route=\/wp\/v2\/product\/1416","targetHints":{"allow":["GET"]}}],"collection":[{"href":"https:\/\/gambinieditore.studiozerocinque.it\/index.php?rest_route=\/wp\/v2\/product"}],"about":[{"href":"https:\/\/gambinieditore.studiozerocinque.it\/index.php?rest_route=\/wp\/v2\/types\/product"}],"replies":[{"embeddable":true,"href":"https:\/\/gambinieditore.studiozerocinque.it\/index.php?rest_route=%2Fwp%2Fv2%2Fcomments&post=1416"}],"wp:featuredmedia":[{"embeddable":true,"href":"https:\/\/gambinieditore.studiozerocinque.it\/index.php?rest_route=\/wp\/v2\/media\/1415"}],"wp:attachment":[{"href":"https:\/\/gambinieditore.studiozerocinque.it\/index.php?rest_route=%2Fwp%2Fv2%2Fmedia&parent=1416"}],"wp:term":[{"taxonomy":"product_brand","embeddable":true,"href":"https:\/\/gambinieditore.studiozerocinque.it\/index.php?rest_route=%2Fwp%2Fv2%2Fproduct_brand&post=1416"},{"taxonomy":"product_cat","embeddable":true,"href":"https:\/\/gambinieditore.studiozerocinque.it\/index.php?rest_route=%2Fwp%2Fv2%2Fproduct_cat&post=1416"},{"taxonomy":"product_tag","embeddable":true,"href":"https:\/\/gambinieditore.studiozerocinque.it\/index.php?rest_route=%2Fwp%2Fv2%2Fproduct_tag&post=1416"}],"curies":[{"name":"wp","href":"https:\/\/api.w.org\/{rel}","templated":true}]}}