{"id":142,"date":"2022-02-11T18:41:11","date_gmt":"2022-02-11T17:41:11","guid":{"rendered":"https:\/\/gambinieditore.studiozerocinque.it\/prodotto\/il-meccanico-dei-sogni\/"},"modified":"2022-02-11T18:41:11","modified_gmt":"2022-02-11T17:41:11","slug":"il-meccanico-dei-sogni","status":"publish","type":"product","link":"https:\/\/gambinieditore.studiozerocinque.it\/?product=il-meccanico-dei-sogni","title":{"rendered":"Il meccanico dei sogni"},"content":{"rendered":"<p>C&#8217;era un volta un paese in cui nessuno riusciva pi\u00f9 a riposare, perch\u00e9, appena appoggiava la testa sul cuscino, faceva sogni cos\u00ec brutti, paurosi e puzzolenti da non riuscire pi\u00f9 a dormire. E questo era un problema: il vigile non dirigeva pi\u00f9 il traffico e tutte le macchine finivano ammucchiate lungo le strade, le mamme e i pap\u00e0\u00a0 litigavano, i pacifisti sognavano di fare la guerra e si svegliavano pieni di incubi&#8230;Finch\u00e9 una sera un bambino non scopr\u00ec qual era la causa di quelle notti agitate. E, con l&#8217;aiuto delle amiche lucciole, aggiust\u00f2 tutti i brutti i sogni. Perch\u00e9 non bisogna mai smettere di sognare. E se qualcuno prova a rompere i tuoi sogni, non scoraggiarti: ci pensa il meccanico ad aggiustarli. Proprio come se fossero delle automobili. Perch\u00e9 anche i sogni ci aiutano ad andare lontano.<\/p>\n","protected":false},"excerpt":{"rendered":"<p>Non bisogna aver paura di sognare. E nemmeno temere che i sogni si rompano e finiscano in mille pezzi: si pu\u00f2 sempre chiamare il meccanico per farli aggiustare, proprio come fossero autonomibili. D&#8217;altra parte anche i sogni ci portano lontano. Questa \u00e9 la storia di un bambino che, grazie alla complicit\u00e0\u00a0 delle lucciole e a qualche trucco, ha imparato ad aggiustare i sogni di tutti.<\/p>\n","protected":false},"featured_media":141,"comment_status":"open","ping_status":"closed","template":"","meta":[],"product_brand":[],"product_cat":[18],"product_tag":[],"class_list":{"0":"post-142","1":"product","2":"type-product","3":"status-publish","4":"has-post-thumbnail","6":"product_cat-libri","8":"first","9":"instock","10":"shipping-taxable","11":"purchasable","12":"product-type-simple"},"yoast_head":"<!-- This site is optimized with the Yoast SEO plugin v25.9 - https:\/\/yoast.com\/wordpress\/plugins\/seo\/ -->\n<title>Il meccanico dei sogni - Gambini Editore<\/title>\n<meta name=\"robots\" content=\"noindex, follow, max-snippet:-1, max-image-preview:large, max-video-preview:-1\" \/>\n<meta property=\"og:locale\" content=\"it_IT\" \/>\n<meta property=\"og:type\" content=\"article\" \/>\n<meta property=\"og:title\" content=\"Il meccanico dei sogni - Gambini Editore\" \/>\n<meta property=\"og:description\" content=\"Non bisogna aver paura di sognare. E nemmeno temere che i sogni si rompano e finiscano in mille pezzi: si pu\u00f2 sempre chiamare il meccanico per farli aggiustare, proprio come fossero autonomibili. D&#039;altra parte anche i sogni ci portano lontano. Questa \u00e9 la storia di un bambino che, grazie alla complicit\u00e0\u00a0 delle lucciole e a qualche trucco, ha imparato ad aggiustare i sogni di tutti.\" \/>\n<meta property=\"og:url\" content=\"https:\/\/gambinieditore.studiozerocinque.it\/?product=il-meccanico-dei-sogni\" \/>\n<meta property=\"og:site_name\" content=\"Gambini Editore\" \/>\n<meta property=\"og:image\" content=\"https:\/\/gambinieditore.studiozerocinque.it\/wp-content\/uploads\/2022\/02\/80-Il-meccanico-dei-sogni.jpg\" \/>\n\t<meta property=\"og:image:width\" content=\"1735\" \/>\n\t<meta property=\"og:image:height\" content=\"2539\" \/>\n\t<meta property=\"og:image:type\" content=\"image\/jpeg\" \/>\n<meta name=\"twitter:card\" content=\"summary_large_image\" \/>\n<meta name=\"twitter:label1\" content=\"Tempo di lettura stimato\" \/>\n\t<meta name=\"twitter:data1\" content=\"1 minuto\" \/>\n<script type=\"application\/ld+json\" class=\"yoast-schema-graph\">{\"@context\":\"https:\/\/schema.org\",\"@graph\":[{\"@type\":\"WebPage\",\"@id\":\"https:\/\/gambinieditore.studiozerocinque.it\/?product=il-meccanico-dei-sogni\",\"url\":\"https:\/\/gambinieditore.studiozerocinque.it\/?product=il-meccanico-dei-sogni\",\"name\":\"Il meccanico dei sogni - Gambini Editore\",\"isPartOf\":{\"@id\":\"https:\/\/gambinieditore.studiozerocinque.it\/#website\"},\"primaryImageOfPage\":{\"@id\":\"https:\/\/gambinieditore.studiozerocinque.it\/?product=il-meccanico-dei-sogni#primaryimage\"},\"image\":{\"@id\":\"https:\/\/gambinieditore.studiozerocinque.it\/?product=il-meccanico-dei-sogni#primaryimage\"},\"thumbnailUrl\":\"https:\/\/gambinieditore.studiozerocinque.it\/wp-content\/uploads\/2022\/02\/80-Il-meccanico-dei-sogni.jpg\",\"datePublished\":\"2022-02-11T17:41:11+00:00\",\"breadcrumb\":{\"@id\":\"https:\/\/gambinieditore.studiozerocinque.it\/?product=il-meccanico-dei-sogni#breadcrumb\"},\"inLanguage\":\"it-IT\",\"potentialAction\":[{\"@type\":\"ReadAction\",\"target\":[\"https:\/\/gambinieditore.studiozerocinque.it\/?product=il-meccanico-dei-sogni\"]}]},{\"@type\":\"ImageObject\",\"inLanguage\":\"it-IT\",\"@id\":\"https:\/\/gambinieditore.studiozerocinque.it\/?product=il-meccanico-dei-sogni#primaryimage\",\"url\":\"https:\/\/gambinieditore.studiozerocinque.it\/wp-content\/uploads\/2022\/02\/80-Il-meccanico-dei-sogni.jpg\",\"contentUrl\":\"https:\/\/gambinieditore.studiozerocinque.it\/wp-content\/uploads\/2022\/02\/80-Il-meccanico-dei-sogni.jpg\",\"width\":1735,\"height\":2539,\"caption\":\"Il meccanico dei sogni\"},{\"@type\":\"BreadcrumbList\",\"@id\":\"https:\/\/gambinieditore.studiozerocinque.it\/?product=il-meccanico-dei-sogni#breadcrumb\",\"itemListElement\":[{\"@type\":\"ListItem\",\"position\":1,\"name\":\"Home\",\"item\":\"https:\/\/gambinieditore.studiozerocinque.it\/\"},{\"@type\":\"ListItem\",\"position\":2,\"name\":\"Catalogo\",\"item\":\"https:\/\/gambinieditore.studiozerocinque.it\/?page_id=7\"},{\"@type\":\"ListItem\",\"position\":3,\"name\":\"Il meccanico dei sogni\"}]},{\"@type\":\"WebSite\",\"@id\":\"https:\/\/gambinieditore.studiozerocinque.it\/#website\",\"url\":\"https:\/\/gambinieditore.studiozerocinque.it\/\",\"name\":\"Gambini Editore\",\"description\":\"\",\"potentialAction\":[{\"@type\":\"SearchAction\",\"target\":{\"@type\":\"EntryPoint\",\"urlTemplate\":\"https:\/\/gambinieditore.studiozerocinque.it\/?s={search_term_string}\"},\"query-input\":{\"@type\":\"PropertyValueSpecification\",\"valueRequired\":true,\"valueName\":\"search_term_string\"}}],\"inLanguage\":\"it-IT\"}]}<\/script>\n<!-- \/ Yoast SEO plugin. -->","yoast_head_json":{"title":"Il meccanico dei sogni - Gambini Editore","robots":{"index":"noindex","follow":"follow","max-snippet":"max-snippet:-1","max-image-preview":"max-image-preview:large","max-video-preview":"max-video-preview:-1"},"og_locale":"it_IT","og_type":"article","og_title":"Il meccanico dei sogni - Gambini Editore","og_description":"Non bisogna aver paura di sognare. E nemmeno temere che i sogni si rompano e finiscano in mille pezzi: si pu\u00f2 sempre chiamare il meccanico per farli aggiustare, proprio come fossero autonomibili. D'altra parte anche i sogni ci portano lontano. Questa \u00e9 la storia di un bambino che, grazie alla complicit\u00e0\u00a0 delle lucciole e a qualche trucco, ha imparato ad aggiustare i sogni di tutti.","og_url":"https:\/\/gambinieditore.studiozerocinque.it\/?product=il-meccanico-dei-sogni","og_site_name":"Gambini Editore","og_image":[{"width":1735,"height":2539,"url":"https:\/\/gambinieditore.studiozerocinque.it\/wp-content\/uploads\/2022\/02\/80-Il-meccanico-dei-sogni.jpg","type":"image\/jpeg"}],"twitter_card":"summary_large_image","twitter_misc":{"Tempo di lettura stimato":"1 minuto"},"schema":{"@context":"https:\/\/schema.org","@graph":[{"@type":"WebPage","@id":"https:\/\/gambinieditore.studiozerocinque.it\/?product=il-meccanico-dei-sogni","url":"https:\/\/gambinieditore.studiozerocinque.it\/?product=il-meccanico-dei-sogni","name":"Il meccanico dei sogni - Gambini Editore","isPartOf":{"@id":"https:\/\/gambinieditore.studiozerocinque.it\/#website"},"primaryImageOfPage":{"@id":"https:\/\/gambinieditore.studiozerocinque.it\/?product=il-meccanico-dei-sogni#primaryimage"},"image":{"@id":"https:\/\/gambinieditore.studiozerocinque.it\/?product=il-meccanico-dei-sogni#primaryimage"},"thumbnailUrl":"https:\/\/gambinieditore.studiozerocinque.it\/wp-content\/uploads\/2022\/02\/80-Il-meccanico-dei-sogni.jpg","datePublished":"2022-02-11T17:41:11+00:00","breadcrumb":{"@id":"https:\/\/gambinieditore.studiozerocinque.it\/?product=il-meccanico-dei-sogni#breadcrumb"},"inLanguage":"it-IT","potentialAction":[{"@type":"ReadAction","target":["https:\/\/gambinieditore.studiozerocinque.it\/?product=il-meccanico-dei-sogni"]}]},{"@type":"ImageObject","inLanguage":"it-IT","@id":"https:\/\/gambinieditore.studiozerocinque.it\/?product=il-meccanico-dei-sogni#primaryimage","url":"https:\/\/gambinieditore.studiozerocinque.it\/wp-content\/uploads\/2022\/02\/80-Il-meccanico-dei-sogni.jpg","contentUrl":"https:\/\/gambinieditore.studiozerocinque.it\/wp-content\/uploads\/2022\/02\/80-Il-meccanico-dei-sogni.jpg","width":1735,"height":2539,"caption":"Il meccanico dei sogni"},{"@type":"BreadcrumbList","@id":"https:\/\/gambinieditore.studiozerocinque.it\/?product=il-meccanico-dei-sogni#breadcrumb","itemListElement":[{"@type":"ListItem","position":1,"name":"Home","item":"https:\/\/gambinieditore.studiozerocinque.it\/"},{"@type":"ListItem","position":2,"name":"Catalogo","item":"https:\/\/gambinieditore.studiozerocinque.it\/?page_id=7"},{"@type":"ListItem","position":3,"name":"Il meccanico dei sogni"}]},{"@type":"WebSite","@id":"https:\/\/gambinieditore.studiozerocinque.it\/#website","url":"https:\/\/gambinieditore.studiozerocinque.it\/","name":"Gambini Editore","description":"","potentialAction":[{"@type":"SearchAction","target":{"@type":"EntryPoint","urlTemplate":"https:\/\/gambinieditore.studiozerocinque.it\/?s={search_term_string}"},"query-input":{"@type":"PropertyValueSpecification","valueRequired":true,"valueName":"search_term_string"}}],"inLanguage":"it-IT"}]}},"_links":{"self":[{"href":"https:\/\/gambinieditore.studiozerocinque.it\/index.php?rest_route=\/wp\/v2\/product\/142","targetHints":{"allow":["GET"]}}],"collection":[{"href":"https:\/\/gambinieditore.studiozerocinque.it\/index.php?rest_route=\/wp\/v2\/product"}],"about":[{"href":"https:\/\/gambinieditore.studiozerocinque.it\/index.php?rest_route=\/wp\/v2\/types\/product"}],"replies":[{"embeddable":true,"href":"https:\/\/gambinieditore.studiozerocinque.it\/index.php?rest_route=%2Fwp%2Fv2%2Fcomments&post=142"}],"wp:featuredmedia":[{"embeddable":true,"href":"https:\/\/gambinieditore.studiozerocinque.it\/index.php?rest_route=\/wp\/v2\/media\/141"}],"wp:attachment":[{"href":"https:\/\/gambinieditore.studiozerocinque.it\/index.php?rest_route=%2Fwp%2Fv2%2Fmedia&parent=142"}],"wp:term":[{"taxonomy":"product_brand","embeddable":true,"href":"https:\/\/gambinieditore.studiozerocinque.it\/index.php?rest_route=%2Fwp%2Fv2%2Fproduct_brand&post=142"},{"taxonomy":"product_cat","embeddable":true,"href":"https:\/\/gambinieditore.studiozerocinque.it\/index.php?rest_route=%2Fwp%2Fv2%2Fproduct_cat&post=142"},{"taxonomy":"product_tag","embeddable":true,"href":"https:\/\/gambinieditore.studiozerocinque.it\/index.php?rest_route=%2Fwp%2Fv2%2Fproduct_tag&post=142"}],"curies":[{"name":"wp","href":"https:\/\/api.w.org\/{rel}","templated":true}]}}