{"id":150,"date":"2022-02-11T18:41:17","date_gmt":"2022-02-11T17:41:17","guid":{"rendered":"https:\/\/gambinieditore.studiozerocinque.it\/prodotto\/il-cuore-dei-ragazzi\/"},"modified":"2022-02-11T18:41:17","modified_gmt":"2022-02-11T17:41:17","slug":"il-cuore-dei-ragazzi","status":"publish","type":"product","link":"https:\/\/gambinieditore.studiozerocinque.it\/?product=il-cuore-dei-ragazzi","title":{"rendered":"Il cuore dei ragazzi"},"content":{"rendered":"<p>Marco \u00e9 un ragazzo modello che ama la sua famiglia, i suoi amici e gli insegnanti e che sapr\u00e0\u00a0 creare intorno a se un ambiente armonioso e positivo. Marco, studen\u00adte dell&#8217;ultimo anno di liceo, ci racconta gli eventi pi\u00f9 significativi dell&#8217;anno sco\u00adlastico che lo vedr\u00e0\u00a0 abbandonare il liceo ed entrare nella vita adulta. Il cuore dei ragazzi \u00e9 il cuore di ogni adolescente. Marco \u00e9 il simbolo di un cuore di ragazzo non infranto, non intaccato dai vizi della moderna societ\u00e0\u00a0, ma puro che sa osser\u00advare ancora la realt\u00e0\u00a0 con gli occhi di un bambino, che sa perdonare e comunicare. E&#8217; il cuore di ogni ragazzo, che abbiamo a casa con noi ogni giorno e magari non riusciamo a comprendere, che ogni insegnante si trova ogni giorno in classe ma giudica forse troppo severamente non conoscendo la sua psiche, \u00e9 quel ragazzo che ogni giorno nella societ\u00e0\u00a0 si trova solo, senza l&#8217;affetto di una famiglia, senza dialogo. Ogni alunno \u00e9 un nuovo Marco che sa vincere le emozioni di momenti difficili nel tempo, \u00e9 un Marco degli anni passati che teneva in alta considerazio\u00adne insegnanti, genitori o altre autorit\u00e0, \u00e9 un Marco di oggi che narra la semplicit\u00e0\u00a0 delle piccole cose quotidiane e riflette sulle sue debolezze nella spontaneit\u00e0\u00a0 di adolescente.<\/p>\n","protected":false},"excerpt":{"rendered":"<p>Marco \u00e9 un ragazzo modello che ama la sua famiglia, i suoi amici e gli insegnanti e che sapr\u00e0\u00a0 creare intorno a se un ambiente armonioso e positivo. Marco, studen\u00adte dell&#8217;ultimo anno di liceo, ci racconta gli eventi pi\u00f9 significativi dell&#8217;anno sco\u00adlastico che lo vedr\u00e0\u00a0 abbandonare il liceo ed entrare nella vita adulta.\u00a0<\/p>\n","protected":false},"featured_media":149,"comment_status":"open","ping_status":"closed","template":"","meta":[],"product_brand":[],"product_cat":[18],"product_tag":[],"class_list":{"0":"post-150","1":"product","2":"type-product","3":"status-publish","4":"has-post-thumbnail","6":"product_cat-libri","8":"first","9":"instock","10":"shipping-taxable","11":"purchasable","12":"product-type-simple"},"yoast_head":"<!-- This site is optimized with the Yoast SEO plugin v25.9 - https:\/\/yoast.com\/wordpress\/plugins\/seo\/ -->\n<title>Il cuore dei ragazzi - Gambini Editore<\/title>\n<meta name=\"robots\" content=\"noindex, follow, max-snippet:-1, max-image-preview:large, max-video-preview:-1\" \/>\n<meta property=\"og:locale\" content=\"it_IT\" \/>\n<meta property=\"og:type\" content=\"article\" \/>\n<meta property=\"og:title\" content=\"Il cuore dei ragazzi - Gambini Editore\" \/>\n<meta property=\"og:description\" content=\"Marco \u00e9 un ragazzo modello che ama la sua famiglia, i suoi amici e gli insegnanti e che sapr\u00e0\u00a0 creare intorno a se un ambiente armonioso e positivo. Marco, studen\u00adte dell&#039;ultimo anno di liceo, ci racconta gli eventi pi\u00f9 significativi dell&#039;anno sco\u00adlastico che lo vedr\u00e0\u00a0 abbandonare il liceo ed entrare nella vita adulta.\u00a0\" \/>\n<meta property=\"og:url\" content=\"https:\/\/gambinieditore.studiozerocinque.it\/?product=il-cuore-dei-ragazzi\" \/>\n<meta property=\"og:site_name\" content=\"Gambini Editore\" \/>\n<meta property=\"og:image\" content=\"https:\/\/gambinieditore.studiozerocinque.it\/wp-content\/uploads\/2022\/02\/84-Il-cuore-dei-ragazzi.jpg\" \/>\n\t<meta property=\"og:image:width\" content=\"1488\" \/>\n\t<meta property=\"og:image:height\" content=\"2362\" \/>\n\t<meta property=\"og:image:type\" content=\"image\/jpeg\" \/>\n<meta name=\"twitter:card\" content=\"summary_large_image\" \/>\n<meta name=\"twitter:label1\" content=\"Tempo di lettura stimato\" \/>\n\t<meta name=\"twitter:data1\" content=\"1 minuto\" \/>\n<script type=\"application\/ld+json\" class=\"yoast-schema-graph\">{\"@context\":\"https:\/\/schema.org\",\"@graph\":[{\"@type\":\"WebPage\",\"@id\":\"https:\/\/gambinieditore.studiozerocinque.it\/?product=il-cuore-dei-ragazzi\",\"url\":\"https:\/\/gambinieditore.studiozerocinque.it\/?product=il-cuore-dei-ragazzi\",\"name\":\"Il cuore dei ragazzi - Gambini Editore\",\"isPartOf\":{\"@id\":\"https:\/\/gambinieditore.studiozerocinque.it\/#website\"},\"primaryImageOfPage\":{\"@id\":\"https:\/\/gambinieditore.studiozerocinque.it\/?product=il-cuore-dei-ragazzi#primaryimage\"},\"image\":{\"@id\":\"https:\/\/gambinieditore.studiozerocinque.it\/?product=il-cuore-dei-ragazzi#primaryimage\"},\"thumbnailUrl\":\"https:\/\/gambinieditore.studiozerocinque.it\/wp-content\/uploads\/2022\/02\/84-Il-cuore-dei-ragazzi.jpg\",\"datePublished\":\"2022-02-11T17:41:17+00:00\",\"breadcrumb\":{\"@id\":\"https:\/\/gambinieditore.studiozerocinque.it\/?product=il-cuore-dei-ragazzi#breadcrumb\"},\"inLanguage\":\"it-IT\",\"potentialAction\":[{\"@type\":\"ReadAction\",\"target\":[\"https:\/\/gambinieditore.studiozerocinque.it\/?product=il-cuore-dei-ragazzi\"]}]},{\"@type\":\"ImageObject\",\"inLanguage\":\"it-IT\",\"@id\":\"https:\/\/gambinieditore.studiozerocinque.it\/?product=il-cuore-dei-ragazzi#primaryimage\",\"url\":\"https:\/\/gambinieditore.studiozerocinque.it\/wp-content\/uploads\/2022\/02\/84-Il-cuore-dei-ragazzi.jpg\",\"contentUrl\":\"https:\/\/gambinieditore.studiozerocinque.it\/wp-content\/uploads\/2022\/02\/84-Il-cuore-dei-ragazzi.jpg\",\"width\":1488,\"height\":2362,\"caption\":\"Il cuore dei ragazzi\"},{\"@type\":\"BreadcrumbList\",\"@id\":\"https:\/\/gambinieditore.studiozerocinque.it\/?product=il-cuore-dei-ragazzi#breadcrumb\",\"itemListElement\":[{\"@type\":\"ListItem\",\"position\":1,\"name\":\"Home\",\"item\":\"https:\/\/gambinieditore.studiozerocinque.it\/\"},{\"@type\":\"ListItem\",\"position\":2,\"name\":\"Catalogo\",\"item\":\"https:\/\/gambinieditore.studiozerocinque.it\/?page_id=7\"},{\"@type\":\"ListItem\",\"position\":3,\"name\":\"Il cuore dei ragazzi\"}]},{\"@type\":\"WebSite\",\"@id\":\"https:\/\/gambinieditore.studiozerocinque.it\/#website\",\"url\":\"https:\/\/gambinieditore.studiozerocinque.it\/\",\"name\":\"Gambini Editore\",\"description\":\"\",\"potentialAction\":[{\"@type\":\"SearchAction\",\"target\":{\"@type\":\"EntryPoint\",\"urlTemplate\":\"https:\/\/gambinieditore.studiozerocinque.it\/?s={search_term_string}\"},\"query-input\":{\"@type\":\"PropertyValueSpecification\",\"valueRequired\":true,\"valueName\":\"search_term_string\"}}],\"inLanguage\":\"it-IT\"}]}<\/script>\n<!-- \/ Yoast SEO plugin. -->","yoast_head_json":{"title":"Il cuore dei ragazzi - Gambini Editore","robots":{"index":"noindex","follow":"follow","max-snippet":"max-snippet:-1","max-image-preview":"max-image-preview:large","max-video-preview":"max-video-preview:-1"},"og_locale":"it_IT","og_type":"article","og_title":"Il cuore dei ragazzi - Gambini Editore","og_description":"Marco \u00e9 un ragazzo modello che ama la sua famiglia, i suoi amici e gli insegnanti e che sapr\u00e0\u00a0 creare intorno a se un ambiente armonioso e positivo. Marco, studen\u00adte dell'ultimo anno di liceo, ci racconta gli eventi pi\u00f9 significativi dell'anno sco\u00adlastico che lo vedr\u00e0\u00a0 abbandonare il liceo ed entrare nella vita adulta.\u00a0","og_url":"https:\/\/gambinieditore.studiozerocinque.it\/?product=il-cuore-dei-ragazzi","og_site_name":"Gambini Editore","og_image":[{"width":1488,"height":2362,"url":"https:\/\/gambinieditore.studiozerocinque.it\/wp-content\/uploads\/2022\/02\/84-Il-cuore-dei-ragazzi.jpg","type":"image\/jpeg"}],"twitter_card":"summary_large_image","twitter_misc":{"Tempo di lettura stimato":"1 minuto"},"schema":{"@context":"https:\/\/schema.org","@graph":[{"@type":"WebPage","@id":"https:\/\/gambinieditore.studiozerocinque.it\/?product=il-cuore-dei-ragazzi","url":"https:\/\/gambinieditore.studiozerocinque.it\/?product=il-cuore-dei-ragazzi","name":"Il cuore dei ragazzi - Gambini Editore","isPartOf":{"@id":"https:\/\/gambinieditore.studiozerocinque.it\/#website"},"primaryImageOfPage":{"@id":"https:\/\/gambinieditore.studiozerocinque.it\/?product=il-cuore-dei-ragazzi#primaryimage"},"image":{"@id":"https:\/\/gambinieditore.studiozerocinque.it\/?product=il-cuore-dei-ragazzi#primaryimage"},"thumbnailUrl":"https:\/\/gambinieditore.studiozerocinque.it\/wp-content\/uploads\/2022\/02\/84-Il-cuore-dei-ragazzi.jpg","datePublished":"2022-02-11T17:41:17+00:00","breadcrumb":{"@id":"https:\/\/gambinieditore.studiozerocinque.it\/?product=il-cuore-dei-ragazzi#breadcrumb"},"inLanguage":"it-IT","potentialAction":[{"@type":"ReadAction","target":["https:\/\/gambinieditore.studiozerocinque.it\/?product=il-cuore-dei-ragazzi"]}]},{"@type":"ImageObject","inLanguage":"it-IT","@id":"https:\/\/gambinieditore.studiozerocinque.it\/?product=il-cuore-dei-ragazzi#primaryimage","url":"https:\/\/gambinieditore.studiozerocinque.it\/wp-content\/uploads\/2022\/02\/84-Il-cuore-dei-ragazzi.jpg","contentUrl":"https:\/\/gambinieditore.studiozerocinque.it\/wp-content\/uploads\/2022\/02\/84-Il-cuore-dei-ragazzi.jpg","width":1488,"height":2362,"caption":"Il cuore dei ragazzi"},{"@type":"BreadcrumbList","@id":"https:\/\/gambinieditore.studiozerocinque.it\/?product=il-cuore-dei-ragazzi#breadcrumb","itemListElement":[{"@type":"ListItem","position":1,"name":"Home","item":"https:\/\/gambinieditore.studiozerocinque.it\/"},{"@type":"ListItem","position":2,"name":"Catalogo","item":"https:\/\/gambinieditore.studiozerocinque.it\/?page_id=7"},{"@type":"ListItem","position":3,"name":"Il cuore dei ragazzi"}]},{"@type":"WebSite","@id":"https:\/\/gambinieditore.studiozerocinque.it\/#website","url":"https:\/\/gambinieditore.studiozerocinque.it\/","name":"Gambini Editore","description":"","potentialAction":[{"@type":"SearchAction","target":{"@type":"EntryPoint","urlTemplate":"https:\/\/gambinieditore.studiozerocinque.it\/?s={search_term_string}"},"query-input":{"@type":"PropertyValueSpecification","valueRequired":true,"valueName":"search_term_string"}}],"inLanguage":"it-IT"}]}},"_links":{"self":[{"href":"https:\/\/gambinieditore.studiozerocinque.it\/index.php?rest_route=\/wp\/v2\/product\/150","targetHints":{"allow":["GET"]}}],"collection":[{"href":"https:\/\/gambinieditore.studiozerocinque.it\/index.php?rest_route=\/wp\/v2\/product"}],"about":[{"href":"https:\/\/gambinieditore.studiozerocinque.it\/index.php?rest_route=\/wp\/v2\/types\/product"}],"replies":[{"embeddable":true,"href":"https:\/\/gambinieditore.studiozerocinque.it\/index.php?rest_route=%2Fwp%2Fv2%2Fcomments&post=150"}],"wp:featuredmedia":[{"embeddable":true,"href":"https:\/\/gambinieditore.studiozerocinque.it\/index.php?rest_route=\/wp\/v2\/media\/149"}],"wp:attachment":[{"href":"https:\/\/gambinieditore.studiozerocinque.it\/index.php?rest_route=%2Fwp%2Fv2%2Fmedia&parent=150"}],"wp:term":[{"taxonomy":"product_brand","embeddable":true,"href":"https:\/\/gambinieditore.studiozerocinque.it\/index.php?rest_route=%2Fwp%2Fv2%2Fproduct_brand&post=150"},{"taxonomy":"product_cat","embeddable":true,"href":"https:\/\/gambinieditore.studiozerocinque.it\/index.php?rest_route=%2Fwp%2Fv2%2Fproduct_cat&post=150"},{"taxonomy":"product_tag","embeddable":true,"href":"https:\/\/gambinieditore.studiozerocinque.it\/index.php?rest_route=%2Fwp%2Fv2%2Fproduct_tag&post=150"}],"curies":[{"name":"wp","href":"https:\/\/api.w.org\/{rel}","templated":true}]}}