{"id":180,"date":"2022-02-11T18:41:30","date_gmt":"2022-02-11T17:41:30","guid":{"rendered":"https:\/\/gambinieditore.studiozerocinque.it\/prodotto\/invisibili-uomini-persi-amici-miei\/"},"modified":"2022-02-11T18:41:30","modified_gmt":"2022-02-11T17:41:30","slug":"invisibili-uomini-persi-amici-miei","status":"publish","type":"product","link":"https:\/\/gambinieditore.studiozerocinque.it\/?product=invisibili-uomini-persi-amici-miei","title":{"rendered":"Invisibili uomini persi. Amici miei."},"content":{"rendered":"<p>La dolente ma propositiva narrazione esperenziale -ed a tratti quasi diaristica- di don Tiziano Soldavini, Invisibili Uomini persi Amici miei, \u00e8 uno scritto che esprime una cos\u00ec candida fiducia in Dio, e cos\u00ec piena, che non potr\u00e0 non toccare i cuori a molti, anche tra gli scettici ed increduli.<\/p>\n<p>Un libro che dimostra la sua necessit\u00e0 raccontando\u00a0con umilt\u00e0 ed estrema vitalit\u00e0 evangelica il percorso che gli agiati, i pi\u00f9 fortunati sulla terra quindi, tendono a misconoscere, discostandosi come fanno dalla miseria (anche -se non soprattutto- morale) in special modo quando appare loro troppo vicina, unendosi, in tal caso, in un sussiego ostile (come direbbe Fogazzaro) stringendosi l&#8217;uno all&#8217;altro aiutandosi piuttosto a tenerla dietro.<\/p>\n<p>In altre parole, ignorandola, degnandosi, di quando in quando, di mostrare solo un po&#8217; di compassione e carit\u00e0, escludendo, di fatto, dal proprio orizzonte di riferimento tutte quelle voci di cuori muti cui il mondo \u00e8 amaramente avverso (per rimanere nella fabbrica dello scrittore vicentino).<\/p>\n<p>Un libro che dagli altri (nessuno escluso) trae la sua linfa vitale ed agli altri \u00e8 dedicato. Un libro fatto di molte Parole (illuminate dalla Parola) che lastricano altri sentieri, quelli che, soltanto a volerlo, portano a quella piena resurrezione che oltrepassa persino una sia pur momentanea (ed auspicabile anch&#8217;essa) restituzione alla vita.<\/p>\n","protected":false},"excerpt":{"rendered":"<p>La dolente ma propositiva narrazione esperenziale -ed a tratti quasi diaristica- di don Tiziano Soldavini, Invisibili Uomini persi Amici miei, \u00e9 uno scritto che esprime una cos\u00ec candida fiducia in Dio, e cos\u00ec piena, che non potr\u00e0\u00a0 non toccare i cuori a molti, anche tra gli scettici ed increduli.<\/p>\n","protected":false},"featured_media":179,"comment_status":"open","ping_status":"closed","template":"","meta":[],"product_brand":[],"product_cat":[34],"product_tag":[],"class_list":{"0":"post-180","1":"product","2":"type-product","3":"status-publish","4":"has-post-thumbnail","6":"product_cat-religione","8":"first","9":"instock","10":"shipping-taxable","11":"purchasable","12":"product-type-simple"},"yoast_head":"<!-- This site is optimized with the Yoast SEO plugin v25.9 - https:\/\/yoast.com\/wordpress\/plugins\/seo\/ -->\n<title>Invisibili uomini persi. Amici miei. - Gambini Editore<\/title>\n<meta name=\"robots\" content=\"noindex, follow, max-snippet:-1, max-image-preview:large, max-video-preview:-1\" \/>\n<meta property=\"og:locale\" content=\"it_IT\" \/>\n<meta property=\"og:type\" content=\"article\" \/>\n<meta property=\"og:title\" content=\"Invisibili uomini persi. Amici miei. - Gambini Editore\" \/>\n<meta property=\"og:description\" content=\"La dolente ma propositiva narrazione esperenziale -ed a tratti quasi diaristica- di don Tiziano Soldavini, Invisibili Uomini persi Amici miei, \u00e9 uno scritto che esprime una cos\u00ec candida fiducia in Dio, e cos\u00ec piena, che non potr\u00e0\u00a0 non toccare i cuori a molti, anche tra gli scettici ed increduli.\" \/>\n<meta property=\"og:url\" content=\"https:\/\/gambinieditore.studiozerocinque.it\/?product=invisibili-uomini-persi-amici-miei\" \/>\n<meta property=\"og:site_name\" content=\"Gambini Editore\" \/>\n<meta property=\"og:image\" content=\"https:\/\/gambinieditore.studiozerocinque.it\/wp-content\/uploads\/2022\/02\/99-Invisibili-uomini-persi.-Amici-miei.jpg\" \/>\n\t<meta property=\"og:image:width\" content=\"413\" \/>\n\t<meta property=\"og:image:height\" content=\"578\" \/>\n\t<meta property=\"og:image:type\" content=\"image\/jpeg\" \/>\n<meta name=\"twitter:card\" content=\"summary_large_image\" \/>\n<meta name=\"twitter:label1\" content=\"Tempo di lettura stimato\" \/>\n\t<meta name=\"twitter:data1\" content=\"1 minuto\" \/>\n<script type=\"application\/ld+json\" class=\"yoast-schema-graph\">{\"@context\":\"https:\/\/schema.org\",\"@graph\":[{\"@type\":\"WebPage\",\"@id\":\"https:\/\/gambinieditore.studiozerocinque.it\/?product=invisibili-uomini-persi-amici-miei\",\"url\":\"https:\/\/gambinieditore.studiozerocinque.it\/?product=invisibili-uomini-persi-amici-miei\",\"name\":\"Invisibili uomini persi. Amici miei. - Gambini Editore\",\"isPartOf\":{\"@id\":\"https:\/\/gambinieditore.studiozerocinque.it\/#website\"},\"primaryImageOfPage\":{\"@id\":\"https:\/\/gambinieditore.studiozerocinque.it\/?product=invisibili-uomini-persi-amici-miei#primaryimage\"},\"image\":{\"@id\":\"https:\/\/gambinieditore.studiozerocinque.it\/?product=invisibili-uomini-persi-amici-miei#primaryimage\"},\"thumbnailUrl\":\"https:\/\/gambinieditore.studiozerocinque.it\/wp-content\/uploads\/2022\/02\/99-Invisibili-uomini-persi.-Amici-miei.jpg\",\"datePublished\":\"2022-02-11T17:41:30+00:00\",\"breadcrumb\":{\"@id\":\"https:\/\/gambinieditore.studiozerocinque.it\/?product=invisibili-uomini-persi-amici-miei#breadcrumb\"},\"inLanguage\":\"it-IT\",\"potentialAction\":[{\"@type\":\"ReadAction\",\"target\":[\"https:\/\/gambinieditore.studiozerocinque.it\/?product=invisibili-uomini-persi-amici-miei\"]}]},{\"@type\":\"ImageObject\",\"inLanguage\":\"it-IT\",\"@id\":\"https:\/\/gambinieditore.studiozerocinque.it\/?product=invisibili-uomini-persi-amici-miei#primaryimage\",\"url\":\"https:\/\/gambinieditore.studiozerocinque.it\/wp-content\/uploads\/2022\/02\/99-Invisibili-uomini-persi.-Amici-miei.jpg\",\"contentUrl\":\"https:\/\/gambinieditore.studiozerocinque.it\/wp-content\/uploads\/2022\/02\/99-Invisibili-uomini-persi.-Amici-miei.jpg\",\"width\":413,\"height\":578,\"caption\":\"Invisibili uomini persi. Amici miei.\"},{\"@type\":\"BreadcrumbList\",\"@id\":\"https:\/\/gambinieditore.studiozerocinque.it\/?product=invisibili-uomini-persi-amici-miei#breadcrumb\",\"itemListElement\":[{\"@type\":\"ListItem\",\"position\":1,\"name\":\"Home\",\"item\":\"https:\/\/gambinieditore.studiozerocinque.it\/\"},{\"@type\":\"ListItem\",\"position\":2,\"name\":\"Catalogo\",\"item\":\"https:\/\/gambinieditore.studiozerocinque.it\/?page_id=7\"},{\"@type\":\"ListItem\",\"position\":3,\"name\":\"Invisibili uomini persi. Amici miei.\"}]},{\"@type\":\"WebSite\",\"@id\":\"https:\/\/gambinieditore.studiozerocinque.it\/#website\",\"url\":\"https:\/\/gambinieditore.studiozerocinque.it\/\",\"name\":\"Gambini Editore\",\"description\":\"\",\"potentialAction\":[{\"@type\":\"SearchAction\",\"target\":{\"@type\":\"EntryPoint\",\"urlTemplate\":\"https:\/\/gambinieditore.studiozerocinque.it\/?s={search_term_string}\"},\"query-input\":{\"@type\":\"PropertyValueSpecification\",\"valueRequired\":true,\"valueName\":\"search_term_string\"}}],\"inLanguage\":\"it-IT\"}]}<\/script>\n<!-- \/ Yoast SEO plugin. -->","yoast_head_json":{"title":"Invisibili uomini persi. Amici miei. - Gambini Editore","robots":{"index":"noindex","follow":"follow","max-snippet":"max-snippet:-1","max-image-preview":"max-image-preview:large","max-video-preview":"max-video-preview:-1"},"og_locale":"it_IT","og_type":"article","og_title":"Invisibili uomini persi. Amici miei. - Gambini Editore","og_description":"La dolente ma propositiva narrazione esperenziale -ed a tratti quasi diaristica- di don Tiziano Soldavini, Invisibili Uomini persi Amici miei, \u00e9 uno scritto che esprime una cos\u00ec candida fiducia in Dio, e cos\u00ec piena, che non potr\u00e0\u00a0 non toccare i cuori a molti, anche tra gli scettici ed increduli.","og_url":"https:\/\/gambinieditore.studiozerocinque.it\/?product=invisibili-uomini-persi-amici-miei","og_site_name":"Gambini Editore","og_image":[{"width":413,"height":578,"url":"https:\/\/gambinieditore.studiozerocinque.it\/wp-content\/uploads\/2022\/02\/99-Invisibili-uomini-persi.-Amici-miei.jpg","type":"image\/jpeg"}],"twitter_card":"summary_large_image","twitter_misc":{"Tempo di lettura stimato":"1 minuto"},"schema":{"@context":"https:\/\/schema.org","@graph":[{"@type":"WebPage","@id":"https:\/\/gambinieditore.studiozerocinque.it\/?product=invisibili-uomini-persi-amici-miei","url":"https:\/\/gambinieditore.studiozerocinque.it\/?product=invisibili-uomini-persi-amici-miei","name":"Invisibili uomini persi. Amici miei. - Gambini Editore","isPartOf":{"@id":"https:\/\/gambinieditore.studiozerocinque.it\/#website"},"primaryImageOfPage":{"@id":"https:\/\/gambinieditore.studiozerocinque.it\/?product=invisibili-uomini-persi-amici-miei#primaryimage"},"image":{"@id":"https:\/\/gambinieditore.studiozerocinque.it\/?product=invisibili-uomini-persi-amici-miei#primaryimage"},"thumbnailUrl":"https:\/\/gambinieditore.studiozerocinque.it\/wp-content\/uploads\/2022\/02\/99-Invisibili-uomini-persi.-Amici-miei.jpg","datePublished":"2022-02-11T17:41:30+00:00","breadcrumb":{"@id":"https:\/\/gambinieditore.studiozerocinque.it\/?product=invisibili-uomini-persi-amici-miei#breadcrumb"},"inLanguage":"it-IT","potentialAction":[{"@type":"ReadAction","target":["https:\/\/gambinieditore.studiozerocinque.it\/?product=invisibili-uomini-persi-amici-miei"]}]},{"@type":"ImageObject","inLanguage":"it-IT","@id":"https:\/\/gambinieditore.studiozerocinque.it\/?product=invisibili-uomini-persi-amici-miei#primaryimage","url":"https:\/\/gambinieditore.studiozerocinque.it\/wp-content\/uploads\/2022\/02\/99-Invisibili-uomini-persi.-Amici-miei.jpg","contentUrl":"https:\/\/gambinieditore.studiozerocinque.it\/wp-content\/uploads\/2022\/02\/99-Invisibili-uomini-persi.-Amici-miei.jpg","width":413,"height":578,"caption":"Invisibili uomini persi. Amici miei."},{"@type":"BreadcrumbList","@id":"https:\/\/gambinieditore.studiozerocinque.it\/?product=invisibili-uomini-persi-amici-miei#breadcrumb","itemListElement":[{"@type":"ListItem","position":1,"name":"Home","item":"https:\/\/gambinieditore.studiozerocinque.it\/"},{"@type":"ListItem","position":2,"name":"Catalogo","item":"https:\/\/gambinieditore.studiozerocinque.it\/?page_id=7"},{"@type":"ListItem","position":3,"name":"Invisibili uomini persi. Amici miei."}]},{"@type":"WebSite","@id":"https:\/\/gambinieditore.studiozerocinque.it\/#website","url":"https:\/\/gambinieditore.studiozerocinque.it\/","name":"Gambini Editore","description":"","potentialAction":[{"@type":"SearchAction","target":{"@type":"EntryPoint","urlTemplate":"https:\/\/gambinieditore.studiozerocinque.it\/?s={search_term_string}"},"query-input":{"@type":"PropertyValueSpecification","valueRequired":true,"valueName":"search_term_string"}}],"inLanguage":"it-IT"}]}},"_links":{"self":[{"href":"https:\/\/gambinieditore.studiozerocinque.it\/index.php?rest_route=\/wp\/v2\/product\/180","targetHints":{"allow":["GET"]}}],"collection":[{"href":"https:\/\/gambinieditore.studiozerocinque.it\/index.php?rest_route=\/wp\/v2\/product"}],"about":[{"href":"https:\/\/gambinieditore.studiozerocinque.it\/index.php?rest_route=\/wp\/v2\/types\/product"}],"replies":[{"embeddable":true,"href":"https:\/\/gambinieditore.studiozerocinque.it\/index.php?rest_route=%2Fwp%2Fv2%2Fcomments&post=180"}],"wp:featuredmedia":[{"embeddable":true,"href":"https:\/\/gambinieditore.studiozerocinque.it\/index.php?rest_route=\/wp\/v2\/media\/179"}],"wp:attachment":[{"href":"https:\/\/gambinieditore.studiozerocinque.it\/index.php?rest_route=%2Fwp%2Fv2%2Fmedia&parent=180"}],"wp:term":[{"taxonomy":"product_brand","embeddable":true,"href":"https:\/\/gambinieditore.studiozerocinque.it\/index.php?rest_route=%2Fwp%2Fv2%2Fproduct_brand&post=180"},{"taxonomy":"product_cat","embeddable":true,"href":"https:\/\/gambinieditore.studiozerocinque.it\/index.php?rest_route=%2Fwp%2Fv2%2Fproduct_cat&post=180"},{"taxonomy":"product_tag","embeddable":true,"href":"https:\/\/gambinieditore.studiozerocinque.it\/index.php?rest_route=%2Fwp%2Fv2%2Fproduct_tag&post=180"}],"curies":[{"name":"wp","href":"https:\/\/api.w.org\/{rel}","templated":true}]}}