{"id":202,"date":"2022-02-11T18:41:33","date_gmt":"2022-02-11T17:41:33","guid":{"rendered":"https:\/\/gambinieditore.studiozerocinque.it\/prodotto\/la-luce-oltre-il-buio\/"},"modified":"2022-02-11T18:41:33","modified_gmt":"2022-02-11T17:41:33","slug":"la-luce-oltre-il-buio","status":"publish","type":"product","link":"https:\/\/gambinieditore.studiozerocinque.it\/?product=la-luce-oltre-il-buio","title":{"rendered":"La luce  oltre il buio"},"content":{"rendered":"<p>La madre di Francesca in punto di morte, manifesta il desiderio che la\u00a0 figlia vada in Scozia, per riappaci carsi con il padre, che le aveva abbandonate quando questa era ancora una bambina piccolissima. Con riluttanza Francesca acconsente, anche perch\u00e9 la sua intenzione \u00e9 quella di esprimere al padre la propria rabbia repressa da tanti anni, alimentata dall&#8217;austerit\u00e0\u00a0 del nonno, rigidissimo che l&#8217;aveva privata di una adolescenza spensierata. In Scozia , dovr\u00e0\u00a0 fare i conti con l&#8217;amore e la passione verso Eric, il fglio del padre e della seconda moglie; naturalmente sentimenti che cercher\u00e0\u00a0 di sopprimere. A complicare tutto, la cecit\u00e0\u00a0 di Eric nonch\u00e9 l&#8217;ostilit\u00e0\u00a0 della matrigna. Ma Eric \u00e9 veramente suo fratello?<\/p>\n","protected":false},"excerpt":{"rendered":"<p>La madre di Francesca in punto di morte, manifesta il desiderio che la figlia vada in Scozia, per riappaci carsi con il padre, che le aveva abbandonate quando questa era ancora una bambina piccolissima.<\/p>\n","protected":false},"featured_media":201,"comment_status":"open","ping_status":"closed","template":"","meta":[],"product_brand":[],"product_cat":[18],"product_tag":[],"class_list":{"0":"post-202","1":"product","2":"type-product","3":"status-publish","4":"has-post-thumbnail","6":"product_cat-libri","8":"first","9":"instock","10":"shipping-taxable","11":"purchasable","12":"product-type-simple"},"yoast_head":"<!-- This site is optimized with the Yoast SEO plugin v25.9 - https:\/\/yoast.com\/wordpress\/plugins\/seo\/ -->\n<title>La luce oltre il buio - Gambini Editore<\/title>\n<meta name=\"robots\" content=\"noindex, follow, max-snippet:-1, max-image-preview:large, max-video-preview:-1\" \/>\n<meta property=\"og:locale\" content=\"it_IT\" \/>\n<meta property=\"og:type\" content=\"article\" \/>\n<meta property=\"og:title\" content=\"La luce oltre il buio - Gambini Editore\" \/>\n<meta property=\"og:description\" content=\"La madre di Francesca in punto di morte, manifesta il desiderio che la figlia vada in Scozia, per riappaci carsi con il padre, che le aveva abbandonate quando questa era ancora una bambina piccolissima.\" \/>\n<meta property=\"og:url\" content=\"https:\/\/gambinieditore.studiozerocinque.it\/?product=la-luce-oltre-il-buio\" \/>\n<meta property=\"og:site_name\" content=\"Gambini Editore\" \/>\n<meta property=\"og:image\" content=\"https:\/\/gambinieditore.studiozerocinque.it\/wp-content\/uploads\/2022\/02\/112-La-luce-oltre-il-buio.jpg\" \/>\n\t<meta property=\"og:image:width\" content=\"1143\" \/>\n\t<meta property=\"og:image:height\" content=\"1611\" \/>\n\t<meta property=\"og:image:type\" content=\"image\/jpeg\" \/>\n<meta name=\"twitter:card\" content=\"summary_large_image\" \/>\n<meta name=\"twitter:label1\" content=\"Tempo di lettura stimato\" \/>\n\t<meta name=\"twitter:data1\" content=\"1 minuto\" \/>\n<script type=\"application\/ld+json\" class=\"yoast-schema-graph\">{\"@context\":\"https:\/\/schema.org\",\"@graph\":[{\"@type\":\"WebPage\",\"@id\":\"https:\/\/gambinieditore.studiozerocinque.it\/?product=la-luce-oltre-il-buio\",\"url\":\"https:\/\/gambinieditore.studiozerocinque.it\/?product=la-luce-oltre-il-buio\",\"name\":\"La luce oltre il buio - Gambini Editore\",\"isPartOf\":{\"@id\":\"https:\/\/gambinieditore.studiozerocinque.it\/#website\"},\"primaryImageOfPage\":{\"@id\":\"https:\/\/gambinieditore.studiozerocinque.it\/?product=la-luce-oltre-il-buio#primaryimage\"},\"image\":{\"@id\":\"https:\/\/gambinieditore.studiozerocinque.it\/?product=la-luce-oltre-il-buio#primaryimage\"},\"thumbnailUrl\":\"https:\/\/gambinieditore.studiozerocinque.it\/wp-content\/uploads\/2022\/02\/112-La-luce-oltre-il-buio.jpg\",\"datePublished\":\"2022-02-11T17:41:33+00:00\",\"breadcrumb\":{\"@id\":\"https:\/\/gambinieditore.studiozerocinque.it\/?product=la-luce-oltre-il-buio#breadcrumb\"},\"inLanguage\":\"it-IT\",\"potentialAction\":[{\"@type\":\"ReadAction\",\"target\":[\"https:\/\/gambinieditore.studiozerocinque.it\/?product=la-luce-oltre-il-buio\"]}]},{\"@type\":\"ImageObject\",\"inLanguage\":\"it-IT\",\"@id\":\"https:\/\/gambinieditore.studiozerocinque.it\/?product=la-luce-oltre-il-buio#primaryimage\",\"url\":\"https:\/\/gambinieditore.studiozerocinque.it\/wp-content\/uploads\/2022\/02\/112-La-luce-oltre-il-buio.jpg\",\"contentUrl\":\"https:\/\/gambinieditore.studiozerocinque.it\/wp-content\/uploads\/2022\/02\/112-La-luce-oltre-il-buio.jpg\",\"width\":1143,\"height\":1611,\"caption\":\"La luce oltre il buio\"},{\"@type\":\"BreadcrumbList\",\"@id\":\"https:\/\/gambinieditore.studiozerocinque.it\/?product=la-luce-oltre-il-buio#breadcrumb\",\"itemListElement\":[{\"@type\":\"ListItem\",\"position\":1,\"name\":\"Home\",\"item\":\"https:\/\/gambinieditore.studiozerocinque.it\/\"},{\"@type\":\"ListItem\",\"position\":2,\"name\":\"Catalogo\",\"item\":\"https:\/\/gambinieditore.studiozerocinque.it\/?page_id=7\"},{\"@type\":\"ListItem\",\"position\":3,\"name\":\"La luce oltre il buio\"}]},{\"@type\":\"WebSite\",\"@id\":\"https:\/\/gambinieditore.studiozerocinque.it\/#website\",\"url\":\"https:\/\/gambinieditore.studiozerocinque.it\/\",\"name\":\"Gambini Editore\",\"description\":\"\",\"potentialAction\":[{\"@type\":\"SearchAction\",\"target\":{\"@type\":\"EntryPoint\",\"urlTemplate\":\"https:\/\/gambinieditore.studiozerocinque.it\/?s={search_term_string}\"},\"query-input\":{\"@type\":\"PropertyValueSpecification\",\"valueRequired\":true,\"valueName\":\"search_term_string\"}}],\"inLanguage\":\"it-IT\"}]}<\/script>\n<!-- \/ Yoast SEO plugin. -->","yoast_head_json":{"title":"La luce oltre il buio - Gambini Editore","robots":{"index":"noindex","follow":"follow","max-snippet":"max-snippet:-1","max-image-preview":"max-image-preview:large","max-video-preview":"max-video-preview:-1"},"og_locale":"it_IT","og_type":"article","og_title":"La luce oltre il buio - Gambini Editore","og_description":"La madre di Francesca in punto di morte, manifesta il desiderio che la figlia vada in Scozia, per riappaci carsi con il padre, che le aveva abbandonate quando questa era ancora una bambina piccolissima.","og_url":"https:\/\/gambinieditore.studiozerocinque.it\/?product=la-luce-oltre-il-buio","og_site_name":"Gambini Editore","og_image":[{"width":1143,"height":1611,"url":"https:\/\/gambinieditore.studiozerocinque.it\/wp-content\/uploads\/2022\/02\/112-La-luce-oltre-il-buio.jpg","type":"image\/jpeg"}],"twitter_card":"summary_large_image","twitter_misc":{"Tempo di lettura stimato":"1 minuto"},"schema":{"@context":"https:\/\/schema.org","@graph":[{"@type":"WebPage","@id":"https:\/\/gambinieditore.studiozerocinque.it\/?product=la-luce-oltre-il-buio","url":"https:\/\/gambinieditore.studiozerocinque.it\/?product=la-luce-oltre-il-buio","name":"La luce oltre il buio - Gambini Editore","isPartOf":{"@id":"https:\/\/gambinieditore.studiozerocinque.it\/#website"},"primaryImageOfPage":{"@id":"https:\/\/gambinieditore.studiozerocinque.it\/?product=la-luce-oltre-il-buio#primaryimage"},"image":{"@id":"https:\/\/gambinieditore.studiozerocinque.it\/?product=la-luce-oltre-il-buio#primaryimage"},"thumbnailUrl":"https:\/\/gambinieditore.studiozerocinque.it\/wp-content\/uploads\/2022\/02\/112-La-luce-oltre-il-buio.jpg","datePublished":"2022-02-11T17:41:33+00:00","breadcrumb":{"@id":"https:\/\/gambinieditore.studiozerocinque.it\/?product=la-luce-oltre-il-buio#breadcrumb"},"inLanguage":"it-IT","potentialAction":[{"@type":"ReadAction","target":["https:\/\/gambinieditore.studiozerocinque.it\/?product=la-luce-oltre-il-buio"]}]},{"@type":"ImageObject","inLanguage":"it-IT","@id":"https:\/\/gambinieditore.studiozerocinque.it\/?product=la-luce-oltre-il-buio#primaryimage","url":"https:\/\/gambinieditore.studiozerocinque.it\/wp-content\/uploads\/2022\/02\/112-La-luce-oltre-il-buio.jpg","contentUrl":"https:\/\/gambinieditore.studiozerocinque.it\/wp-content\/uploads\/2022\/02\/112-La-luce-oltre-il-buio.jpg","width":1143,"height":1611,"caption":"La luce oltre il buio"},{"@type":"BreadcrumbList","@id":"https:\/\/gambinieditore.studiozerocinque.it\/?product=la-luce-oltre-il-buio#breadcrumb","itemListElement":[{"@type":"ListItem","position":1,"name":"Home","item":"https:\/\/gambinieditore.studiozerocinque.it\/"},{"@type":"ListItem","position":2,"name":"Catalogo","item":"https:\/\/gambinieditore.studiozerocinque.it\/?page_id=7"},{"@type":"ListItem","position":3,"name":"La luce oltre il buio"}]},{"@type":"WebSite","@id":"https:\/\/gambinieditore.studiozerocinque.it\/#website","url":"https:\/\/gambinieditore.studiozerocinque.it\/","name":"Gambini Editore","description":"","potentialAction":[{"@type":"SearchAction","target":{"@type":"EntryPoint","urlTemplate":"https:\/\/gambinieditore.studiozerocinque.it\/?s={search_term_string}"},"query-input":{"@type":"PropertyValueSpecification","valueRequired":true,"valueName":"search_term_string"}}],"inLanguage":"it-IT"}]}},"_links":{"self":[{"href":"https:\/\/gambinieditore.studiozerocinque.it\/index.php?rest_route=\/wp\/v2\/product\/202","targetHints":{"allow":["GET"]}}],"collection":[{"href":"https:\/\/gambinieditore.studiozerocinque.it\/index.php?rest_route=\/wp\/v2\/product"}],"about":[{"href":"https:\/\/gambinieditore.studiozerocinque.it\/index.php?rest_route=\/wp\/v2\/types\/product"}],"replies":[{"embeddable":true,"href":"https:\/\/gambinieditore.studiozerocinque.it\/index.php?rest_route=%2Fwp%2Fv2%2Fcomments&post=202"}],"wp:featuredmedia":[{"embeddable":true,"href":"https:\/\/gambinieditore.studiozerocinque.it\/index.php?rest_route=\/wp\/v2\/media\/201"}],"wp:attachment":[{"href":"https:\/\/gambinieditore.studiozerocinque.it\/index.php?rest_route=%2Fwp%2Fv2%2Fmedia&parent=202"}],"wp:term":[{"taxonomy":"product_brand","embeddable":true,"href":"https:\/\/gambinieditore.studiozerocinque.it\/index.php?rest_route=%2Fwp%2Fv2%2Fproduct_brand&post=202"},{"taxonomy":"product_cat","embeddable":true,"href":"https:\/\/gambinieditore.studiozerocinque.it\/index.php?rest_route=%2Fwp%2Fv2%2Fproduct_cat&post=202"},{"taxonomy":"product_tag","embeddable":true,"href":"https:\/\/gambinieditore.studiozerocinque.it\/index.php?rest_route=%2Fwp%2Fv2%2Fproduct_tag&post=202"}],"curies":[{"name":"wp","href":"https:\/\/api.w.org\/{rel}","templated":true}]}}