{"id":230,"date":"2022-02-11T18:41:51","date_gmt":"2022-02-11T17:41:51","guid":{"rendered":"https:\/\/gambinieditore.studiozerocinque.it\/prodotto\/girasoli-di-notte\/"},"modified":"2022-02-11T18:41:51","modified_gmt":"2022-02-11T17:41:51","slug":"girasoli-di-notte","status":"publish","type":"product","link":"https:\/\/gambinieditore.studiozerocinque.it\/?product=girasoli-di-notte","title":{"rendered":"Girasoli di notte"},"content":{"rendered":"<p>Gli anni drammatici della seconda guerra mondiale e quelli degli anni &#8217;70 trovano un loro rispecchiamento nelle vite di Olga e Margherita, attraverso una serie di eventi e persone che si trovano a vivere la propria unicit\u00e0\u00a0, avendo come sfondo una comune tensione. Fa da trait d&#8217;union tra le loro vicende, una enigmatica\u00a0 signora che si \u00e9 ritirata a vivere in una casa sul lago in compagnia dei ricordi e dei suoi adorati\u00a0 animali;\u00a0 ma la tranquillit\u00e0\u00a0 di questa nuova stagione della sua esistenza verr\u00e0\u00a0\u00a0 turbata quando qualcuno, nel fondo di un vecchio baule, trover\u00e0\u00a0 qualcosa che sapr\u00e0\u00a0 svelare un segreto. La scoperta, insieme al compiersi delle storie, render\u00e0\u00a0 palese quanto pu\u00f2 essere importante ci\u00f2 che ognuno di noi pu\u00f2 essere e diventare, sapendo abbattere le architetture e la separazione del tempo<\/p>\n","protected":false},"excerpt":{"rendered":"<p>Gli anni drammatici della seconda guerra mondiale e quelli degli anni &#8217;70 trovano un loro rispecchiamento nelle vite di Olga e Margherita, attraverso una serie di eventi e persone che si trovano a vivere la propria unicit\u00e0\u00a0, avendo come sfondo una comune tensione.<\/p>\n","protected":false},"featured_media":229,"comment_status":"open","ping_status":"closed","template":"","meta":[],"product_brand":[],"product_cat":[18],"product_tag":[],"class_list":{"0":"post-230","1":"product","2":"type-product","3":"status-publish","4":"has-post-thumbnail","6":"product_cat-libri","8":"first","9":"instock","10":"shipping-taxable","11":"purchasable","12":"product-type-simple"},"yoast_head":"<!-- This site is optimized with the Yoast SEO plugin v25.9 - https:\/\/yoast.com\/wordpress\/plugins\/seo\/ -->\n<title>Girasoli di notte - Gambini Editore<\/title>\n<meta name=\"robots\" content=\"noindex, follow, max-snippet:-1, max-image-preview:large, max-video-preview:-1\" \/>\n<meta property=\"og:locale\" content=\"it_IT\" \/>\n<meta property=\"og:type\" content=\"article\" \/>\n<meta property=\"og:title\" content=\"Girasoli di notte - Gambini Editore\" \/>\n<meta property=\"og:description\" content=\"Gli anni drammatici della seconda guerra mondiale e quelli degli anni &#039;70 trovano un loro rispecchiamento nelle vite di Olga e Margherita, attraverso una serie di eventi e persone che si trovano a vivere la propria unicit\u00e0\u00a0, avendo come sfondo una comune tensione.\" \/>\n<meta property=\"og:url\" content=\"https:\/\/gambinieditore.studiozerocinque.it\/?product=girasoli-di-notte\" \/>\n<meta property=\"og:site_name\" content=\"Gambini Editore\" \/>\n<meta property=\"og:image\" content=\"https:\/\/gambinieditore.studiozerocinque.it\/wp-content\/uploads\/2022\/02\/126-Girasoli-di-notte.jpg\" \/>\n\t<meta property=\"og:image:width\" content=\"1161\" \/>\n\t<meta property=\"og:image:height\" content=\"1581\" \/>\n\t<meta property=\"og:image:type\" content=\"image\/jpeg\" \/>\n<meta name=\"twitter:card\" content=\"summary_large_image\" \/>\n<meta name=\"twitter:label1\" content=\"Tempo di lettura stimato\" \/>\n\t<meta name=\"twitter:data1\" content=\"1 minuto\" \/>\n<script type=\"application\/ld+json\" class=\"yoast-schema-graph\">{\"@context\":\"https:\/\/schema.org\",\"@graph\":[{\"@type\":\"WebPage\",\"@id\":\"https:\/\/gambinieditore.studiozerocinque.it\/?product=girasoli-di-notte\",\"url\":\"https:\/\/gambinieditore.studiozerocinque.it\/?product=girasoli-di-notte\",\"name\":\"Girasoli di notte - Gambini Editore\",\"isPartOf\":{\"@id\":\"https:\/\/gambinieditore.studiozerocinque.it\/#website\"},\"primaryImageOfPage\":{\"@id\":\"https:\/\/gambinieditore.studiozerocinque.it\/?product=girasoli-di-notte#primaryimage\"},\"image\":{\"@id\":\"https:\/\/gambinieditore.studiozerocinque.it\/?product=girasoli-di-notte#primaryimage\"},\"thumbnailUrl\":\"https:\/\/gambinieditore.studiozerocinque.it\/wp-content\/uploads\/2022\/02\/126-Girasoli-di-notte.jpg\",\"datePublished\":\"2022-02-11T17:41:51+00:00\",\"breadcrumb\":{\"@id\":\"https:\/\/gambinieditore.studiozerocinque.it\/?product=girasoli-di-notte#breadcrumb\"},\"inLanguage\":\"it-IT\",\"potentialAction\":[{\"@type\":\"ReadAction\",\"target\":[\"https:\/\/gambinieditore.studiozerocinque.it\/?product=girasoli-di-notte\"]}]},{\"@type\":\"ImageObject\",\"inLanguage\":\"it-IT\",\"@id\":\"https:\/\/gambinieditore.studiozerocinque.it\/?product=girasoli-di-notte#primaryimage\",\"url\":\"https:\/\/gambinieditore.studiozerocinque.it\/wp-content\/uploads\/2022\/02\/126-Girasoli-di-notte.jpg\",\"contentUrl\":\"https:\/\/gambinieditore.studiozerocinque.it\/wp-content\/uploads\/2022\/02\/126-Girasoli-di-notte.jpg\",\"width\":1161,\"height\":1581,\"caption\":\"Girasoli di notte\"},{\"@type\":\"BreadcrumbList\",\"@id\":\"https:\/\/gambinieditore.studiozerocinque.it\/?product=girasoli-di-notte#breadcrumb\",\"itemListElement\":[{\"@type\":\"ListItem\",\"position\":1,\"name\":\"Home\",\"item\":\"https:\/\/gambinieditore.studiozerocinque.it\/\"},{\"@type\":\"ListItem\",\"position\":2,\"name\":\"Catalogo\",\"item\":\"https:\/\/gambinieditore.studiozerocinque.it\/?page_id=7\"},{\"@type\":\"ListItem\",\"position\":3,\"name\":\"Girasoli di notte\"}]},{\"@type\":\"WebSite\",\"@id\":\"https:\/\/gambinieditore.studiozerocinque.it\/#website\",\"url\":\"https:\/\/gambinieditore.studiozerocinque.it\/\",\"name\":\"Gambini Editore\",\"description\":\"\",\"potentialAction\":[{\"@type\":\"SearchAction\",\"target\":{\"@type\":\"EntryPoint\",\"urlTemplate\":\"https:\/\/gambinieditore.studiozerocinque.it\/?s={search_term_string}\"},\"query-input\":{\"@type\":\"PropertyValueSpecification\",\"valueRequired\":true,\"valueName\":\"search_term_string\"}}],\"inLanguage\":\"it-IT\"}]}<\/script>\n<!-- \/ Yoast SEO plugin. -->","yoast_head_json":{"title":"Girasoli di notte - Gambini Editore","robots":{"index":"noindex","follow":"follow","max-snippet":"max-snippet:-1","max-image-preview":"max-image-preview:large","max-video-preview":"max-video-preview:-1"},"og_locale":"it_IT","og_type":"article","og_title":"Girasoli di notte - Gambini Editore","og_description":"Gli anni drammatici della seconda guerra mondiale e quelli degli anni '70 trovano un loro rispecchiamento nelle vite di Olga e Margherita, attraverso una serie di eventi e persone che si trovano a vivere la propria unicit\u00e0\u00a0, avendo come sfondo una comune tensione.","og_url":"https:\/\/gambinieditore.studiozerocinque.it\/?product=girasoli-di-notte","og_site_name":"Gambini Editore","og_image":[{"width":1161,"height":1581,"url":"https:\/\/gambinieditore.studiozerocinque.it\/wp-content\/uploads\/2022\/02\/126-Girasoli-di-notte.jpg","type":"image\/jpeg"}],"twitter_card":"summary_large_image","twitter_misc":{"Tempo di lettura stimato":"1 minuto"},"schema":{"@context":"https:\/\/schema.org","@graph":[{"@type":"WebPage","@id":"https:\/\/gambinieditore.studiozerocinque.it\/?product=girasoli-di-notte","url":"https:\/\/gambinieditore.studiozerocinque.it\/?product=girasoli-di-notte","name":"Girasoli di notte - Gambini Editore","isPartOf":{"@id":"https:\/\/gambinieditore.studiozerocinque.it\/#website"},"primaryImageOfPage":{"@id":"https:\/\/gambinieditore.studiozerocinque.it\/?product=girasoli-di-notte#primaryimage"},"image":{"@id":"https:\/\/gambinieditore.studiozerocinque.it\/?product=girasoli-di-notte#primaryimage"},"thumbnailUrl":"https:\/\/gambinieditore.studiozerocinque.it\/wp-content\/uploads\/2022\/02\/126-Girasoli-di-notte.jpg","datePublished":"2022-02-11T17:41:51+00:00","breadcrumb":{"@id":"https:\/\/gambinieditore.studiozerocinque.it\/?product=girasoli-di-notte#breadcrumb"},"inLanguage":"it-IT","potentialAction":[{"@type":"ReadAction","target":["https:\/\/gambinieditore.studiozerocinque.it\/?product=girasoli-di-notte"]}]},{"@type":"ImageObject","inLanguage":"it-IT","@id":"https:\/\/gambinieditore.studiozerocinque.it\/?product=girasoli-di-notte#primaryimage","url":"https:\/\/gambinieditore.studiozerocinque.it\/wp-content\/uploads\/2022\/02\/126-Girasoli-di-notte.jpg","contentUrl":"https:\/\/gambinieditore.studiozerocinque.it\/wp-content\/uploads\/2022\/02\/126-Girasoli-di-notte.jpg","width":1161,"height":1581,"caption":"Girasoli di notte"},{"@type":"BreadcrumbList","@id":"https:\/\/gambinieditore.studiozerocinque.it\/?product=girasoli-di-notte#breadcrumb","itemListElement":[{"@type":"ListItem","position":1,"name":"Home","item":"https:\/\/gambinieditore.studiozerocinque.it\/"},{"@type":"ListItem","position":2,"name":"Catalogo","item":"https:\/\/gambinieditore.studiozerocinque.it\/?page_id=7"},{"@type":"ListItem","position":3,"name":"Girasoli di notte"}]},{"@type":"WebSite","@id":"https:\/\/gambinieditore.studiozerocinque.it\/#website","url":"https:\/\/gambinieditore.studiozerocinque.it\/","name":"Gambini Editore","description":"","potentialAction":[{"@type":"SearchAction","target":{"@type":"EntryPoint","urlTemplate":"https:\/\/gambinieditore.studiozerocinque.it\/?s={search_term_string}"},"query-input":{"@type":"PropertyValueSpecification","valueRequired":true,"valueName":"search_term_string"}}],"inLanguage":"it-IT"}]}},"_links":{"self":[{"href":"https:\/\/gambinieditore.studiozerocinque.it\/index.php?rest_route=\/wp\/v2\/product\/230","targetHints":{"allow":["GET"]}}],"collection":[{"href":"https:\/\/gambinieditore.studiozerocinque.it\/index.php?rest_route=\/wp\/v2\/product"}],"about":[{"href":"https:\/\/gambinieditore.studiozerocinque.it\/index.php?rest_route=\/wp\/v2\/types\/product"}],"replies":[{"embeddable":true,"href":"https:\/\/gambinieditore.studiozerocinque.it\/index.php?rest_route=%2Fwp%2Fv2%2Fcomments&post=230"}],"wp:featuredmedia":[{"embeddable":true,"href":"https:\/\/gambinieditore.studiozerocinque.it\/index.php?rest_route=\/wp\/v2\/media\/229"}],"wp:attachment":[{"href":"https:\/\/gambinieditore.studiozerocinque.it\/index.php?rest_route=%2Fwp%2Fv2%2Fmedia&parent=230"}],"wp:term":[{"taxonomy":"product_brand","embeddable":true,"href":"https:\/\/gambinieditore.studiozerocinque.it\/index.php?rest_route=%2Fwp%2Fv2%2Fproduct_brand&post=230"},{"taxonomy":"product_cat","embeddable":true,"href":"https:\/\/gambinieditore.studiozerocinque.it\/index.php?rest_route=%2Fwp%2Fv2%2Fproduct_cat&post=230"},{"taxonomy":"product_tag","embeddable":true,"href":"https:\/\/gambinieditore.studiozerocinque.it\/index.php?rest_route=%2Fwp%2Fv2%2Fproduct_tag&post=230"}],"curies":[{"name":"wp","href":"https:\/\/api.w.org\/{rel}","templated":true}]}}