{"id":240,"date":"2022-02-11T18:41:51","date_gmt":"2022-02-11T17:41:51","guid":{"rendered":"https:\/\/gambinieditore.studiozerocinque.it\/prodotto\/ettore-patrizi-da-montecastrilli-a-san-francisco-di-giacomo-pellicano\/"},"modified":"2022-02-11T18:41:51","modified_gmt":"2022-02-11T17:41:51","slug":"ettore-patrizi-da-montecastrilli-a-san-francisco-di-giacomo-pellicano","status":"publish","type":"product","link":"https:\/\/gambinieditore.studiozerocinque.it\/?product=ettore-patrizi-da-montecastrilli-a-san-francisco-di-giacomo-pellicano","title":{"rendered":"Ettore Patrizi. Da Montecastrilli a San Francisco di Giacomo Pellican\u00f2"},"content":{"rendered":"<p>Ettore patrizi \u00e9 giovane, \u00e9 generoso, pieno di entusiasmo e con tanti ideali, soprattutto socialisti e repubblicani. Non appena diplomato all&#8217;Istituto Tecnico di Terni, nel 1884, si iscrive al Politecnico di Milano, lasciando la madre e la sorella a Montecastrilli.<br \/>Nella capitale lombarda conosce politici e giornalisti influenti e diventa giornalista egli stesso evidenziando doti non comuni ed intraprendenza. Incontra la giovane Ada Negri diventandone &#8220;il fidanzato segreto&#8221;. Nel 1893 parte da Genova diretto in America attratto dallo spirito d&#8217;avventura e dall&#8217;anelito di libert\u00e0\u00a0 che ispira il nuovo mondo. A San Francisco ben presto si annovera tra i personaggi pi\u00f9 influenti della numerosa ed importante comunit\u00e0\u00a0 italiana; direttore de L&#8217;Italia, quotidiano stampato nella nostra lingua, organizz\u00f2 importanti stagioni operistiche invitando i pi\u00f9 grandi compositori e direttori d&#8217;orchestra dell&#8217;epoca come Mascagni e Leoncavallo o celebri tenori come Caruso. Riusc\u00ec a\u00a0 portare in tutti i teatri l&#8217;opera lirica, esaltando l&#8217;arte e la cultura della &#8220;Patria&#8221; in tutti i suoi aspetti. Difender\u00e0\u00a0 sempre i suoi connazionali, sia attraverso le pagine del giornale, sia partecipando ad assemblee ed altre attivit\u00e0\u00a0 sindacali per tutelarne gli interessi. Il suo rapporto con Ada Negri \u00e9 testimoniato da ben 250 lettere inviategli dalla poetessa in due periodi distinti: dal 1892 al 1896 e dal 1914 al 1941.<\/p>\n","protected":false},"excerpt":{"rendered":"<p>Ettore patrizi \u00e9 giovane, \u00e9 generoso, pieno di entusiasmo e con tanti ideali, soprattutto socialisti e repubblicani. Non appena diplomato all&#8217;Istituto Tecnico di Terni, nel 1884, si iscrive al Politecnico di Milano, lasciando la madre e la sorella a Montecastrilli.<br \/>Nella capitale lombarda diventa giornalista. Incontra la giovane Ada Negri diventandone &#8220;il fidanzato segreto&#8221;.<\/p>\n","protected":false},"featured_media":239,"comment_status":"open","ping_status":"closed","template":"","meta":[],"product_brand":[],"product_cat":[18],"product_tag":[],"class_list":{"0":"post-240","1":"product","2":"type-product","3":"status-publish","4":"has-post-thumbnail","6":"product_cat-libri","8":"first","9":"instock","10":"shipping-taxable","11":"purchasable","12":"product-type-simple"},"yoast_head":"<!-- This site is optimized with the Yoast SEO plugin v25.9 - https:\/\/yoast.com\/wordpress\/plugins\/seo\/ -->\n<title>Ettore Patrizi. Da Montecastrilli a San Francisco di Giacomo Pellican\u00f2 - Gambini Editore<\/title>\n<meta name=\"robots\" content=\"noindex, follow, max-snippet:-1, max-image-preview:large, max-video-preview:-1\" \/>\n<meta property=\"og:locale\" content=\"it_IT\" \/>\n<meta property=\"og:type\" content=\"article\" \/>\n<meta property=\"og:title\" content=\"Ettore Patrizi. Da Montecastrilli a San Francisco di Giacomo Pellican\u00f2 - Gambini Editore\" \/>\n<meta property=\"og:description\" content=\"Ettore patrizi \u00e9 giovane, \u00e9 generoso, pieno di entusiasmo e con tanti ideali, soprattutto socialisti e repubblicani. Non appena diplomato all&#039;Istituto Tecnico di Terni, nel 1884, si iscrive al Politecnico di Milano, lasciando la madre e la sorella a Montecastrilli.Nella capitale lombarda diventa giornalista. Incontra la giovane Ada Negri diventandone &quot;il fidanzato segreto&quot;.\" \/>\n<meta property=\"og:url\" content=\"https:\/\/gambinieditore.studiozerocinque.it\/?product=ettore-patrizi-da-montecastrilli-a-san-francisco-di-giacomo-pellicano\" \/>\n<meta property=\"og:site_name\" content=\"Gambini Editore\" \/>\n<meta property=\"og:image\" content=\"https:\/\/gambinieditore.studiozerocinque.it\/wp-content\/uploads\/2022\/02\/132-Ettore-Patrizi.-Da-Montecastrilli-a-San-Francisco-di-Giacomo-Pellicano.jpg\" \/>\n\t<meta property=\"og:image:width\" content=\"1081\" \/>\n\t<meta property=\"og:image:height\" content=\"1601\" \/>\n\t<meta property=\"og:image:type\" content=\"image\/jpeg\" \/>\n<meta name=\"twitter:card\" content=\"summary_large_image\" \/>\n<meta name=\"twitter:label1\" content=\"Tempo di lettura stimato\" \/>\n\t<meta name=\"twitter:data1\" content=\"1 minuto\" \/>\n<script type=\"application\/ld+json\" class=\"yoast-schema-graph\">{\"@context\":\"https:\/\/schema.org\",\"@graph\":[{\"@type\":\"WebPage\",\"@id\":\"https:\/\/gambinieditore.studiozerocinque.it\/?product=ettore-patrizi-da-montecastrilli-a-san-francisco-di-giacomo-pellicano\",\"url\":\"https:\/\/gambinieditore.studiozerocinque.it\/?product=ettore-patrizi-da-montecastrilli-a-san-francisco-di-giacomo-pellicano\",\"name\":\"Ettore Patrizi. Da Montecastrilli a San Francisco di Giacomo Pellican\u00f2 - Gambini Editore\",\"isPartOf\":{\"@id\":\"https:\/\/gambinieditore.studiozerocinque.it\/#website\"},\"primaryImageOfPage\":{\"@id\":\"https:\/\/gambinieditore.studiozerocinque.it\/?product=ettore-patrizi-da-montecastrilli-a-san-francisco-di-giacomo-pellicano#primaryimage\"},\"image\":{\"@id\":\"https:\/\/gambinieditore.studiozerocinque.it\/?product=ettore-patrizi-da-montecastrilli-a-san-francisco-di-giacomo-pellicano#primaryimage\"},\"thumbnailUrl\":\"https:\/\/gambinieditore.studiozerocinque.it\/wp-content\/uploads\/2022\/02\/132-Ettore-Patrizi.-Da-Montecastrilli-a-San-Francisco-di-Giacomo-Pellicano.jpg\",\"datePublished\":\"2022-02-11T17:41:51+00:00\",\"breadcrumb\":{\"@id\":\"https:\/\/gambinieditore.studiozerocinque.it\/?product=ettore-patrizi-da-montecastrilli-a-san-francisco-di-giacomo-pellicano#breadcrumb\"},\"inLanguage\":\"it-IT\",\"potentialAction\":[{\"@type\":\"ReadAction\",\"target\":[\"https:\/\/gambinieditore.studiozerocinque.it\/?product=ettore-patrizi-da-montecastrilli-a-san-francisco-di-giacomo-pellicano\"]}]},{\"@type\":\"ImageObject\",\"inLanguage\":\"it-IT\",\"@id\":\"https:\/\/gambinieditore.studiozerocinque.it\/?product=ettore-patrizi-da-montecastrilli-a-san-francisco-di-giacomo-pellicano#primaryimage\",\"url\":\"https:\/\/gambinieditore.studiozerocinque.it\/wp-content\/uploads\/2022\/02\/132-Ettore-Patrizi.-Da-Montecastrilli-a-San-Francisco-di-Giacomo-Pellicano.jpg\",\"contentUrl\":\"https:\/\/gambinieditore.studiozerocinque.it\/wp-content\/uploads\/2022\/02\/132-Ettore-Patrizi.-Da-Montecastrilli-a-San-Francisco-di-Giacomo-Pellicano.jpg\",\"width\":1081,\"height\":1601,\"caption\":\"Ettore Patrizi. Da Montecastrilli a San Francisco di Giacomo Pellican\u00f2\"},{\"@type\":\"BreadcrumbList\",\"@id\":\"https:\/\/gambinieditore.studiozerocinque.it\/?product=ettore-patrizi-da-montecastrilli-a-san-francisco-di-giacomo-pellicano#breadcrumb\",\"itemListElement\":[{\"@type\":\"ListItem\",\"position\":1,\"name\":\"Home\",\"item\":\"https:\/\/gambinieditore.studiozerocinque.it\/\"},{\"@type\":\"ListItem\",\"position\":2,\"name\":\"Catalogo\",\"item\":\"https:\/\/gambinieditore.studiozerocinque.it\/?page_id=7\"},{\"@type\":\"ListItem\",\"position\":3,\"name\":\"Ettore Patrizi. Da Montecastrilli a San Francisco di Giacomo Pellican\u00f2\"}]},{\"@type\":\"WebSite\",\"@id\":\"https:\/\/gambinieditore.studiozerocinque.it\/#website\",\"url\":\"https:\/\/gambinieditore.studiozerocinque.it\/\",\"name\":\"Gambini Editore\",\"description\":\"\",\"potentialAction\":[{\"@type\":\"SearchAction\",\"target\":{\"@type\":\"EntryPoint\",\"urlTemplate\":\"https:\/\/gambinieditore.studiozerocinque.it\/?s={search_term_string}\"},\"query-input\":{\"@type\":\"PropertyValueSpecification\",\"valueRequired\":true,\"valueName\":\"search_term_string\"}}],\"inLanguage\":\"it-IT\"}]}<\/script>\n<!-- \/ Yoast SEO plugin. -->","yoast_head_json":{"title":"Ettore Patrizi. Da Montecastrilli a San Francisco di Giacomo Pellican\u00f2 - Gambini Editore","robots":{"index":"noindex","follow":"follow","max-snippet":"max-snippet:-1","max-image-preview":"max-image-preview:large","max-video-preview":"max-video-preview:-1"},"og_locale":"it_IT","og_type":"article","og_title":"Ettore Patrizi. Da Montecastrilli a San Francisco di Giacomo Pellican\u00f2 - Gambini Editore","og_description":"Ettore patrizi \u00e9 giovane, \u00e9 generoso, pieno di entusiasmo e con tanti ideali, soprattutto socialisti e repubblicani. Non appena diplomato all'Istituto Tecnico di Terni, nel 1884, si iscrive al Politecnico di Milano, lasciando la madre e la sorella a Montecastrilli.Nella capitale lombarda diventa giornalista. Incontra la giovane Ada Negri diventandone \"il fidanzato segreto\".","og_url":"https:\/\/gambinieditore.studiozerocinque.it\/?product=ettore-patrizi-da-montecastrilli-a-san-francisco-di-giacomo-pellicano","og_site_name":"Gambini Editore","og_image":[{"width":1081,"height":1601,"url":"https:\/\/gambinieditore.studiozerocinque.it\/wp-content\/uploads\/2022\/02\/132-Ettore-Patrizi.-Da-Montecastrilli-a-San-Francisco-di-Giacomo-Pellicano.jpg","type":"image\/jpeg"}],"twitter_card":"summary_large_image","twitter_misc":{"Tempo di lettura stimato":"1 minuto"},"schema":{"@context":"https:\/\/schema.org","@graph":[{"@type":"WebPage","@id":"https:\/\/gambinieditore.studiozerocinque.it\/?product=ettore-patrizi-da-montecastrilli-a-san-francisco-di-giacomo-pellicano","url":"https:\/\/gambinieditore.studiozerocinque.it\/?product=ettore-patrizi-da-montecastrilli-a-san-francisco-di-giacomo-pellicano","name":"Ettore Patrizi. Da Montecastrilli a San Francisco di Giacomo Pellican\u00f2 - Gambini Editore","isPartOf":{"@id":"https:\/\/gambinieditore.studiozerocinque.it\/#website"},"primaryImageOfPage":{"@id":"https:\/\/gambinieditore.studiozerocinque.it\/?product=ettore-patrizi-da-montecastrilli-a-san-francisco-di-giacomo-pellicano#primaryimage"},"image":{"@id":"https:\/\/gambinieditore.studiozerocinque.it\/?product=ettore-patrizi-da-montecastrilli-a-san-francisco-di-giacomo-pellicano#primaryimage"},"thumbnailUrl":"https:\/\/gambinieditore.studiozerocinque.it\/wp-content\/uploads\/2022\/02\/132-Ettore-Patrizi.-Da-Montecastrilli-a-San-Francisco-di-Giacomo-Pellicano.jpg","datePublished":"2022-02-11T17:41:51+00:00","breadcrumb":{"@id":"https:\/\/gambinieditore.studiozerocinque.it\/?product=ettore-patrizi-da-montecastrilli-a-san-francisco-di-giacomo-pellicano#breadcrumb"},"inLanguage":"it-IT","potentialAction":[{"@type":"ReadAction","target":["https:\/\/gambinieditore.studiozerocinque.it\/?product=ettore-patrizi-da-montecastrilli-a-san-francisco-di-giacomo-pellicano"]}]},{"@type":"ImageObject","inLanguage":"it-IT","@id":"https:\/\/gambinieditore.studiozerocinque.it\/?product=ettore-patrizi-da-montecastrilli-a-san-francisco-di-giacomo-pellicano#primaryimage","url":"https:\/\/gambinieditore.studiozerocinque.it\/wp-content\/uploads\/2022\/02\/132-Ettore-Patrizi.-Da-Montecastrilli-a-San-Francisco-di-Giacomo-Pellicano.jpg","contentUrl":"https:\/\/gambinieditore.studiozerocinque.it\/wp-content\/uploads\/2022\/02\/132-Ettore-Patrizi.-Da-Montecastrilli-a-San-Francisco-di-Giacomo-Pellicano.jpg","width":1081,"height":1601,"caption":"Ettore Patrizi. Da Montecastrilli a San Francisco di Giacomo Pellican\u00f2"},{"@type":"BreadcrumbList","@id":"https:\/\/gambinieditore.studiozerocinque.it\/?product=ettore-patrizi-da-montecastrilli-a-san-francisco-di-giacomo-pellicano#breadcrumb","itemListElement":[{"@type":"ListItem","position":1,"name":"Home","item":"https:\/\/gambinieditore.studiozerocinque.it\/"},{"@type":"ListItem","position":2,"name":"Catalogo","item":"https:\/\/gambinieditore.studiozerocinque.it\/?page_id=7"},{"@type":"ListItem","position":3,"name":"Ettore Patrizi. Da Montecastrilli a San Francisco di Giacomo Pellican\u00f2"}]},{"@type":"WebSite","@id":"https:\/\/gambinieditore.studiozerocinque.it\/#website","url":"https:\/\/gambinieditore.studiozerocinque.it\/","name":"Gambini Editore","description":"","potentialAction":[{"@type":"SearchAction","target":{"@type":"EntryPoint","urlTemplate":"https:\/\/gambinieditore.studiozerocinque.it\/?s={search_term_string}"},"query-input":{"@type":"PropertyValueSpecification","valueRequired":true,"valueName":"search_term_string"}}],"inLanguage":"it-IT"}]}},"_links":{"self":[{"href":"https:\/\/gambinieditore.studiozerocinque.it\/index.php?rest_route=\/wp\/v2\/product\/240","targetHints":{"allow":["GET"]}}],"collection":[{"href":"https:\/\/gambinieditore.studiozerocinque.it\/index.php?rest_route=\/wp\/v2\/product"}],"about":[{"href":"https:\/\/gambinieditore.studiozerocinque.it\/index.php?rest_route=\/wp\/v2\/types\/product"}],"replies":[{"embeddable":true,"href":"https:\/\/gambinieditore.studiozerocinque.it\/index.php?rest_route=%2Fwp%2Fv2%2Fcomments&post=240"}],"wp:featuredmedia":[{"embeddable":true,"href":"https:\/\/gambinieditore.studiozerocinque.it\/index.php?rest_route=\/wp\/v2\/media\/239"}],"wp:attachment":[{"href":"https:\/\/gambinieditore.studiozerocinque.it\/index.php?rest_route=%2Fwp%2Fv2%2Fmedia&parent=240"}],"wp:term":[{"taxonomy":"product_brand","embeddable":true,"href":"https:\/\/gambinieditore.studiozerocinque.it\/index.php?rest_route=%2Fwp%2Fv2%2Fproduct_brand&post=240"},{"taxonomy":"product_cat","embeddable":true,"href":"https:\/\/gambinieditore.studiozerocinque.it\/index.php?rest_route=%2Fwp%2Fv2%2Fproduct_cat&post=240"},{"taxonomy":"product_tag","embeddable":true,"href":"https:\/\/gambinieditore.studiozerocinque.it\/index.php?rest_route=%2Fwp%2Fv2%2Fproduct_tag&post=240"}],"curies":[{"name":"wp","href":"https:\/\/api.w.org\/{rel}","templated":true}]}}