{"id":254,"date":"2022-02-11T18:42:01","date_gmt":"2022-02-11T17:42:01","guid":{"rendered":"https:\/\/gambinieditore.studiozerocinque.it\/prodotto\/torre-alfina-in-versi-di-angelo-d-orazio\/"},"modified":"2022-02-11T18:42:01","modified_gmt":"2022-02-11T17:42:01","slug":"torre-alfina-in-versi-di-angelo-d-orazio","status":"publish","type":"product","link":"https:\/\/gambinieditore.studiozerocinque.it\/?product=torre-alfina-in-versi-di-angelo-d-orazio","title":{"rendered":"Torre Alfina in versi di Angelo D&#8217;Orazio"},"content":{"rendered":"<p>Questo libro di poesie, la maggior parte delle quali dedicate a Torre Alfina, ha come scopo quello di lasciare una traccia, un segno di tante cose e tanti luoghi oggi non pi\u00f9 frequentati e, che una volta erano meta dei giovani di allora, di quando ci si accontentava di poco.Forse \u00e9 azzardato chiamarle &#8220;poesie&#8221;, forse \u00e9 pi\u00f9 esatto chiamarle &#8220;testimonianze&#8221; per coloro che verranno dopo di noi.<\/p>\n","protected":false},"excerpt":{"rendered":"<p>Questo libro di poesie, la maggior parte delle quali dedicate a Torre Alfina, ha come scopo quello di lasciare una traccia, un segno di tante cose e tanti luoghi oggi non pi\u00f9 frequentati e, che una volta erano meta dei giovani di allora, di quando ci si accontentava di poco.Forse \u00e9 azzardato chiamarle &#8220;poesie&#8221;, forse \u00e9 pi\u00f9 esatto chiamarle &#8220;testimonianze&#8221; per coloro che verranno dopo di noi.<\/p>\n","protected":false},"featured_media":253,"comment_status":"open","ping_status":"closed","template":"","meta":[],"product_brand":[],"product_cat":[35],"product_tag":[],"class_list":{"0":"post-254","1":"product","2":"type-product","3":"status-publish","4":"has-post-thumbnail","6":"product_cat-poesia","8":"first","9":"instock","10":"shipping-taxable","11":"purchasable","12":"product-type-simple"},"yoast_head":"<!-- This site is optimized with the Yoast SEO plugin v25.9 - https:\/\/yoast.com\/wordpress\/plugins\/seo\/ -->\n<title>Torre Alfina in versi di Angelo D&#039;Orazio - Gambini Editore<\/title>\n<meta name=\"robots\" content=\"noindex, follow, max-snippet:-1, max-image-preview:large, max-video-preview:-1\" \/>\n<meta property=\"og:locale\" content=\"it_IT\" \/>\n<meta property=\"og:type\" content=\"article\" \/>\n<meta property=\"og:title\" content=\"Torre Alfina in versi di Angelo D&#039;Orazio - Gambini Editore\" \/>\n<meta property=\"og:description\" content=\"Questo libro di poesie, la maggior parte delle quali dedicate a Torre Alfina, ha come scopo quello di lasciare una traccia, un segno di tante cose e tanti luoghi oggi non pi\u00f9 frequentati e, che una volta erano meta dei giovani di allora, di quando ci si accontentava di poco.Forse \u00e9 azzardato chiamarle &quot;poesie&quot;, forse \u00e9 pi\u00f9 esatto chiamarle &quot;testimonianze&quot; per coloro che verranno dopo di noi.\" \/>\n<meta property=\"og:url\" content=\"https:\/\/gambinieditore.studiozerocinque.it\/?product=torre-alfina-in-versi-di-angelo-d-orazio\" \/>\n<meta property=\"og:site_name\" content=\"Gambini Editore\" \/>\n<meta property=\"og:image\" content=\"https:\/\/gambinieditore.studiozerocinque.it\/wp-content\/uploads\/2022\/02\/140-Torre-Alfina-in-versi-di-Angelo-DOrazio.jpg\" \/>\n\t<meta property=\"og:image:width\" content=\"1216\" \/>\n\t<meta property=\"og:image:height\" content=\"1712\" \/>\n\t<meta property=\"og:image:type\" content=\"image\/jpeg\" \/>\n<meta name=\"twitter:card\" content=\"summary_large_image\" \/>\n<script type=\"application\/ld+json\" class=\"yoast-schema-graph\">{\"@context\":\"https:\/\/schema.org\",\"@graph\":[{\"@type\":\"WebPage\",\"@id\":\"https:\/\/gambinieditore.studiozerocinque.it\/?product=torre-alfina-in-versi-di-angelo-d-orazio\",\"url\":\"https:\/\/gambinieditore.studiozerocinque.it\/?product=torre-alfina-in-versi-di-angelo-d-orazio\",\"name\":\"Torre Alfina in versi di Angelo D'Orazio - Gambini Editore\",\"isPartOf\":{\"@id\":\"https:\/\/gambinieditore.studiozerocinque.it\/#website\"},\"primaryImageOfPage\":{\"@id\":\"https:\/\/gambinieditore.studiozerocinque.it\/?product=torre-alfina-in-versi-di-angelo-d-orazio#primaryimage\"},\"image\":{\"@id\":\"https:\/\/gambinieditore.studiozerocinque.it\/?product=torre-alfina-in-versi-di-angelo-d-orazio#primaryimage\"},\"thumbnailUrl\":\"https:\/\/gambinieditore.studiozerocinque.it\/wp-content\/uploads\/2022\/02\/140-Torre-Alfina-in-versi-di-Angelo-DOrazio.jpg\",\"datePublished\":\"2022-02-11T17:42:01+00:00\",\"breadcrumb\":{\"@id\":\"https:\/\/gambinieditore.studiozerocinque.it\/?product=torre-alfina-in-versi-di-angelo-d-orazio#breadcrumb\"},\"inLanguage\":\"it-IT\",\"potentialAction\":[{\"@type\":\"ReadAction\",\"target\":[\"https:\/\/gambinieditore.studiozerocinque.it\/?product=torre-alfina-in-versi-di-angelo-d-orazio\"]}]},{\"@type\":\"ImageObject\",\"inLanguage\":\"it-IT\",\"@id\":\"https:\/\/gambinieditore.studiozerocinque.it\/?product=torre-alfina-in-versi-di-angelo-d-orazio#primaryimage\",\"url\":\"https:\/\/gambinieditore.studiozerocinque.it\/wp-content\/uploads\/2022\/02\/140-Torre-Alfina-in-versi-di-Angelo-DOrazio.jpg\",\"contentUrl\":\"https:\/\/gambinieditore.studiozerocinque.it\/wp-content\/uploads\/2022\/02\/140-Torre-Alfina-in-versi-di-Angelo-DOrazio.jpg\",\"width\":1216,\"height\":1712,\"caption\":\"Torre Alfina in versi di Angelo D'Orazio\"},{\"@type\":\"BreadcrumbList\",\"@id\":\"https:\/\/gambinieditore.studiozerocinque.it\/?product=torre-alfina-in-versi-di-angelo-d-orazio#breadcrumb\",\"itemListElement\":[{\"@type\":\"ListItem\",\"position\":1,\"name\":\"Home\",\"item\":\"https:\/\/gambinieditore.studiozerocinque.it\/\"},{\"@type\":\"ListItem\",\"position\":2,\"name\":\"Catalogo\",\"item\":\"https:\/\/gambinieditore.studiozerocinque.it\/?page_id=7\"},{\"@type\":\"ListItem\",\"position\":3,\"name\":\"Torre Alfina in versi di Angelo D&#8217;Orazio\"}]},{\"@type\":\"WebSite\",\"@id\":\"https:\/\/gambinieditore.studiozerocinque.it\/#website\",\"url\":\"https:\/\/gambinieditore.studiozerocinque.it\/\",\"name\":\"Gambini Editore\",\"description\":\"\",\"potentialAction\":[{\"@type\":\"SearchAction\",\"target\":{\"@type\":\"EntryPoint\",\"urlTemplate\":\"https:\/\/gambinieditore.studiozerocinque.it\/?s={search_term_string}\"},\"query-input\":{\"@type\":\"PropertyValueSpecification\",\"valueRequired\":true,\"valueName\":\"search_term_string\"}}],\"inLanguage\":\"it-IT\"}]}<\/script>\n<!-- \/ Yoast SEO plugin. -->","yoast_head_json":{"title":"Torre Alfina in versi di Angelo D'Orazio - Gambini Editore","robots":{"index":"noindex","follow":"follow","max-snippet":"max-snippet:-1","max-image-preview":"max-image-preview:large","max-video-preview":"max-video-preview:-1"},"og_locale":"it_IT","og_type":"article","og_title":"Torre Alfina in versi di Angelo D'Orazio - Gambini Editore","og_description":"Questo libro di poesie, la maggior parte delle quali dedicate a Torre Alfina, ha come scopo quello di lasciare una traccia, un segno di tante cose e tanti luoghi oggi non pi\u00f9 frequentati e, che una volta erano meta dei giovani di allora, di quando ci si accontentava di poco.Forse \u00e9 azzardato chiamarle \"poesie\", forse \u00e9 pi\u00f9 esatto chiamarle \"testimonianze\" per coloro che verranno dopo di noi.","og_url":"https:\/\/gambinieditore.studiozerocinque.it\/?product=torre-alfina-in-versi-di-angelo-d-orazio","og_site_name":"Gambini Editore","og_image":[{"width":1216,"height":1712,"url":"https:\/\/gambinieditore.studiozerocinque.it\/wp-content\/uploads\/2022\/02\/140-Torre-Alfina-in-versi-di-Angelo-DOrazio.jpg","type":"image\/jpeg"}],"twitter_card":"summary_large_image","schema":{"@context":"https:\/\/schema.org","@graph":[{"@type":"WebPage","@id":"https:\/\/gambinieditore.studiozerocinque.it\/?product=torre-alfina-in-versi-di-angelo-d-orazio","url":"https:\/\/gambinieditore.studiozerocinque.it\/?product=torre-alfina-in-versi-di-angelo-d-orazio","name":"Torre Alfina in versi di Angelo D'Orazio - Gambini Editore","isPartOf":{"@id":"https:\/\/gambinieditore.studiozerocinque.it\/#website"},"primaryImageOfPage":{"@id":"https:\/\/gambinieditore.studiozerocinque.it\/?product=torre-alfina-in-versi-di-angelo-d-orazio#primaryimage"},"image":{"@id":"https:\/\/gambinieditore.studiozerocinque.it\/?product=torre-alfina-in-versi-di-angelo-d-orazio#primaryimage"},"thumbnailUrl":"https:\/\/gambinieditore.studiozerocinque.it\/wp-content\/uploads\/2022\/02\/140-Torre-Alfina-in-versi-di-Angelo-DOrazio.jpg","datePublished":"2022-02-11T17:42:01+00:00","breadcrumb":{"@id":"https:\/\/gambinieditore.studiozerocinque.it\/?product=torre-alfina-in-versi-di-angelo-d-orazio#breadcrumb"},"inLanguage":"it-IT","potentialAction":[{"@type":"ReadAction","target":["https:\/\/gambinieditore.studiozerocinque.it\/?product=torre-alfina-in-versi-di-angelo-d-orazio"]}]},{"@type":"ImageObject","inLanguage":"it-IT","@id":"https:\/\/gambinieditore.studiozerocinque.it\/?product=torre-alfina-in-versi-di-angelo-d-orazio#primaryimage","url":"https:\/\/gambinieditore.studiozerocinque.it\/wp-content\/uploads\/2022\/02\/140-Torre-Alfina-in-versi-di-Angelo-DOrazio.jpg","contentUrl":"https:\/\/gambinieditore.studiozerocinque.it\/wp-content\/uploads\/2022\/02\/140-Torre-Alfina-in-versi-di-Angelo-DOrazio.jpg","width":1216,"height":1712,"caption":"Torre Alfina in versi di Angelo D'Orazio"},{"@type":"BreadcrumbList","@id":"https:\/\/gambinieditore.studiozerocinque.it\/?product=torre-alfina-in-versi-di-angelo-d-orazio#breadcrumb","itemListElement":[{"@type":"ListItem","position":1,"name":"Home","item":"https:\/\/gambinieditore.studiozerocinque.it\/"},{"@type":"ListItem","position":2,"name":"Catalogo","item":"https:\/\/gambinieditore.studiozerocinque.it\/?page_id=7"},{"@type":"ListItem","position":3,"name":"Torre Alfina in versi di Angelo D&#8217;Orazio"}]},{"@type":"WebSite","@id":"https:\/\/gambinieditore.studiozerocinque.it\/#website","url":"https:\/\/gambinieditore.studiozerocinque.it\/","name":"Gambini Editore","description":"","potentialAction":[{"@type":"SearchAction","target":{"@type":"EntryPoint","urlTemplate":"https:\/\/gambinieditore.studiozerocinque.it\/?s={search_term_string}"},"query-input":{"@type":"PropertyValueSpecification","valueRequired":true,"valueName":"search_term_string"}}],"inLanguage":"it-IT"}]}},"_links":{"self":[{"href":"https:\/\/gambinieditore.studiozerocinque.it\/index.php?rest_route=\/wp\/v2\/product\/254","targetHints":{"allow":["GET"]}}],"collection":[{"href":"https:\/\/gambinieditore.studiozerocinque.it\/index.php?rest_route=\/wp\/v2\/product"}],"about":[{"href":"https:\/\/gambinieditore.studiozerocinque.it\/index.php?rest_route=\/wp\/v2\/types\/product"}],"replies":[{"embeddable":true,"href":"https:\/\/gambinieditore.studiozerocinque.it\/index.php?rest_route=%2Fwp%2Fv2%2Fcomments&post=254"}],"wp:featuredmedia":[{"embeddable":true,"href":"https:\/\/gambinieditore.studiozerocinque.it\/index.php?rest_route=\/wp\/v2\/media\/253"}],"wp:attachment":[{"href":"https:\/\/gambinieditore.studiozerocinque.it\/index.php?rest_route=%2Fwp%2Fv2%2Fmedia&parent=254"}],"wp:term":[{"taxonomy":"product_brand","embeddable":true,"href":"https:\/\/gambinieditore.studiozerocinque.it\/index.php?rest_route=%2Fwp%2Fv2%2Fproduct_brand&post=254"},{"taxonomy":"product_cat","embeddable":true,"href":"https:\/\/gambinieditore.studiozerocinque.it\/index.php?rest_route=%2Fwp%2Fv2%2Fproduct_cat&post=254"},{"taxonomy":"product_tag","embeddable":true,"href":"https:\/\/gambinieditore.studiozerocinque.it\/index.php?rest_route=%2Fwp%2Fv2%2Fproduct_tag&post=254"}],"curies":[{"name":"wp","href":"https:\/\/api.w.org\/{rel}","templated":true}]}}