{"id":26,"date":"2021-11-13T21:29:14","date_gmt":"2021-11-13T20:29:14","guid":{"rendered":"https:\/\/gambinieditore.studiozerocinque.it\/prodotto\/l-islam-al-femminile-di-sandro-menichelli\/"},"modified":"2024-07-20T18:01:49","modified_gmt":"2024-07-20T16:01:49","slug":"l-islam-al-femminile-di-sandro-menichelli","status":"publish","type":"product","link":"https:\/\/gambinieditore.studiozerocinque.it\/?product=l-islam-al-femminile-di-sandro-menichelli","title":{"rendered":"L&#8217;Islam al femminile di Sandro Menichelli"},"content":{"rendered":"<p>Cosa vuol dire essere donna nell\u2019Islam? Cosa comporta sul piano pratico? I concetti della dignit\u00e0 umana e del rispetto dei diritti dell\u2019uomo rivestono per i musulmani la stessa centralit\u00e0 valoriale che assumono nella nostra tradizione culturale e giuridica? La donna musulmana ha o no il diritto di esprimere liberamente la propria personalit\u00e0 in condizioni di reale uguaglianza con l\u2019uomo? Esistono nella multiforme galassia islamica dati, elementi, concetti, canoni capaci di fungere per la donna da polo di riferimento? Questo libro prova a dare una risposta a questi e ad altri interrogativi, proponendo le possibili chiavi di lettura dell\u2019Islam nella sua specifica declinazione al femminile. A tal fine cerca quindi di individuare le ragioni sociali e religiose di atteggiamenti che ancora oggi ai nostri occhi risultano spesso incomprensibili in tema di abbigliamento in generale e del porto del velo in particolare, di sessualit\u00e0, di matrimonio, di poligamia, di divorzio, di adulterio, di impegno attuale della donna nella societ\u00e0 nel contesto di una realt\u00e0 pulviscolare con la quale ci si dovr\u00e0 confrontare necessariamente nei prossimi decenni<\/p>\n<p><a class=\"uk-button uk-button-secondary\" href=\"\/recensioni\/lislam-al-femminile\">Leggi le recensioni<\/a><\/p>\n","protected":false},"excerpt":{"rendered":"<p>Cosa vuol dire essere donna nell\u2019Islam? Cosa comporta sul piano pratico? I concetti della dignit\u00e0 umana e del rispetto dei diritti dell\u2019uomo rivestono per i musulmani la stessa centralit\u00e0 valoriale che assumono nella nostra tradizione culturale e giuridica? La donna musulmana ha o no il diritto di esprimere liberamente la propria personalit\u00e0 in condizioni di reale uguaglianza con l\u2019uomo? Esistono nella multiforme galassia islamica dati, elementi, concetti, canoni capaci di fungere per la donna da polo di riferimento? Questo libro prova a dare una risposta a questi e ad altri interrogativi, proponendo le possibili chiavi di lettura dell\u2019Islam nella sua specifica declinazione al femminile.<\/p>\n","protected":false},"featured_media":25,"comment_status":"open","ping_status":"closed","template":"","meta":[],"product_brand":[],"product_cat":[17,18,23,58,59],"product_tag":[],"class_list":{"0":"post-26","1":"product","2":"type-product","3":"status-publish","4":"has-post-thumbnail","6":"product_cat-catalogo","7":"product_cat-libri","8":"product_cat-fuori-collana","9":"product_cat-geopolitica","10":"product_cat-saggistica","12":"first","13":"instock","14":"shipping-taxable","15":"purchasable","16":"product-type-simple"},"yoast_head":"<!-- This site is optimized with the Yoast SEO plugin v25.9 - https:\/\/yoast.com\/wordpress\/plugins\/seo\/ -->\n<title>L&#039;Islam al femminile di Sandro Menichelli - Gambini Editore<\/title>\n<meta name=\"robots\" content=\"noindex, follow, max-snippet:-1, max-image-preview:large, max-video-preview:-1\" \/>\n<meta property=\"og:locale\" content=\"it_IT\" \/>\n<meta property=\"og:type\" content=\"article\" \/>\n<meta property=\"og:title\" content=\"L&#039;Islam al femminile di Sandro Menichelli - Gambini Editore\" \/>\n<meta property=\"og:description\" content=\"Cosa vuol dire essere donna nell\u2019Islam? Cosa comporta sul piano pratico? I concetti della dignit\u00e0 umana e del rispetto dei diritti dell\u2019uomo rivestono per i musulmani la stessa centralit\u00e0 valoriale che assumono nella nostra tradizione culturale e giuridica? La donna musulmana ha o no il diritto di esprimere liberamente la propria personalit\u00e0 in condizioni di reale uguaglianza con l\u2019uomo? Esistono nella multiforme galassia islamica dati, elementi, concetti, canoni capaci di fungere per la donna da polo di riferimento? Questo libro prova a dare una risposta a questi e ad altri interrogativi, proponendo le possibili chiavi di lettura dell\u2019Islam nella sua specifica declinazione al femminile.\" \/>\n<meta property=\"og:url\" content=\"https:\/\/gambinieditore.studiozerocinque.it\/?product=l-islam-al-femminile-di-sandro-menichelli\" \/>\n<meta property=\"og:site_name\" content=\"Gambini Editore\" \/>\n<meta property=\"article:modified_time\" content=\"2024-07-20T16:01:49+00:00\" \/>\n<meta property=\"og:image\" content=\"https:\/\/gambinieditore.studiozerocinque.it\/wp-content\/uploads\/2021\/11\/28-LIslam-al-femminile-di-Sandro-Menichelli.jpg\" \/>\n\t<meta property=\"og:image:width\" content=\"600\" \/>\n\t<meta property=\"og:image:height\" content=\"844\" \/>\n\t<meta property=\"og:image:type\" content=\"image\/jpeg\" \/>\n<meta name=\"twitter:card\" content=\"summary_large_image\" \/>\n<meta name=\"twitter:label1\" content=\"Tempo di lettura stimato\" \/>\n\t<meta name=\"twitter:data1\" content=\"2 minuti\" \/>\n<script type=\"application\/ld+json\" class=\"yoast-schema-graph\">{\"@context\":\"https:\/\/schema.org\",\"@graph\":[{\"@type\":\"WebPage\",\"@id\":\"https:\/\/gambinieditore.studiozerocinque.it\/?product=l-islam-al-femminile-di-sandro-menichelli\",\"url\":\"https:\/\/gambinieditore.studiozerocinque.it\/?product=l-islam-al-femminile-di-sandro-menichelli\",\"name\":\"L'Islam al femminile di Sandro Menichelli - Gambini Editore\",\"isPartOf\":{\"@id\":\"https:\/\/gambinieditore.studiozerocinque.it\/#website\"},\"primaryImageOfPage\":{\"@id\":\"https:\/\/gambinieditore.studiozerocinque.it\/?product=l-islam-al-femminile-di-sandro-menichelli#primaryimage\"},\"image\":{\"@id\":\"https:\/\/gambinieditore.studiozerocinque.it\/?product=l-islam-al-femminile-di-sandro-menichelli#primaryimage\"},\"thumbnailUrl\":\"https:\/\/gambinieditore.studiozerocinque.it\/wp-content\/uploads\/2021\/11\/28-LIslam-al-femminile-di-Sandro-Menichelli.jpg\",\"datePublished\":\"2021-11-13T20:29:14+00:00\",\"dateModified\":\"2024-07-20T16:01:49+00:00\",\"breadcrumb\":{\"@id\":\"https:\/\/gambinieditore.studiozerocinque.it\/?product=l-islam-al-femminile-di-sandro-menichelli#breadcrumb\"},\"inLanguage\":\"it-IT\",\"potentialAction\":[{\"@type\":\"ReadAction\",\"target\":[\"https:\/\/gambinieditore.studiozerocinque.it\/?product=l-islam-al-femminile-di-sandro-menichelli\"]}]},{\"@type\":\"ImageObject\",\"inLanguage\":\"it-IT\",\"@id\":\"https:\/\/gambinieditore.studiozerocinque.it\/?product=l-islam-al-femminile-di-sandro-menichelli#primaryimage\",\"url\":\"https:\/\/gambinieditore.studiozerocinque.it\/wp-content\/uploads\/2021\/11\/28-LIslam-al-femminile-di-Sandro-Menichelli.jpg\",\"contentUrl\":\"https:\/\/gambinieditore.studiozerocinque.it\/wp-content\/uploads\/2021\/11\/28-LIslam-al-femminile-di-Sandro-Menichelli.jpg\",\"width\":600,\"height\":844,\"caption\":\"L'Islam al femminile di Sandro Menichelli\"},{\"@type\":\"BreadcrumbList\",\"@id\":\"https:\/\/gambinieditore.studiozerocinque.it\/?product=l-islam-al-femminile-di-sandro-menichelli#breadcrumb\",\"itemListElement\":[{\"@type\":\"ListItem\",\"position\":1,\"name\":\"Home\",\"item\":\"https:\/\/gambinieditore.studiozerocinque.it\/\"},{\"@type\":\"ListItem\",\"position\":2,\"name\":\"Catalogo\",\"item\":\"https:\/\/gambinieditore.studiozerocinque.it\/?page_id=7\"},{\"@type\":\"ListItem\",\"position\":3,\"name\":\"L&#8217;Islam al femminile di Sandro Menichelli\"}]},{\"@type\":\"WebSite\",\"@id\":\"https:\/\/gambinieditore.studiozerocinque.it\/#website\",\"url\":\"https:\/\/gambinieditore.studiozerocinque.it\/\",\"name\":\"Gambini Editore\",\"description\":\"\",\"potentialAction\":[{\"@type\":\"SearchAction\",\"target\":{\"@type\":\"EntryPoint\",\"urlTemplate\":\"https:\/\/gambinieditore.studiozerocinque.it\/?s={search_term_string}\"},\"query-input\":{\"@type\":\"PropertyValueSpecification\",\"valueRequired\":true,\"valueName\":\"search_term_string\"}}],\"inLanguage\":\"it-IT\"}]}<\/script>\n<!-- \/ Yoast SEO plugin. -->","yoast_head_json":{"title":"L'Islam al femminile di Sandro Menichelli - Gambini Editore","robots":{"index":"noindex","follow":"follow","max-snippet":"max-snippet:-1","max-image-preview":"max-image-preview:large","max-video-preview":"max-video-preview:-1"},"og_locale":"it_IT","og_type":"article","og_title":"L'Islam al femminile di Sandro Menichelli - Gambini Editore","og_description":"Cosa vuol dire essere donna nell\u2019Islam? Cosa comporta sul piano pratico? I concetti della dignit\u00e0 umana e del rispetto dei diritti dell\u2019uomo rivestono per i musulmani la stessa centralit\u00e0 valoriale che assumono nella nostra tradizione culturale e giuridica? La donna musulmana ha o no il diritto di esprimere liberamente la propria personalit\u00e0 in condizioni di reale uguaglianza con l\u2019uomo? Esistono nella multiforme galassia islamica dati, elementi, concetti, canoni capaci di fungere per la donna da polo di riferimento? Questo libro prova a dare una risposta a questi e ad altri interrogativi, proponendo le possibili chiavi di lettura dell\u2019Islam nella sua specifica declinazione al femminile.","og_url":"https:\/\/gambinieditore.studiozerocinque.it\/?product=l-islam-al-femminile-di-sandro-menichelli","og_site_name":"Gambini Editore","article_modified_time":"2024-07-20T16:01:49+00:00","og_image":[{"width":600,"height":844,"url":"https:\/\/gambinieditore.studiozerocinque.it\/wp-content\/uploads\/2021\/11\/28-LIslam-al-femminile-di-Sandro-Menichelli.jpg","type":"image\/jpeg"}],"twitter_card":"summary_large_image","twitter_misc":{"Tempo di lettura stimato":"2 minuti"},"schema":{"@context":"https:\/\/schema.org","@graph":[{"@type":"WebPage","@id":"https:\/\/gambinieditore.studiozerocinque.it\/?product=l-islam-al-femminile-di-sandro-menichelli","url":"https:\/\/gambinieditore.studiozerocinque.it\/?product=l-islam-al-femminile-di-sandro-menichelli","name":"L'Islam al femminile di Sandro Menichelli - Gambini Editore","isPartOf":{"@id":"https:\/\/gambinieditore.studiozerocinque.it\/#website"},"primaryImageOfPage":{"@id":"https:\/\/gambinieditore.studiozerocinque.it\/?product=l-islam-al-femminile-di-sandro-menichelli#primaryimage"},"image":{"@id":"https:\/\/gambinieditore.studiozerocinque.it\/?product=l-islam-al-femminile-di-sandro-menichelli#primaryimage"},"thumbnailUrl":"https:\/\/gambinieditore.studiozerocinque.it\/wp-content\/uploads\/2021\/11\/28-LIslam-al-femminile-di-Sandro-Menichelli.jpg","datePublished":"2021-11-13T20:29:14+00:00","dateModified":"2024-07-20T16:01:49+00:00","breadcrumb":{"@id":"https:\/\/gambinieditore.studiozerocinque.it\/?product=l-islam-al-femminile-di-sandro-menichelli#breadcrumb"},"inLanguage":"it-IT","potentialAction":[{"@type":"ReadAction","target":["https:\/\/gambinieditore.studiozerocinque.it\/?product=l-islam-al-femminile-di-sandro-menichelli"]}]},{"@type":"ImageObject","inLanguage":"it-IT","@id":"https:\/\/gambinieditore.studiozerocinque.it\/?product=l-islam-al-femminile-di-sandro-menichelli#primaryimage","url":"https:\/\/gambinieditore.studiozerocinque.it\/wp-content\/uploads\/2021\/11\/28-LIslam-al-femminile-di-Sandro-Menichelli.jpg","contentUrl":"https:\/\/gambinieditore.studiozerocinque.it\/wp-content\/uploads\/2021\/11\/28-LIslam-al-femminile-di-Sandro-Menichelli.jpg","width":600,"height":844,"caption":"L'Islam al femminile di Sandro Menichelli"},{"@type":"BreadcrumbList","@id":"https:\/\/gambinieditore.studiozerocinque.it\/?product=l-islam-al-femminile-di-sandro-menichelli#breadcrumb","itemListElement":[{"@type":"ListItem","position":1,"name":"Home","item":"https:\/\/gambinieditore.studiozerocinque.it\/"},{"@type":"ListItem","position":2,"name":"Catalogo","item":"https:\/\/gambinieditore.studiozerocinque.it\/?page_id=7"},{"@type":"ListItem","position":3,"name":"L&#8217;Islam al femminile di Sandro Menichelli"}]},{"@type":"WebSite","@id":"https:\/\/gambinieditore.studiozerocinque.it\/#website","url":"https:\/\/gambinieditore.studiozerocinque.it\/","name":"Gambini Editore","description":"","potentialAction":[{"@type":"SearchAction","target":{"@type":"EntryPoint","urlTemplate":"https:\/\/gambinieditore.studiozerocinque.it\/?s={search_term_string}"},"query-input":{"@type":"PropertyValueSpecification","valueRequired":true,"valueName":"search_term_string"}}],"inLanguage":"it-IT"}]}},"_links":{"self":[{"href":"https:\/\/gambinieditore.studiozerocinque.it\/index.php?rest_route=\/wp\/v2\/product\/26","targetHints":{"allow":["GET"]}}],"collection":[{"href":"https:\/\/gambinieditore.studiozerocinque.it\/index.php?rest_route=\/wp\/v2\/product"}],"about":[{"href":"https:\/\/gambinieditore.studiozerocinque.it\/index.php?rest_route=\/wp\/v2\/types\/product"}],"replies":[{"embeddable":true,"href":"https:\/\/gambinieditore.studiozerocinque.it\/index.php?rest_route=%2Fwp%2Fv2%2Fcomments&post=26"}],"wp:featuredmedia":[{"embeddable":true,"href":"https:\/\/gambinieditore.studiozerocinque.it\/index.php?rest_route=\/wp\/v2\/media\/25"}],"wp:attachment":[{"href":"https:\/\/gambinieditore.studiozerocinque.it\/index.php?rest_route=%2Fwp%2Fv2%2Fmedia&parent=26"}],"wp:term":[{"taxonomy":"product_brand","embeddable":true,"href":"https:\/\/gambinieditore.studiozerocinque.it\/index.php?rest_route=%2Fwp%2Fv2%2Fproduct_brand&post=26"},{"taxonomy":"product_cat","embeddable":true,"href":"https:\/\/gambinieditore.studiozerocinque.it\/index.php?rest_route=%2Fwp%2Fv2%2Fproduct_cat&post=26"},{"taxonomy":"product_tag","embeddable":true,"href":"https:\/\/gambinieditore.studiozerocinque.it\/index.php?rest_route=%2Fwp%2Fv2%2Fproduct_tag&post=26"}],"curies":[{"name":"wp","href":"https:\/\/api.w.org\/{rel}","templated":true}]}}