{"id":302,"date":"2022-02-11T18:42:21","date_gmt":"2022-02-11T17:42:21","guid":{"rendered":"https:\/\/gambinieditore.studiozerocinque.it\/prodotto\/l-equilibrio-imperfetto-di-lucia-sallustio\/"},"modified":"2022-02-11T18:42:21","modified_gmt":"2022-02-11T17:42:21","slug":"l-equilibrio-imperfetto-di-lucia-sallustio","status":"publish","type":"product","link":"https:\/\/gambinieditore.studiozerocinque.it\/?product=l-equilibrio-imperfetto-di-lucia-sallustio","title":{"rendered":"L&#8217;equilibrio imperfetto, di Lucia Sallustio"},"content":{"rendered":"<p>Rossella Oddi, interprete e traduttrice, \u00e9 una ragazza moderna e determinata. Una <em>career woman<\/em> come tante? Non proprio. Inguaribilmente romantica e piena di contraddizioni,punta tutto per la realizzazione professionale e si tiene lontana dalla trappola dell&#8217;Amore, disposta a cedere solo al fascino di un uomo che le dia garanzie, come gli uomini di un tempo. Ceder\u00e0\u00a0 a Max D\u00e9seado, sceneggiatore madrileno, su di un<em> tatami <\/em>di sete fruscianti e cuscini variopinti, in un contesto permeabile alla multi-culturalit\u00e0\u00a0 eppure tormentato da pregiudizi e clich\u00e9 del passato. Dopo tanto viaggiare e incontrare, Rossella comprende che il suo paese natale \u00e9 il prezioso ago della bilancia tra tutti i posti visitati e l&#8217;aiuter\u00e0\u00a0 nell&#8217;irrisolta questione del tatami che le ha rubato il cuore.<\/p>\n","protected":false},"excerpt":{"rendered":"<p>Rossella Oddi, interprete e traduttrice, \u00e9 una ragazza moderna e determinata.\u00a0<\/p>\n","protected":false},"featured_media":301,"comment_status":"open","ping_status":"closed","template":"","meta":[],"product_brand":[],"product_cat":[18],"product_tag":[],"class_list":{"0":"post-302","1":"product","2":"type-product","3":"status-publish","4":"has-post-thumbnail","6":"product_cat-libri","8":"first","9":"instock","10":"shipping-taxable","11":"purchasable","12":"product-type-simple"},"yoast_head":"<!-- This site is optimized with the Yoast SEO plugin v25.9 - https:\/\/yoast.com\/wordpress\/plugins\/seo\/ -->\n<title>L&#039;equilibrio imperfetto, di Lucia Sallustio - Gambini Editore<\/title>\n<meta name=\"robots\" content=\"noindex, follow, max-snippet:-1, max-image-preview:large, max-video-preview:-1\" \/>\n<meta property=\"og:locale\" content=\"it_IT\" \/>\n<meta property=\"og:type\" content=\"article\" \/>\n<meta property=\"og:title\" content=\"L&#039;equilibrio imperfetto, di Lucia Sallustio - Gambini Editore\" \/>\n<meta property=\"og:description\" content=\"Rossella Oddi, interprete e traduttrice, \u00e9 una ragazza moderna e determinata.\u00a0\" \/>\n<meta property=\"og:url\" content=\"https:\/\/gambinieditore.studiozerocinque.it\/?product=l-equilibrio-imperfetto-di-lucia-sallustio\" \/>\n<meta property=\"og:site_name\" content=\"Gambini Editore\" \/>\n<meta property=\"og:image\" content=\"https:\/\/gambinieditore.studiozerocinque.it\/wp-content\/uploads\/2022\/02\/164-Lequilibrio-imperfetto-di-Lucia-Sallustio.jpg\" \/>\n\t<meta property=\"og:image:width\" content=\"1134\" \/>\n\t<meta property=\"og:image:height\" content=\"1600\" \/>\n\t<meta property=\"og:image:type\" content=\"image\/jpeg\" \/>\n<meta name=\"twitter:card\" content=\"summary_large_image\" \/>\n<meta name=\"twitter:label1\" content=\"Tempo di lettura stimato\" \/>\n\t<meta name=\"twitter:data1\" content=\"1 minuto\" \/>\n<script type=\"application\/ld+json\" class=\"yoast-schema-graph\">{\"@context\":\"https:\/\/schema.org\",\"@graph\":[{\"@type\":\"WebPage\",\"@id\":\"https:\/\/gambinieditore.studiozerocinque.it\/?product=l-equilibrio-imperfetto-di-lucia-sallustio\",\"url\":\"https:\/\/gambinieditore.studiozerocinque.it\/?product=l-equilibrio-imperfetto-di-lucia-sallustio\",\"name\":\"L'equilibrio imperfetto, di Lucia Sallustio - Gambini Editore\",\"isPartOf\":{\"@id\":\"https:\/\/gambinieditore.studiozerocinque.it\/#website\"},\"primaryImageOfPage\":{\"@id\":\"https:\/\/gambinieditore.studiozerocinque.it\/?product=l-equilibrio-imperfetto-di-lucia-sallustio#primaryimage\"},\"image\":{\"@id\":\"https:\/\/gambinieditore.studiozerocinque.it\/?product=l-equilibrio-imperfetto-di-lucia-sallustio#primaryimage\"},\"thumbnailUrl\":\"https:\/\/gambinieditore.studiozerocinque.it\/wp-content\/uploads\/2022\/02\/164-Lequilibrio-imperfetto-di-Lucia-Sallustio.jpg\",\"datePublished\":\"2022-02-11T17:42:21+00:00\",\"breadcrumb\":{\"@id\":\"https:\/\/gambinieditore.studiozerocinque.it\/?product=l-equilibrio-imperfetto-di-lucia-sallustio#breadcrumb\"},\"inLanguage\":\"it-IT\",\"potentialAction\":[{\"@type\":\"ReadAction\",\"target\":[\"https:\/\/gambinieditore.studiozerocinque.it\/?product=l-equilibrio-imperfetto-di-lucia-sallustio\"]}]},{\"@type\":\"ImageObject\",\"inLanguage\":\"it-IT\",\"@id\":\"https:\/\/gambinieditore.studiozerocinque.it\/?product=l-equilibrio-imperfetto-di-lucia-sallustio#primaryimage\",\"url\":\"https:\/\/gambinieditore.studiozerocinque.it\/wp-content\/uploads\/2022\/02\/164-Lequilibrio-imperfetto-di-Lucia-Sallustio.jpg\",\"contentUrl\":\"https:\/\/gambinieditore.studiozerocinque.it\/wp-content\/uploads\/2022\/02\/164-Lequilibrio-imperfetto-di-Lucia-Sallustio.jpg\",\"width\":1134,\"height\":1600,\"caption\":\"L'equilibrio imperfetto, di Lucia Sallustio\"},{\"@type\":\"BreadcrumbList\",\"@id\":\"https:\/\/gambinieditore.studiozerocinque.it\/?product=l-equilibrio-imperfetto-di-lucia-sallustio#breadcrumb\",\"itemListElement\":[{\"@type\":\"ListItem\",\"position\":1,\"name\":\"Home\",\"item\":\"https:\/\/gambinieditore.studiozerocinque.it\/\"},{\"@type\":\"ListItem\",\"position\":2,\"name\":\"Catalogo\",\"item\":\"https:\/\/gambinieditore.studiozerocinque.it\/?page_id=7\"},{\"@type\":\"ListItem\",\"position\":3,\"name\":\"L&#8217;equilibrio imperfetto, di Lucia Sallustio\"}]},{\"@type\":\"WebSite\",\"@id\":\"https:\/\/gambinieditore.studiozerocinque.it\/#website\",\"url\":\"https:\/\/gambinieditore.studiozerocinque.it\/\",\"name\":\"Gambini Editore\",\"description\":\"\",\"potentialAction\":[{\"@type\":\"SearchAction\",\"target\":{\"@type\":\"EntryPoint\",\"urlTemplate\":\"https:\/\/gambinieditore.studiozerocinque.it\/?s={search_term_string}\"},\"query-input\":{\"@type\":\"PropertyValueSpecification\",\"valueRequired\":true,\"valueName\":\"search_term_string\"}}],\"inLanguage\":\"it-IT\"}]}<\/script>\n<!-- \/ Yoast SEO plugin. -->","yoast_head_json":{"title":"L'equilibrio imperfetto, di Lucia Sallustio - Gambini Editore","robots":{"index":"noindex","follow":"follow","max-snippet":"max-snippet:-1","max-image-preview":"max-image-preview:large","max-video-preview":"max-video-preview:-1"},"og_locale":"it_IT","og_type":"article","og_title":"L'equilibrio imperfetto, di Lucia Sallustio - Gambini Editore","og_description":"Rossella Oddi, interprete e traduttrice, \u00e9 una ragazza moderna e determinata.\u00a0","og_url":"https:\/\/gambinieditore.studiozerocinque.it\/?product=l-equilibrio-imperfetto-di-lucia-sallustio","og_site_name":"Gambini Editore","og_image":[{"width":1134,"height":1600,"url":"https:\/\/gambinieditore.studiozerocinque.it\/wp-content\/uploads\/2022\/02\/164-Lequilibrio-imperfetto-di-Lucia-Sallustio.jpg","type":"image\/jpeg"}],"twitter_card":"summary_large_image","twitter_misc":{"Tempo di lettura stimato":"1 minuto"},"schema":{"@context":"https:\/\/schema.org","@graph":[{"@type":"WebPage","@id":"https:\/\/gambinieditore.studiozerocinque.it\/?product=l-equilibrio-imperfetto-di-lucia-sallustio","url":"https:\/\/gambinieditore.studiozerocinque.it\/?product=l-equilibrio-imperfetto-di-lucia-sallustio","name":"L'equilibrio imperfetto, di Lucia Sallustio - Gambini Editore","isPartOf":{"@id":"https:\/\/gambinieditore.studiozerocinque.it\/#website"},"primaryImageOfPage":{"@id":"https:\/\/gambinieditore.studiozerocinque.it\/?product=l-equilibrio-imperfetto-di-lucia-sallustio#primaryimage"},"image":{"@id":"https:\/\/gambinieditore.studiozerocinque.it\/?product=l-equilibrio-imperfetto-di-lucia-sallustio#primaryimage"},"thumbnailUrl":"https:\/\/gambinieditore.studiozerocinque.it\/wp-content\/uploads\/2022\/02\/164-Lequilibrio-imperfetto-di-Lucia-Sallustio.jpg","datePublished":"2022-02-11T17:42:21+00:00","breadcrumb":{"@id":"https:\/\/gambinieditore.studiozerocinque.it\/?product=l-equilibrio-imperfetto-di-lucia-sallustio#breadcrumb"},"inLanguage":"it-IT","potentialAction":[{"@type":"ReadAction","target":["https:\/\/gambinieditore.studiozerocinque.it\/?product=l-equilibrio-imperfetto-di-lucia-sallustio"]}]},{"@type":"ImageObject","inLanguage":"it-IT","@id":"https:\/\/gambinieditore.studiozerocinque.it\/?product=l-equilibrio-imperfetto-di-lucia-sallustio#primaryimage","url":"https:\/\/gambinieditore.studiozerocinque.it\/wp-content\/uploads\/2022\/02\/164-Lequilibrio-imperfetto-di-Lucia-Sallustio.jpg","contentUrl":"https:\/\/gambinieditore.studiozerocinque.it\/wp-content\/uploads\/2022\/02\/164-Lequilibrio-imperfetto-di-Lucia-Sallustio.jpg","width":1134,"height":1600,"caption":"L'equilibrio imperfetto, di Lucia Sallustio"},{"@type":"BreadcrumbList","@id":"https:\/\/gambinieditore.studiozerocinque.it\/?product=l-equilibrio-imperfetto-di-lucia-sallustio#breadcrumb","itemListElement":[{"@type":"ListItem","position":1,"name":"Home","item":"https:\/\/gambinieditore.studiozerocinque.it\/"},{"@type":"ListItem","position":2,"name":"Catalogo","item":"https:\/\/gambinieditore.studiozerocinque.it\/?page_id=7"},{"@type":"ListItem","position":3,"name":"L&#8217;equilibrio imperfetto, di Lucia Sallustio"}]},{"@type":"WebSite","@id":"https:\/\/gambinieditore.studiozerocinque.it\/#website","url":"https:\/\/gambinieditore.studiozerocinque.it\/","name":"Gambini Editore","description":"","potentialAction":[{"@type":"SearchAction","target":{"@type":"EntryPoint","urlTemplate":"https:\/\/gambinieditore.studiozerocinque.it\/?s={search_term_string}"},"query-input":{"@type":"PropertyValueSpecification","valueRequired":true,"valueName":"search_term_string"}}],"inLanguage":"it-IT"}]}},"_links":{"self":[{"href":"https:\/\/gambinieditore.studiozerocinque.it\/index.php?rest_route=\/wp\/v2\/product\/302","targetHints":{"allow":["GET"]}}],"collection":[{"href":"https:\/\/gambinieditore.studiozerocinque.it\/index.php?rest_route=\/wp\/v2\/product"}],"about":[{"href":"https:\/\/gambinieditore.studiozerocinque.it\/index.php?rest_route=\/wp\/v2\/types\/product"}],"replies":[{"embeddable":true,"href":"https:\/\/gambinieditore.studiozerocinque.it\/index.php?rest_route=%2Fwp%2Fv2%2Fcomments&post=302"}],"wp:featuredmedia":[{"embeddable":true,"href":"https:\/\/gambinieditore.studiozerocinque.it\/index.php?rest_route=\/wp\/v2\/media\/301"}],"wp:attachment":[{"href":"https:\/\/gambinieditore.studiozerocinque.it\/index.php?rest_route=%2Fwp%2Fv2%2Fmedia&parent=302"}],"wp:term":[{"taxonomy":"product_brand","embeddable":true,"href":"https:\/\/gambinieditore.studiozerocinque.it\/index.php?rest_route=%2Fwp%2Fv2%2Fproduct_brand&post=302"},{"taxonomy":"product_cat","embeddable":true,"href":"https:\/\/gambinieditore.studiozerocinque.it\/index.php?rest_route=%2Fwp%2Fv2%2Fproduct_cat&post=302"},{"taxonomy":"product_tag","embeddable":true,"href":"https:\/\/gambinieditore.studiozerocinque.it\/index.php?rest_route=%2Fwp%2Fv2%2Fproduct_tag&post=302"}],"curies":[{"name":"wp","href":"https:\/\/api.w.org\/{rel}","templated":true}]}}