{"id":360,"date":"2022-02-11T18:42:44","date_gmt":"2022-02-11T17:42:44","guid":{"rendered":"https:\/\/gambinieditore.studiozerocinque.it\/prodotto\/senza-dannose-attrazioni-poesie-di-calogero-gianfranco-curabba\/"},"modified":"2022-02-11T18:42:44","modified_gmt":"2022-02-11T17:42:44","slug":"senza-dannose-attrazioni-poesie-di-calogero-gianfranco-curabba","status":"publish","type":"product","link":"https:\/\/gambinieditore.studiozerocinque.it\/?product=senza-dannose-attrazioni-poesie-di-calogero-gianfranco-curabba","title":{"rendered":"Senza dannose attrazioni. Poesie di Calogero (Gianfranco) Curabba"},"content":{"rendered":"<p>Tradurre la vita nella simbologia della scrittura poetica senza enunciare alcuna verit\u00e0\u00a0 ma riaffermando una costante tensione verso la materia delle cose. Da questo \u00e9 tentato chi, della poesia, non accetta definizioni perentorie n\u00e9 superficiali adattamenti per un lettore non fecondo.<\/p>\n<p>In questa raccolta di versi si propone una sorta di gratitudine per l&#8217;esperienza vissuta, un carattere dinamico nel suo comporsi e scomporsi fino ad una trasfigurazione letteraria che rivede tutto nello specchio della vita individuale e collettiva. Un particolare modo di essere di s\u00e9 e del mondo nella poesia. Forse si corre il rischio di una operazione incomprensibile ma tanto pi\u00f9 questi componimenti sono materia viva quanto pi\u00f9 apparterranno al senso del nostro essere nella storia.<\/p>\n","protected":false},"excerpt":{"rendered":"<p>SENZA DANNOSE ATTRAZIONI.\u00a0 POESIE\u00a0<\/p>\n","protected":false},"featured_media":359,"comment_status":"open","ping_status":"closed","template":"","meta":[],"product_brand":[],"product_cat":[18],"product_tag":[],"class_list":{"0":"post-360","1":"product","2":"type-product","3":"status-publish","4":"has-post-thumbnail","6":"product_cat-libri","8":"first","9":"instock","10":"shipping-taxable","11":"purchasable","12":"product-type-simple"},"yoast_head":"<!-- This site is optimized with the Yoast SEO plugin v25.9 - https:\/\/yoast.com\/wordpress\/plugins\/seo\/ -->\n<title>Senza dannose attrazioni. Poesie di Calogero (Gianfranco) Curabba - Gambini Editore<\/title>\n<meta name=\"robots\" content=\"noindex, follow, max-snippet:-1, max-image-preview:large, max-video-preview:-1\" \/>\n<meta property=\"og:locale\" content=\"it_IT\" \/>\n<meta property=\"og:type\" content=\"article\" \/>\n<meta property=\"og:title\" content=\"Senza dannose attrazioni. Poesie di Calogero (Gianfranco) Curabba - Gambini Editore\" \/>\n<meta property=\"og:description\" content=\"SENZA DANNOSE ATTRAZIONI.\u00a0 POESIE\u00a0\" \/>\n<meta property=\"og:url\" content=\"https:\/\/gambinieditore.studiozerocinque.it\/?product=senza-dannose-attrazioni-poesie-di-calogero-gianfranco-curabba\" \/>\n<meta property=\"og:site_name\" content=\"Gambini Editore\" \/>\n<meta property=\"og:image\" content=\"https:\/\/gambinieditore.studiozerocinque.it\/wp-content\/uploads\/2022\/02\/194-Senza-dannose-attrazioni.-Poesie-di-Calogero-Gianfranco-Curabba.jpg\" \/>\n\t<meta property=\"og:image:width\" content=\"684\" \/>\n\t<meta property=\"og:image:height\" content=\"968\" \/>\n\t<meta property=\"og:image:type\" content=\"image\/jpeg\" \/>\n<meta name=\"twitter:card\" content=\"summary_large_image\" \/>\n<meta name=\"twitter:label1\" content=\"Tempo di lettura stimato\" \/>\n\t<meta name=\"twitter:data1\" content=\"1 minuto\" \/>\n<script type=\"application\/ld+json\" class=\"yoast-schema-graph\">{\"@context\":\"https:\/\/schema.org\",\"@graph\":[{\"@type\":\"WebPage\",\"@id\":\"https:\/\/gambinieditore.studiozerocinque.it\/?product=senza-dannose-attrazioni-poesie-di-calogero-gianfranco-curabba\",\"url\":\"https:\/\/gambinieditore.studiozerocinque.it\/?product=senza-dannose-attrazioni-poesie-di-calogero-gianfranco-curabba\",\"name\":\"Senza dannose attrazioni. Poesie di Calogero (Gianfranco) Curabba - Gambini Editore\",\"isPartOf\":{\"@id\":\"https:\/\/gambinieditore.studiozerocinque.it\/#website\"},\"primaryImageOfPage\":{\"@id\":\"https:\/\/gambinieditore.studiozerocinque.it\/?product=senza-dannose-attrazioni-poesie-di-calogero-gianfranco-curabba#primaryimage\"},\"image\":{\"@id\":\"https:\/\/gambinieditore.studiozerocinque.it\/?product=senza-dannose-attrazioni-poesie-di-calogero-gianfranco-curabba#primaryimage\"},\"thumbnailUrl\":\"https:\/\/gambinieditore.studiozerocinque.it\/wp-content\/uploads\/2022\/02\/194-Senza-dannose-attrazioni.-Poesie-di-Calogero-Gianfranco-Curabba.jpg\",\"datePublished\":\"2022-02-11T17:42:44+00:00\",\"breadcrumb\":{\"@id\":\"https:\/\/gambinieditore.studiozerocinque.it\/?product=senza-dannose-attrazioni-poesie-di-calogero-gianfranco-curabba#breadcrumb\"},\"inLanguage\":\"it-IT\",\"potentialAction\":[{\"@type\":\"ReadAction\",\"target\":[\"https:\/\/gambinieditore.studiozerocinque.it\/?product=senza-dannose-attrazioni-poesie-di-calogero-gianfranco-curabba\"]}]},{\"@type\":\"ImageObject\",\"inLanguage\":\"it-IT\",\"@id\":\"https:\/\/gambinieditore.studiozerocinque.it\/?product=senza-dannose-attrazioni-poesie-di-calogero-gianfranco-curabba#primaryimage\",\"url\":\"https:\/\/gambinieditore.studiozerocinque.it\/wp-content\/uploads\/2022\/02\/194-Senza-dannose-attrazioni.-Poesie-di-Calogero-Gianfranco-Curabba.jpg\",\"contentUrl\":\"https:\/\/gambinieditore.studiozerocinque.it\/wp-content\/uploads\/2022\/02\/194-Senza-dannose-attrazioni.-Poesie-di-Calogero-Gianfranco-Curabba.jpg\",\"width\":684,\"height\":968,\"caption\":\"Senza dannose attrazioni. Poesie di Calogero (Gianfranco) Curabba\"},{\"@type\":\"BreadcrumbList\",\"@id\":\"https:\/\/gambinieditore.studiozerocinque.it\/?product=senza-dannose-attrazioni-poesie-di-calogero-gianfranco-curabba#breadcrumb\",\"itemListElement\":[{\"@type\":\"ListItem\",\"position\":1,\"name\":\"Home\",\"item\":\"https:\/\/gambinieditore.studiozerocinque.it\/\"},{\"@type\":\"ListItem\",\"position\":2,\"name\":\"Catalogo\",\"item\":\"https:\/\/gambinieditore.studiozerocinque.it\/?page_id=7\"},{\"@type\":\"ListItem\",\"position\":3,\"name\":\"Senza dannose attrazioni. Poesie di Calogero (Gianfranco) Curabba\"}]},{\"@type\":\"WebSite\",\"@id\":\"https:\/\/gambinieditore.studiozerocinque.it\/#website\",\"url\":\"https:\/\/gambinieditore.studiozerocinque.it\/\",\"name\":\"Gambini Editore\",\"description\":\"\",\"potentialAction\":[{\"@type\":\"SearchAction\",\"target\":{\"@type\":\"EntryPoint\",\"urlTemplate\":\"https:\/\/gambinieditore.studiozerocinque.it\/?s={search_term_string}\"},\"query-input\":{\"@type\":\"PropertyValueSpecification\",\"valueRequired\":true,\"valueName\":\"search_term_string\"}}],\"inLanguage\":\"it-IT\"}]}<\/script>\n<!-- \/ Yoast SEO plugin. -->","yoast_head_json":{"title":"Senza dannose attrazioni. Poesie di Calogero (Gianfranco) Curabba - Gambini Editore","robots":{"index":"noindex","follow":"follow","max-snippet":"max-snippet:-1","max-image-preview":"max-image-preview:large","max-video-preview":"max-video-preview:-1"},"og_locale":"it_IT","og_type":"article","og_title":"Senza dannose attrazioni. Poesie di Calogero (Gianfranco) Curabba - Gambini Editore","og_description":"SENZA DANNOSE ATTRAZIONI.\u00a0 POESIE\u00a0","og_url":"https:\/\/gambinieditore.studiozerocinque.it\/?product=senza-dannose-attrazioni-poesie-di-calogero-gianfranco-curabba","og_site_name":"Gambini Editore","og_image":[{"width":684,"height":968,"url":"https:\/\/gambinieditore.studiozerocinque.it\/wp-content\/uploads\/2022\/02\/194-Senza-dannose-attrazioni.-Poesie-di-Calogero-Gianfranco-Curabba.jpg","type":"image\/jpeg"}],"twitter_card":"summary_large_image","twitter_misc":{"Tempo di lettura stimato":"1 minuto"},"schema":{"@context":"https:\/\/schema.org","@graph":[{"@type":"WebPage","@id":"https:\/\/gambinieditore.studiozerocinque.it\/?product=senza-dannose-attrazioni-poesie-di-calogero-gianfranco-curabba","url":"https:\/\/gambinieditore.studiozerocinque.it\/?product=senza-dannose-attrazioni-poesie-di-calogero-gianfranco-curabba","name":"Senza dannose attrazioni. Poesie di Calogero (Gianfranco) Curabba - Gambini Editore","isPartOf":{"@id":"https:\/\/gambinieditore.studiozerocinque.it\/#website"},"primaryImageOfPage":{"@id":"https:\/\/gambinieditore.studiozerocinque.it\/?product=senza-dannose-attrazioni-poesie-di-calogero-gianfranco-curabba#primaryimage"},"image":{"@id":"https:\/\/gambinieditore.studiozerocinque.it\/?product=senza-dannose-attrazioni-poesie-di-calogero-gianfranco-curabba#primaryimage"},"thumbnailUrl":"https:\/\/gambinieditore.studiozerocinque.it\/wp-content\/uploads\/2022\/02\/194-Senza-dannose-attrazioni.-Poesie-di-Calogero-Gianfranco-Curabba.jpg","datePublished":"2022-02-11T17:42:44+00:00","breadcrumb":{"@id":"https:\/\/gambinieditore.studiozerocinque.it\/?product=senza-dannose-attrazioni-poesie-di-calogero-gianfranco-curabba#breadcrumb"},"inLanguage":"it-IT","potentialAction":[{"@type":"ReadAction","target":["https:\/\/gambinieditore.studiozerocinque.it\/?product=senza-dannose-attrazioni-poesie-di-calogero-gianfranco-curabba"]}]},{"@type":"ImageObject","inLanguage":"it-IT","@id":"https:\/\/gambinieditore.studiozerocinque.it\/?product=senza-dannose-attrazioni-poesie-di-calogero-gianfranco-curabba#primaryimage","url":"https:\/\/gambinieditore.studiozerocinque.it\/wp-content\/uploads\/2022\/02\/194-Senza-dannose-attrazioni.-Poesie-di-Calogero-Gianfranco-Curabba.jpg","contentUrl":"https:\/\/gambinieditore.studiozerocinque.it\/wp-content\/uploads\/2022\/02\/194-Senza-dannose-attrazioni.-Poesie-di-Calogero-Gianfranco-Curabba.jpg","width":684,"height":968,"caption":"Senza dannose attrazioni. Poesie di Calogero (Gianfranco) Curabba"},{"@type":"BreadcrumbList","@id":"https:\/\/gambinieditore.studiozerocinque.it\/?product=senza-dannose-attrazioni-poesie-di-calogero-gianfranco-curabba#breadcrumb","itemListElement":[{"@type":"ListItem","position":1,"name":"Home","item":"https:\/\/gambinieditore.studiozerocinque.it\/"},{"@type":"ListItem","position":2,"name":"Catalogo","item":"https:\/\/gambinieditore.studiozerocinque.it\/?page_id=7"},{"@type":"ListItem","position":3,"name":"Senza dannose attrazioni. Poesie di Calogero (Gianfranco) Curabba"}]},{"@type":"WebSite","@id":"https:\/\/gambinieditore.studiozerocinque.it\/#website","url":"https:\/\/gambinieditore.studiozerocinque.it\/","name":"Gambini Editore","description":"","potentialAction":[{"@type":"SearchAction","target":{"@type":"EntryPoint","urlTemplate":"https:\/\/gambinieditore.studiozerocinque.it\/?s={search_term_string}"},"query-input":{"@type":"PropertyValueSpecification","valueRequired":true,"valueName":"search_term_string"}}],"inLanguage":"it-IT"}]}},"_links":{"self":[{"href":"https:\/\/gambinieditore.studiozerocinque.it\/index.php?rest_route=\/wp\/v2\/product\/360","targetHints":{"allow":["GET"]}}],"collection":[{"href":"https:\/\/gambinieditore.studiozerocinque.it\/index.php?rest_route=\/wp\/v2\/product"}],"about":[{"href":"https:\/\/gambinieditore.studiozerocinque.it\/index.php?rest_route=\/wp\/v2\/types\/product"}],"replies":[{"embeddable":true,"href":"https:\/\/gambinieditore.studiozerocinque.it\/index.php?rest_route=%2Fwp%2Fv2%2Fcomments&post=360"}],"wp:featuredmedia":[{"embeddable":true,"href":"https:\/\/gambinieditore.studiozerocinque.it\/index.php?rest_route=\/wp\/v2\/media\/359"}],"wp:attachment":[{"href":"https:\/\/gambinieditore.studiozerocinque.it\/index.php?rest_route=%2Fwp%2Fv2%2Fmedia&parent=360"}],"wp:term":[{"taxonomy":"product_brand","embeddable":true,"href":"https:\/\/gambinieditore.studiozerocinque.it\/index.php?rest_route=%2Fwp%2Fv2%2Fproduct_brand&post=360"},{"taxonomy":"product_cat","embeddable":true,"href":"https:\/\/gambinieditore.studiozerocinque.it\/index.php?rest_route=%2Fwp%2Fv2%2Fproduct_cat&post=360"},{"taxonomy":"product_tag","embeddable":true,"href":"https:\/\/gambinieditore.studiozerocinque.it\/index.php?rest_route=%2Fwp%2Fv2%2Fproduct_tag&post=360"}],"curies":[{"name":"wp","href":"https:\/\/api.w.org\/{rel}","templated":true}]}}