{"id":402,"date":"2022-02-11T18:42:53","date_gmt":"2022-02-11T17:42:53","guid":{"rendered":"https:\/\/gambinieditore.studiozerocinque.it\/prodotto\/la-penombra-dell-anima-poesie-di-nicola-foti\/"},"modified":"2022-02-11T18:42:53","modified_gmt":"2022-02-11T17:42:53","slug":"la-penombra-dell-anima-poesie-di-nicola-foti","status":"publish","type":"product","link":"https:\/\/gambinieditore.studiozerocinque.it\/?product=la-penombra-dell-anima-poesie-di-nicola-foti","title":{"rendered":"La penombra dell&#8217;anima. Poesie di Nicola Foti"},"content":{"rendered":"<p>Tre temi emergono in quest&#8217;opera poetica nuova: il viaggio, l&#8217;amore, l&#8217;omaggio ad artisti.<br \/>Arriva allora il momento che tutti i poeti aspettano: non c&#8217;\u00e9 pi\u00f9 distinzione tra giorno e notte, tra realt\u00e0\u00a0 e sogno, tra luce ed ombra. La condizione ideale perch\u00e9 venga la poesia, la penombra dell&#8217;anima<\/p>\n","protected":false},"excerpt":{"rendered":"<p>LA PENOMBRA DELL&#8217;ANIMA Poesie<\/p>\n","protected":false},"featured_media":401,"comment_status":"open","ping_status":"closed","template":"","meta":[],"product_brand":[],"product_cat":[18],"product_tag":[],"class_list":{"0":"post-402","1":"product","2":"type-product","3":"status-publish","4":"has-post-thumbnail","6":"product_cat-libri","8":"first","9":"instock","10":"shipping-taxable","11":"purchasable","12":"product-type-simple"},"yoast_head":"<!-- This site is optimized with the Yoast SEO plugin v25.9 - https:\/\/yoast.com\/wordpress\/plugins\/seo\/ -->\n<title>La penombra dell&#039;anima. Poesie di Nicola Foti - Gambini Editore<\/title>\n<meta name=\"robots\" content=\"noindex, follow, max-snippet:-1, max-image-preview:large, max-video-preview:-1\" \/>\n<meta property=\"og:locale\" content=\"it_IT\" \/>\n<meta property=\"og:type\" content=\"article\" \/>\n<meta property=\"og:title\" content=\"La penombra dell&#039;anima. Poesie di Nicola Foti - Gambini Editore\" \/>\n<meta property=\"og:description\" content=\"LA PENOMBRA DELL&#039;ANIMA Poesie\" \/>\n<meta property=\"og:url\" content=\"https:\/\/gambinieditore.studiozerocinque.it\/?product=la-penombra-dell-anima-poesie-di-nicola-foti\" \/>\n<meta property=\"og:site_name\" content=\"Gambini Editore\" \/>\n<meta property=\"og:image\" content=\"https:\/\/gambinieditore.studiozerocinque.it\/wp-content\/uploads\/2022\/02\/215-La-penombra-dellanima.-Poesie-di-Nicola-Foti.jpg\" \/>\n\t<meta property=\"og:image:width\" content=\"690\" \/>\n\t<meta property=\"og:image:height\" content=\"970\" \/>\n\t<meta property=\"og:image:type\" content=\"image\/jpeg\" \/>\n<meta name=\"twitter:card\" content=\"summary_large_image\" \/>\n<script type=\"application\/ld+json\" class=\"yoast-schema-graph\">{\"@context\":\"https:\/\/schema.org\",\"@graph\":[{\"@type\":\"WebPage\",\"@id\":\"https:\/\/gambinieditore.studiozerocinque.it\/?product=la-penombra-dell-anima-poesie-di-nicola-foti\",\"url\":\"https:\/\/gambinieditore.studiozerocinque.it\/?product=la-penombra-dell-anima-poesie-di-nicola-foti\",\"name\":\"La penombra dell'anima. Poesie di Nicola Foti - Gambini Editore\",\"isPartOf\":{\"@id\":\"https:\/\/gambinieditore.studiozerocinque.it\/#website\"},\"primaryImageOfPage\":{\"@id\":\"https:\/\/gambinieditore.studiozerocinque.it\/?product=la-penombra-dell-anima-poesie-di-nicola-foti#primaryimage\"},\"image\":{\"@id\":\"https:\/\/gambinieditore.studiozerocinque.it\/?product=la-penombra-dell-anima-poesie-di-nicola-foti#primaryimage\"},\"thumbnailUrl\":\"https:\/\/gambinieditore.studiozerocinque.it\/wp-content\/uploads\/2022\/02\/215-La-penombra-dellanima.-Poesie-di-Nicola-Foti.jpg\",\"datePublished\":\"2022-02-11T17:42:53+00:00\",\"breadcrumb\":{\"@id\":\"https:\/\/gambinieditore.studiozerocinque.it\/?product=la-penombra-dell-anima-poesie-di-nicola-foti#breadcrumb\"},\"inLanguage\":\"it-IT\",\"potentialAction\":[{\"@type\":\"ReadAction\",\"target\":[\"https:\/\/gambinieditore.studiozerocinque.it\/?product=la-penombra-dell-anima-poesie-di-nicola-foti\"]}]},{\"@type\":\"ImageObject\",\"inLanguage\":\"it-IT\",\"@id\":\"https:\/\/gambinieditore.studiozerocinque.it\/?product=la-penombra-dell-anima-poesie-di-nicola-foti#primaryimage\",\"url\":\"https:\/\/gambinieditore.studiozerocinque.it\/wp-content\/uploads\/2022\/02\/215-La-penombra-dellanima.-Poesie-di-Nicola-Foti.jpg\",\"contentUrl\":\"https:\/\/gambinieditore.studiozerocinque.it\/wp-content\/uploads\/2022\/02\/215-La-penombra-dellanima.-Poesie-di-Nicola-Foti.jpg\",\"width\":690,\"height\":970,\"caption\":\"La penombra dell'anima. Poesie di Nicola Foti\"},{\"@type\":\"BreadcrumbList\",\"@id\":\"https:\/\/gambinieditore.studiozerocinque.it\/?product=la-penombra-dell-anima-poesie-di-nicola-foti#breadcrumb\",\"itemListElement\":[{\"@type\":\"ListItem\",\"position\":1,\"name\":\"Home\",\"item\":\"https:\/\/gambinieditore.studiozerocinque.it\/\"},{\"@type\":\"ListItem\",\"position\":2,\"name\":\"Catalogo\",\"item\":\"https:\/\/gambinieditore.studiozerocinque.it\/?page_id=7\"},{\"@type\":\"ListItem\",\"position\":3,\"name\":\"La penombra dell&#8217;anima. Poesie di Nicola Foti\"}]},{\"@type\":\"WebSite\",\"@id\":\"https:\/\/gambinieditore.studiozerocinque.it\/#website\",\"url\":\"https:\/\/gambinieditore.studiozerocinque.it\/\",\"name\":\"Gambini Editore\",\"description\":\"\",\"potentialAction\":[{\"@type\":\"SearchAction\",\"target\":{\"@type\":\"EntryPoint\",\"urlTemplate\":\"https:\/\/gambinieditore.studiozerocinque.it\/?s={search_term_string}\"},\"query-input\":{\"@type\":\"PropertyValueSpecification\",\"valueRequired\":true,\"valueName\":\"search_term_string\"}}],\"inLanguage\":\"it-IT\"}]}<\/script>\n<!-- \/ Yoast SEO plugin. -->","yoast_head_json":{"title":"La penombra dell'anima. Poesie di Nicola Foti - Gambini Editore","robots":{"index":"noindex","follow":"follow","max-snippet":"max-snippet:-1","max-image-preview":"max-image-preview:large","max-video-preview":"max-video-preview:-1"},"og_locale":"it_IT","og_type":"article","og_title":"La penombra dell'anima. Poesie di Nicola Foti - Gambini Editore","og_description":"LA PENOMBRA DELL'ANIMA Poesie","og_url":"https:\/\/gambinieditore.studiozerocinque.it\/?product=la-penombra-dell-anima-poesie-di-nicola-foti","og_site_name":"Gambini Editore","og_image":[{"width":690,"height":970,"url":"https:\/\/gambinieditore.studiozerocinque.it\/wp-content\/uploads\/2022\/02\/215-La-penombra-dellanima.-Poesie-di-Nicola-Foti.jpg","type":"image\/jpeg"}],"twitter_card":"summary_large_image","schema":{"@context":"https:\/\/schema.org","@graph":[{"@type":"WebPage","@id":"https:\/\/gambinieditore.studiozerocinque.it\/?product=la-penombra-dell-anima-poesie-di-nicola-foti","url":"https:\/\/gambinieditore.studiozerocinque.it\/?product=la-penombra-dell-anima-poesie-di-nicola-foti","name":"La penombra dell'anima. Poesie di Nicola Foti - Gambini Editore","isPartOf":{"@id":"https:\/\/gambinieditore.studiozerocinque.it\/#website"},"primaryImageOfPage":{"@id":"https:\/\/gambinieditore.studiozerocinque.it\/?product=la-penombra-dell-anima-poesie-di-nicola-foti#primaryimage"},"image":{"@id":"https:\/\/gambinieditore.studiozerocinque.it\/?product=la-penombra-dell-anima-poesie-di-nicola-foti#primaryimage"},"thumbnailUrl":"https:\/\/gambinieditore.studiozerocinque.it\/wp-content\/uploads\/2022\/02\/215-La-penombra-dellanima.-Poesie-di-Nicola-Foti.jpg","datePublished":"2022-02-11T17:42:53+00:00","breadcrumb":{"@id":"https:\/\/gambinieditore.studiozerocinque.it\/?product=la-penombra-dell-anima-poesie-di-nicola-foti#breadcrumb"},"inLanguage":"it-IT","potentialAction":[{"@type":"ReadAction","target":["https:\/\/gambinieditore.studiozerocinque.it\/?product=la-penombra-dell-anima-poesie-di-nicola-foti"]}]},{"@type":"ImageObject","inLanguage":"it-IT","@id":"https:\/\/gambinieditore.studiozerocinque.it\/?product=la-penombra-dell-anima-poesie-di-nicola-foti#primaryimage","url":"https:\/\/gambinieditore.studiozerocinque.it\/wp-content\/uploads\/2022\/02\/215-La-penombra-dellanima.-Poesie-di-Nicola-Foti.jpg","contentUrl":"https:\/\/gambinieditore.studiozerocinque.it\/wp-content\/uploads\/2022\/02\/215-La-penombra-dellanima.-Poesie-di-Nicola-Foti.jpg","width":690,"height":970,"caption":"La penombra dell'anima. Poesie di Nicola Foti"},{"@type":"BreadcrumbList","@id":"https:\/\/gambinieditore.studiozerocinque.it\/?product=la-penombra-dell-anima-poesie-di-nicola-foti#breadcrumb","itemListElement":[{"@type":"ListItem","position":1,"name":"Home","item":"https:\/\/gambinieditore.studiozerocinque.it\/"},{"@type":"ListItem","position":2,"name":"Catalogo","item":"https:\/\/gambinieditore.studiozerocinque.it\/?page_id=7"},{"@type":"ListItem","position":3,"name":"La penombra dell&#8217;anima. Poesie di Nicola Foti"}]},{"@type":"WebSite","@id":"https:\/\/gambinieditore.studiozerocinque.it\/#website","url":"https:\/\/gambinieditore.studiozerocinque.it\/","name":"Gambini Editore","description":"","potentialAction":[{"@type":"SearchAction","target":{"@type":"EntryPoint","urlTemplate":"https:\/\/gambinieditore.studiozerocinque.it\/?s={search_term_string}"},"query-input":{"@type":"PropertyValueSpecification","valueRequired":true,"valueName":"search_term_string"}}],"inLanguage":"it-IT"}]}},"_links":{"self":[{"href":"https:\/\/gambinieditore.studiozerocinque.it\/index.php?rest_route=\/wp\/v2\/product\/402","targetHints":{"allow":["GET"]}}],"collection":[{"href":"https:\/\/gambinieditore.studiozerocinque.it\/index.php?rest_route=\/wp\/v2\/product"}],"about":[{"href":"https:\/\/gambinieditore.studiozerocinque.it\/index.php?rest_route=\/wp\/v2\/types\/product"}],"replies":[{"embeddable":true,"href":"https:\/\/gambinieditore.studiozerocinque.it\/index.php?rest_route=%2Fwp%2Fv2%2Fcomments&post=402"}],"wp:featuredmedia":[{"embeddable":true,"href":"https:\/\/gambinieditore.studiozerocinque.it\/index.php?rest_route=\/wp\/v2\/media\/401"}],"wp:attachment":[{"href":"https:\/\/gambinieditore.studiozerocinque.it\/index.php?rest_route=%2Fwp%2Fv2%2Fmedia&parent=402"}],"wp:term":[{"taxonomy":"product_brand","embeddable":true,"href":"https:\/\/gambinieditore.studiozerocinque.it\/index.php?rest_route=%2Fwp%2Fv2%2Fproduct_brand&post=402"},{"taxonomy":"product_cat","embeddable":true,"href":"https:\/\/gambinieditore.studiozerocinque.it\/index.php?rest_route=%2Fwp%2Fv2%2Fproduct_cat&post=402"},{"taxonomy":"product_tag","embeddable":true,"href":"https:\/\/gambinieditore.studiozerocinque.it\/index.php?rest_route=%2Fwp%2Fv2%2Fproduct_tag&post=402"}],"curies":[{"name":"wp","href":"https:\/\/api.w.org\/{rel}","templated":true}]}}