{"id":404,"date":"2022-02-11T18:42:53","date_gmt":"2022-02-11T17:42:53","guid":{"rendered":"https:\/\/gambinieditore.studiozerocinque.it\/prodotto\/i-passi-della-vita-poesie-di-pasquale-rea-martino\/"},"modified":"2025-09-11T10:00:53","modified_gmt":"2025-09-11T08:00:53","slug":"i-passi-della-vita-poesie-di-pasquale-rea-martino","status":"publish","type":"product","link":"https:\/\/gambinieditore.studiozerocinque.it\/?product=i-passi-della-vita-poesie-di-pasquale-rea-martino","title":{"rendered":"I passi della vita. Poesie di Pasquale Rea Martino"},"content":{"rendered":"<p>La poetica di Pasquale Rea Martino poggia su un&#8217;intelaiatura creativa densa di cose e sentimenti, valori normativi e desideri. L&#8217;impianto musicale delle strofe, energico e ritmato, \u00e9 immerso nella materia, cos\u00ec da riviverla e soffrirla di nuovo nella scrittura. \u00c8 come se l&#8217;autore riuscisse a indicare e illuminare le tracce dell&#8217;ultimo ipotetico mezzo comunicativo capace di uno svelamento dell&#8217;Essere: la poesia.<\/p>\n","protected":false},"excerpt":{"rendered":"<p>I PASSI DELLA VITA Poesie di Pasquale Rea Martino<\/p>\n","protected":false},"featured_media":1352,"comment_status":"open","ping_status":"closed","template":"","meta":[],"product_brand":[],"product_cat":[18],"product_tag":[],"class_list":{"0":"post-404","1":"product","2":"type-product","3":"status-publish","4":"has-post-thumbnail","6":"product_cat-libri","8":"first","9":"instock","10":"shipping-taxable","11":"purchasable","12":"product-type-simple"},"yoast_head":"<!-- This site is optimized with the Yoast SEO plugin v25.9 - https:\/\/yoast.com\/wordpress\/plugins\/seo\/ -->\n<title>I passi della vita. Poesie di Pasquale Rea Martino - Gambini Editore<\/title>\n<meta name=\"robots\" content=\"noindex, follow, max-snippet:-1, max-image-preview:large, max-video-preview:-1\" \/>\n<meta property=\"og:locale\" content=\"it_IT\" \/>\n<meta property=\"og:type\" content=\"article\" \/>\n<meta property=\"og:title\" content=\"I passi della vita. Poesie di Pasquale Rea Martino - Gambini Editore\" \/>\n<meta property=\"og:description\" content=\"I PASSI DELLA VITA Poesie di Pasquale Rea Martino\" \/>\n<meta property=\"og:url\" content=\"https:\/\/gambinieditore.studiozerocinque.it\/?product=i-passi-della-vita-poesie-di-pasquale-rea-martino\" \/>\n<meta property=\"og:site_name\" content=\"Gambini Editore\" \/>\n<meta property=\"article:modified_time\" content=\"2025-09-11T08:00:53+00:00\" \/>\n<meta property=\"og:image\" content=\"https:\/\/gambinieditore.studiozerocinque.it\/wp-content\/uploads\/2022\/02\/442-I-passi-della-vita.-Poesie-di-Pasquale-Rea-Martino.jpg\" \/>\n\t<meta property=\"og:image:width\" content=\"1722\" \/>\n\t<meta property=\"og:image:height\" content=\"2421\" \/>\n\t<meta property=\"og:image:type\" content=\"image\/jpeg\" \/>\n<meta name=\"twitter:card\" content=\"summary_large_image\" \/>\n<script type=\"application\/ld+json\" class=\"yoast-schema-graph\">{\"@context\":\"https:\/\/schema.org\",\"@graph\":[{\"@type\":\"WebPage\",\"@id\":\"https:\/\/gambinieditore.studiozerocinque.it\/?product=i-passi-della-vita-poesie-di-pasquale-rea-martino\",\"url\":\"https:\/\/gambinieditore.studiozerocinque.it\/?product=i-passi-della-vita-poesie-di-pasquale-rea-martino\",\"name\":\"I passi della vita. Poesie di Pasquale Rea Martino - Gambini Editore\",\"isPartOf\":{\"@id\":\"https:\/\/gambinieditore.studiozerocinque.it\/#website\"},\"primaryImageOfPage\":{\"@id\":\"https:\/\/gambinieditore.studiozerocinque.it\/?product=i-passi-della-vita-poesie-di-pasquale-rea-martino#primaryimage\"},\"image\":{\"@id\":\"https:\/\/gambinieditore.studiozerocinque.it\/?product=i-passi-della-vita-poesie-di-pasquale-rea-martino#primaryimage\"},\"thumbnailUrl\":\"https:\/\/gambinieditore.studiozerocinque.it\/wp-content\/uploads\/2022\/02\/442-I-passi-della-vita.-Poesie-di-Pasquale-Rea-Martino.jpg\",\"datePublished\":\"2022-02-11T17:42:53+00:00\",\"dateModified\":\"2025-09-11T08:00:53+00:00\",\"breadcrumb\":{\"@id\":\"https:\/\/gambinieditore.studiozerocinque.it\/?product=i-passi-della-vita-poesie-di-pasquale-rea-martino#breadcrumb\"},\"inLanguage\":\"it-IT\",\"potentialAction\":[{\"@type\":\"ReadAction\",\"target\":[\"https:\/\/gambinieditore.studiozerocinque.it\/?product=i-passi-della-vita-poesie-di-pasquale-rea-martino\"]}]},{\"@type\":\"ImageObject\",\"inLanguage\":\"it-IT\",\"@id\":\"https:\/\/gambinieditore.studiozerocinque.it\/?product=i-passi-della-vita-poesie-di-pasquale-rea-martino#primaryimage\",\"url\":\"https:\/\/gambinieditore.studiozerocinque.it\/wp-content\/uploads\/2022\/02\/442-I-passi-della-vita.-Poesie-di-Pasquale-Rea-Martino.jpg\",\"contentUrl\":\"https:\/\/gambinieditore.studiozerocinque.it\/wp-content\/uploads\/2022\/02\/442-I-passi-della-vita.-Poesie-di-Pasquale-Rea-Martino.jpg\",\"width\":1722,\"height\":2421,\"caption\":\"I passi della vita. Poesie di Pasquale Rea Martino\"},{\"@type\":\"BreadcrumbList\",\"@id\":\"https:\/\/gambinieditore.studiozerocinque.it\/?product=i-passi-della-vita-poesie-di-pasquale-rea-martino#breadcrumb\",\"itemListElement\":[{\"@type\":\"ListItem\",\"position\":1,\"name\":\"Home\",\"item\":\"https:\/\/gambinieditore.studiozerocinque.it\/\"},{\"@type\":\"ListItem\",\"position\":2,\"name\":\"Catalogo\",\"item\":\"https:\/\/gambinieditore.studiozerocinque.it\/?page_id=7\"},{\"@type\":\"ListItem\",\"position\":3,\"name\":\"I passi della vita. Poesie di Pasquale Rea Martino\"}]},{\"@type\":\"WebSite\",\"@id\":\"https:\/\/gambinieditore.studiozerocinque.it\/#website\",\"url\":\"https:\/\/gambinieditore.studiozerocinque.it\/\",\"name\":\"Gambini Editore\",\"description\":\"\",\"potentialAction\":[{\"@type\":\"SearchAction\",\"target\":{\"@type\":\"EntryPoint\",\"urlTemplate\":\"https:\/\/gambinieditore.studiozerocinque.it\/?s={search_term_string}\"},\"query-input\":{\"@type\":\"PropertyValueSpecification\",\"valueRequired\":true,\"valueName\":\"search_term_string\"}}],\"inLanguage\":\"it-IT\"}]}<\/script>\n<!-- \/ Yoast SEO plugin. -->","yoast_head_json":{"title":"I passi della vita. Poesie di Pasquale Rea Martino - Gambini Editore","robots":{"index":"noindex","follow":"follow","max-snippet":"max-snippet:-1","max-image-preview":"max-image-preview:large","max-video-preview":"max-video-preview:-1"},"og_locale":"it_IT","og_type":"article","og_title":"I passi della vita. Poesie di Pasquale Rea Martino - Gambini Editore","og_description":"I PASSI DELLA VITA Poesie di Pasquale Rea Martino","og_url":"https:\/\/gambinieditore.studiozerocinque.it\/?product=i-passi-della-vita-poesie-di-pasquale-rea-martino","og_site_name":"Gambini Editore","article_modified_time":"2025-09-11T08:00:53+00:00","og_image":[{"width":1722,"height":2421,"url":"https:\/\/gambinieditore.studiozerocinque.it\/wp-content\/uploads\/2022\/02\/442-I-passi-della-vita.-Poesie-di-Pasquale-Rea-Martino.jpg","type":"image\/jpeg"}],"twitter_card":"summary_large_image","schema":{"@context":"https:\/\/schema.org","@graph":[{"@type":"WebPage","@id":"https:\/\/gambinieditore.studiozerocinque.it\/?product=i-passi-della-vita-poesie-di-pasquale-rea-martino","url":"https:\/\/gambinieditore.studiozerocinque.it\/?product=i-passi-della-vita-poesie-di-pasquale-rea-martino","name":"I passi della vita. Poesie di Pasquale Rea Martino - Gambini Editore","isPartOf":{"@id":"https:\/\/gambinieditore.studiozerocinque.it\/#website"},"primaryImageOfPage":{"@id":"https:\/\/gambinieditore.studiozerocinque.it\/?product=i-passi-della-vita-poesie-di-pasquale-rea-martino#primaryimage"},"image":{"@id":"https:\/\/gambinieditore.studiozerocinque.it\/?product=i-passi-della-vita-poesie-di-pasquale-rea-martino#primaryimage"},"thumbnailUrl":"https:\/\/gambinieditore.studiozerocinque.it\/wp-content\/uploads\/2022\/02\/442-I-passi-della-vita.-Poesie-di-Pasquale-Rea-Martino.jpg","datePublished":"2022-02-11T17:42:53+00:00","dateModified":"2025-09-11T08:00:53+00:00","breadcrumb":{"@id":"https:\/\/gambinieditore.studiozerocinque.it\/?product=i-passi-della-vita-poesie-di-pasquale-rea-martino#breadcrumb"},"inLanguage":"it-IT","potentialAction":[{"@type":"ReadAction","target":["https:\/\/gambinieditore.studiozerocinque.it\/?product=i-passi-della-vita-poesie-di-pasquale-rea-martino"]}]},{"@type":"ImageObject","inLanguage":"it-IT","@id":"https:\/\/gambinieditore.studiozerocinque.it\/?product=i-passi-della-vita-poesie-di-pasquale-rea-martino#primaryimage","url":"https:\/\/gambinieditore.studiozerocinque.it\/wp-content\/uploads\/2022\/02\/442-I-passi-della-vita.-Poesie-di-Pasquale-Rea-Martino.jpg","contentUrl":"https:\/\/gambinieditore.studiozerocinque.it\/wp-content\/uploads\/2022\/02\/442-I-passi-della-vita.-Poesie-di-Pasquale-Rea-Martino.jpg","width":1722,"height":2421,"caption":"I passi della vita. Poesie di Pasquale Rea Martino"},{"@type":"BreadcrumbList","@id":"https:\/\/gambinieditore.studiozerocinque.it\/?product=i-passi-della-vita-poesie-di-pasquale-rea-martino#breadcrumb","itemListElement":[{"@type":"ListItem","position":1,"name":"Home","item":"https:\/\/gambinieditore.studiozerocinque.it\/"},{"@type":"ListItem","position":2,"name":"Catalogo","item":"https:\/\/gambinieditore.studiozerocinque.it\/?page_id=7"},{"@type":"ListItem","position":3,"name":"I passi della vita. Poesie di Pasquale Rea Martino"}]},{"@type":"WebSite","@id":"https:\/\/gambinieditore.studiozerocinque.it\/#website","url":"https:\/\/gambinieditore.studiozerocinque.it\/","name":"Gambini Editore","description":"","potentialAction":[{"@type":"SearchAction","target":{"@type":"EntryPoint","urlTemplate":"https:\/\/gambinieditore.studiozerocinque.it\/?s={search_term_string}"},"query-input":{"@type":"PropertyValueSpecification","valueRequired":true,"valueName":"search_term_string"}}],"inLanguage":"it-IT"}]}},"_links":{"self":[{"href":"https:\/\/gambinieditore.studiozerocinque.it\/index.php?rest_route=\/wp\/v2\/product\/404","targetHints":{"allow":["GET"]}}],"collection":[{"href":"https:\/\/gambinieditore.studiozerocinque.it\/index.php?rest_route=\/wp\/v2\/product"}],"about":[{"href":"https:\/\/gambinieditore.studiozerocinque.it\/index.php?rest_route=\/wp\/v2\/types\/product"}],"replies":[{"embeddable":true,"href":"https:\/\/gambinieditore.studiozerocinque.it\/index.php?rest_route=%2Fwp%2Fv2%2Fcomments&post=404"}],"wp:featuredmedia":[{"embeddable":true,"href":"https:\/\/gambinieditore.studiozerocinque.it\/index.php?rest_route=\/wp\/v2\/media\/1352"}],"wp:attachment":[{"href":"https:\/\/gambinieditore.studiozerocinque.it\/index.php?rest_route=%2Fwp%2Fv2%2Fmedia&parent=404"}],"wp:term":[{"taxonomy":"product_brand","embeddable":true,"href":"https:\/\/gambinieditore.studiozerocinque.it\/index.php?rest_route=%2Fwp%2Fv2%2Fproduct_brand&post=404"},{"taxonomy":"product_cat","embeddable":true,"href":"https:\/\/gambinieditore.studiozerocinque.it\/index.php?rest_route=%2Fwp%2Fv2%2Fproduct_cat&post=404"},{"taxonomy":"product_tag","embeddable":true,"href":"https:\/\/gambinieditore.studiozerocinque.it\/index.php?rest_route=%2Fwp%2Fv2%2Fproduct_tag&post=404"}],"curies":[{"name":"wp","href":"https:\/\/api.w.org\/{rel}","templated":true}]}}