{"id":428,"date":"2022-02-11T18:43:02","date_gmt":"2022-02-11T17:43:02","guid":{"rendered":"https:\/\/gambinieditore.studiozerocinque.it\/prodotto\/cinque-canzoni-e-bonus-track-di-claudio-chiavari\/"},"modified":"2022-02-11T18:43:02","modified_gmt":"2022-02-11T17:43:02","slug":"cinque-canzoni-e-bonus-track-di-claudio-chiavari","status":"publish","type":"product","link":"https:\/\/gambinieditore.studiozerocinque.it\/?product=cinque-canzoni-e-bonus-track-di-claudio-chiavari","title":{"rendered":"Cinque canzoni e bonus track, di Claudio Chiavari"},"content":{"rendered":"<p>Ci sono canzoni che arrivano inaspettatamente nella tua vita e ti rimangono dentro per sempre. Ci sono canzoni che vivi da protagonista perch\u00e9 le loro parole coincidono con le tue avventure e sventure. Beatrice e Paolo sono l&#8217;esempio di come la musica pu\u00f2 raccontare storie di gente comune, di ragazzi e ragazze della porta accanto. \u00c8 una generazione che si racconta tramite la musica che ha vissuto. E non sono soli<\/p>\n","protected":false},"excerpt":{"rendered":"<p>Cinque canzoni e una BONUS TRACK di Claudio Chiavari<\/p>\n","protected":false},"featured_media":427,"comment_status":"open","ping_status":"closed","template":"","meta":[],"product_brand":[],"product_cat":[18],"product_tag":[],"class_list":{"0":"post-428","1":"product","2":"type-product","3":"status-publish","4":"has-post-thumbnail","6":"product_cat-libri","8":"first","9":"instock","10":"shipping-taxable","11":"purchasable","12":"product-type-simple"},"yoast_head":"<!-- This site is optimized with the Yoast SEO plugin v25.9 - https:\/\/yoast.com\/wordpress\/plugins\/seo\/ -->\n<title>Cinque canzoni e bonus track, di Claudio Chiavari - Gambini Editore<\/title>\n<meta name=\"robots\" content=\"noindex, follow, max-snippet:-1, max-image-preview:large, max-video-preview:-1\" \/>\n<meta property=\"og:locale\" content=\"it_IT\" \/>\n<meta property=\"og:type\" content=\"article\" \/>\n<meta property=\"og:title\" content=\"Cinque canzoni e bonus track, di Claudio Chiavari - Gambini Editore\" \/>\n<meta property=\"og:description\" content=\"Cinque canzoni e una BONUS TRACK di Claudio Chiavari\" \/>\n<meta property=\"og:url\" content=\"https:\/\/gambinieditore.studiozerocinque.it\/?product=cinque-canzoni-e-bonus-track-di-claudio-chiavari\" \/>\n<meta property=\"og:site_name\" content=\"Gambini Editore\" \/>\n<meta property=\"og:image\" content=\"https:\/\/gambinieditore.studiozerocinque.it\/wp-content\/uploads\/2022\/02\/228-Cinque-canzoni-e-bonus-track-di-Claudio-Chiavari.jpg\" \/>\n\t<meta property=\"og:image:width\" content=\"724\" \/>\n\t<meta property=\"og:image:height\" content=\"1048\" \/>\n\t<meta property=\"og:image:type\" content=\"image\/jpeg\" \/>\n<meta name=\"twitter:card\" content=\"summary_large_image\" \/>\n<script type=\"application\/ld+json\" class=\"yoast-schema-graph\">{\"@context\":\"https:\/\/schema.org\",\"@graph\":[{\"@type\":\"WebPage\",\"@id\":\"https:\/\/gambinieditore.studiozerocinque.it\/?product=cinque-canzoni-e-bonus-track-di-claudio-chiavari\",\"url\":\"https:\/\/gambinieditore.studiozerocinque.it\/?product=cinque-canzoni-e-bonus-track-di-claudio-chiavari\",\"name\":\"Cinque canzoni e bonus track, di Claudio Chiavari - Gambini Editore\",\"isPartOf\":{\"@id\":\"https:\/\/gambinieditore.studiozerocinque.it\/#website\"},\"primaryImageOfPage\":{\"@id\":\"https:\/\/gambinieditore.studiozerocinque.it\/?product=cinque-canzoni-e-bonus-track-di-claudio-chiavari#primaryimage\"},\"image\":{\"@id\":\"https:\/\/gambinieditore.studiozerocinque.it\/?product=cinque-canzoni-e-bonus-track-di-claudio-chiavari#primaryimage\"},\"thumbnailUrl\":\"https:\/\/gambinieditore.studiozerocinque.it\/wp-content\/uploads\/2022\/02\/228-Cinque-canzoni-e-bonus-track-di-Claudio-Chiavari.jpg\",\"datePublished\":\"2022-02-11T17:43:02+00:00\",\"breadcrumb\":{\"@id\":\"https:\/\/gambinieditore.studiozerocinque.it\/?product=cinque-canzoni-e-bonus-track-di-claudio-chiavari#breadcrumb\"},\"inLanguage\":\"it-IT\",\"potentialAction\":[{\"@type\":\"ReadAction\",\"target\":[\"https:\/\/gambinieditore.studiozerocinque.it\/?product=cinque-canzoni-e-bonus-track-di-claudio-chiavari\"]}]},{\"@type\":\"ImageObject\",\"inLanguage\":\"it-IT\",\"@id\":\"https:\/\/gambinieditore.studiozerocinque.it\/?product=cinque-canzoni-e-bonus-track-di-claudio-chiavari#primaryimage\",\"url\":\"https:\/\/gambinieditore.studiozerocinque.it\/wp-content\/uploads\/2022\/02\/228-Cinque-canzoni-e-bonus-track-di-Claudio-Chiavari.jpg\",\"contentUrl\":\"https:\/\/gambinieditore.studiozerocinque.it\/wp-content\/uploads\/2022\/02\/228-Cinque-canzoni-e-bonus-track-di-Claudio-Chiavari.jpg\",\"width\":724,\"height\":1048,\"caption\":\"Cinque canzoni e bonus track, di Claudio Chiavari\"},{\"@type\":\"BreadcrumbList\",\"@id\":\"https:\/\/gambinieditore.studiozerocinque.it\/?product=cinque-canzoni-e-bonus-track-di-claudio-chiavari#breadcrumb\",\"itemListElement\":[{\"@type\":\"ListItem\",\"position\":1,\"name\":\"Home\",\"item\":\"https:\/\/gambinieditore.studiozerocinque.it\/\"},{\"@type\":\"ListItem\",\"position\":2,\"name\":\"Catalogo\",\"item\":\"https:\/\/gambinieditore.studiozerocinque.it\/?page_id=7\"},{\"@type\":\"ListItem\",\"position\":3,\"name\":\"Cinque canzoni e bonus track, di Claudio Chiavari\"}]},{\"@type\":\"WebSite\",\"@id\":\"https:\/\/gambinieditore.studiozerocinque.it\/#website\",\"url\":\"https:\/\/gambinieditore.studiozerocinque.it\/\",\"name\":\"Gambini Editore\",\"description\":\"\",\"potentialAction\":[{\"@type\":\"SearchAction\",\"target\":{\"@type\":\"EntryPoint\",\"urlTemplate\":\"https:\/\/gambinieditore.studiozerocinque.it\/?s={search_term_string}\"},\"query-input\":{\"@type\":\"PropertyValueSpecification\",\"valueRequired\":true,\"valueName\":\"search_term_string\"}}],\"inLanguage\":\"it-IT\"}]}<\/script>\n<!-- \/ Yoast SEO plugin. -->","yoast_head_json":{"title":"Cinque canzoni e bonus track, di Claudio Chiavari - Gambini Editore","robots":{"index":"noindex","follow":"follow","max-snippet":"max-snippet:-1","max-image-preview":"max-image-preview:large","max-video-preview":"max-video-preview:-1"},"og_locale":"it_IT","og_type":"article","og_title":"Cinque canzoni e bonus track, di Claudio Chiavari - Gambini Editore","og_description":"Cinque canzoni e una BONUS TRACK di Claudio Chiavari","og_url":"https:\/\/gambinieditore.studiozerocinque.it\/?product=cinque-canzoni-e-bonus-track-di-claudio-chiavari","og_site_name":"Gambini Editore","og_image":[{"width":724,"height":1048,"url":"https:\/\/gambinieditore.studiozerocinque.it\/wp-content\/uploads\/2022\/02\/228-Cinque-canzoni-e-bonus-track-di-Claudio-Chiavari.jpg","type":"image\/jpeg"}],"twitter_card":"summary_large_image","schema":{"@context":"https:\/\/schema.org","@graph":[{"@type":"WebPage","@id":"https:\/\/gambinieditore.studiozerocinque.it\/?product=cinque-canzoni-e-bonus-track-di-claudio-chiavari","url":"https:\/\/gambinieditore.studiozerocinque.it\/?product=cinque-canzoni-e-bonus-track-di-claudio-chiavari","name":"Cinque canzoni e bonus track, di Claudio Chiavari - Gambini Editore","isPartOf":{"@id":"https:\/\/gambinieditore.studiozerocinque.it\/#website"},"primaryImageOfPage":{"@id":"https:\/\/gambinieditore.studiozerocinque.it\/?product=cinque-canzoni-e-bonus-track-di-claudio-chiavari#primaryimage"},"image":{"@id":"https:\/\/gambinieditore.studiozerocinque.it\/?product=cinque-canzoni-e-bonus-track-di-claudio-chiavari#primaryimage"},"thumbnailUrl":"https:\/\/gambinieditore.studiozerocinque.it\/wp-content\/uploads\/2022\/02\/228-Cinque-canzoni-e-bonus-track-di-Claudio-Chiavari.jpg","datePublished":"2022-02-11T17:43:02+00:00","breadcrumb":{"@id":"https:\/\/gambinieditore.studiozerocinque.it\/?product=cinque-canzoni-e-bonus-track-di-claudio-chiavari#breadcrumb"},"inLanguage":"it-IT","potentialAction":[{"@type":"ReadAction","target":["https:\/\/gambinieditore.studiozerocinque.it\/?product=cinque-canzoni-e-bonus-track-di-claudio-chiavari"]}]},{"@type":"ImageObject","inLanguage":"it-IT","@id":"https:\/\/gambinieditore.studiozerocinque.it\/?product=cinque-canzoni-e-bonus-track-di-claudio-chiavari#primaryimage","url":"https:\/\/gambinieditore.studiozerocinque.it\/wp-content\/uploads\/2022\/02\/228-Cinque-canzoni-e-bonus-track-di-Claudio-Chiavari.jpg","contentUrl":"https:\/\/gambinieditore.studiozerocinque.it\/wp-content\/uploads\/2022\/02\/228-Cinque-canzoni-e-bonus-track-di-Claudio-Chiavari.jpg","width":724,"height":1048,"caption":"Cinque canzoni e bonus track, di Claudio Chiavari"},{"@type":"BreadcrumbList","@id":"https:\/\/gambinieditore.studiozerocinque.it\/?product=cinque-canzoni-e-bonus-track-di-claudio-chiavari#breadcrumb","itemListElement":[{"@type":"ListItem","position":1,"name":"Home","item":"https:\/\/gambinieditore.studiozerocinque.it\/"},{"@type":"ListItem","position":2,"name":"Catalogo","item":"https:\/\/gambinieditore.studiozerocinque.it\/?page_id=7"},{"@type":"ListItem","position":3,"name":"Cinque canzoni e bonus track, di Claudio Chiavari"}]},{"@type":"WebSite","@id":"https:\/\/gambinieditore.studiozerocinque.it\/#website","url":"https:\/\/gambinieditore.studiozerocinque.it\/","name":"Gambini Editore","description":"","potentialAction":[{"@type":"SearchAction","target":{"@type":"EntryPoint","urlTemplate":"https:\/\/gambinieditore.studiozerocinque.it\/?s={search_term_string}"},"query-input":{"@type":"PropertyValueSpecification","valueRequired":true,"valueName":"search_term_string"}}],"inLanguage":"it-IT"}]}},"_links":{"self":[{"href":"https:\/\/gambinieditore.studiozerocinque.it\/index.php?rest_route=\/wp\/v2\/product\/428","targetHints":{"allow":["GET"]}}],"collection":[{"href":"https:\/\/gambinieditore.studiozerocinque.it\/index.php?rest_route=\/wp\/v2\/product"}],"about":[{"href":"https:\/\/gambinieditore.studiozerocinque.it\/index.php?rest_route=\/wp\/v2\/types\/product"}],"replies":[{"embeddable":true,"href":"https:\/\/gambinieditore.studiozerocinque.it\/index.php?rest_route=%2Fwp%2Fv2%2Fcomments&post=428"}],"wp:featuredmedia":[{"embeddable":true,"href":"https:\/\/gambinieditore.studiozerocinque.it\/index.php?rest_route=\/wp\/v2\/media\/427"}],"wp:attachment":[{"href":"https:\/\/gambinieditore.studiozerocinque.it\/index.php?rest_route=%2Fwp%2Fv2%2Fmedia&parent=428"}],"wp:term":[{"taxonomy":"product_brand","embeddable":true,"href":"https:\/\/gambinieditore.studiozerocinque.it\/index.php?rest_route=%2Fwp%2Fv2%2Fproduct_brand&post=428"},{"taxonomy":"product_cat","embeddable":true,"href":"https:\/\/gambinieditore.studiozerocinque.it\/index.php?rest_route=%2Fwp%2Fv2%2Fproduct_cat&post=428"},{"taxonomy":"product_tag","embeddable":true,"href":"https:\/\/gambinieditore.studiozerocinque.it\/index.php?rest_route=%2Fwp%2Fv2%2Fproduct_tag&post=428"}],"curies":[{"name":"wp","href":"https:\/\/api.w.org\/{rel}","templated":true}]}}