{"id":492,"date":"2022-02-11T18:43:15","date_gmt":"2022-02-11T17:43:15","guid":{"rendered":"https:\/\/gambinieditore.studiozerocinque.it\/prodotto\/ali-d-un-sogno-poesie-di-annalena-cimino\/"},"modified":"2025-09-11T10:01:06","modified_gmt":"2025-09-11T08:01:06","slug":"ali-d-un-sogno-poesie-di-annalena-cimino","status":"publish","type":"product","link":"https:\/\/gambinieditore.studiozerocinque.it\/?product=ali-d-un-sogno-poesie-di-annalena-cimino","title":{"rendered":"Ali d&#8217;un sogno. Poesie di Annalena Cimino"},"content":{"rendered":"<p>La natura, i profumi, i risvegli fra braccia amate, frammenti di luoghi e di momenti vissuti, costituiscono l&#8217;alfabeto poetico di Annalena Cimino. L&#8217;ispirazione della raccolta <em>Ali d&#8217;un sogno <\/em>\u00e9 intessuta di parole di mare, \u00e9 invasa dal profumo della salsedine. \u00c8 l&#8217;estate che irrompe con il suo canto di cicala e diventa alcova d&#8217;amore, mentre l&#8217;inverno racconta la lontananza, la mancanza, il ricordo. E poi c&#8217;\u00e9 il mare, che ha immagini per ogni stato d&#8217;animo, per ogni fragranza, per ogni ricordo, per le infinite sfumature delle emozioni.<\/p>\n","protected":false},"excerpt":{"rendered":"<p>ALI D&#8217;UN SOGNO Poesie di Annalena Cimino<\/p>\n","protected":false},"featured_media":1356,"comment_status":"open","ping_status":"closed","template":"","meta":[],"product_brand":[],"product_cat":[18],"product_tag":[],"class_list":{"0":"post-492","1":"product","2":"type-product","3":"status-publish","4":"has-post-thumbnail","6":"product_cat-libri","8":"first","9":"instock","10":"shipping-taxable","11":"purchasable","12":"product-type-simple"},"yoast_head":"<!-- This site is optimized with the Yoast SEO plugin v25.9 - https:\/\/yoast.com\/wordpress\/plugins\/seo\/ -->\n<title>Ali d&#039;un sogno. Poesie di Annalena Cimino - Gambini Editore<\/title>\n<meta name=\"robots\" content=\"noindex, follow, max-snippet:-1, max-image-preview:large, max-video-preview:-1\" \/>\n<meta property=\"og:locale\" content=\"it_IT\" \/>\n<meta property=\"og:type\" content=\"article\" \/>\n<meta property=\"og:title\" content=\"Ali d&#039;un sogno. Poesie di Annalena Cimino - Gambini Editore\" \/>\n<meta property=\"og:description\" content=\"ALI D&#039;UN SOGNO Poesie di Annalena Cimino\" \/>\n<meta property=\"og:url\" content=\"https:\/\/gambinieditore.studiozerocinque.it\/?product=ali-d-un-sogno-poesie-di-annalena-cimino\" \/>\n<meta property=\"og:site_name\" content=\"Gambini Editore\" \/>\n<meta property=\"article:modified_time\" content=\"2025-09-11T08:01:06+00:00\" \/>\n<meta property=\"og:image\" content=\"https:\/\/gambinieditore.studiozerocinque.it\/wp-content\/uploads\/2022\/02\/467-Ali-dun-sogno.-Poesie-di-Annalena-Cimino.jpg\" \/>\n\t<meta property=\"og:image:width\" content=\"1637\" \/>\n\t<meta property=\"og:image:height\" content=\"2134\" \/>\n\t<meta property=\"og:image:type\" content=\"image\/jpeg\" \/>\n<meta name=\"twitter:card\" content=\"summary_large_image\" \/>\n<script type=\"application\/ld+json\" class=\"yoast-schema-graph\">{\"@context\":\"https:\/\/schema.org\",\"@graph\":[{\"@type\":\"WebPage\",\"@id\":\"https:\/\/gambinieditore.studiozerocinque.it\/?product=ali-d-un-sogno-poesie-di-annalena-cimino\",\"url\":\"https:\/\/gambinieditore.studiozerocinque.it\/?product=ali-d-un-sogno-poesie-di-annalena-cimino\",\"name\":\"Ali d'un sogno. Poesie di Annalena Cimino - Gambini Editore\",\"isPartOf\":{\"@id\":\"https:\/\/gambinieditore.studiozerocinque.it\/#website\"},\"primaryImageOfPage\":{\"@id\":\"https:\/\/gambinieditore.studiozerocinque.it\/?product=ali-d-un-sogno-poesie-di-annalena-cimino#primaryimage\"},\"image\":{\"@id\":\"https:\/\/gambinieditore.studiozerocinque.it\/?product=ali-d-un-sogno-poesie-di-annalena-cimino#primaryimage\"},\"thumbnailUrl\":\"https:\/\/gambinieditore.studiozerocinque.it\/wp-content\/uploads\/2022\/02\/467-Ali-dun-sogno.-Poesie-di-Annalena-Cimino.jpg\",\"datePublished\":\"2022-02-11T17:43:15+00:00\",\"dateModified\":\"2025-09-11T08:01:06+00:00\",\"breadcrumb\":{\"@id\":\"https:\/\/gambinieditore.studiozerocinque.it\/?product=ali-d-un-sogno-poesie-di-annalena-cimino#breadcrumb\"},\"inLanguage\":\"it-IT\",\"potentialAction\":[{\"@type\":\"ReadAction\",\"target\":[\"https:\/\/gambinieditore.studiozerocinque.it\/?product=ali-d-un-sogno-poesie-di-annalena-cimino\"]}]},{\"@type\":\"ImageObject\",\"inLanguage\":\"it-IT\",\"@id\":\"https:\/\/gambinieditore.studiozerocinque.it\/?product=ali-d-un-sogno-poesie-di-annalena-cimino#primaryimage\",\"url\":\"https:\/\/gambinieditore.studiozerocinque.it\/wp-content\/uploads\/2022\/02\/467-Ali-dun-sogno.-Poesie-di-Annalena-Cimino.jpg\",\"contentUrl\":\"https:\/\/gambinieditore.studiozerocinque.it\/wp-content\/uploads\/2022\/02\/467-Ali-dun-sogno.-Poesie-di-Annalena-Cimino.jpg\",\"width\":1637,\"height\":2134,\"caption\":\"Ali d'un sogno. Poesie di Annalena Cimino\"},{\"@type\":\"BreadcrumbList\",\"@id\":\"https:\/\/gambinieditore.studiozerocinque.it\/?product=ali-d-un-sogno-poesie-di-annalena-cimino#breadcrumb\",\"itemListElement\":[{\"@type\":\"ListItem\",\"position\":1,\"name\":\"Home\",\"item\":\"https:\/\/gambinieditore.studiozerocinque.it\/\"},{\"@type\":\"ListItem\",\"position\":2,\"name\":\"Catalogo\",\"item\":\"https:\/\/gambinieditore.studiozerocinque.it\/?page_id=7\"},{\"@type\":\"ListItem\",\"position\":3,\"name\":\"Ali d&#8217;un sogno. Poesie di Annalena Cimino\"}]},{\"@type\":\"WebSite\",\"@id\":\"https:\/\/gambinieditore.studiozerocinque.it\/#website\",\"url\":\"https:\/\/gambinieditore.studiozerocinque.it\/\",\"name\":\"Gambini Editore\",\"description\":\"\",\"potentialAction\":[{\"@type\":\"SearchAction\",\"target\":{\"@type\":\"EntryPoint\",\"urlTemplate\":\"https:\/\/gambinieditore.studiozerocinque.it\/?s={search_term_string}\"},\"query-input\":{\"@type\":\"PropertyValueSpecification\",\"valueRequired\":true,\"valueName\":\"search_term_string\"}}],\"inLanguage\":\"it-IT\"}]}<\/script>\n<!-- \/ Yoast SEO plugin. -->","yoast_head_json":{"title":"Ali d'un sogno. Poesie di Annalena Cimino - Gambini Editore","robots":{"index":"noindex","follow":"follow","max-snippet":"max-snippet:-1","max-image-preview":"max-image-preview:large","max-video-preview":"max-video-preview:-1"},"og_locale":"it_IT","og_type":"article","og_title":"Ali d'un sogno. Poesie di Annalena Cimino - Gambini Editore","og_description":"ALI D'UN SOGNO Poesie di Annalena Cimino","og_url":"https:\/\/gambinieditore.studiozerocinque.it\/?product=ali-d-un-sogno-poesie-di-annalena-cimino","og_site_name":"Gambini Editore","article_modified_time":"2025-09-11T08:01:06+00:00","og_image":[{"width":1637,"height":2134,"url":"https:\/\/gambinieditore.studiozerocinque.it\/wp-content\/uploads\/2022\/02\/467-Ali-dun-sogno.-Poesie-di-Annalena-Cimino.jpg","type":"image\/jpeg"}],"twitter_card":"summary_large_image","schema":{"@context":"https:\/\/schema.org","@graph":[{"@type":"WebPage","@id":"https:\/\/gambinieditore.studiozerocinque.it\/?product=ali-d-un-sogno-poesie-di-annalena-cimino","url":"https:\/\/gambinieditore.studiozerocinque.it\/?product=ali-d-un-sogno-poesie-di-annalena-cimino","name":"Ali d'un sogno. Poesie di Annalena Cimino - Gambini Editore","isPartOf":{"@id":"https:\/\/gambinieditore.studiozerocinque.it\/#website"},"primaryImageOfPage":{"@id":"https:\/\/gambinieditore.studiozerocinque.it\/?product=ali-d-un-sogno-poesie-di-annalena-cimino#primaryimage"},"image":{"@id":"https:\/\/gambinieditore.studiozerocinque.it\/?product=ali-d-un-sogno-poesie-di-annalena-cimino#primaryimage"},"thumbnailUrl":"https:\/\/gambinieditore.studiozerocinque.it\/wp-content\/uploads\/2022\/02\/467-Ali-dun-sogno.-Poesie-di-Annalena-Cimino.jpg","datePublished":"2022-02-11T17:43:15+00:00","dateModified":"2025-09-11T08:01:06+00:00","breadcrumb":{"@id":"https:\/\/gambinieditore.studiozerocinque.it\/?product=ali-d-un-sogno-poesie-di-annalena-cimino#breadcrumb"},"inLanguage":"it-IT","potentialAction":[{"@type":"ReadAction","target":["https:\/\/gambinieditore.studiozerocinque.it\/?product=ali-d-un-sogno-poesie-di-annalena-cimino"]}]},{"@type":"ImageObject","inLanguage":"it-IT","@id":"https:\/\/gambinieditore.studiozerocinque.it\/?product=ali-d-un-sogno-poesie-di-annalena-cimino#primaryimage","url":"https:\/\/gambinieditore.studiozerocinque.it\/wp-content\/uploads\/2022\/02\/467-Ali-dun-sogno.-Poesie-di-Annalena-Cimino.jpg","contentUrl":"https:\/\/gambinieditore.studiozerocinque.it\/wp-content\/uploads\/2022\/02\/467-Ali-dun-sogno.-Poesie-di-Annalena-Cimino.jpg","width":1637,"height":2134,"caption":"Ali d'un sogno. Poesie di Annalena Cimino"},{"@type":"BreadcrumbList","@id":"https:\/\/gambinieditore.studiozerocinque.it\/?product=ali-d-un-sogno-poesie-di-annalena-cimino#breadcrumb","itemListElement":[{"@type":"ListItem","position":1,"name":"Home","item":"https:\/\/gambinieditore.studiozerocinque.it\/"},{"@type":"ListItem","position":2,"name":"Catalogo","item":"https:\/\/gambinieditore.studiozerocinque.it\/?page_id=7"},{"@type":"ListItem","position":3,"name":"Ali d&#8217;un sogno. Poesie di Annalena Cimino"}]},{"@type":"WebSite","@id":"https:\/\/gambinieditore.studiozerocinque.it\/#website","url":"https:\/\/gambinieditore.studiozerocinque.it\/","name":"Gambini Editore","description":"","potentialAction":[{"@type":"SearchAction","target":{"@type":"EntryPoint","urlTemplate":"https:\/\/gambinieditore.studiozerocinque.it\/?s={search_term_string}"},"query-input":{"@type":"PropertyValueSpecification","valueRequired":true,"valueName":"search_term_string"}}],"inLanguage":"it-IT"}]}},"_links":{"self":[{"href":"https:\/\/gambinieditore.studiozerocinque.it\/index.php?rest_route=\/wp\/v2\/product\/492","targetHints":{"allow":["GET"]}}],"collection":[{"href":"https:\/\/gambinieditore.studiozerocinque.it\/index.php?rest_route=\/wp\/v2\/product"}],"about":[{"href":"https:\/\/gambinieditore.studiozerocinque.it\/index.php?rest_route=\/wp\/v2\/types\/product"}],"replies":[{"embeddable":true,"href":"https:\/\/gambinieditore.studiozerocinque.it\/index.php?rest_route=%2Fwp%2Fv2%2Fcomments&post=492"}],"wp:featuredmedia":[{"embeddable":true,"href":"https:\/\/gambinieditore.studiozerocinque.it\/index.php?rest_route=\/wp\/v2\/media\/1356"}],"wp:attachment":[{"href":"https:\/\/gambinieditore.studiozerocinque.it\/index.php?rest_route=%2Fwp%2Fv2%2Fmedia&parent=492"}],"wp:term":[{"taxonomy":"product_brand","embeddable":true,"href":"https:\/\/gambinieditore.studiozerocinque.it\/index.php?rest_route=%2Fwp%2Fv2%2Fproduct_brand&post=492"},{"taxonomy":"product_cat","embeddable":true,"href":"https:\/\/gambinieditore.studiozerocinque.it\/index.php?rest_route=%2Fwp%2Fv2%2Fproduct_cat&post=492"},{"taxonomy":"product_tag","embeddable":true,"href":"https:\/\/gambinieditore.studiozerocinque.it\/index.php?rest_route=%2Fwp%2Fv2%2Fproduct_tag&post=492"}],"curies":[{"name":"wp","href":"https:\/\/api.w.org\/{rel}","templated":true}]}}