{"id":496,"date":"2022-02-11T18:43:15","date_gmt":"2022-02-11T17:43:15","guid":{"rendered":"https:\/\/gambinieditore.studiozerocinque.it\/prodotto\/ricordi-di-gianni-farina\/"},"modified":"2022-02-11T18:43:15","modified_gmt":"2022-02-11T17:43:15","slug":"ricordi-di-gianni-farina","status":"publish","type":"product","link":"https:\/\/gambinieditore.studiozerocinque.it\/?product=ricordi-di-gianni-farina","title":{"rendered":"Ricordi, di Gianni Farina"},"content":{"rendered":"<p>Per Gianni Farina le storie costituiscono l&#8217;alfabeto basilare per raccontare la Storia con la S maiuscola, che \u00e9 una complessa architettura a cui si accede affidandosi a una prospettiva che includa esperienze, testimonianze, saperi, stimoli. Questa \u00e9 l&#8217;operazione che l&#8217;autore realizza nel suo <em>Ricordi<\/em>, una miscellanea che raccoglie alcuni articoli usciti per la rubrica <em>Storie <\/em>della rivista <em>La Pagina<\/em>, giornale in lingua italiana pubblicato in Svizzera. Squarci di vita sociale e di storia del paese sono descritti attraverso il ritratto di persone e vicende comuni, analisi e riflessioni su temi di attualit\u00e0\u00a0 e cultura, illustrati con l&#8217;impegno e la passione di chi, facendo politica sul campo, \u00e9 stato testimone diretto del flusso degli eventi cruciali che hanno attraversato il continente negli ultimi decenni. \u00c8 coinvolgente e quasi travolgente l&#8217;abilit\u00e0\u00a0 dell&#8217;autore nello spostare la propria attenzione lungo uno scacchiere complesso e sfaccettato, muovendosi con agilit\u00e0\u00a0 sulla linea del tempo e dello spazio. Questa \u00e9 dunque, molti di pi\u00f9 di susseguirsi di articoli, sono &#8220;storie che diventano storia&#8221;, in un fluire e concatenarsi narrativo che dimostra come nessuna esistenza e nessun tassello del vivere personale e civile siano slegati dai grandi accadimenti. Al contrario, ne costituiscono il linguaggio pi\u00f9 vitale e dinamico.<\/p>\n","protected":false},"excerpt":{"rendered":"<p>RICORDI. L&#8217;emigrazione italiana tra storia e leggenda di Gianni Farina<\/p>\n","protected":false},"featured_media":495,"comment_status":"open","ping_status":"closed","template":"","meta":[],"product_brand":[],"product_cat":[18],"product_tag":[],"class_list":{"0":"post-496","1":"product","2":"type-product","3":"status-publish","4":"has-post-thumbnail","6":"product_cat-libri","8":"first","9":"instock","10":"shipping-taxable","11":"purchasable","12":"product-type-simple"},"yoast_head":"<!-- This site is optimized with the Yoast SEO plugin v25.9 - https:\/\/yoast.com\/wordpress\/plugins\/seo\/ -->\n<title>Ricordi, di Gianni Farina - Gambini Editore<\/title>\n<meta name=\"robots\" content=\"noindex, follow, max-snippet:-1, max-image-preview:large, max-video-preview:-1\" \/>\n<meta property=\"og:locale\" content=\"it_IT\" \/>\n<meta property=\"og:type\" content=\"article\" \/>\n<meta property=\"og:title\" content=\"Ricordi, di Gianni Farina - Gambini Editore\" \/>\n<meta property=\"og:description\" content=\"RICORDI. L&#039;emigrazione italiana tra storia e leggenda di Gianni Farina\" \/>\n<meta property=\"og:url\" content=\"https:\/\/gambinieditore.studiozerocinque.it\/?product=ricordi-di-gianni-farina\" \/>\n<meta property=\"og:site_name\" content=\"Gambini Editore\" \/>\n<meta property=\"og:image\" content=\"https:\/\/gambinieditore.studiozerocinque.it\/wp-content\/uploads\/2022\/02\/264-Ricordi-di-Gianni-Farina.jpg\" \/>\n\t<meta property=\"og:image:width\" content=\"857\" \/>\n\t<meta property=\"og:image:height\" content=\"1211\" \/>\n\t<meta property=\"og:image:type\" content=\"image\/jpeg\" \/>\n<meta name=\"twitter:card\" content=\"summary_large_image\" \/>\n<meta name=\"twitter:label1\" content=\"Tempo di lettura stimato\" \/>\n\t<meta name=\"twitter:data1\" content=\"1 minuto\" \/>\n<script type=\"application\/ld+json\" class=\"yoast-schema-graph\">{\"@context\":\"https:\/\/schema.org\",\"@graph\":[{\"@type\":\"WebPage\",\"@id\":\"https:\/\/gambinieditore.studiozerocinque.it\/?product=ricordi-di-gianni-farina\",\"url\":\"https:\/\/gambinieditore.studiozerocinque.it\/?product=ricordi-di-gianni-farina\",\"name\":\"Ricordi, di Gianni Farina - Gambini Editore\",\"isPartOf\":{\"@id\":\"https:\/\/gambinieditore.studiozerocinque.it\/#website\"},\"primaryImageOfPage\":{\"@id\":\"https:\/\/gambinieditore.studiozerocinque.it\/?product=ricordi-di-gianni-farina#primaryimage\"},\"image\":{\"@id\":\"https:\/\/gambinieditore.studiozerocinque.it\/?product=ricordi-di-gianni-farina#primaryimage\"},\"thumbnailUrl\":\"https:\/\/gambinieditore.studiozerocinque.it\/wp-content\/uploads\/2022\/02\/264-Ricordi-di-Gianni-Farina.jpg\",\"datePublished\":\"2022-02-11T17:43:15+00:00\",\"breadcrumb\":{\"@id\":\"https:\/\/gambinieditore.studiozerocinque.it\/?product=ricordi-di-gianni-farina#breadcrumb\"},\"inLanguage\":\"it-IT\",\"potentialAction\":[{\"@type\":\"ReadAction\",\"target\":[\"https:\/\/gambinieditore.studiozerocinque.it\/?product=ricordi-di-gianni-farina\"]}]},{\"@type\":\"ImageObject\",\"inLanguage\":\"it-IT\",\"@id\":\"https:\/\/gambinieditore.studiozerocinque.it\/?product=ricordi-di-gianni-farina#primaryimage\",\"url\":\"https:\/\/gambinieditore.studiozerocinque.it\/wp-content\/uploads\/2022\/02\/264-Ricordi-di-Gianni-Farina.jpg\",\"contentUrl\":\"https:\/\/gambinieditore.studiozerocinque.it\/wp-content\/uploads\/2022\/02\/264-Ricordi-di-Gianni-Farina.jpg\",\"width\":857,\"height\":1211,\"caption\":\"Ricordi, di Gianni Farina\"},{\"@type\":\"BreadcrumbList\",\"@id\":\"https:\/\/gambinieditore.studiozerocinque.it\/?product=ricordi-di-gianni-farina#breadcrumb\",\"itemListElement\":[{\"@type\":\"ListItem\",\"position\":1,\"name\":\"Home\",\"item\":\"https:\/\/gambinieditore.studiozerocinque.it\/\"},{\"@type\":\"ListItem\",\"position\":2,\"name\":\"Catalogo\",\"item\":\"https:\/\/gambinieditore.studiozerocinque.it\/?page_id=7\"},{\"@type\":\"ListItem\",\"position\":3,\"name\":\"Ricordi, di Gianni Farina\"}]},{\"@type\":\"WebSite\",\"@id\":\"https:\/\/gambinieditore.studiozerocinque.it\/#website\",\"url\":\"https:\/\/gambinieditore.studiozerocinque.it\/\",\"name\":\"Gambini Editore\",\"description\":\"\",\"potentialAction\":[{\"@type\":\"SearchAction\",\"target\":{\"@type\":\"EntryPoint\",\"urlTemplate\":\"https:\/\/gambinieditore.studiozerocinque.it\/?s={search_term_string}\"},\"query-input\":{\"@type\":\"PropertyValueSpecification\",\"valueRequired\":true,\"valueName\":\"search_term_string\"}}],\"inLanguage\":\"it-IT\"}]}<\/script>\n<!-- \/ Yoast SEO plugin. -->","yoast_head_json":{"title":"Ricordi, di Gianni Farina - Gambini Editore","robots":{"index":"noindex","follow":"follow","max-snippet":"max-snippet:-1","max-image-preview":"max-image-preview:large","max-video-preview":"max-video-preview:-1"},"og_locale":"it_IT","og_type":"article","og_title":"Ricordi, di Gianni Farina - Gambini Editore","og_description":"RICORDI. L'emigrazione italiana tra storia e leggenda di Gianni Farina","og_url":"https:\/\/gambinieditore.studiozerocinque.it\/?product=ricordi-di-gianni-farina","og_site_name":"Gambini Editore","og_image":[{"width":857,"height":1211,"url":"https:\/\/gambinieditore.studiozerocinque.it\/wp-content\/uploads\/2022\/02\/264-Ricordi-di-Gianni-Farina.jpg","type":"image\/jpeg"}],"twitter_card":"summary_large_image","twitter_misc":{"Tempo di lettura stimato":"1 minuto"},"schema":{"@context":"https:\/\/schema.org","@graph":[{"@type":"WebPage","@id":"https:\/\/gambinieditore.studiozerocinque.it\/?product=ricordi-di-gianni-farina","url":"https:\/\/gambinieditore.studiozerocinque.it\/?product=ricordi-di-gianni-farina","name":"Ricordi, di Gianni Farina - Gambini Editore","isPartOf":{"@id":"https:\/\/gambinieditore.studiozerocinque.it\/#website"},"primaryImageOfPage":{"@id":"https:\/\/gambinieditore.studiozerocinque.it\/?product=ricordi-di-gianni-farina#primaryimage"},"image":{"@id":"https:\/\/gambinieditore.studiozerocinque.it\/?product=ricordi-di-gianni-farina#primaryimage"},"thumbnailUrl":"https:\/\/gambinieditore.studiozerocinque.it\/wp-content\/uploads\/2022\/02\/264-Ricordi-di-Gianni-Farina.jpg","datePublished":"2022-02-11T17:43:15+00:00","breadcrumb":{"@id":"https:\/\/gambinieditore.studiozerocinque.it\/?product=ricordi-di-gianni-farina#breadcrumb"},"inLanguage":"it-IT","potentialAction":[{"@type":"ReadAction","target":["https:\/\/gambinieditore.studiozerocinque.it\/?product=ricordi-di-gianni-farina"]}]},{"@type":"ImageObject","inLanguage":"it-IT","@id":"https:\/\/gambinieditore.studiozerocinque.it\/?product=ricordi-di-gianni-farina#primaryimage","url":"https:\/\/gambinieditore.studiozerocinque.it\/wp-content\/uploads\/2022\/02\/264-Ricordi-di-Gianni-Farina.jpg","contentUrl":"https:\/\/gambinieditore.studiozerocinque.it\/wp-content\/uploads\/2022\/02\/264-Ricordi-di-Gianni-Farina.jpg","width":857,"height":1211,"caption":"Ricordi, di Gianni Farina"},{"@type":"BreadcrumbList","@id":"https:\/\/gambinieditore.studiozerocinque.it\/?product=ricordi-di-gianni-farina#breadcrumb","itemListElement":[{"@type":"ListItem","position":1,"name":"Home","item":"https:\/\/gambinieditore.studiozerocinque.it\/"},{"@type":"ListItem","position":2,"name":"Catalogo","item":"https:\/\/gambinieditore.studiozerocinque.it\/?page_id=7"},{"@type":"ListItem","position":3,"name":"Ricordi, di Gianni Farina"}]},{"@type":"WebSite","@id":"https:\/\/gambinieditore.studiozerocinque.it\/#website","url":"https:\/\/gambinieditore.studiozerocinque.it\/","name":"Gambini Editore","description":"","potentialAction":[{"@type":"SearchAction","target":{"@type":"EntryPoint","urlTemplate":"https:\/\/gambinieditore.studiozerocinque.it\/?s={search_term_string}"},"query-input":{"@type":"PropertyValueSpecification","valueRequired":true,"valueName":"search_term_string"}}],"inLanguage":"it-IT"}]}},"_links":{"self":[{"href":"https:\/\/gambinieditore.studiozerocinque.it\/index.php?rest_route=\/wp\/v2\/product\/496","targetHints":{"allow":["GET"]}}],"collection":[{"href":"https:\/\/gambinieditore.studiozerocinque.it\/index.php?rest_route=\/wp\/v2\/product"}],"about":[{"href":"https:\/\/gambinieditore.studiozerocinque.it\/index.php?rest_route=\/wp\/v2\/types\/product"}],"replies":[{"embeddable":true,"href":"https:\/\/gambinieditore.studiozerocinque.it\/index.php?rest_route=%2Fwp%2Fv2%2Fcomments&post=496"}],"wp:featuredmedia":[{"embeddable":true,"href":"https:\/\/gambinieditore.studiozerocinque.it\/index.php?rest_route=\/wp\/v2\/media\/495"}],"wp:attachment":[{"href":"https:\/\/gambinieditore.studiozerocinque.it\/index.php?rest_route=%2Fwp%2Fv2%2Fmedia&parent=496"}],"wp:term":[{"taxonomy":"product_brand","embeddable":true,"href":"https:\/\/gambinieditore.studiozerocinque.it\/index.php?rest_route=%2Fwp%2Fv2%2Fproduct_brand&post=496"},{"taxonomy":"product_cat","embeddable":true,"href":"https:\/\/gambinieditore.studiozerocinque.it\/index.php?rest_route=%2Fwp%2Fv2%2Fproduct_cat&post=496"},{"taxonomy":"product_tag","embeddable":true,"href":"https:\/\/gambinieditore.studiozerocinque.it\/index.php?rest_route=%2Fwp%2Fv2%2Fproduct_tag&post=496"}],"curies":[{"name":"wp","href":"https:\/\/api.w.org\/{rel}","templated":true}]}}