{"id":536,"date":"2022-02-11T18:43:37","date_gmt":"2022-02-11T17:43:37","guid":{"rendered":"https:\/\/gambinieditore.studiozerocinque.it\/prodotto\/triangoli-di-cielo-reloaded\/"},"modified":"2022-02-11T18:43:37","modified_gmt":"2022-02-11T17:43:37","slug":"triangoli-di-cielo-reloaded","status":"publish","type":"product","link":"https:\/\/gambinieditore.studiozerocinque.it\/?product=triangoli-di-cielo-reloaded","title":{"rendered":"Triangoli di cielo. Reloaded"},"content":{"rendered":"<p>La profondit\u00e0\u00a0 dell&#8217;esistenza umana, il senso del nostro essere nell&#8217;universo, il collegamento con tutto ci\u00f2 che &#8220;Era&#8221;, e ancora oggi, &#8220;\u00c8&#8221;. Nuove tecnologie, innovazione sembrano essere prevalenti nella societ\u00e0\u00a0 presente, ma la voce del Poeta \u00e9 l\u00ec ad indicare anche alcune profondit\u00e0\u00a0 di concetti, esporne dogmi, invitare a riflessioni, il tutto volto alla ricerca di una realizzazione personale, passo fondamentale nella vita di ciascuno. Simboli, tradizioni religiose delle varie civilt\u00e0\u00a0 nel tempo e nello spazio induco-no a pensare ad una Tradizione Universale Originaria volta al rispetto di tutti gli uomini, e di qualunque differenza fra loro. Triangoli di Cielo Reloaded parla della transizione dell&#8217;attuale Mondo verso l&#8217;Et\u00e0\u00a0 Aurea e un &#8220;Uomo Nuovo&#8221;.\u00a0<\/p>\n","protected":false},"excerpt":{"rendered":"<p>Triangoli di cielo a cura di Francesco Cima<\/p>\n","protected":false},"featured_media":535,"comment_status":"open","ping_status":"closed","template":"","meta":[],"product_brand":[],"product_cat":[38],"product_tag":[],"class_list":{"0":"post-536","1":"product","2":"type-product","3":"status-publish","4":"has-post-thumbnail","6":"product_cat-antropologia","8":"first","9":"instock","10":"shipping-taxable","11":"purchasable","12":"product-type-simple"},"yoast_head":"<!-- This site is optimized with the Yoast SEO plugin v25.9 - https:\/\/yoast.com\/wordpress\/plugins\/seo\/ -->\n<title>Triangoli di cielo. Reloaded - Gambini Editore<\/title>\n<meta name=\"robots\" content=\"noindex, follow, max-snippet:-1, max-image-preview:large, max-video-preview:-1\" \/>\n<meta property=\"og:locale\" content=\"it_IT\" \/>\n<meta property=\"og:type\" content=\"article\" \/>\n<meta property=\"og:title\" content=\"Triangoli di cielo. Reloaded - Gambini Editore\" \/>\n<meta property=\"og:description\" content=\"Triangoli di cielo a cura di Francesco Cima\" \/>\n<meta property=\"og:url\" content=\"https:\/\/gambinieditore.studiozerocinque.it\/?product=triangoli-di-cielo-reloaded\" \/>\n<meta property=\"og:site_name\" content=\"Gambini Editore\" \/>\n<meta property=\"og:image\" content=\"https:\/\/gambinieditore.studiozerocinque.it\/wp-content\/uploads\/2022\/02\/284-Triangoli-di-cielo.-Reloaded.jpg\" \/>\n\t<meta property=\"og:image:width\" content=\"1706\" \/>\n\t<meta property=\"og:image:height\" content=\"2421\" \/>\n\t<meta property=\"og:image:type\" content=\"image\/jpeg\" \/>\n<meta name=\"twitter:card\" content=\"summary_large_image\" \/>\n<meta name=\"twitter:label1\" content=\"Tempo di lettura stimato\" \/>\n\t<meta name=\"twitter:data1\" content=\"1 minuto\" \/>\n<script type=\"application\/ld+json\" class=\"yoast-schema-graph\">{\"@context\":\"https:\/\/schema.org\",\"@graph\":[{\"@type\":\"WebPage\",\"@id\":\"https:\/\/gambinieditore.studiozerocinque.it\/?product=triangoli-di-cielo-reloaded\",\"url\":\"https:\/\/gambinieditore.studiozerocinque.it\/?product=triangoli-di-cielo-reloaded\",\"name\":\"Triangoli di cielo. Reloaded - Gambini Editore\",\"isPartOf\":{\"@id\":\"https:\/\/gambinieditore.studiozerocinque.it\/#website\"},\"primaryImageOfPage\":{\"@id\":\"https:\/\/gambinieditore.studiozerocinque.it\/?product=triangoli-di-cielo-reloaded#primaryimage\"},\"image\":{\"@id\":\"https:\/\/gambinieditore.studiozerocinque.it\/?product=triangoli-di-cielo-reloaded#primaryimage\"},\"thumbnailUrl\":\"https:\/\/gambinieditore.studiozerocinque.it\/wp-content\/uploads\/2022\/02\/284-Triangoli-di-cielo.-Reloaded.jpg\",\"datePublished\":\"2022-02-11T17:43:37+00:00\",\"breadcrumb\":{\"@id\":\"https:\/\/gambinieditore.studiozerocinque.it\/?product=triangoli-di-cielo-reloaded#breadcrumb\"},\"inLanguage\":\"it-IT\",\"potentialAction\":[{\"@type\":\"ReadAction\",\"target\":[\"https:\/\/gambinieditore.studiozerocinque.it\/?product=triangoli-di-cielo-reloaded\"]}]},{\"@type\":\"ImageObject\",\"inLanguage\":\"it-IT\",\"@id\":\"https:\/\/gambinieditore.studiozerocinque.it\/?product=triangoli-di-cielo-reloaded#primaryimage\",\"url\":\"https:\/\/gambinieditore.studiozerocinque.it\/wp-content\/uploads\/2022\/02\/284-Triangoli-di-cielo.-Reloaded.jpg\",\"contentUrl\":\"https:\/\/gambinieditore.studiozerocinque.it\/wp-content\/uploads\/2022\/02\/284-Triangoli-di-cielo.-Reloaded.jpg\",\"width\":1706,\"height\":2421,\"caption\":\"Triangoli di cielo. Reloaded\"},{\"@type\":\"BreadcrumbList\",\"@id\":\"https:\/\/gambinieditore.studiozerocinque.it\/?product=triangoli-di-cielo-reloaded#breadcrumb\",\"itemListElement\":[{\"@type\":\"ListItem\",\"position\":1,\"name\":\"Home\",\"item\":\"https:\/\/gambinieditore.studiozerocinque.it\/\"},{\"@type\":\"ListItem\",\"position\":2,\"name\":\"Catalogo\",\"item\":\"https:\/\/gambinieditore.studiozerocinque.it\/?page_id=7\"},{\"@type\":\"ListItem\",\"position\":3,\"name\":\"Triangoli di cielo. Reloaded\"}]},{\"@type\":\"WebSite\",\"@id\":\"https:\/\/gambinieditore.studiozerocinque.it\/#website\",\"url\":\"https:\/\/gambinieditore.studiozerocinque.it\/\",\"name\":\"Gambini Editore\",\"description\":\"\",\"potentialAction\":[{\"@type\":\"SearchAction\",\"target\":{\"@type\":\"EntryPoint\",\"urlTemplate\":\"https:\/\/gambinieditore.studiozerocinque.it\/?s={search_term_string}\"},\"query-input\":{\"@type\":\"PropertyValueSpecification\",\"valueRequired\":true,\"valueName\":\"search_term_string\"}}],\"inLanguage\":\"it-IT\"}]}<\/script>\n<!-- \/ Yoast SEO plugin. -->","yoast_head_json":{"title":"Triangoli di cielo. Reloaded - Gambini Editore","robots":{"index":"noindex","follow":"follow","max-snippet":"max-snippet:-1","max-image-preview":"max-image-preview:large","max-video-preview":"max-video-preview:-1"},"og_locale":"it_IT","og_type":"article","og_title":"Triangoli di cielo. Reloaded - Gambini Editore","og_description":"Triangoli di cielo a cura di Francesco Cima","og_url":"https:\/\/gambinieditore.studiozerocinque.it\/?product=triangoli-di-cielo-reloaded","og_site_name":"Gambini Editore","og_image":[{"width":1706,"height":2421,"url":"https:\/\/gambinieditore.studiozerocinque.it\/wp-content\/uploads\/2022\/02\/284-Triangoli-di-cielo.-Reloaded.jpg","type":"image\/jpeg"}],"twitter_card":"summary_large_image","twitter_misc":{"Tempo di lettura stimato":"1 minuto"},"schema":{"@context":"https:\/\/schema.org","@graph":[{"@type":"WebPage","@id":"https:\/\/gambinieditore.studiozerocinque.it\/?product=triangoli-di-cielo-reloaded","url":"https:\/\/gambinieditore.studiozerocinque.it\/?product=triangoli-di-cielo-reloaded","name":"Triangoli di cielo. Reloaded - Gambini Editore","isPartOf":{"@id":"https:\/\/gambinieditore.studiozerocinque.it\/#website"},"primaryImageOfPage":{"@id":"https:\/\/gambinieditore.studiozerocinque.it\/?product=triangoli-di-cielo-reloaded#primaryimage"},"image":{"@id":"https:\/\/gambinieditore.studiozerocinque.it\/?product=triangoli-di-cielo-reloaded#primaryimage"},"thumbnailUrl":"https:\/\/gambinieditore.studiozerocinque.it\/wp-content\/uploads\/2022\/02\/284-Triangoli-di-cielo.-Reloaded.jpg","datePublished":"2022-02-11T17:43:37+00:00","breadcrumb":{"@id":"https:\/\/gambinieditore.studiozerocinque.it\/?product=triangoli-di-cielo-reloaded#breadcrumb"},"inLanguage":"it-IT","potentialAction":[{"@type":"ReadAction","target":["https:\/\/gambinieditore.studiozerocinque.it\/?product=triangoli-di-cielo-reloaded"]}]},{"@type":"ImageObject","inLanguage":"it-IT","@id":"https:\/\/gambinieditore.studiozerocinque.it\/?product=triangoli-di-cielo-reloaded#primaryimage","url":"https:\/\/gambinieditore.studiozerocinque.it\/wp-content\/uploads\/2022\/02\/284-Triangoli-di-cielo.-Reloaded.jpg","contentUrl":"https:\/\/gambinieditore.studiozerocinque.it\/wp-content\/uploads\/2022\/02\/284-Triangoli-di-cielo.-Reloaded.jpg","width":1706,"height":2421,"caption":"Triangoli di cielo. Reloaded"},{"@type":"BreadcrumbList","@id":"https:\/\/gambinieditore.studiozerocinque.it\/?product=triangoli-di-cielo-reloaded#breadcrumb","itemListElement":[{"@type":"ListItem","position":1,"name":"Home","item":"https:\/\/gambinieditore.studiozerocinque.it\/"},{"@type":"ListItem","position":2,"name":"Catalogo","item":"https:\/\/gambinieditore.studiozerocinque.it\/?page_id=7"},{"@type":"ListItem","position":3,"name":"Triangoli di cielo. Reloaded"}]},{"@type":"WebSite","@id":"https:\/\/gambinieditore.studiozerocinque.it\/#website","url":"https:\/\/gambinieditore.studiozerocinque.it\/","name":"Gambini Editore","description":"","potentialAction":[{"@type":"SearchAction","target":{"@type":"EntryPoint","urlTemplate":"https:\/\/gambinieditore.studiozerocinque.it\/?s={search_term_string}"},"query-input":{"@type":"PropertyValueSpecification","valueRequired":true,"valueName":"search_term_string"}}],"inLanguage":"it-IT"}]}},"_links":{"self":[{"href":"https:\/\/gambinieditore.studiozerocinque.it\/index.php?rest_route=\/wp\/v2\/product\/536","targetHints":{"allow":["GET"]}}],"collection":[{"href":"https:\/\/gambinieditore.studiozerocinque.it\/index.php?rest_route=\/wp\/v2\/product"}],"about":[{"href":"https:\/\/gambinieditore.studiozerocinque.it\/index.php?rest_route=\/wp\/v2\/types\/product"}],"replies":[{"embeddable":true,"href":"https:\/\/gambinieditore.studiozerocinque.it\/index.php?rest_route=%2Fwp%2Fv2%2Fcomments&post=536"}],"wp:featuredmedia":[{"embeddable":true,"href":"https:\/\/gambinieditore.studiozerocinque.it\/index.php?rest_route=\/wp\/v2\/media\/535"}],"wp:attachment":[{"href":"https:\/\/gambinieditore.studiozerocinque.it\/index.php?rest_route=%2Fwp%2Fv2%2Fmedia&parent=536"}],"wp:term":[{"taxonomy":"product_brand","embeddable":true,"href":"https:\/\/gambinieditore.studiozerocinque.it\/index.php?rest_route=%2Fwp%2Fv2%2Fproduct_brand&post=536"},{"taxonomy":"product_cat","embeddable":true,"href":"https:\/\/gambinieditore.studiozerocinque.it\/index.php?rest_route=%2Fwp%2Fv2%2Fproduct_cat&post=536"},{"taxonomy":"product_tag","embeddable":true,"href":"https:\/\/gambinieditore.studiozerocinque.it\/index.php?rest_route=%2Fwp%2Fv2%2Fproduct_tag&post=536"}],"curies":[{"name":"wp","href":"https:\/\/api.w.org\/{rel}","templated":true}]}}