{"id":546,"date":"2022-02-11T18:43:43","date_gmt":"2022-02-11T17:43:43","guid":{"rendered":"https:\/\/gambinieditore.studiozerocinque.it\/prodotto\/la-pioggia-romanzo-di-salvatore-curro\/"},"modified":"2022-02-11T18:43:43","modified_gmt":"2022-02-11T17:43:43","slug":"la-pioggia-romanzo-di-salvatore-curro","status":"publish","type":"product","link":"https:\/\/gambinieditore.studiozerocinque.it\/?product=la-pioggia-romanzo-di-salvatore-curro","title":{"rendered":"La pioggia. Romanzo di Salvatore Curr\u00f2"},"content":{"rendered":"<p>Un vento di morte arriva da est. Un popolo senza scrupoli, senza anima e senza Dio invade le terre del Signore in cerca soltanto di carne e di morte. Ritiratosi nella quiete dei boschi con la sua nuova famiglia, Carlo viene trovato dai demoni che dal passato sono tornati a sfidarlo. Per cercare di arrestarne l&#8217;avanzata dovr\u00e0\u00a0 unirsi agli &#8220;infedeli&#8221; che aveva combattuto anni prima, ultima speranza per salvare l&#8217;esistenza da un crepuscolo apparentemente inevitabile.<br \/>Nel frattempo Raine segue le tracce che la porteranno a fare luce sulla morte dei suoi genitori, ma soprattutto sulla sua stessa natura. Per troppi anni ha vestito abiti da monaco e ha nascosto la sua femminilit\u00e0, divenendo un ibrido in cui non si riconosce pi\u00f9. Trover\u00e0\u00a0 in Sara, nel suo canto e nella sua poesia, la via della purezza da cui era stata strappata quando era ancora bambina e, inaspettatamente, scoprir\u00e0\u00a0 il vero senso dell&#8217;amore.<\/p>\n","protected":false},"excerpt":{"rendered":"<p>LA PIOGGIA Romanzo di Salvatore Curr\u00f2\u00a0<\/p>\n","protected":false},"featured_media":545,"comment_status":"open","ping_status":"closed","template":"","meta":[],"product_brand":[],"product_cat":[18],"product_tag":[],"class_list":{"0":"post-546","1":"product","2":"type-product","3":"status-publish","4":"has-post-thumbnail","6":"product_cat-libri","8":"first","9":"instock","10":"shipping-taxable","11":"purchasable","12":"product-type-simple"},"yoast_head":"<!-- This site is optimized with the Yoast SEO plugin v25.9 - https:\/\/yoast.com\/wordpress\/plugins\/seo\/ -->\n<title>La pioggia. Romanzo di Salvatore Curr\u00f2 - Gambini Editore<\/title>\n<meta name=\"robots\" content=\"noindex, follow, max-snippet:-1, max-image-preview:large, max-video-preview:-1\" \/>\n<meta property=\"og:locale\" content=\"it_IT\" \/>\n<meta property=\"og:type\" content=\"article\" \/>\n<meta property=\"og:title\" content=\"La pioggia. Romanzo di Salvatore Curr\u00f2 - Gambini Editore\" \/>\n<meta property=\"og:description\" content=\"LA PIOGGIA Romanzo di Salvatore Curr\u00f2\u00a0\" \/>\n<meta property=\"og:url\" content=\"https:\/\/gambinieditore.studiozerocinque.it\/?product=la-pioggia-romanzo-di-salvatore-curro\" \/>\n<meta property=\"og:site_name\" content=\"Gambini Editore\" \/>\n<meta property=\"og:image\" content=\"https:\/\/gambinieditore.studiozerocinque.it\/wp-content\/uploads\/2022\/02\/289-La-pioggia.-Romanzo-di-Salvatore-Curro.jpg\" \/>\n\t<meta property=\"og:image:width\" content=\"1438\" \/>\n\t<meta property=\"og:image:height\" content=\"2042\" \/>\n\t<meta property=\"og:image:type\" content=\"image\/jpeg\" \/>\n<meta name=\"twitter:card\" content=\"summary_large_image\" \/>\n<meta name=\"twitter:label1\" content=\"Tempo di lettura stimato\" \/>\n\t<meta name=\"twitter:data1\" content=\"1 minuto\" \/>\n<script type=\"application\/ld+json\" class=\"yoast-schema-graph\">{\"@context\":\"https:\/\/schema.org\",\"@graph\":[{\"@type\":\"WebPage\",\"@id\":\"https:\/\/gambinieditore.studiozerocinque.it\/?product=la-pioggia-romanzo-di-salvatore-curro\",\"url\":\"https:\/\/gambinieditore.studiozerocinque.it\/?product=la-pioggia-romanzo-di-salvatore-curro\",\"name\":\"La pioggia. Romanzo di Salvatore Curr\u00f2 - Gambini Editore\",\"isPartOf\":{\"@id\":\"https:\/\/gambinieditore.studiozerocinque.it\/#website\"},\"primaryImageOfPage\":{\"@id\":\"https:\/\/gambinieditore.studiozerocinque.it\/?product=la-pioggia-romanzo-di-salvatore-curro#primaryimage\"},\"image\":{\"@id\":\"https:\/\/gambinieditore.studiozerocinque.it\/?product=la-pioggia-romanzo-di-salvatore-curro#primaryimage\"},\"thumbnailUrl\":\"https:\/\/gambinieditore.studiozerocinque.it\/wp-content\/uploads\/2022\/02\/289-La-pioggia.-Romanzo-di-Salvatore-Curro.jpg\",\"datePublished\":\"2022-02-11T17:43:43+00:00\",\"breadcrumb\":{\"@id\":\"https:\/\/gambinieditore.studiozerocinque.it\/?product=la-pioggia-romanzo-di-salvatore-curro#breadcrumb\"},\"inLanguage\":\"it-IT\",\"potentialAction\":[{\"@type\":\"ReadAction\",\"target\":[\"https:\/\/gambinieditore.studiozerocinque.it\/?product=la-pioggia-romanzo-di-salvatore-curro\"]}]},{\"@type\":\"ImageObject\",\"inLanguage\":\"it-IT\",\"@id\":\"https:\/\/gambinieditore.studiozerocinque.it\/?product=la-pioggia-romanzo-di-salvatore-curro#primaryimage\",\"url\":\"https:\/\/gambinieditore.studiozerocinque.it\/wp-content\/uploads\/2022\/02\/289-La-pioggia.-Romanzo-di-Salvatore-Curro.jpg\",\"contentUrl\":\"https:\/\/gambinieditore.studiozerocinque.it\/wp-content\/uploads\/2022\/02\/289-La-pioggia.-Romanzo-di-Salvatore-Curro.jpg\",\"width\":1438,\"height\":2042,\"caption\":\"La pioggia. Romanzo di Salvatore Curr\u00f2\"},{\"@type\":\"BreadcrumbList\",\"@id\":\"https:\/\/gambinieditore.studiozerocinque.it\/?product=la-pioggia-romanzo-di-salvatore-curro#breadcrumb\",\"itemListElement\":[{\"@type\":\"ListItem\",\"position\":1,\"name\":\"Home\",\"item\":\"https:\/\/gambinieditore.studiozerocinque.it\/\"},{\"@type\":\"ListItem\",\"position\":2,\"name\":\"Catalogo\",\"item\":\"https:\/\/gambinieditore.studiozerocinque.it\/?page_id=7\"},{\"@type\":\"ListItem\",\"position\":3,\"name\":\"La pioggia. Romanzo di Salvatore Curr\u00f2\"}]},{\"@type\":\"WebSite\",\"@id\":\"https:\/\/gambinieditore.studiozerocinque.it\/#website\",\"url\":\"https:\/\/gambinieditore.studiozerocinque.it\/\",\"name\":\"Gambini Editore\",\"description\":\"\",\"potentialAction\":[{\"@type\":\"SearchAction\",\"target\":{\"@type\":\"EntryPoint\",\"urlTemplate\":\"https:\/\/gambinieditore.studiozerocinque.it\/?s={search_term_string}\"},\"query-input\":{\"@type\":\"PropertyValueSpecification\",\"valueRequired\":true,\"valueName\":\"search_term_string\"}}],\"inLanguage\":\"it-IT\"}]}<\/script>\n<!-- \/ Yoast SEO plugin. -->","yoast_head_json":{"title":"La pioggia. Romanzo di Salvatore Curr\u00f2 - Gambini Editore","robots":{"index":"noindex","follow":"follow","max-snippet":"max-snippet:-1","max-image-preview":"max-image-preview:large","max-video-preview":"max-video-preview:-1"},"og_locale":"it_IT","og_type":"article","og_title":"La pioggia. Romanzo di Salvatore Curr\u00f2 - Gambini Editore","og_description":"LA PIOGGIA Romanzo di Salvatore Curr\u00f2\u00a0","og_url":"https:\/\/gambinieditore.studiozerocinque.it\/?product=la-pioggia-romanzo-di-salvatore-curro","og_site_name":"Gambini Editore","og_image":[{"width":1438,"height":2042,"url":"https:\/\/gambinieditore.studiozerocinque.it\/wp-content\/uploads\/2022\/02\/289-La-pioggia.-Romanzo-di-Salvatore-Curro.jpg","type":"image\/jpeg"}],"twitter_card":"summary_large_image","twitter_misc":{"Tempo di lettura stimato":"1 minuto"},"schema":{"@context":"https:\/\/schema.org","@graph":[{"@type":"WebPage","@id":"https:\/\/gambinieditore.studiozerocinque.it\/?product=la-pioggia-romanzo-di-salvatore-curro","url":"https:\/\/gambinieditore.studiozerocinque.it\/?product=la-pioggia-romanzo-di-salvatore-curro","name":"La pioggia. Romanzo di Salvatore Curr\u00f2 - Gambini Editore","isPartOf":{"@id":"https:\/\/gambinieditore.studiozerocinque.it\/#website"},"primaryImageOfPage":{"@id":"https:\/\/gambinieditore.studiozerocinque.it\/?product=la-pioggia-romanzo-di-salvatore-curro#primaryimage"},"image":{"@id":"https:\/\/gambinieditore.studiozerocinque.it\/?product=la-pioggia-romanzo-di-salvatore-curro#primaryimage"},"thumbnailUrl":"https:\/\/gambinieditore.studiozerocinque.it\/wp-content\/uploads\/2022\/02\/289-La-pioggia.-Romanzo-di-Salvatore-Curro.jpg","datePublished":"2022-02-11T17:43:43+00:00","breadcrumb":{"@id":"https:\/\/gambinieditore.studiozerocinque.it\/?product=la-pioggia-romanzo-di-salvatore-curro#breadcrumb"},"inLanguage":"it-IT","potentialAction":[{"@type":"ReadAction","target":["https:\/\/gambinieditore.studiozerocinque.it\/?product=la-pioggia-romanzo-di-salvatore-curro"]}]},{"@type":"ImageObject","inLanguage":"it-IT","@id":"https:\/\/gambinieditore.studiozerocinque.it\/?product=la-pioggia-romanzo-di-salvatore-curro#primaryimage","url":"https:\/\/gambinieditore.studiozerocinque.it\/wp-content\/uploads\/2022\/02\/289-La-pioggia.-Romanzo-di-Salvatore-Curro.jpg","contentUrl":"https:\/\/gambinieditore.studiozerocinque.it\/wp-content\/uploads\/2022\/02\/289-La-pioggia.-Romanzo-di-Salvatore-Curro.jpg","width":1438,"height":2042,"caption":"La pioggia. Romanzo di Salvatore Curr\u00f2"},{"@type":"BreadcrumbList","@id":"https:\/\/gambinieditore.studiozerocinque.it\/?product=la-pioggia-romanzo-di-salvatore-curro#breadcrumb","itemListElement":[{"@type":"ListItem","position":1,"name":"Home","item":"https:\/\/gambinieditore.studiozerocinque.it\/"},{"@type":"ListItem","position":2,"name":"Catalogo","item":"https:\/\/gambinieditore.studiozerocinque.it\/?page_id=7"},{"@type":"ListItem","position":3,"name":"La pioggia. Romanzo di Salvatore Curr\u00f2"}]},{"@type":"WebSite","@id":"https:\/\/gambinieditore.studiozerocinque.it\/#website","url":"https:\/\/gambinieditore.studiozerocinque.it\/","name":"Gambini Editore","description":"","potentialAction":[{"@type":"SearchAction","target":{"@type":"EntryPoint","urlTemplate":"https:\/\/gambinieditore.studiozerocinque.it\/?s={search_term_string}"},"query-input":{"@type":"PropertyValueSpecification","valueRequired":true,"valueName":"search_term_string"}}],"inLanguage":"it-IT"}]}},"_links":{"self":[{"href":"https:\/\/gambinieditore.studiozerocinque.it\/index.php?rest_route=\/wp\/v2\/product\/546","targetHints":{"allow":["GET"]}}],"collection":[{"href":"https:\/\/gambinieditore.studiozerocinque.it\/index.php?rest_route=\/wp\/v2\/product"}],"about":[{"href":"https:\/\/gambinieditore.studiozerocinque.it\/index.php?rest_route=\/wp\/v2\/types\/product"}],"replies":[{"embeddable":true,"href":"https:\/\/gambinieditore.studiozerocinque.it\/index.php?rest_route=%2Fwp%2Fv2%2Fcomments&post=546"}],"wp:featuredmedia":[{"embeddable":true,"href":"https:\/\/gambinieditore.studiozerocinque.it\/index.php?rest_route=\/wp\/v2\/media\/545"}],"wp:attachment":[{"href":"https:\/\/gambinieditore.studiozerocinque.it\/index.php?rest_route=%2Fwp%2Fv2%2Fmedia&parent=546"}],"wp:term":[{"taxonomy":"product_brand","embeddable":true,"href":"https:\/\/gambinieditore.studiozerocinque.it\/index.php?rest_route=%2Fwp%2Fv2%2Fproduct_brand&post=546"},{"taxonomy":"product_cat","embeddable":true,"href":"https:\/\/gambinieditore.studiozerocinque.it\/index.php?rest_route=%2Fwp%2Fv2%2Fproduct_cat&post=546"},{"taxonomy":"product_tag","embeddable":true,"href":"https:\/\/gambinieditore.studiozerocinque.it\/index.php?rest_route=%2Fwp%2Fv2%2Fproduct_tag&post=546"}],"curies":[{"name":"wp","href":"https:\/\/api.w.org\/{rel}","templated":true}]}}