{"id":556,"date":"2022-02-11T18:43:50","date_gmt":"2022-02-11T17:43:50","guid":{"rendered":"https:\/\/gambinieditore.studiozerocinque.it\/prodotto\/rinascita-nello-spirito-santo-movimento-dello-spirito-di-raffaele-pettenuzzo\/"},"modified":"2025-09-11T10:00:36","modified_gmt":"2025-09-11T08:00:36","slug":"rinascita-nello-spirito-santo-movimento-dello-spirito-di-raffaele-pettenuzzo","status":"publish","type":"product","link":"https:\/\/gambinieditore.studiozerocinque.it\/?product=rinascita-nello-spirito-santo-movimento-dello-spirito-di-raffaele-pettenuzzo","title":{"rendered":"Rinascita nello Spirito Santo. Movimento dello spirito di Raffaele Pettenuzzo"},"content":{"rendered":"<p>Rinascita nello Spirito Santo pu\u00f2 essere definito come una &#8220;Introduzione alla Dottrina Sociale della Chiesa&#8221;. Al centro di questo lavoro la dignit\u00e0\u00a0 della persona, che ha come sue fondamenta la cooperazione con Dio nella creazione e la stessa persona di Ges\u00f9 Cristo e la famiglia, cellula primordiale di ogni societ\u00e0. La famiglia e la dignit\u00e0\u00a0 della persona in Cristo, quindi, formano un binomio inscindibile da cui prende vita lo sviluppo dell&#8217;uomo integrale, cio\u00e9 la possibilit\u00e0\u00a0 di una crescita armoniosa nello spirito, nell&#8217;anima e nel corpo. I temi trattati nel libro spaziano dalla dignit\u00e0\u00a0 della persona, alla libert\u00e0\u00a0, la famiglia, la giustizia, il principio di sussidiariet\u00e0\u00a0, l&#8217;unit\u00e0\u00a0 dei cristiani e sono riletti dall&#8217;autore alla luce delle parole di Papa Francesco.<\/p>\n","protected":false},"excerpt":{"rendered":"<p>RINASCITA NELLO SPIRITO SANTO Movimento dello spirito di Raffaele Pettenuzzo<\/p>\n","protected":false},"featured_media":555,"comment_status":"open","ping_status":"closed","template":"","meta":[],"product_brand":[],"product_cat":[18],"product_tag":[],"class_list":{"0":"post-556","1":"product","2":"type-product","3":"status-publish","4":"has-post-thumbnail","6":"product_cat-libri","8":"first","9":"instock","10":"shipping-taxable","11":"purchasable","12":"product-type-simple"},"yoast_head":"<!-- This site is optimized with the Yoast SEO plugin v25.9 - https:\/\/yoast.com\/wordpress\/plugins\/seo\/ -->\n<title>Rinascita nello Spirito Santo. Movimento dello spirito di Raffaele Pettenuzzo - Gambini Editore<\/title>\n<meta name=\"robots\" content=\"noindex, follow, max-snippet:-1, max-image-preview:large, max-video-preview:-1\" \/>\n<meta property=\"og:locale\" content=\"it_IT\" \/>\n<meta property=\"og:type\" content=\"article\" \/>\n<meta property=\"og:title\" content=\"Rinascita nello Spirito Santo. Movimento dello spirito di Raffaele Pettenuzzo - Gambini Editore\" \/>\n<meta property=\"og:description\" content=\"RINASCITA NELLO SPIRITO SANTO Movimento dello spirito di Raffaele Pettenuzzo\" \/>\n<meta property=\"og:url\" content=\"https:\/\/gambinieditore.studiozerocinque.it\/?product=rinascita-nello-spirito-santo-movimento-dello-spirito-di-raffaele-pettenuzzo\" \/>\n<meta property=\"og:site_name\" content=\"Gambini Editore\" \/>\n<meta property=\"article:modified_time\" content=\"2025-09-11T08:00:36+00:00\" \/>\n<meta property=\"og:image\" content=\"https:\/\/gambinieditore.studiozerocinque.it\/wp-content\/uploads\/2022\/02\/294-Rinascita-nello-Spirito-Santo.-Movimento-dello-spirito-di-Raffaele-Pettenuzzo.jpg\" \/>\n\t<meta property=\"og:image:width\" content=\"1769\" \/>\n\t<meta property=\"og:image:height\" content=\"2421\" \/>\n\t<meta property=\"og:image:type\" content=\"image\/jpeg\" \/>\n<meta name=\"twitter:card\" content=\"summary_large_image\" \/>\n<meta name=\"twitter:label1\" content=\"Tempo di lettura stimato\" \/>\n\t<meta name=\"twitter:data1\" content=\"1 minuto\" \/>\n<script type=\"application\/ld+json\" class=\"yoast-schema-graph\">{\"@context\":\"https:\/\/schema.org\",\"@graph\":[{\"@type\":\"WebPage\",\"@id\":\"https:\/\/gambinieditore.studiozerocinque.it\/?product=rinascita-nello-spirito-santo-movimento-dello-spirito-di-raffaele-pettenuzzo\",\"url\":\"https:\/\/gambinieditore.studiozerocinque.it\/?product=rinascita-nello-spirito-santo-movimento-dello-spirito-di-raffaele-pettenuzzo\",\"name\":\"Rinascita nello Spirito Santo. Movimento dello spirito di Raffaele Pettenuzzo - Gambini Editore\",\"isPartOf\":{\"@id\":\"https:\/\/gambinieditore.studiozerocinque.it\/#website\"},\"primaryImageOfPage\":{\"@id\":\"https:\/\/gambinieditore.studiozerocinque.it\/?product=rinascita-nello-spirito-santo-movimento-dello-spirito-di-raffaele-pettenuzzo#primaryimage\"},\"image\":{\"@id\":\"https:\/\/gambinieditore.studiozerocinque.it\/?product=rinascita-nello-spirito-santo-movimento-dello-spirito-di-raffaele-pettenuzzo#primaryimage\"},\"thumbnailUrl\":\"https:\/\/gambinieditore.studiozerocinque.it\/wp-content\/uploads\/2022\/02\/294-Rinascita-nello-Spirito-Santo.-Movimento-dello-spirito-di-Raffaele-Pettenuzzo.jpg\",\"datePublished\":\"2022-02-11T17:43:50+00:00\",\"dateModified\":\"2025-09-11T08:00:36+00:00\",\"breadcrumb\":{\"@id\":\"https:\/\/gambinieditore.studiozerocinque.it\/?product=rinascita-nello-spirito-santo-movimento-dello-spirito-di-raffaele-pettenuzzo#breadcrumb\"},\"inLanguage\":\"it-IT\",\"potentialAction\":[{\"@type\":\"ReadAction\",\"target\":[\"https:\/\/gambinieditore.studiozerocinque.it\/?product=rinascita-nello-spirito-santo-movimento-dello-spirito-di-raffaele-pettenuzzo\"]}]},{\"@type\":\"ImageObject\",\"inLanguage\":\"it-IT\",\"@id\":\"https:\/\/gambinieditore.studiozerocinque.it\/?product=rinascita-nello-spirito-santo-movimento-dello-spirito-di-raffaele-pettenuzzo#primaryimage\",\"url\":\"https:\/\/gambinieditore.studiozerocinque.it\/wp-content\/uploads\/2022\/02\/294-Rinascita-nello-Spirito-Santo.-Movimento-dello-spirito-di-Raffaele-Pettenuzzo.jpg\",\"contentUrl\":\"https:\/\/gambinieditore.studiozerocinque.it\/wp-content\/uploads\/2022\/02\/294-Rinascita-nello-Spirito-Santo.-Movimento-dello-spirito-di-Raffaele-Pettenuzzo.jpg\",\"width\":1769,\"height\":2421,\"caption\":\"Rinascita nello Spirito Santo. Movimento dello spirito di Raffaele Pettenuzzo\"},{\"@type\":\"BreadcrumbList\",\"@id\":\"https:\/\/gambinieditore.studiozerocinque.it\/?product=rinascita-nello-spirito-santo-movimento-dello-spirito-di-raffaele-pettenuzzo#breadcrumb\",\"itemListElement\":[{\"@type\":\"ListItem\",\"position\":1,\"name\":\"Home\",\"item\":\"https:\/\/gambinieditore.studiozerocinque.it\/\"},{\"@type\":\"ListItem\",\"position\":2,\"name\":\"Catalogo\",\"item\":\"https:\/\/gambinieditore.studiozerocinque.it\/?page_id=7\"},{\"@type\":\"ListItem\",\"position\":3,\"name\":\"Rinascita nello Spirito Santo. Movimento dello spirito di Raffaele Pettenuzzo\"}]},{\"@type\":\"WebSite\",\"@id\":\"https:\/\/gambinieditore.studiozerocinque.it\/#website\",\"url\":\"https:\/\/gambinieditore.studiozerocinque.it\/\",\"name\":\"Gambini Editore\",\"description\":\"\",\"potentialAction\":[{\"@type\":\"SearchAction\",\"target\":{\"@type\":\"EntryPoint\",\"urlTemplate\":\"https:\/\/gambinieditore.studiozerocinque.it\/?s={search_term_string}\"},\"query-input\":{\"@type\":\"PropertyValueSpecification\",\"valueRequired\":true,\"valueName\":\"search_term_string\"}}],\"inLanguage\":\"it-IT\"}]}<\/script>\n<!-- \/ Yoast SEO plugin. -->","yoast_head_json":{"title":"Rinascita nello Spirito Santo. Movimento dello spirito di Raffaele Pettenuzzo - Gambini Editore","robots":{"index":"noindex","follow":"follow","max-snippet":"max-snippet:-1","max-image-preview":"max-image-preview:large","max-video-preview":"max-video-preview:-1"},"og_locale":"it_IT","og_type":"article","og_title":"Rinascita nello Spirito Santo. Movimento dello spirito di Raffaele Pettenuzzo - Gambini Editore","og_description":"RINASCITA NELLO SPIRITO SANTO Movimento dello spirito di Raffaele Pettenuzzo","og_url":"https:\/\/gambinieditore.studiozerocinque.it\/?product=rinascita-nello-spirito-santo-movimento-dello-spirito-di-raffaele-pettenuzzo","og_site_name":"Gambini Editore","article_modified_time":"2025-09-11T08:00:36+00:00","og_image":[{"width":1769,"height":2421,"url":"https:\/\/gambinieditore.studiozerocinque.it\/wp-content\/uploads\/2022\/02\/294-Rinascita-nello-Spirito-Santo.-Movimento-dello-spirito-di-Raffaele-Pettenuzzo.jpg","type":"image\/jpeg"}],"twitter_card":"summary_large_image","twitter_misc":{"Tempo di lettura stimato":"1 minuto"},"schema":{"@context":"https:\/\/schema.org","@graph":[{"@type":"WebPage","@id":"https:\/\/gambinieditore.studiozerocinque.it\/?product=rinascita-nello-spirito-santo-movimento-dello-spirito-di-raffaele-pettenuzzo","url":"https:\/\/gambinieditore.studiozerocinque.it\/?product=rinascita-nello-spirito-santo-movimento-dello-spirito-di-raffaele-pettenuzzo","name":"Rinascita nello Spirito Santo. Movimento dello spirito di Raffaele Pettenuzzo - Gambini Editore","isPartOf":{"@id":"https:\/\/gambinieditore.studiozerocinque.it\/#website"},"primaryImageOfPage":{"@id":"https:\/\/gambinieditore.studiozerocinque.it\/?product=rinascita-nello-spirito-santo-movimento-dello-spirito-di-raffaele-pettenuzzo#primaryimage"},"image":{"@id":"https:\/\/gambinieditore.studiozerocinque.it\/?product=rinascita-nello-spirito-santo-movimento-dello-spirito-di-raffaele-pettenuzzo#primaryimage"},"thumbnailUrl":"https:\/\/gambinieditore.studiozerocinque.it\/wp-content\/uploads\/2022\/02\/294-Rinascita-nello-Spirito-Santo.-Movimento-dello-spirito-di-Raffaele-Pettenuzzo.jpg","datePublished":"2022-02-11T17:43:50+00:00","dateModified":"2025-09-11T08:00:36+00:00","breadcrumb":{"@id":"https:\/\/gambinieditore.studiozerocinque.it\/?product=rinascita-nello-spirito-santo-movimento-dello-spirito-di-raffaele-pettenuzzo#breadcrumb"},"inLanguage":"it-IT","potentialAction":[{"@type":"ReadAction","target":["https:\/\/gambinieditore.studiozerocinque.it\/?product=rinascita-nello-spirito-santo-movimento-dello-spirito-di-raffaele-pettenuzzo"]}]},{"@type":"ImageObject","inLanguage":"it-IT","@id":"https:\/\/gambinieditore.studiozerocinque.it\/?product=rinascita-nello-spirito-santo-movimento-dello-spirito-di-raffaele-pettenuzzo#primaryimage","url":"https:\/\/gambinieditore.studiozerocinque.it\/wp-content\/uploads\/2022\/02\/294-Rinascita-nello-Spirito-Santo.-Movimento-dello-spirito-di-Raffaele-Pettenuzzo.jpg","contentUrl":"https:\/\/gambinieditore.studiozerocinque.it\/wp-content\/uploads\/2022\/02\/294-Rinascita-nello-Spirito-Santo.-Movimento-dello-spirito-di-Raffaele-Pettenuzzo.jpg","width":1769,"height":2421,"caption":"Rinascita nello Spirito Santo. Movimento dello spirito di Raffaele Pettenuzzo"},{"@type":"BreadcrumbList","@id":"https:\/\/gambinieditore.studiozerocinque.it\/?product=rinascita-nello-spirito-santo-movimento-dello-spirito-di-raffaele-pettenuzzo#breadcrumb","itemListElement":[{"@type":"ListItem","position":1,"name":"Home","item":"https:\/\/gambinieditore.studiozerocinque.it\/"},{"@type":"ListItem","position":2,"name":"Catalogo","item":"https:\/\/gambinieditore.studiozerocinque.it\/?page_id=7"},{"@type":"ListItem","position":3,"name":"Rinascita nello Spirito Santo. Movimento dello spirito di Raffaele Pettenuzzo"}]},{"@type":"WebSite","@id":"https:\/\/gambinieditore.studiozerocinque.it\/#website","url":"https:\/\/gambinieditore.studiozerocinque.it\/","name":"Gambini Editore","description":"","potentialAction":[{"@type":"SearchAction","target":{"@type":"EntryPoint","urlTemplate":"https:\/\/gambinieditore.studiozerocinque.it\/?s={search_term_string}"},"query-input":{"@type":"PropertyValueSpecification","valueRequired":true,"valueName":"search_term_string"}}],"inLanguage":"it-IT"}]}},"_links":{"self":[{"href":"https:\/\/gambinieditore.studiozerocinque.it\/index.php?rest_route=\/wp\/v2\/product\/556","targetHints":{"allow":["GET"]}}],"collection":[{"href":"https:\/\/gambinieditore.studiozerocinque.it\/index.php?rest_route=\/wp\/v2\/product"}],"about":[{"href":"https:\/\/gambinieditore.studiozerocinque.it\/index.php?rest_route=\/wp\/v2\/types\/product"}],"replies":[{"embeddable":true,"href":"https:\/\/gambinieditore.studiozerocinque.it\/index.php?rest_route=%2Fwp%2Fv2%2Fcomments&post=556"}],"wp:featuredmedia":[{"embeddable":true,"href":"https:\/\/gambinieditore.studiozerocinque.it\/index.php?rest_route=\/wp\/v2\/media\/555"}],"wp:attachment":[{"href":"https:\/\/gambinieditore.studiozerocinque.it\/index.php?rest_route=%2Fwp%2Fv2%2Fmedia&parent=556"}],"wp:term":[{"taxonomy":"product_brand","embeddable":true,"href":"https:\/\/gambinieditore.studiozerocinque.it\/index.php?rest_route=%2Fwp%2Fv2%2Fproduct_brand&post=556"},{"taxonomy":"product_cat","embeddable":true,"href":"https:\/\/gambinieditore.studiozerocinque.it\/index.php?rest_route=%2Fwp%2Fv2%2Fproduct_cat&post=556"},{"taxonomy":"product_tag","embeddable":true,"href":"https:\/\/gambinieditore.studiozerocinque.it\/index.php?rest_route=%2Fwp%2Fv2%2Fproduct_tag&post=556"}],"curies":[{"name":"wp","href":"https:\/\/api.w.org\/{rel}","templated":true}]}}