{"id":572,"date":"2022-02-11T18:44:02","date_gmt":"2022-02-11T17:44:02","guid":{"rendered":"https:\/\/gambinieditore.studiozerocinque.it\/prodotto\/nina-dhe-farida-nina-e-farida\/"},"modified":"2025-09-11T10:00:37","modified_gmt":"2025-09-11T08:00:37","slug":"nina-dhe-farida-nina-e-farida","status":"publish","type":"product","link":"https:\/\/gambinieditore.studiozerocinque.it\/?product=nina-dhe-farida-nina-e-farida","title":{"rendered":"Nina dhe Farida &#8211; Nina e Farida"},"content":{"rendered":"<p>NJ\u00cb DIT\u00cb PREJ DIT\u00cbSH, DY VAJZA T\u00cb VOG\u00cbLA DALIN DHE SHKOJN\u00cb P\u00cbR T\u00cb ZBULUAR BOT\u00cbN E TYRE T\u00cb VOG\u00cbL. NJ\u00cb UDH\u00cbTIM P\u00cbR T\u00cb NJOHUR KAFSH\u00cbT, MIQT\u00cb E TYRE T\u00cb VEGJ\u00cbL N\u00cbPERMJET GJURMEVE DHE TINGUJVE.<\/p>\n<p>Una giornata come le altre dove due bambine, Nina e Farida, escono e vanno ad esplorare il loro piccolo mondo. Un viaggio alla scoperta dei piccoli amici animali attraverso orme e suoni<\/p>\n","protected":false},"excerpt":{"rendered":"<p>NINA dhe FARIDA. NJ\u00cb DIT\u00cb ME MIQT\u00cb<\/p>\n<p>NINA e FARIDA Una giornata tra amici<\/p>\n","protected":false},"featured_media":571,"comment_status":"open","ping_status":"closed","template":"","meta":[],"product_brand":[],"product_cat":[18],"product_tag":[],"class_list":{"0":"post-572","1":"product","2":"type-product","3":"status-publish","4":"has-post-thumbnail","6":"product_cat-libri","8":"first","9":"instock","10":"shipping-taxable","11":"purchasable","12":"product-type-simple"},"yoast_head":"<!-- This site is optimized with the Yoast SEO plugin v25.9 - https:\/\/yoast.com\/wordpress\/plugins\/seo\/ -->\n<title>Nina dhe Farida - Nina e Farida - Gambini Editore<\/title>\n<meta name=\"robots\" content=\"noindex, follow, max-snippet:-1, max-image-preview:large, max-video-preview:-1\" \/>\n<meta property=\"og:locale\" content=\"it_IT\" \/>\n<meta property=\"og:type\" content=\"article\" \/>\n<meta property=\"og:title\" content=\"Nina dhe Farida - Nina e Farida - Gambini Editore\" \/>\n<meta property=\"og:description\" content=\"NINA dhe FARIDA. NJ\u00cb DIT\u00cb ME MIQT\u00cb NINA e FARIDA Una giornata tra amici\" \/>\n<meta property=\"og:url\" content=\"https:\/\/gambinieditore.studiozerocinque.it\/?product=nina-dhe-farida-nina-e-farida\" \/>\n<meta property=\"og:site_name\" content=\"Gambini Editore\" \/>\n<meta property=\"article:modified_time\" content=\"2025-09-11T08:00:37+00:00\" \/>\n<meta property=\"og:image\" content=\"https:\/\/gambinieditore.studiozerocinque.it\/wp-content\/uploads\/2022\/02\/302-Nina-dhe-Farida-Nina-e-Farida.jpg\" \/>\n\t<meta property=\"og:image:width\" content=\"867\" \/>\n\t<meta property=\"og:image:height\" content=\"1201\" \/>\n\t<meta property=\"og:image:type\" content=\"image\/jpeg\" \/>\n<meta name=\"twitter:card\" content=\"summary_large_image\" \/>\n<script type=\"application\/ld+json\" class=\"yoast-schema-graph\">{\"@context\":\"https:\/\/schema.org\",\"@graph\":[{\"@type\":\"WebPage\",\"@id\":\"https:\/\/gambinieditore.studiozerocinque.it\/?product=nina-dhe-farida-nina-e-farida\",\"url\":\"https:\/\/gambinieditore.studiozerocinque.it\/?product=nina-dhe-farida-nina-e-farida\",\"name\":\"Nina dhe Farida - Nina e Farida - Gambini Editore\",\"isPartOf\":{\"@id\":\"https:\/\/gambinieditore.studiozerocinque.it\/#website\"},\"primaryImageOfPage\":{\"@id\":\"https:\/\/gambinieditore.studiozerocinque.it\/?product=nina-dhe-farida-nina-e-farida#primaryimage\"},\"image\":{\"@id\":\"https:\/\/gambinieditore.studiozerocinque.it\/?product=nina-dhe-farida-nina-e-farida#primaryimage\"},\"thumbnailUrl\":\"https:\/\/gambinieditore.studiozerocinque.it\/wp-content\/uploads\/2022\/02\/302-Nina-dhe-Farida-Nina-e-Farida.jpg\",\"datePublished\":\"2022-02-11T17:44:02+00:00\",\"dateModified\":\"2025-09-11T08:00:37+00:00\",\"breadcrumb\":{\"@id\":\"https:\/\/gambinieditore.studiozerocinque.it\/?product=nina-dhe-farida-nina-e-farida#breadcrumb\"},\"inLanguage\":\"it-IT\",\"potentialAction\":[{\"@type\":\"ReadAction\",\"target\":[\"https:\/\/gambinieditore.studiozerocinque.it\/?product=nina-dhe-farida-nina-e-farida\"]}]},{\"@type\":\"ImageObject\",\"inLanguage\":\"it-IT\",\"@id\":\"https:\/\/gambinieditore.studiozerocinque.it\/?product=nina-dhe-farida-nina-e-farida#primaryimage\",\"url\":\"https:\/\/gambinieditore.studiozerocinque.it\/wp-content\/uploads\/2022\/02\/302-Nina-dhe-Farida-Nina-e-Farida.jpg\",\"contentUrl\":\"https:\/\/gambinieditore.studiozerocinque.it\/wp-content\/uploads\/2022\/02\/302-Nina-dhe-Farida-Nina-e-Farida.jpg\",\"width\":867,\"height\":1201,\"caption\":\"Nina dhe Farida - Nina e Farida\"},{\"@type\":\"BreadcrumbList\",\"@id\":\"https:\/\/gambinieditore.studiozerocinque.it\/?product=nina-dhe-farida-nina-e-farida#breadcrumb\",\"itemListElement\":[{\"@type\":\"ListItem\",\"position\":1,\"name\":\"Home\",\"item\":\"https:\/\/gambinieditore.studiozerocinque.it\/\"},{\"@type\":\"ListItem\",\"position\":2,\"name\":\"Catalogo\",\"item\":\"https:\/\/gambinieditore.studiozerocinque.it\/?page_id=7\"},{\"@type\":\"ListItem\",\"position\":3,\"name\":\"Nina dhe Farida &#8211; Nina e Farida\"}]},{\"@type\":\"WebSite\",\"@id\":\"https:\/\/gambinieditore.studiozerocinque.it\/#website\",\"url\":\"https:\/\/gambinieditore.studiozerocinque.it\/\",\"name\":\"Gambini Editore\",\"description\":\"\",\"potentialAction\":[{\"@type\":\"SearchAction\",\"target\":{\"@type\":\"EntryPoint\",\"urlTemplate\":\"https:\/\/gambinieditore.studiozerocinque.it\/?s={search_term_string}\"},\"query-input\":{\"@type\":\"PropertyValueSpecification\",\"valueRequired\":true,\"valueName\":\"search_term_string\"}}],\"inLanguage\":\"it-IT\"}]}<\/script>\n<!-- \/ Yoast SEO plugin. -->","yoast_head_json":{"title":"Nina dhe Farida - Nina e Farida - Gambini Editore","robots":{"index":"noindex","follow":"follow","max-snippet":"max-snippet:-1","max-image-preview":"max-image-preview:large","max-video-preview":"max-video-preview:-1"},"og_locale":"it_IT","og_type":"article","og_title":"Nina dhe Farida - Nina e Farida - Gambini Editore","og_description":"NINA dhe FARIDA. NJ\u00cb DIT\u00cb ME MIQT\u00cb NINA e FARIDA Una giornata tra amici","og_url":"https:\/\/gambinieditore.studiozerocinque.it\/?product=nina-dhe-farida-nina-e-farida","og_site_name":"Gambini Editore","article_modified_time":"2025-09-11T08:00:37+00:00","og_image":[{"width":867,"height":1201,"url":"https:\/\/gambinieditore.studiozerocinque.it\/wp-content\/uploads\/2022\/02\/302-Nina-dhe-Farida-Nina-e-Farida.jpg","type":"image\/jpeg"}],"twitter_card":"summary_large_image","schema":{"@context":"https:\/\/schema.org","@graph":[{"@type":"WebPage","@id":"https:\/\/gambinieditore.studiozerocinque.it\/?product=nina-dhe-farida-nina-e-farida","url":"https:\/\/gambinieditore.studiozerocinque.it\/?product=nina-dhe-farida-nina-e-farida","name":"Nina dhe Farida - Nina e Farida - Gambini Editore","isPartOf":{"@id":"https:\/\/gambinieditore.studiozerocinque.it\/#website"},"primaryImageOfPage":{"@id":"https:\/\/gambinieditore.studiozerocinque.it\/?product=nina-dhe-farida-nina-e-farida#primaryimage"},"image":{"@id":"https:\/\/gambinieditore.studiozerocinque.it\/?product=nina-dhe-farida-nina-e-farida#primaryimage"},"thumbnailUrl":"https:\/\/gambinieditore.studiozerocinque.it\/wp-content\/uploads\/2022\/02\/302-Nina-dhe-Farida-Nina-e-Farida.jpg","datePublished":"2022-02-11T17:44:02+00:00","dateModified":"2025-09-11T08:00:37+00:00","breadcrumb":{"@id":"https:\/\/gambinieditore.studiozerocinque.it\/?product=nina-dhe-farida-nina-e-farida#breadcrumb"},"inLanguage":"it-IT","potentialAction":[{"@type":"ReadAction","target":["https:\/\/gambinieditore.studiozerocinque.it\/?product=nina-dhe-farida-nina-e-farida"]}]},{"@type":"ImageObject","inLanguage":"it-IT","@id":"https:\/\/gambinieditore.studiozerocinque.it\/?product=nina-dhe-farida-nina-e-farida#primaryimage","url":"https:\/\/gambinieditore.studiozerocinque.it\/wp-content\/uploads\/2022\/02\/302-Nina-dhe-Farida-Nina-e-Farida.jpg","contentUrl":"https:\/\/gambinieditore.studiozerocinque.it\/wp-content\/uploads\/2022\/02\/302-Nina-dhe-Farida-Nina-e-Farida.jpg","width":867,"height":1201,"caption":"Nina dhe Farida - Nina e Farida"},{"@type":"BreadcrumbList","@id":"https:\/\/gambinieditore.studiozerocinque.it\/?product=nina-dhe-farida-nina-e-farida#breadcrumb","itemListElement":[{"@type":"ListItem","position":1,"name":"Home","item":"https:\/\/gambinieditore.studiozerocinque.it\/"},{"@type":"ListItem","position":2,"name":"Catalogo","item":"https:\/\/gambinieditore.studiozerocinque.it\/?page_id=7"},{"@type":"ListItem","position":3,"name":"Nina dhe Farida &#8211; Nina e Farida"}]},{"@type":"WebSite","@id":"https:\/\/gambinieditore.studiozerocinque.it\/#website","url":"https:\/\/gambinieditore.studiozerocinque.it\/","name":"Gambini Editore","description":"","potentialAction":[{"@type":"SearchAction","target":{"@type":"EntryPoint","urlTemplate":"https:\/\/gambinieditore.studiozerocinque.it\/?s={search_term_string}"},"query-input":{"@type":"PropertyValueSpecification","valueRequired":true,"valueName":"search_term_string"}}],"inLanguage":"it-IT"}]}},"_links":{"self":[{"href":"https:\/\/gambinieditore.studiozerocinque.it\/index.php?rest_route=\/wp\/v2\/product\/572","targetHints":{"allow":["GET"]}}],"collection":[{"href":"https:\/\/gambinieditore.studiozerocinque.it\/index.php?rest_route=\/wp\/v2\/product"}],"about":[{"href":"https:\/\/gambinieditore.studiozerocinque.it\/index.php?rest_route=\/wp\/v2\/types\/product"}],"replies":[{"embeddable":true,"href":"https:\/\/gambinieditore.studiozerocinque.it\/index.php?rest_route=%2Fwp%2Fv2%2Fcomments&post=572"}],"wp:featuredmedia":[{"embeddable":true,"href":"https:\/\/gambinieditore.studiozerocinque.it\/index.php?rest_route=\/wp\/v2\/media\/571"}],"wp:attachment":[{"href":"https:\/\/gambinieditore.studiozerocinque.it\/index.php?rest_route=%2Fwp%2Fv2%2Fmedia&parent=572"}],"wp:term":[{"taxonomy":"product_brand","embeddable":true,"href":"https:\/\/gambinieditore.studiozerocinque.it\/index.php?rest_route=%2Fwp%2Fv2%2Fproduct_brand&post=572"},{"taxonomy":"product_cat","embeddable":true,"href":"https:\/\/gambinieditore.studiozerocinque.it\/index.php?rest_route=%2Fwp%2Fv2%2Fproduct_cat&post=572"},{"taxonomy":"product_tag","embeddable":true,"href":"https:\/\/gambinieditore.studiozerocinque.it\/index.php?rest_route=%2Fwp%2Fv2%2Fproduct_tag&post=572"}],"curies":[{"name":"wp","href":"https:\/\/api.w.org\/{rel}","templated":true}]}}