{"id":616,"date":"2022-02-11T18:44:25","date_gmt":"2022-02-11T17:44:25","guid":{"rendered":"https:\/\/gambinieditore.studiozerocinque.it\/prodotto\/vi-presento-un-amico-marcel-proust\/"},"modified":"2025-09-11T10:00:41","modified_gmt":"2025-09-11T08:00:41","slug":"vi-presento-un-amico-marcel-proust","status":"publish","type":"product","link":"https:\/\/gambinieditore.studiozerocinque.it\/?product=vi-presento-un-amico-marcel-proust","title":{"rendered":"Vi presento un amico Marcel Proust"},"content":{"rendered":"<p>I libri di scuola parlano di Marcel Proust come del padre del romanzo moderno. Definizione quanto mai pertinente, non solo da un punto di vista formale ma soprattutto da un punto di vista sostanziale. Agli albori del XX secolo, la cultura occidentale matura, infatti, un vero e proprio &#8220;salto quantico&#8221; per quel che riguarda la conoscenza e la consapevolezza di s\u00e9, e le arti ne solo lo specchio.<\/p>\n<p>Come Freud riusc\u00ec a squarciare il velo che separa il conscio dall&#8217;inconscio nel campo delle scienze mediche, cos\u00ec Proust, per primo, riusc\u00ec a dar vita ad una letteratura in grado di vedere e oltre le apparenze.<\/p>\n<p>Di lui non abbiamo un&#8217;autobiografia, il romanzo Jean Santeuil, pubblicato postumo, \u00e9 infatti incompiuto. Tuttavia l&#8217;autore parla di s\u00e9 in ogni parte della sua opera.<\/p>\n<p>&#8220;Vi presento un amico, Marcel Proust&#8221; rappresenta un viaggio alla riscoperta dello scrittore francese, attraverso una lettura profonda e mai scontata delle sue opere immortali.<\/p>\n","protected":false},"excerpt":{"rendered":"<p>Vi presento un amico Marcel Proust di Luigi Domacavalli<\/p>\n","protected":false},"featured_media":615,"comment_status":"open","ping_status":"closed","template":"","meta":[],"product_brand":[],"product_cat":[18],"product_tag":[],"class_list":{"0":"post-616","1":"product","2":"type-product","3":"status-publish","4":"has-post-thumbnail","6":"product_cat-libri","8":"first","9":"instock","10":"shipping-taxable","11":"purchasable","12":"product-type-simple"},"yoast_head":"<!-- This site is optimized with the Yoast SEO plugin v25.9 - https:\/\/yoast.com\/wordpress\/plugins\/seo\/ -->\n<title>Vi presento un amico Marcel Proust - Gambini Editore<\/title>\n<meta name=\"robots\" content=\"noindex, follow, max-snippet:-1, max-image-preview:large, max-video-preview:-1\" \/>\n<meta property=\"og:locale\" content=\"it_IT\" \/>\n<meta property=\"og:type\" content=\"article\" \/>\n<meta property=\"og:title\" content=\"Vi presento un amico Marcel Proust - Gambini Editore\" \/>\n<meta property=\"og:description\" content=\"Vi presento un amico Marcel Proust di Luigi Domacavalli\" \/>\n<meta property=\"og:url\" content=\"https:\/\/gambinieditore.studiozerocinque.it\/?product=vi-presento-un-amico-marcel-proust\" \/>\n<meta property=\"og:site_name\" content=\"Gambini Editore\" \/>\n<meta property=\"article:modified_time\" content=\"2025-09-11T08:00:41+00:00\" \/>\n<meta property=\"og:image\" content=\"https:\/\/gambinieditore.studiozerocinque.it\/wp-content\/uploads\/2022\/02\/325-Vi-presento-un-amico-Marcel-Proust.jpg\" \/>\n\t<meta property=\"og:image:width\" content=\"1457\" \/>\n\t<meta property=\"og:image:height\" content=\"2539\" \/>\n\t<meta property=\"og:image:type\" content=\"image\/jpeg\" \/>\n<meta name=\"twitter:card\" content=\"summary_large_image\" \/>\n<meta name=\"twitter:label1\" content=\"Tempo di lettura stimato\" \/>\n\t<meta name=\"twitter:data1\" content=\"1 minuto\" \/>\n<script type=\"application\/ld+json\" class=\"yoast-schema-graph\">{\"@context\":\"https:\/\/schema.org\",\"@graph\":[{\"@type\":\"WebPage\",\"@id\":\"https:\/\/gambinieditore.studiozerocinque.it\/?product=vi-presento-un-amico-marcel-proust\",\"url\":\"https:\/\/gambinieditore.studiozerocinque.it\/?product=vi-presento-un-amico-marcel-proust\",\"name\":\"Vi presento un amico Marcel Proust - Gambini Editore\",\"isPartOf\":{\"@id\":\"https:\/\/gambinieditore.studiozerocinque.it\/#website\"},\"primaryImageOfPage\":{\"@id\":\"https:\/\/gambinieditore.studiozerocinque.it\/?product=vi-presento-un-amico-marcel-proust#primaryimage\"},\"image\":{\"@id\":\"https:\/\/gambinieditore.studiozerocinque.it\/?product=vi-presento-un-amico-marcel-proust#primaryimage\"},\"thumbnailUrl\":\"https:\/\/gambinieditore.studiozerocinque.it\/wp-content\/uploads\/2022\/02\/325-Vi-presento-un-amico-Marcel-Proust.jpg\",\"datePublished\":\"2022-02-11T17:44:25+00:00\",\"dateModified\":\"2025-09-11T08:00:41+00:00\",\"breadcrumb\":{\"@id\":\"https:\/\/gambinieditore.studiozerocinque.it\/?product=vi-presento-un-amico-marcel-proust#breadcrumb\"},\"inLanguage\":\"it-IT\",\"potentialAction\":[{\"@type\":\"ReadAction\",\"target\":[\"https:\/\/gambinieditore.studiozerocinque.it\/?product=vi-presento-un-amico-marcel-proust\"]}]},{\"@type\":\"ImageObject\",\"inLanguage\":\"it-IT\",\"@id\":\"https:\/\/gambinieditore.studiozerocinque.it\/?product=vi-presento-un-amico-marcel-proust#primaryimage\",\"url\":\"https:\/\/gambinieditore.studiozerocinque.it\/wp-content\/uploads\/2022\/02\/325-Vi-presento-un-amico-Marcel-Proust.jpg\",\"contentUrl\":\"https:\/\/gambinieditore.studiozerocinque.it\/wp-content\/uploads\/2022\/02\/325-Vi-presento-un-amico-Marcel-Proust.jpg\",\"width\":1457,\"height\":2539,\"caption\":\"Vi presento un amico Marcel Proust\"},{\"@type\":\"BreadcrumbList\",\"@id\":\"https:\/\/gambinieditore.studiozerocinque.it\/?product=vi-presento-un-amico-marcel-proust#breadcrumb\",\"itemListElement\":[{\"@type\":\"ListItem\",\"position\":1,\"name\":\"Home\",\"item\":\"https:\/\/gambinieditore.studiozerocinque.it\/\"},{\"@type\":\"ListItem\",\"position\":2,\"name\":\"Catalogo\",\"item\":\"https:\/\/gambinieditore.studiozerocinque.it\/?page_id=7\"},{\"@type\":\"ListItem\",\"position\":3,\"name\":\"Vi presento un amico Marcel Proust\"}]},{\"@type\":\"WebSite\",\"@id\":\"https:\/\/gambinieditore.studiozerocinque.it\/#website\",\"url\":\"https:\/\/gambinieditore.studiozerocinque.it\/\",\"name\":\"Gambini Editore\",\"description\":\"\",\"potentialAction\":[{\"@type\":\"SearchAction\",\"target\":{\"@type\":\"EntryPoint\",\"urlTemplate\":\"https:\/\/gambinieditore.studiozerocinque.it\/?s={search_term_string}\"},\"query-input\":{\"@type\":\"PropertyValueSpecification\",\"valueRequired\":true,\"valueName\":\"search_term_string\"}}],\"inLanguage\":\"it-IT\"}]}<\/script>\n<!-- \/ Yoast SEO plugin. -->","yoast_head_json":{"title":"Vi presento un amico Marcel Proust - Gambini Editore","robots":{"index":"noindex","follow":"follow","max-snippet":"max-snippet:-1","max-image-preview":"max-image-preview:large","max-video-preview":"max-video-preview:-1"},"og_locale":"it_IT","og_type":"article","og_title":"Vi presento un amico Marcel Proust - Gambini Editore","og_description":"Vi presento un amico Marcel Proust di Luigi Domacavalli","og_url":"https:\/\/gambinieditore.studiozerocinque.it\/?product=vi-presento-un-amico-marcel-proust","og_site_name":"Gambini Editore","article_modified_time":"2025-09-11T08:00:41+00:00","og_image":[{"width":1457,"height":2539,"url":"https:\/\/gambinieditore.studiozerocinque.it\/wp-content\/uploads\/2022\/02\/325-Vi-presento-un-amico-Marcel-Proust.jpg","type":"image\/jpeg"}],"twitter_card":"summary_large_image","twitter_misc":{"Tempo di lettura stimato":"1 minuto"},"schema":{"@context":"https:\/\/schema.org","@graph":[{"@type":"WebPage","@id":"https:\/\/gambinieditore.studiozerocinque.it\/?product=vi-presento-un-amico-marcel-proust","url":"https:\/\/gambinieditore.studiozerocinque.it\/?product=vi-presento-un-amico-marcel-proust","name":"Vi presento un amico Marcel Proust - Gambini Editore","isPartOf":{"@id":"https:\/\/gambinieditore.studiozerocinque.it\/#website"},"primaryImageOfPage":{"@id":"https:\/\/gambinieditore.studiozerocinque.it\/?product=vi-presento-un-amico-marcel-proust#primaryimage"},"image":{"@id":"https:\/\/gambinieditore.studiozerocinque.it\/?product=vi-presento-un-amico-marcel-proust#primaryimage"},"thumbnailUrl":"https:\/\/gambinieditore.studiozerocinque.it\/wp-content\/uploads\/2022\/02\/325-Vi-presento-un-amico-Marcel-Proust.jpg","datePublished":"2022-02-11T17:44:25+00:00","dateModified":"2025-09-11T08:00:41+00:00","breadcrumb":{"@id":"https:\/\/gambinieditore.studiozerocinque.it\/?product=vi-presento-un-amico-marcel-proust#breadcrumb"},"inLanguage":"it-IT","potentialAction":[{"@type":"ReadAction","target":["https:\/\/gambinieditore.studiozerocinque.it\/?product=vi-presento-un-amico-marcel-proust"]}]},{"@type":"ImageObject","inLanguage":"it-IT","@id":"https:\/\/gambinieditore.studiozerocinque.it\/?product=vi-presento-un-amico-marcel-proust#primaryimage","url":"https:\/\/gambinieditore.studiozerocinque.it\/wp-content\/uploads\/2022\/02\/325-Vi-presento-un-amico-Marcel-Proust.jpg","contentUrl":"https:\/\/gambinieditore.studiozerocinque.it\/wp-content\/uploads\/2022\/02\/325-Vi-presento-un-amico-Marcel-Proust.jpg","width":1457,"height":2539,"caption":"Vi presento un amico Marcel Proust"},{"@type":"BreadcrumbList","@id":"https:\/\/gambinieditore.studiozerocinque.it\/?product=vi-presento-un-amico-marcel-proust#breadcrumb","itemListElement":[{"@type":"ListItem","position":1,"name":"Home","item":"https:\/\/gambinieditore.studiozerocinque.it\/"},{"@type":"ListItem","position":2,"name":"Catalogo","item":"https:\/\/gambinieditore.studiozerocinque.it\/?page_id=7"},{"@type":"ListItem","position":3,"name":"Vi presento un amico Marcel Proust"}]},{"@type":"WebSite","@id":"https:\/\/gambinieditore.studiozerocinque.it\/#website","url":"https:\/\/gambinieditore.studiozerocinque.it\/","name":"Gambini Editore","description":"","potentialAction":[{"@type":"SearchAction","target":{"@type":"EntryPoint","urlTemplate":"https:\/\/gambinieditore.studiozerocinque.it\/?s={search_term_string}"},"query-input":{"@type":"PropertyValueSpecification","valueRequired":true,"valueName":"search_term_string"}}],"inLanguage":"it-IT"}]}},"_links":{"self":[{"href":"https:\/\/gambinieditore.studiozerocinque.it\/index.php?rest_route=\/wp\/v2\/product\/616","targetHints":{"allow":["GET"]}}],"collection":[{"href":"https:\/\/gambinieditore.studiozerocinque.it\/index.php?rest_route=\/wp\/v2\/product"}],"about":[{"href":"https:\/\/gambinieditore.studiozerocinque.it\/index.php?rest_route=\/wp\/v2\/types\/product"}],"replies":[{"embeddable":true,"href":"https:\/\/gambinieditore.studiozerocinque.it\/index.php?rest_route=%2Fwp%2Fv2%2Fcomments&post=616"}],"wp:featuredmedia":[{"embeddable":true,"href":"https:\/\/gambinieditore.studiozerocinque.it\/index.php?rest_route=\/wp\/v2\/media\/615"}],"wp:attachment":[{"href":"https:\/\/gambinieditore.studiozerocinque.it\/index.php?rest_route=%2Fwp%2Fv2%2Fmedia&parent=616"}],"wp:term":[{"taxonomy":"product_brand","embeddable":true,"href":"https:\/\/gambinieditore.studiozerocinque.it\/index.php?rest_route=%2Fwp%2Fv2%2Fproduct_brand&post=616"},{"taxonomy":"product_cat","embeddable":true,"href":"https:\/\/gambinieditore.studiozerocinque.it\/index.php?rest_route=%2Fwp%2Fv2%2Fproduct_cat&post=616"},{"taxonomy":"product_tag","embeddable":true,"href":"https:\/\/gambinieditore.studiozerocinque.it\/index.php?rest_route=%2Fwp%2Fv2%2Fproduct_tag&post=616"}],"curies":[{"name":"wp","href":"https:\/\/api.w.org\/{rel}","templated":true}]}}