{"id":622,"date":"2022-03-11T09:50:30","date_gmt":"2022-03-11T08:50:30","guid":{"rendered":"https:\/\/gambinieditore.studiozerocinque.it\/prodotto\/farfalle-poesie\/"},"modified":"2025-09-11T10:00:41","modified_gmt":"2025-09-11T08:00:41","slug":"farfalle-poesie","status":"publish","type":"product","link":"https:\/\/gambinieditore.studiozerocinque.it\/?product=farfalle-poesie","title":{"rendered":"Farfalle. Poesie"},"content":{"rendered":"<p>Mario Pino Toscano realizza questa nuova silloge in cui la sua visione poetica si articola e precisa, a partire da Farfalle \u2013 titolo dell\u2019opera e della prima sezione \u2013 dono della bellezza effimera e necessaria, metafora stessa del verso e dei versi. Il susseguirsi delle diverse composizioni svela quello che \u00e8 spesso uno sguardo esterno alla realt\u00e0 e che, fuori del tempo e dello spazio, ne richiama e ne rimpiange le immagini. Tuttavia questo sentimento di estraneit\u00e0 non ne esaurisce la poetica che pu\u00f2 ricorrere alla memoria come speranza che riscalda e giustifica il presente, memoria resa possibile dai rapporti pi\u00f9 intimi e veri in una carrellata di attimi e volti; concreti e vissuti o solo visti, scomparsi e attesi ma sempre, comunque amati. Tutto pu\u00f2 tornare a vivere come si torna a girare i fotogrammi della propria esistenza o si attende il ritorno degli attori. Come la grande tragedia che irrompe con la pandemia globale; con la vita del singolo che si rispecchia in quelle migliaia di vite che compongono l\u2019umanit\u00e0 intera e tutto si risolve nell\u2019attesa di una rinascita che sia nel nome di un abbraccio. Ed \u00e8 l\u2019amore che attraversa la realt\u00e0, ogni realt\u00e0, vissuta o rimpianta, descritta e sperata. Tutto scorre via nell\u2019equilibrio di una vita \u201cinstabile\u201d ma sono le parole e il canto, l\u2019effimera creazione dell\u2019attimo ispirato del poeta che rende possibile la consolazione e la vita che attraverso la prova torna al suo corso. In ogni naufragio sono i singoli pezzi di vita che tornano a galla come promessa di salvezza.<\/p>\n","protected":false},"excerpt":{"rendered":"<p>Farfalle. Poesie di Mario Pino Toscano<\/p>\n","protected":false},"featured_media":621,"comment_status":"open","ping_status":"closed","template":"","meta":[],"product_brand":[],"product_cat":[17,18,35],"product_tag":[],"class_list":{"0":"post-622","1":"product","2":"type-product","3":"status-publish","4":"has-post-thumbnail","6":"product_cat-catalogo","7":"product_cat-libri","8":"product_cat-poesia","10":"first","11":"instock","12":"shipping-taxable","13":"purchasable","14":"product-type-simple"},"yoast_head":"<!-- This site is optimized with the Yoast SEO plugin v25.9 - https:\/\/yoast.com\/wordpress\/plugins\/seo\/ -->\n<title>Farfalle. Poesie - Gambini Editore<\/title>\n<meta name=\"robots\" content=\"noindex, follow, max-snippet:-1, max-image-preview:large, max-video-preview:-1\" \/>\n<meta property=\"og:locale\" content=\"it_IT\" \/>\n<meta property=\"og:type\" content=\"article\" \/>\n<meta property=\"og:title\" content=\"Farfalle. Poesie - Gambini Editore\" \/>\n<meta property=\"og:description\" content=\"Farfalle. Poesie di Mario Pino Toscano\" \/>\n<meta property=\"og:url\" content=\"https:\/\/gambinieditore.studiozerocinque.it\/?product=farfalle-poesie\" \/>\n<meta property=\"og:site_name\" content=\"Gambini Editore\" \/>\n<meta property=\"article:modified_time\" content=\"2025-09-11T08:00:41+00:00\" \/>\n<meta property=\"og:image\" content=\"https:\/\/gambinieditore.studiozerocinque.it\/wp-content\/uploads\/2022\/03\/329-Farfalle.-Poesie.jpg\" \/>\n\t<meta property=\"og:image:width\" content=\"1722\" \/>\n\t<meta property=\"og:image:height\" content=\"2433\" \/>\n\t<meta property=\"og:image:type\" content=\"image\/jpeg\" \/>\n<meta name=\"twitter:card\" content=\"summary_large_image\" \/>\n<meta name=\"twitter:label1\" content=\"Tempo di lettura stimato\" \/>\n\t<meta name=\"twitter:data1\" content=\"1 minuto\" \/>\n<script type=\"application\/ld+json\" class=\"yoast-schema-graph\">{\"@context\":\"https:\/\/schema.org\",\"@graph\":[{\"@type\":\"WebPage\",\"@id\":\"https:\/\/gambinieditore.studiozerocinque.it\/?product=farfalle-poesie\",\"url\":\"https:\/\/gambinieditore.studiozerocinque.it\/?product=farfalle-poesie\",\"name\":\"Farfalle. Poesie - Gambini Editore\",\"isPartOf\":{\"@id\":\"https:\/\/gambinieditore.studiozerocinque.it\/#website\"},\"primaryImageOfPage\":{\"@id\":\"https:\/\/gambinieditore.studiozerocinque.it\/?product=farfalle-poesie#primaryimage\"},\"image\":{\"@id\":\"https:\/\/gambinieditore.studiozerocinque.it\/?product=farfalle-poesie#primaryimage\"},\"thumbnailUrl\":\"https:\/\/gambinieditore.studiozerocinque.it\/wp-content\/uploads\/2022\/03\/329-Farfalle.-Poesie.jpg\",\"datePublished\":\"2022-03-11T08:50:30+00:00\",\"dateModified\":\"2025-09-11T08:00:41+00:00\",\"breadcrumb\":{\"@id\":\"https:\/\/gambinieditore.studiozerocinque.it\/?product=farfalle-poesie#breadcrumb\"},\"inLanguage\":\"it-IT\",\"potentialAction\":[{\"@type\":\"ReadAction\",\"target\":[\"https:\/\/gambinieditore.studiozerocinque.it\/?product=farfalle-poesie\"]}]},{\"@type\":\"ImageObject\",\"inLanguage\":\"it-IT\",\"@id\":\"https:\/\/gambinieditore.studiozerocinque.it\/?product=farfalle-poesie#primaryimage\",\"url\":\"https:\/\/gambinieditore.studiozerocinque.it\/wp-content\/uploads\/2022\/03\/329-Farfalle.-Poesie.jpg\",\"contentUrl\":\"https:\/\/gambinieditore.studiozerocinque.it\/wp-content\/uploads\/2022\/03\/329-Farfalle.-Poesie.jpg\",\"width\":1722,\"height\":2433,\"caption\":\"Farfalle. Poesie\"},{\"@type\":\"BreadcrumbList\",\"@id\":\"https:\/\/gambinieditore.studiozerocinque.it\/?product=farfalle-poesie#breadcrumb\",\"itemListElement\":[{\"@type\":\"ListItem\",\"position\":1,\"name\":\"Home\",\"item\":\"https:\/\/gambinieditore.studiozerocinque.it\/\"},{\"@type\":\"ListItem\",\"position\":2,\"name\":\"Catalogo\",\"item\":\"https:\/\/gambinieditore.studiozerocinque.it\/?page_id=7\"},{\"@type\":\"ListItem\",\"position\":3,\"name\":\"Farfalle. Poesie\"}]},{\"@type\":\"WebSite\",\"@id\":\"https:\/\/gambinieditore.studiozerocinque.it\/#website\",\"url\":\"https:\/\/gambinieditore.studiozerocinque.it\/\",\"name\":\"Gambini Editore\",\"description\":\"\",\"potentialAction\":[{\"@type\":\"SearchAction\",\"target\":{\"@type\":\"EntryPoint\",\"urlTemplate\":\"https:\/\/gambinieditore.studiozerocinque.it\/?s={search_term_string}\"},\"query-input\":{\"@type\":\"PropertyValueSpecification\",\"valueRequired\":true,\"valueName\":\"search_term_string\"}}],\"inLanguage\":\"it-IT\"}]}<\/script>\n<!-- \/ Yoast SEO plugin. -->","yoast_head_json":{"title":"Farfalle. Poesie - Gambini Editore","robots":{"index":"noindex","follow":"follow","max-snippet":"max-snippet:-1","max-image-preview":"max-image-preview:large","max-video-preview":"max-video-preview:-1"},"og_locale":"it_IT","og_type":"article","og_title":"Farfalle. Poesie - Gambini Editore","og_description":"Farfalle. Poesie di Mario Pino Toscano","og_url":"https:\/\/gambinieditore.studiozerocinque.it\/?product=farfalle-poesie","og_site_name":"Gambini Editore","article_modified_time":"2025-09-11T08:00:41+00:00","og_image":[{"width":1722,"height":2433,"url":"https:\/\/gambinieditore.studiozerocinque.it\/wp-content\/uploads\/2022\/03\/329-Farfalle.-Poesie.jpg","type":"image\/jpeg"}],"twitter_card":"summary_large_image","twitter_misc":{"Tempo di lettura stimato":"1 minuto"},"schema":{"@context":"https:\/\/schema.org","@graph":[{"@type":"WebPage","@id":"https:\/\/gambinieditore.studiozerocinque.it\/?product=farfalle-poesie","url":"https:\/\/gambinieditore.studiozerocinque.it\/?product=farfalle-poesie","name":"Farfalle. Poesie - Gambini Editore","isPartOf":{"@id":"https:\/\/gambinieditore.studiozerocinque.it\/#website"},"primaryImageOfPage":{"@id":"https:\/\/gambinieditore.studiozerocinque.it\/?product=farfalle-poesie#primaryimage"},"image":{"@id":"https:\/\/gambinieditore.studiozerocinque.it\/?product=farfalle-poesie#primaryimage"},"thumbnailUrl":"https:\/\/gambinieditore.studiozerocinque.it\/wp-content\/uploads\/2022\/03\/329-Farfalle.-Poesie.jpg","datePublished":"2022-03-11T08:50:30+00:00","dateModified":"2025-09-11T08:00:41+00:00","breadcrumb":{"@id":"https:\/\/gambinieditore.studiozerocinque.it\/?product=farfalle-poesie#breadcrumb"},"inLanguage":"it-IT","potentialAction":[{"@type":"ReadAction","target":["https:\/\/gambinieditore.studiozerocinque.it\/?product=farfalle-poesie"]}]},{"@type":"ImageObject","inLanguage":"it-IT","@id":"https:\/\/gambinieditore.studiozerocinque.it\/?product=farfalle-poesie#primaryimage","url":"https:\/\/gambinieditore.studiozerocinque.it\/wp-content\/uploads\/2022\/03\/329-Farfalle.-Poesie.jpg","contentUrl":"https:\/\/gambinieditore.studiozerocinque.it\/wp-content\/uploads\/2022\/03\/329-Farfalle.-Poesie.jpg","width":1722,"height":2433,"caption":"Farfalle. Poesie"},{"@type":"BreadcrumbList","@id":"https:\/\/gambinieditore.studiozerocinque.it\/?product=farfalle-poesie#breadcrumb","itemListElement":[{"@type":"ListItem","position":1,"name":"Home","item":"https:\/\/gambinieditore.studiozerocinque.it\/"},{"@type":"ListItem","position":2,"name":"Catalogo","item":"https:\/\/gambinieditore.studiozerocinque.it\/?page_id=7"},{"@type":"ListItem","position":3,"name":"Farfalle. Poesie"}]},{"@type":"WebSite","@id":"https:\/\/gambinieditore.studiozerocinque.it\/#website","url":"https:\/\/gambinieditore.studiozerocinque.it\/","name":"Gambini Editore","description":"","potentialAction":[{"@type":"SearchAction","target":{"@type":"EntryPoint","urlTemplate":"https:\/\/gambinieditore.studiozerocinque.it\/?s={search_term_string}"},"query-input":{"@type":"PropertyValueSpecification","valueRequired":true,"valueName":"search_term_string"}}],"inLanguage":"it-IT"}]}},"_links":{"self":[{"href":"https:\/\/gambinieditore.studiozerocinque.it\/index.php?rest_route=\/wp\/v2\/product\/622","targetHints":{"allow":["GET"]}}],"collection":[{"href":"https:\/\/gambinieditore.studiozerocinque.it\/index.php?rest_route=\/wp\/v2\/product"}],"about":[{"href":"https:\/\/gambinieditore.studiozerocinque.it\/index.php?rest_route=\/wp\/v2\/types\/product"}],"replies":[{"embeddable":true,"href":"https:\/\/gambinieditore.studiozerocinque.it\/index.php?rest_route=%2Fwp%2Fv2%2Fcomments&post=622"}],"wp:featuredmedia":[{"embeddable":true,"href":"https:\/\/gambinieditore.studiozerocinque.it\/index.php?rest_route=\/wp\/v2\/media\/621"}],"wp:attachment":[{"href":"https:\/\/gambinieditore.studiozerocinque.it\/index.php?rest_route=%2Fwp%2Fv2%2Fmedia&parent=622"}],"wp:term":[{"taxonomy":"product_brand","embeddable":true,"href":"https:\/\/gambinieditore.studiozerocinque.it\/index.php?rest_route=%2Fwp%2Fv2%2Fproduct_brand&post=622"},{"taxonomy":"product_cat","embeddable":true,"href":"https:\/\/gambinieditore.studiozerocinque.it\/index.php?rest_route=%2Fwp%2Fv2%2Fproduct_cat&post=622"},{"taxonomy":"product_tag","embeddable":true,"href":"https:\/\/gambinieditore.studiozerocinque.it\/index.php?rest_route=%2Fwp%2Fv2%2Fproduct_tag&post=622"}],"curies":[{"name":"wp","href":"https:\/\/api.w.org\/{rel}","templated":true}]}}