{"id":626,"date":"2022-03-14T18:54:25","date_gmt":"2022-03-14T17:54:25","guid":{"rendered":"https:\/\/gambinieditore.studiozerocinque.it\/prodotto\/la-donna-e-il-sacro-nell-antica-grecia\/"},"modified":"2025-09-11T10:00:41","modified_gmt":"2025-09-11T08:00:41","slug":"la-donna-e-il-sacro-nell-antica-grecia","status":"publish","type":"product","link":"https:\/\/gambinieditore.studiozerocinque.it\/?product=la-donna-e-il-sacro-nell-antica-grecia","title":{"rendered":"La donna e il sacro nell&#8217;antica Grecia"},"content":{"rendered":"<p>Chiuse all\u2019interno della propria abitazione, nell\u2019antica Grecia le donne sembrano esistere solo in quanto figlie, mogli o madri di cittadini, del tutto escluse dall\u2019attivit\u00e0 politica. C\u2019\u00e8 per\u00f2 un settore d\u2019azione privilegiato dove le donne sono state non solo presenti ma determinanti, protagoniste indiscusse della vita pubblica, l\u2019ambito del sacro. Quando vanno ad interagire con quella parte della vita civica &#8211; fondamentale per la polis &#8211; che aveva a che fare con il sacro e con la religione, con la produzione, la prosperit\u00e0 e il benessere delle citt\u00e0, le donne sono allora ritenute intermediarie indispensabili tra la divinit\u00e0 e la comunit\u00e0. Siano esse sacerdotesse, profetesse o partecipi delle grandi feste religiose cittadine, la loro presenza \u00e8 regolata da circostanze e da competenze precise in un rapporto con la cosa pubblica che varia secondo l\u2019et\u00e0, la condizione, la classe sociale e le citt\u00e0, cosa che il presente libro cerca di evidenziare.<\/p>\n","protected":false},"excerpt":{"rendered":"<p>La donna e il sacro nell&#8217;antica Grecia di Eleonora Sandrelli\u00a0<\/p>\n","protected":false},"featured_media":625,"comment_status":"open","ping_status":"closed","template":"","meta":[],"product_brand":[],"product_cat":[17,22,18,36],"product_tag":[],"class_list":{"0":"post-626","1":"product","2":"type-product","3":"status-publish","4":"has-post-thumbnail","6":"product_cat-catalogo","7":"product_cat-collane","8":"product_cat-libri","9":"product_cat-la-nottola-di-atena","11":"first","12":"instock","13":"shipping-taxable","14":"purchasable","15":"product-type-simple"},"yoast_head":"<!-- This site is optimized with the Yoast SEO plugin v25.9 - https:\/\/yoast.com\/wordpress\/plugins\/seo\/ -->\n<title>La donna e il sacro nell&#039;antica Grecia - Gambini Editore<\/title>\n<meta name=\"robots\" content=\"noindex, follow, max-snippet:-1, max-image-preview:large, max-video-preview:-1\" \/>\n<meta property=\"og:locale\" content=\"it_IT\" \/>\n<meta property=\"og:type\" content=\"article\" \/>\n<meta property=\"og:title\" content=\"La donna e il sacro nell&#039;antica Grecia - Gambini Editore\" \/>\n<meta property=\"og:description\" content=\"La donna e il sacro nell&#039;antica Grecia di Eleonora Sandrelli\u00a0\" \/>\n<meta property=\"og:url\" content=\"https:\/\/gambinieditore.studiozerocinque.it\/?product=la-donna-e-il-sacro-nell-antica-grecia\" \/>\n<meta property=\"og:site_name\" content=\"Gambini Editore\" \/>\n<meta property=\"article:modified_time\" content=\"2025-09-11T08:00:41+00:00\" \/>\n<meta property=\"og:image\" content=\"https:\/\/gambinieditore.studiozerocinque.it\/wp-content\/uploads\/2022\/03\/333-La-donna-e-il-sacro-nellantica-Grecia.jpg\" \/>\n\t<meta property=\"og:image:width\" content=\"739\" \/>\n\t<meta property=\"og:image:height\" content=\"1152\" \/>\n\t<meta property=\"og:image:type\" content=\"image\/jpeg\" \/>\n<meta name=\"twitter:card\" content=\"summary_large_image\" \/>\n<meta name=\"twitter:label1\" content=\"Tempo di lettura stimato\" \/>\n\t<meta name=\"twitter:data1\" content=\"1 minuto\" \/>\n<script type=\"application\/ld+json\" class=\"yoast-schema-graph\">{\"@context\":\"https:\/\/schema.org\",\"@graph\":[{\"@type\":\"WebPage\",\"@id\":\"https:\/\/gambinieditore.studiozerocinque.it\/?product=la-donna-e-il-sacro-nell-antica-grecia\",\"url\":\"https:\/\/gambinieditore.studiozerocinque.it\/?product=la-donna-e-il-sacro-nell-antica-grecia\",\"name\":\"La donna e il sacro nell'antica Grecia - Gambini Editore\",\"isPartOf\":{\"@id\":\"https:\/\/gambinieditore.studiozerocinque.it\/#website\"},\"primaryImageOfPage\":{\"@id\":\"https:\/\/gambinieditore.studiozerocinque.it\/?product=la-donna-e-il-sacro-nell-antica-grecia#primaryimage\"},\"image\":{\"@id\":\"https:\/\/gambinieditore.studiozerocinque.it\/?product=la-donna-e-il-sacro-nell-antica-grecia#primaryimage\"},\"thumbnailUrl\":\"https:\/\/gambinieditore.studiozerocinque.it\/wp-content\/uploads\/2022\/03\/333-La-donna-e-il-sacro-nellantica-Grecia.jpg\",\"datePublished\":\"2022-03-14T17:54:25+00:00\",\"dateModified\":\"2025-09-11T08:00:41+00:00\",\"breadcrumb\":{\"@id\":\"https:\/\/gambinieditore.studiozerocinque.it\/?product=la-donna-e-il-sacro-nell-antica-grecia#breadcrumb\"},\"inLanguage\":\"it-IT\",\"potentialAction\":[{\"@type\":\"ReadAction\",\"target\":[\"https:\/\/gambinieditore.studiozerocinque.it\/?product=la-donna-e-il-sacro-nell-antica-grecia\"]}]},{\"@type\":\"ImageObject\",\"inLanguage\":\"it-IT\",\"@id\":\"https:\/\/gambinieditore.studiozerocinque.it\/?product=la-donna-e-il-sacro-nell-antica-grecia#primaryimage\",\"url\":\"https:\/\/gambinieditore.studiozerocinque.it\/wp-content\/uploads\/2022\/03\/333-La-donna-e-il-sacro-nellantica-Grecia.jpg\",\"contentUrl\":\"https:\/\/gambinieditore.studiozerocinque.it\/wp-content\/uploads\/2022\/03\/333-La-donna-e-il-sacro-nellantica-Grecia.jpg\",\"width\":739,\"height\":1152,\"caption\":\"La donna e il sacro nell'antica Grecia\"},{\"@type\":\"BreadcrumbList\",\"@id\":\"https:\/\/gambinieditore.studiozerocinque.it\/?product=la-donna-e-il-sacro-nell-antica-grecia#breadcrumb\",\"itemListElement\":[{\"@type\":\"ListItem\",\"position\":1,\"name\":\"Home\",\"item\":\"https:\/\/gambinieditore.studiozerocinque.it\/\"},{\"@type\":\"ListItem\",\"position\":2,\"name\":\"Catalogo\",\"item\":\"https:\/\/gambinieditore.studiozerocinque.it\/?page_id=7\"},{\"@type\":\"ListItem\",\"position\":3,\"name\":\"La donna e il sacro nell&#8217;antica Grecia\"}]},{\"@type\":\"WebSite\",\"@id\":\"https:\/\/gambinieditore.studiozerocinque.it\/#website\",\"url\":\"https:\/\/gambinieditore.studiozerocinque.it\/\",\"name\":\"Gambini Editore\",\"description\":\"\",\"potentialAction\":[{\"@type\":\"SearchAction\",\"target\":{\"@type\":\"EntryPoint\",\"urlTemplate\":\"https:\/\/gambinieditore.studiozerocinque.it\/?s={search_term_string}\"},\"query-input\":{\"@type\":\"PropertyValueSpecification\",\"valueRequired\":true,\"valueName\":\"search_term_string\"}}],\"inLanguage\":\"it-IT\"}]}<\/script>\n<!-- \/ Yoast SEO plugin. -->","yoast_head_json":{"title":"La donna e il sacro nell'antica Grecia - Gambini Editore","robots":{"index":"noindex","follow":"follow","max-snippet":"max-snippet:-1","max-image-preview":"max-image-preview:large","max-video-preview":"max-video-preview:-1"},"og_locale":"it_IT","og_type":"article","og_title":"La donna e il sacro nell'antica Grecia - Gambini Editore","og_description":"La donna e il sacro nell'antica Grecia di Eleonora Sandrelli\u00a0","og_url":"https:\/\/gambinieditore.studiozerocinque.it\/?product=la-donna-e-il-sacro-nell-antica-grecia","og_site_name":"Gambini Editore","article_modified_time":"2025-09-11T08:00:41+00:00","og_image":[{"width":739,"height":1152,"url":"https:\/\/gambinieditore.studiozerocinque.it\/wp-content\/uploads\/2022\/03\/333-La-donna-e-il-sacro-nellantica-Grecia.jpg","type":"image\/jpeg"}],"twitter_card":"summary_large_image","twitter_misc":{"Tempo di lettura stimato":"1 minuto"},"schema":{"@context":"https:\/\/schema.org","@graph":[{"@type":"WebPage","@id":"https:\/\/gambinieditore.studiozerocinque.it\/?product=la-donna-e-il-sacro-nell-antica-grecia","url":"https:\/\/gambinieditore.studiozerocinque.it\/?product=la-donna-e-il-sacro-nell-antica-grecia","name":"La donna e il sacro nell'antica Grecia - Gambini Editore","isPartOf":{"@id":"https:\/\/gambinieditore.studiozerocinque.it\/#website"},"primaryImageOfPage":{"@id":"https:\/\/gambinieditore.studiozerocinque.it\/?product=la-donna-e-il-sacro-nell-antica-grecia#primaryimage"},"image":{"@id":"https:\/\/gambinieditore.studiozerocinque.it\/?product=la-donna-e-il-sacro-nell-antica-grecia#primaryimage"},"thumbnailUrl":"https:\/\/gambinieditore.studiozerocinque.it\/wp-content\/uploads\/2022\/03\/333-La-donna-e-il-sacro-nellantica-Grecia.jpg","datePublished":"2022-03-14T17:54:25+00:00","dateModified":"2025-09-11T08:00:41+00:00","breadcrumb":{"@id":"https:\/\/gambinieditore.studiozerocinque.it\/?product=la-donna-e-il-sacro-nell-antica-grecia#breadcrumb"},"inLanguage":"it-IT","potentialAction":[{"@type":"ReadAction","target":["https:\/\/gambinieditore.studiozerocinque.it\/?product=la-donna-e-il-sacro-nell-antica-grecia"]}]},{"@type":"ImageObject","inLanguage":"it-IT","@id":"https:\/\/gambinieditore.studiozerocinque.it\/?product=la-donna-e-il-sacro-nell-antica-grecia#primaryimage","url":"https:\/\/gambinieditore.studiozerocinque.it\/wp-content\/uploads\/2022\/03\/333-La-donna-e-il-sacro-nellantica-Grecia.jpg","contentUrl":"https:\/\/gambinieditore.studiozerocinque.it\/wp-content\/uploads\/2022\/03\/333-La-donna-e-il-sacro-nellantica-Grecia.jpg","width":739,"height":1152,"caption":"La donna e il sacro nell'antica Grecia"},{"@type":"BreadcrumbList","@id":"https:\/\/gambinieditore.studiozerocinque.it\/?product=la-donna-e-il-sacro-nell-antica-grecia#breadcrumb","itemListElement":[{"@type":"ListItem","position":1,"name":"Home","item":"https:\/\/gambinieditore.studiozerocinque.it\/"},{"@type":"ListItem","position":2,"name":"Catalogo","item":"https:\/\/gambinieditore.studiozerocinque.it\/?page_id=7"},{"@type":"ListItem","position":3,"name":"La donna e il sacro nell&#8217;antica Grecia"}]},{"@type":"WebSite","@id":"https:\/\/gambinieditore.studiozerocinque.it\/#website","url":"https:\/\/gambinieditore.studiozerocinque.it\/","name":"Gambini Editore","description":"","potentialAction":[{"@type":"SearchAction","target":{"@type":"EntryPoint","urlTemplate":"https:\/\/gambinieditore.studiozerocinque.it\/?s={search_term_string}"},"query-input":{"@type":"PropertyValueSpecification","valueRequired":true,"valueName":"search_term_string"}}],"inLanguage":"it-IT"}]}},"_links":{"self":[{"href":"https:\/\/gambinieditore.studiozerocinque.it\/index.php?rest_route=\/wp\/v2\/product\/626","targetHints":{"allow":["GET"]}}],"collection":[{"href":"https:\/\/gambinieditore.studiozerocinque.it\/index.php?rest_route=\/wp\/v2\/product"}],"about":[{"href":"https:\/\/gambinieditore.studiozerocinque.it\/index.php?rest_route=\/wp\/v2\/types\/product"}],"replies":[{"embeddable":true,"href":"https:\/\/gambinieditore.studiozerocinque.it\/index.php?rest_route=%2Fwp%2Fv2%2Fcomments&post=626"}],"wp:featuredmedia":[{"embeddable":true,"href":"https:\/\/gambinieditore.studiozerocinque.it\/index.php?rest_route=\/wp\/v2\/media\/625"}],"wp:attachment":[{"href":"https:\/\/gambinieditore.studiozerocinque.it\/index.php?rest_route=%2Fwp%2Fv2%2Fmedia&parent=626"}],"wp:term":[{"taxonomy":"product_brand","embeddable":true,"href":"https:\/\/gambinieditore.studiozerocinque.it\/index.php?rest_route=%2Fwp%2Fv2%2Fproduct_brand&post=626"},{"taxonomy":"product_cat","embeddable":true,"href":"https:\/\/gambinieditore.studiozerocinque.it\/index.php?rest_route=%2Fwp%2Fv2%2Fproduct_cat&post=626"},{"taxonomy":"product_tag","embeddable":true,"href":"https:\/\/gambinieditore.studiozerocinque.it\/index.php?rest_route=%2Fwp%2Fv2%2Fproduct_tag&post=626"}],"curies":[{"name":"wp","href":"https:\/\/api.w.org\/{rel}","templated":true}]}}