{"id":628,"date":"2022-03-22T21:51:47","date_gmt":"2022-03-22T20:51:47","guid":{"rendered":"https:\/\/gambinieditore.studiozerocinque.it\/prodotto\/citta-della-pieve-la-citta-piu-meravigliosa-la-citta-perfetta\/"},"modified":"2025-09-11T10:00:42","modified_gmt":"2025-09-11T08:00:42","slug":"citta-della-pieve-la-citta-piu-meravigliosa-la-citta-perfetta","status":"publish","type":"product","link":"https:\/\/gambinieditore.studiozerocinque.it\/?product=citta-della-pieve-la-citta-piu-meravigliosa-la-citta-perfetta","title":{"rendered":"Citt\u00e0 della Pieve. La citt\u00e0 pi\u00f9 meravigliosa, la citt\u00e0 perfetta"},"content":{"rendered":"<p class=\"MsoNormal\" style=\"text-align:justify;\"><span style=\"font-family:ArialMT, sans-serif;color:#1c1c1c;\">Nel cuore d\u2019Italia, l\u00e0 dove i placidi colli dell\u2019Umbria occidentale s\u2019incuneano fra il Lago Trasimeno e la Toscana ad incorniciare il versante umbro della Val di Chiana, un borgo dalla storia ultra millenaria svetta col suo splendore di perla d\u2019arte, di cultura, di tradizioni popolari e di eccellente enogastronomia.<\/span><\/p>\n<\/p>\n<p class=\"MsoNormal\" style=\"text-align:justify;\"><span style=\"font-family:ArialMT, sans-serif;color:#1c1c1c;\">Unica in Umbria per il suo bel colore rosso intenso, quello del cotto antico con cui \u00e8 stata costruita, Citt\u00e0 della Pieve \u00e8 stata defi nita dallo storico dell\u2019arte francese Jacques Camille Broussolle, nel saggio \u201cP\u00e9lerinages Ombriens. \u00c9tudes d\u2019art et de voyage\u201d (1896), \u00abLa citt\u00e0 pi\u00f9 meravigliosa dell\u2019Umbria\u00bb. E deve la sua fama al nome di un grande pittore del rinascimento, il \u201cPerugino\u201d. L\u2019autore, ci propone di ritrovare quelle opere che l\u2019artista ha realizzato nella sua citt\u00e0 ma ci offre al contempo l\u2019occasione di scoprire i suoi angoli pi\u00f9 intimi come la nobilt\u00e0 dei suoi palazzi. Non ultima \u00e8 l\u2019importanza della buona gastronomia: il nome di Citt\u00e0 della Pieve \u00e8 infatti legato alla chianina, la carne pregiata di tradizione umbro toscana, alla fagiolina del Trasimeno, all\u2019ottimo vino e soprattutto allo zafferano<\/span><\/p><\/p>\n","protected":false},"excerpt":{"rendered":"<p>Citt\u00e0 della Pieve. &#8220;La citt\u00e0 pi\u00f9 meravigliosa, la citt\u00e0 perfetta&#8221;.<\/p>\n<p>GUIDA TURISTICA, a cura di Lorenzo Berna<\/p>\n","protected":false},"featured_media":627,"comment_status":"open","ping_status":"closed","template":"","meta":[],"product_brand":[],"product_cat":[17,26,18,57],"product_tag":[],"class_list":{"0":"post-628","1":"product","2":"type-product","3":"status-publish","4":"has-post-thumbnail","6":"product_cat-catalogo","7":"product_cat-la-bussola-del-viandante","8":"product_cat-libri","9":"product_cat-guide-turistiche-e-viaggi","11":"first","12":"instock","13":"shipping-taxable","14":"purchasable","15":"product-type-simple"},"yoast_head":"<!-- This site is optimized with the Yoast SEO plugin v25.9 - https:\/\/yoast.com\/wordpress\/plugins\/seo\/ -->\n<title>Citt\u00e0 della Pieve. La citt\u00e0 pi\u00f9 meravigliosa, la citt\u00e0 perfetta - Gambini Editore<\/title>\n<meta name=\"robots\" content=\"noindex, follow, max-snippet:-1, max-image-preview:large, max-video-preview:-1\" \/>\n<meta property=\"og:locale\" content=\"it_IT\" \/>\n<meta property=\"og:type\" content=\"article\" \/>\n<meta property=\"og:title\" content=\"Citt\u00e0 della Pieve. La citt\u00e0 pi\u00f9 meravigliosa, la citt\u00e0 perfetta - Gambini Editore\" \/>\n<meta property=\"og:description\" content=\"Citt\u00e0 della Pieve. &quot;La citt\u00e0 pi\u00f9 meravigliosa, la citt\u00e0 perfetta&quot;. GUIDA TURISTICA, a cura di Lorenzo Berna\" \/>\n<meta property=\"og:url\" content=\"https:\/\/gambinieditore.studiozerocinque.it\/?product=citta-della-pieve-la-citta-piu-meravigliosa-la-citta-perfetta\" \/>\n<meta property=\"og:site_name\" content=\"Gambini Editore\" \/>\n<meta property=\"article:modified_time\" content=\"2025-09-11T08:00:42+00:00\" \/>\n<meta property=\"og:image\" content=\"https:\/\/gambinieditore.studiozerocinque.it\/wp-content\/uploads\/2022\/03\/340-Citta-della-Pieve.-La-citta-piu-meravigliosa-la-citta-perfetta.jpg\" \/>\n\t<meta property=\"og:image:width\" content=\"739\" \/>\n\t<meta property=\"og:image:height\" content=\"1211\" \/>\n\t<meta property=\"og:image:type\" content=\"image\/jpeg\" \/>\n<meta name=\"twitter:card\" content=\"summary_large_image\" \/>\n<meta name=\"twitter:label1\" content=\"Tempo di lettura stimato\" \/>\n\t<meta name=\"twitter:data1\" content=\"1 minuto\" \/>\n<script type=\"application\/ld+json\" class=\"yoast-schema-graph\">{\"@context\":\"https:\/\/schema.org\",\"@graph\":[{\"@type\":\"WebPage\",\"@id\":\"https:\/\/gambinieditore.studiozerocinque.it\/?product=citta-della-pieve-la-citta-piu-meravigliosa-la-citta-perfetta\",\"url\":\"https:\/\/gambinieditore.studiozerocinque.it\/?product=citta-della-pieve-la-citta-piu-meravigliosa-la-citta-perfetta\",\"name\":\"Citt\u00e0 della Pieve. La citt\u00e0 pi\u00f9 meravigliosa, la citt\u00e0 perfetta - Gambini Editore\",\"isPartOf\":{\"@id\":\"https:\/\/gambinieditore.studiozerocinque.it\/#website\"},\"primaryImageOfPage\":{\"@id\":\"https:\/\/gambinieditore.studiozerocinque.it\/?product=citta-della-pieve-la-citta-piu-meravigliosa-la-citta-perfetta#primaryimage\"},\"image\":{\"@id\":\"https:\/\/gambinieditore.studiozerocinque.it\/?product=citta-della-pieve-la-citta-piu-meravigliosa-la-citta-perfetta#primaryimage\"},\"thumbnailUrl\":\"https:\/\/gambinieditore.studiozerocinque.it\/wp-content\/uploads\/2022\/03\/340-Citta-della-Pieve.-La-citta-piu-meravigliosa-la-citta-perfetta.jpg\",\"datePublished\":\"2022-03-22T20:51:47+00:00\",\"dateModified\":\"2025-09-11T08:00:42+00:00\",\"breadcrumb\":{\"@id\":\"https:\/\/gambinieditore.studiozerocinque.it\/?product=citta-della-pieve-la-citta-piu-meravigliosa-la-citta-perfetta#breadcrumb\"},\"inLanguage\":\"it-IT\",\"potentialAction\":[{\"@type\":\"ReadAction\",\"target\":[\"https:\/\/gambinieditore.studiozerocinque.it\/?product=citta-della-pieve-la-citta-piu-meravigliosa-la-citta-perfetta\"]}]},{\"@type\":\"ImageObject\",\"inLanguage\":\"it-IT\",\"@id\":\"https:\/\/gambinieditore.studiozerocinque.it\/?product=citta-della-pieve-la-citta-piu-meravigliosa-la-citta-perfetta#primaryimage\",\"url\":\"https:\/\/gambinieditore.studiozerocinque.it\/wp-content\/uploads\/2022\/03\/340-Citta-della-Pieve.-La-citta-piu-meravigliosa-la-citta-perfetta.jpg\",\"contentUrl\":\"https:\/\/gambinieditore.studiozerocinque.it\/wp-content\/uploads\/2022\/03\/340-Citta-della-Pieve.-La-citta-piu-meravigliosa-la-citta-perfetta.jpg\",\"width\":739,\"height\":1211,\"caption\":\"Citt\u00e0 della Pieve. La citt\u00e0 pi\u00f9 meravigliosa, la citt\u00e0 perfetta\"},{\"@type\":\"BreadcrumbList\",\"@id\":\"https:\/\/gambinieditore.studiozerocinque.it\/?product=citta-della-pieve-la-citta-piu-meravigliosa-la-citta-perfetta#breadcrumb\",\"itemListElement\":[{\"@type\":\"ListItem\",\"position\":1,\"name\":\"Home\",\"item\":\"https:\/\/gambinieditore.studiozerocinque.it\/\"},{\"@type\":\"ListItem\",\"position\":2,\"name\":\"Catalogo\",\"item\":\"https:\/\/gambinieditore.studiozerocinque.it\/?page_id=7\"},{\"@type\":\"ListItem\",\"position\":3,\"name\":\"Citt\u00e0 della Pieve. La citt\u00e0 pi\u00f9 meravigliosa, la citt\u00e0 perfetta\"}]},{\"@type\":\"WebSite\",\"@id\":\"https:\/\/gambinieditore.studiozerocinque.it\/#website\",\"url\":\"https:\/\/gambinieditore.studiozerocinque.it\/\",\"name\":\"Gambini Editore\",\"description\":\"\",\"potentialAction\":[{\"@type\":\"SearchAction\",\"target\":{\"@type\":\"EntryPoint\",\"urlTemplate\":\"https:\/\/gambinieditore.studiozerocinque.it\/?s={search_term_string}\"},\"query-input\":{\"@type\":\"PropertyValueSpecification\",\"valueRequired\":true,\"valueName\":\"search_term_string\"}}],\"inLanguage\":\"it-IT\"}]}<\/script>\n<!-- \/ Yoast SEO plugin. -->","yoast_head_json":{"title":"Citt\u00e0 della Pieve. La citt\u00e0 pi\u00f9 meravigliosa, la citt\u00e0 perfetta - Gambini Editore","robots":{"index":"noindex","follow":"follow","max-snippet":"max-snippet:-1","max-image-preview":"max-image-preview:large","max-video-preview":"max-video-preview:-1"},"og_locale":"it_IT","og_type":"article","og_title":"Citt\u00e0 della Pieve. La citt\u00e0 pi\u00f9 meravigliosa, la citt\u00e0 perfetta - Gambini Editore","og_description":"Citt\u00e0 della Pieve. \"La citt\u00e0 pi\u00f9 meravigliosa, la citt\u00e0 perfetta\". GUIDA TURISTICA, a cura di Lorenzo Berna","og_url":"https:\/\/gambinieditore.studiozerocinque.it\/?product=citta-della-pieve-la-citta-piu-meravigliosa-la-citta-perfetta","og_site_name":"Gambini Editore","article_modified_time":"2025-09-11T08:00:42+00:00","og_image":[{"width":739,"height":1211,"url":"https:\/\/gambinieditore.studiozerocinque.it\/wp-content\/uploads\/2022\/03\/340-Citta-della-Pieve.-La-citta-piu-meravigliosa-la-citta-perfetta.jpg","type":"image\/jpeg"}],"twitter_card":"summary_large_image","twitter_misc":{"Tempo di lettura stimato":"1 minuto"},"schema":{"@context":"https:\/\/schema.org","@graph":[{"@type":"WebPage","@id":"https:\/\/gambinieditore.studiozerocinque.it\/?product=citta-della-pieve-la-citta-piu-meravigliosa-la-citta-perfetta","url":"https:\/\/gambinieditore.studiozerocinque.it\/?product=citta-della-pieve-la-citta-piu-meravigliosa-la-citta-perfetta","name":"Citt\u00e0 della Pieve. La citt\u00e0 pi\u00f9 meravigliosa, la citt\u00e0 perfetta - Gambini Editore","isPartOf":{"@id":"https:\/\/gambinieditore.studiozerocinque.it\/#website"},"primaryImageOfPage":{"@id":"https:\/\/gambinieditore.studiozerocinque.it\/?product=citta-della-pieve-la-citta-piu-meravigliosa-la-citta-perfetta#primaryimage"},"image":{"@id":"https:\/\/gambinieditore.studiozerocinque.it\/?product=citta-della-pieve-la-citta-piu-meravigliosa-la-citta-perfetta#primaryimage"},"thumbnailUrl":"https:\/\/gambinieditore.studiozerocinque.it\/wp-content\/uploads\/2022\/03\/340-Citta-della-Pieve.-La-citta-piu-meravigliosa-la-citta-perfetta.jpg","datePublished":"2022-03-22T20:51:47+00:00","dateModified":"2025-09-11T08:00:42+00:00","breadcrumb":{"@id":"https:\/\/gambinieditore.studiozerocinque.it\/?product=citta-della-pieve-la-citta-piu-meravigliosa-la-citta-perfetta#breadcrumb"},"inLanguage":"it-IT","potentialAction":[{"@type":"ReadAction","target":["https:\/\/gambinieditore.studiozerocinque.it\/?product=citta-della-pieve-la-citta-piu-meravigliosa-la-citta-perfetta"]}]},{"@type":"ImageObject","inLanguage":"it-IT","@id":"https:\/\/gambinieditore.studiozerocinque.it\/?product=citta-della-pieve-la-citta-piu-meravigliosa-la-citta-perfetta#primaryimage","url":"https:\/\/gambinieditore.studiozerocinque.it\/wp-content\/uploads\/2022\/03\/340-Citta-della-Pieve.-La-citta-piu-meravigliosa-la-citta-perfetta.jpg","contentUrl":"https:\/\/gambinieditore.studiozerocinque.it\/wp-content\/uploads\/2022\/03\/340-Citta-della-Pieve.-La-citta-piu-meravigliosa-la-citta-perfetta.jpg","width":739,"height":1211,"caption":"Citt\u00e0 della Pieve. La citt\u00e0 pi\u00f9 meravigliosa, la citt\u00e0 perfetta"},{"@type":"BreadcrumbList","@id":"https:\/\/gambinieditore.studiozerocinque.it\/?product=citta-della-pieve-la-citta-piu-meravigliosa-la-citta-perfetta#breadcrumb","itemListElement":[{"@type":"ListItem","position":1,"name":"Home","item":"https:\/\/gambinieditore.studiozerocinque.it\/"},{"@type":"ListItem","position":2,"name":"Catalogo","item":"https:\/\/gambinieditore.studiozerocinque.it\/?page_id=7"},{"@type":"ListItem","position":3,"name":"Citt\u00e0 della Pieve. La citt\u00e0 pi\u00f9 meravigliosa, la citt\u00e0 perfetta"}]},{"@type":"WebSite","@id":"https:\/\/gambinieditore.studiozerocinque.it\/#website","url":"https:\/\/gambinieditore.studiozerocinque.it\/","name":"Gambini Editore","description":"","potentialAction":[{"@type":"SearchAction","target":{"@type":"EntryPoint","urlTemplate":"https:\/\/gambinieditore.studiozerocinque.it\/?s={search_term_string}"},"query-input":{"@type":"PropertyValueSpecification","valueRequired":true,"valueName":"search_term_string"}}],"inLanguage":"it-IT"}]}},"_links":{"self":[{"href":"https:\/\/gambinieditore.studiozerocinque.it\/index.php?rest_route=\/wp\/v2\/product\/628","targetHints":{"allow":["GET"]}}],"collection":[{"href":"https:\/\/gambinieditore.studiozerocinque.it\/index.php?rest_route=\/wp\/v2\/product"}],"about":[{"href":"https:\/\/gambinieditore.studiozerocinque.it\/index.php?rest_route=\/wp\/v2\/types\/product"}],"replies":[{"embeddable":true,"href":"https:\/\/gambinieditore.studiozerocinque.it\/index.php?rest_route=%2Fwp%2Fv2%2Fcomments&post=628"}],"wp:featuredmedia":[{"embeddable":true,"href":"https:\/\/gambinieditore.studiozerocinque.it\/index.php?rest_route=\/wp\/v2\/media\/627"}],"wp:attachment":[{"href":"https:\/\/gambinieditore.studiozerocinque.it\/index.php?rest_route=%2Fwp%2Fv2%2Fmedia&parent=628"}],"wp:term":[{"taxonomy":"product_brand","embeddable":true,"href":"https:\/\/gambinieditore.studiozerocinque.it\/index.php?rest_route=%2Fwp%2Fv2%2Fproduct_brand&post=628"},{"taxonomy":"product_cat","embeddable":true,"href":"https:\/\/gambinieditore.studiozerocinque.it\/index.php?rest_route=%2Fwp%2Fv2%2Fproduct_cat&post=628"},{"taxonomy":"product_tag","embeddable":true,"href":"https:\/\/gambinieditore.studiozerocinque.it\/index.php?rest_route=%2Fwp%2Fv2%2Fproduct_tag&post=628"}],"curies":[{"name":"wp","href":"https:\/\/api.w.org\/{rel}","templated":true}]}}