{"id":642,"date":"2022-05-30T17:12:32","date_gmt":"2022-05-30T15:12:32","guid":{"rendered":"https:\/\/gambinieditore.studiozerocinque.it\/prodotto\/la-camilla-baglionis-s-car\/"},"modified":"2025-09-11T10:00:43","modified_gmt":"2025-09-11T08:00:43","slug":"la-camilla-baglionis-s-car","status":"publish","type":"product","link":"https:\/\/gambinieditore.studiozerocinque.it\/?product=la-camilla-baglionis-s-car","title":{"rendered":"La camilla Baglioni&#8217;s car"},"content":{"rendered":"<p class=\"MsoNormal\">La Camilla. La mitica Citro\u00ebn Due Cavalli di Claudio Baglioni, datata 1973. Partendo dalla citazione di un celebre verso del cantautore, \u201cLa Camilla, yes my car\u201d, questo libro ne ricostruisce la storia, ripercorrendone le ragioni e le caratteristiche che hanno consentito a questa auto di diventare l\u2019icona di un\u2019epoca.<\/p>\n<\/p>\n<p class=\"MsoNormal\">Ma parlare della Camilla \u00e8 ovviamente un pretesto per parlare del mito Claudio Baglioni, del mito Due Cavalli e naturalmente&#8230; dei mitici anni Settanta. In una decina di capitoli le canzoni di Claudio si mischiano ai chilometri che le Due Cavalli macinavano alla volta di Kabul o dei deserti africani; la vita e la poetica del cantautore romano vivono sullo sfondo delle rivolte del &#8217;68, dei pantaloni a zampa, del cambio sul cruscotto; l&#8217;auto nata tutta molleggiata per non rompere le uova dei contadini si rivela il simbolo di una generazione di giovani che la far\u00e0 molleggiare per portare a spasso, tanto per dirla con Claudio, \u201cgli amori pi\u00f9 belli\u201d.<\/p>\n<\/p>\n<p class=\"MsoNormal\">In un racconto a due voci, Pigi Sbaraglia e Chiara Sabatini ci parlano di Baglioni, della Due Cavalli e degli anni Settanta, alternandosi in un dialogo che qua e l\u00e0 assume i colori del battibecco: lei \u00e8 una fan scatenata di Baglioni, ama i suoi dischi, le sue parole, il suo mondo. Lui adora le automobili. Su un punto sono d&#8217;accordo: la Camilla \u00e8 l&#8217;oggetto che Claudio ha amato pi\u00f9 di ogni altra cosa. Come \u00e8 scritto nel libro: \u00e8 questo \u201cl&#8217;emblema del baglionismo prima maniera\u201d<\/p><\/p>\n","protected":false},"excerpt":{"rendered":"<p>La camilla Baglionis&#8217;s car &#8211; La 2cv, gli anni &#8217;70, gli amori belli di Pigi Sbaraglia e Chiara Sabatini\u00a0<\/p>\n","protected":false},"featured_media":641,"comment_status":"open","ping_status":"closed","template":"","meta":[],"product_brand":[],"product_cat":[17,18],"product_tag":[],"class_list":{"0":"post-642","1":"product","2":"type-product","3":"status-publish","4":"has-post-thumbnail","6":"product_cat-catalogo","7":"product_cat-libri","9":"first","10":"instock","11":"shipping-taxable","12":"purchasable","13":"product-type-simple"},"yoast_head":"<!-- This site is optimized with the Yoast SEO plugin v25.9 - https:\/\/yoast.com\/wordpress\/plugins\/seo\/ -->\n<title>La camilla Baglioni&#039;s car - Gambini Editore<\/title>\n<meta name=\"robots\" content=\"noindex, follow, max-snippet:-1, max-image-preview:large, max-video-preview:-1\" \/>\n<meta property=\"og:locale\" content=\"it_IT\" \/>\n<meta property=\"og:type\" content=\"article\" \/>\n<meta property=\"og:title\" content=\"La camilla Baglioni&#039;s car - Gambini Editore\" \/>\n<meta property=\"og:description\" content=\"La camilla Baglionis&#039;s car - La 2cv, gli anni &#039;70, gli amori belli di Pigi Sbaraglia e Chiara Sabatini\u00a0\" \/>\n<meta property=\"og:url\" content=\"https:\/\/gambinieditore.studiozerocinque.it\/?product=la-camilla-baglionis-s-car\" \/>\n<meta property=\"og:site_name\" content=\"Gambini Editore\" \/>\n<meta property=\"article:modified_time\" content=\"2025-09-11T08:00:43+00:00\" \/>\n<meta property=\"og:image\" content=\"https:\/\/gambinieditore.studiozerocinque.it\/wp-content\/uploads\/2022\/05\/350-La-camilla-Baglionis-car.jpg\" \/>\n\t<meta property=\"og:image:width\" content=\"856\" \/>\n\t<meta property=\"og:image:height\" content=\"1211\" \/>\n\t<meta property=\"og:image:type\" content=\"image\/jpeg\" \/>\n<meta name=\"twitter:card\" content=\"summary_large_image\" \/>\n<meta name=\"twitter:label1\" content=\"Tempo di lettura stimato\" \/>\n\t<meta name=\"twitter:data1\" content=\"1 minuto\" \/>\n<script type=\"application\/ld+json\" class=\"yoast-schema-graph\">{\"@context\":\"https:\/\/schema.org\",\"@graph\":[{\"@type\":\"WebPage\",\"@id\":\"https:\/\/gambinieditore.studiozerocinque.it\/?product=la-camilla-baglionis-s-car\",\"url\":\"https:\/\/gambinieditore.studiozerocinque.it\/?product=la-camilla-baglionis-s-car\",\"name\":\"La camilla Baglioni's car - Gambini Editore\",\"isPartOf\":{\"@id\":\"https:\/\/gambinieditore.studiozerocinque.it\/#website\"},\"primaryImageOfPage\":{\"@id\":\"https:\/\/gambinieditore.studiozerocinque.it\/?product=la-camilla-baglionis-s-car#primaryimage\"},\"image\":{\"@id\":\"https:\/\/gambinieditore.studiozerocinque.it\/?product=la-camilla-baglionis-s-car#primaryimage\"},\"thumbnailUrl\":\"https:\/\/gambinieditore.studiozerocinque.it\/wp-content\/uploads\/2022\/05\/350-La-camilla-Baglionis-car.jpg\",\"datePublished\":\"2022-05-30T15:12:32+00:00\",\"dateModified\":\"2025-09-11T08:00:43+00:00\",\"breadcrumb\":{\"@id\":\"https:\/\/gambinieditore.studiozerocinque.it\/?product=la-camilla-baglionis-s-car#breadcrumb\"},\"inLanguage\":\"it-IT\",\"potentialAction\":[{\"@type\":\"ReadAction\",\"target\":[\"https:\/\/gambinieditore.studiozerocinque.it\/?product=la-camilla-baglionis-s-car\"]}]},{\"@type\":\"ImageObject\",\"inLanguage\":\"it-IT\",\"@id\":\"https:\/\/gambinieditore.studiozerocinque.it\/?product=la-camilla-baglionis-s-car#primaryimage\",\"url\":\"https:\/\/gambinieditore.studiozerocinque.it\/wp-content\/uploads\/2022\/05\/350-La-camilla-Baglionis-car.jpg\",\"contentUrl\":\"https:\/\/gambinieditore.studiozerocinque.it\/wp-content\/uploads\/2022\/05\/350-La-camilla-Baglionis-car.jpg\",\"width\":856,\"height\":1211,\"caption\":\"La camilla Baglioni's car\"},{\"@type\":\"BreadcrumbList\",\"@id\":\"https:\/\/gambinieditore.studiozerocinque.it\/?product=la-camilla-baglionis-s-car#breadcrumb\",\"itemListElement\":[{\"@type\":\"ListItem\",\"position\":1,\"name\":\"Home\",\"item\":\"https:\/\/gambinieditore.studiozerocinque.it\/\"},{\"@type\":\"ListItem\",\"position\":2,\"name\":\"Catalogo\",\"item\":\"https:\/\/gambinieditore.studiozerocinque.it\/?page_id=7\"},{\"@type\":\"ListItem\",\"position\":3,\"name\":\"La camilla Baglioni&#8217;s car\"}]},{\"@type\":\"WebSite\",\"@id\":\"https:\/\/gambinieditore.studiozerocinque.it\/#website\",\"url\":\"https:\/\/gambinieditore.studiozerocinque.it\/\",\"name\":\"Gambini Editore\",\"description\":\"\",\"potentialAction\":[{\"@type\":\"SearchAction\",\"target\":{\"@type\":\"EntryPoint\",\"urlTemplate\":\"https:\/\/gambinieditore.studiozerocinque.it\/?s={search_term_string}\"},\"query-input\":{\"@type\":\"PropertyValueSpecification\",\"valueRequired\":true,\"valueName\":\"search_term_string\"}}],\"inLanguage\":\"it-IT\"}]}<\/script>\n<!-- \/ Yoast SEO plugin. -->","yoast_head_json":{"title":"La camilla Baglioni's car - Gambini Editore","robots":{"index":"noindex","follow":"follow","max-snippet":"max-snippet:-1","max-image-preview":"max-image-preview:large","max-video-preview":"max-video-preview:-1"},"og_locale":"it_IT","og_type":"article","og_title":"La camilla Baglioni's car - Gambini Editore","og_description":"La camilla Baglionis's car - La 2cv, gli anni '70, gli amori belli di Pigi Sbaraglia e Chiara Sabatini\u00a0","og_url":"https:\/\/gambinieditore.studiozerocinque.it\/?product=la-camilla-baglionis-s-car","og_site_name":"Gambini Editore","article_modified_time":"2025-09-11T08:00:43+00:00","og_image":[{"width":856,"height":1211,"url":"https:\/\/gambinieditore.studiozerocinque.it\/wp-content\/uploads\/2022\/05\/350-La-camilla-Baglionis-car.jpg","type":"image\/jpeg"}],"twitter_card":"summary_large_image","twitter_misc":{"Tempo di lettura stimato":"1 minuto"},"schema":{"@context":"https:\/\/schema.org","@graph":[{"@type":"WebPage","@id":"https:\/\/gambinieditore.studiozerocinque.it\/?product=la-camilla-baglionis-s-car","url":"https:\/\/gambinieditore.studiozerocinque.it\/?product=la-camilla-baglionis-s-car","name":"La camilla Baglioni's car - Gambini Editore","isPartOf":{"@id":"https:\/\/gambinieditore.studiozerocinque.it\/#website"},"primaryImageOfPage":{"@id":"https:\/\/gambinieditore.studiozerocinque.it\/?product=la-camilla-baglionis-s-car#primaryimage"},"image":{"@id":"https:\/\/gambinieditore.studiozerocinque.it\/?product=la-camilla-baglionis-s-car#primaryimage"},"thumbnailUrl":"https:\/\/gambinieditore.studiozerocinque.it\/wp-content\/uploads\/2022\/05\/350-La-camilla-Baglionis-car.jpg","datePublished":"2022-05-30T15:12:32+00:00","dateModified":"2025-09-11T08:00:43+00:00","breadcrumb":{"@id":"https:\/\/gambinieditore.studiozerocinque.it\/?product=la-camilla-baglionis-s-car#breadcrumb"},"inLanguage":"it-IT","potentialAction":[{"@type":"ReadAction","target":["https:\/\/gambinieditore.studiozerocinque.it\/?product=la-camilla-baglionis-s-car"]}]},{"@type":"ImageObject","inLanguage":"it-IT","@id":"https:\/\/gambinieditore.studiozerocinque.it\/?product=la-camilla-baglionis-s-car#primaryimage","url":"https:\/\/gambinieditore.studiozerocinque.it\/wp-content\/uploads\/2022\/05\/350-La-camilla-Baglionis-car.jpg","contentUrl":"https:\/\/gambinieditore.studiozerocinque.it\/wp-content\/uploads\/2022\/05\/350-La-camilla-Baglionis-car.jpg","width":856,"height":1211,"caption":"La camilla Baglioni's car"},{"@type":"BreadcrumbList","@id":"https:\/\/gambinieditore.studiozerocinque.it\/?product=la-camilla-baglionis-s-car#breadcrumb","itemListElement":[{"@type":"ListItem","position":1,"name":"Home","item":"https:\/\/gambinieditore.studiozerocinque.it\/"},{"@type":"ListItem","position":2,"name":"Catalogo","item":"https:\/\/gambinieditore.studiozerocinque.it\/?page_id=7"},{"@type":"ListItem","position":3,"name":"La camilla Baglioni&#8217;s car"}]},{"@type":"WebSite","@id":"https:\/\/gambinieditore.studiozerocinque.it\/#website","url":"https:\/\/gambinieditore.studiozerocinque.it\/","name":"Gambini Editore","description":"","potentialAction":[{"@type":"SearchAction","target":{"@type":"EntryPoint","urlTemplate":"https:\/\/gambinieditore.studiozerocinque.it\/?s={search_term_string}"},"query-input":{"@type":"PropertyValueSpecification","valueRequired":true,"valueName":"search_term_string"}}],"inLanguage":"it-IT"}]}},"_links":{"self":[{"href":"https:\/\/gambinieditore.studiozerocinque.it\/index.php?rest_route=\/wp\/v2\/product\/642","targetHints":{"allow":["GET"]}}],"collection":[{"href":"https:\/\/gambinieditore.studiozerocinque.it\/index.php?rest_route=\/wp\/v2\/product"}],"about":[{"href":"https:\/\/gambinieditore.studiozerocinque.it\/index.php?rest_route=\/wp\/v2\/types\/product"}],"replies":[{"embeddable":true,"href":"https:\/\/gambinieditore.studiozerocinque.it\/index.php?rest_route=%2Fwp%2Fv2%2Fcomments&post=642"}],"wp:featuredmedia":[{"embeddable":true,"href":"https:\/\/gambinieditore.studiozerocinque.it\/index.php?rest_route=\/wp\/v2\/media\/641"}],"wp:attachment":[{"href":"https:\/\/gambinieditore.studiozerocinque.it\/index.php?rest_route=%2Fwp%2Fv2%2Fmedia&parent=642"}],"wp:term":[{"taxonomy":"product_brand","embeddable":true,"href":"https:\/\/gambinieditore.studiozerocinque.it\/index.php?rest_route=%2Fwp%2Fv2%2Fproduct_brand&post=642"},{"taxonomy":"product_cat","embeddable":true,"href":"https:\/\/gambinieditore.studiozerocinque.it\/index.php?rest_route=%2Fwp%2Fv2%2Fproduct_cat&post=642"},{"taxonomy":"product_tag","embeddable":true,"href":"https:\/\/gambinieditore.studiozerocinque.it\/index.php?rest_route=%2Fwp%2Fv2%2Fproduct_tag&post=642"}],"curies":[{"name":"wp","href":"https:\/\/api.w.org\/{rel}","templated":true}]}}