{"id":644,"date":"2022-06-20T13:30:26","date_gmt":"2022-06-20T11:30:26","guid":{"rendered":"https:\/\/gambinieditore.studiozerocinque.it\/prodotto\/maria-berbardetta-dell-immacolata-la-suora-che-sorrideva-alle-anime\/"},"modified":"2025-09-11T10:00:43","modified_gmt":"2025-09-11T08:00:43","slug":"maria-berbardetta-dell-immacolata-la-suora-che-sorrideva-alle-anime","status":"publish","type":"product","link":"https:\/\/gambinieditore.studiozerocinque.it\/?product=maria-berbardetta-dell-immacolata-la-suora-che-sorrideva-alle-anime","title":{"rendered":"Maria Berbardetta dell&#8217;Immacolata. La Suora che sorrideva alle anime"},"content":{"rendered":"<p>Nel libro Maria Bernardetta dell\u2019Immacolata che esce proprio \u201c&#8230;nell\u2019anno speciale di San Giuseppe indetto da Papa Francesco&#8230;\u201d, si raccontano le opere, compiute da una semplice ed umile suora, sconosciuta ai pi\u00f9, ma non a quanti hanno avuto la ventura di incontrarla, e rimanere affascinati dal suo sorriso, dalla sua bont\u00e0 d\u2019animo, dalla sua capacit\u00e0 di ascolto. Suor Bernardetta, ha svolto la sua missione di suora dell\u2019Ordine delle povere buonaerensi di San Giuseppe in varie parti del mondo, ma gli anni pi\u00f9 intensi del suo apostolato sono stati quelli che ha trascorso in Argentina. Ed \u00e8 proprio in questa nazione che ha lasciato di s\u00e9 un ricordo indelebile. Per tanti seminaristi, sacerdoti e laici, era un punto di riferimento solido. Si rimaneva subito colpiti dalla sua apertura mentale e da quel suo saper guardare e interpretare con l\u2019occhio penetrante della fede ogni cosa. Amava tutti, accoglieva tutti, aiutava tutti. Una religiosa che ha saputo in modo esemplare, modellare ogni giorno la sua vita sul Vangelo.\u00a0<\/p>\n","protected":false},"excerpt":{"rendered":"<p>Maria Berbardetta dell&#8217;Immacolata. La Suora che sorrideva alle anime<\/p>\n","protected":false},"featured_media":643,"comment_status":"open","ping_status":"closed","template":"","meta":[],"product_brand":[],"product_cat":[17,18,42],"product_tag":[],"class_list":{"0":"post-644","1":"product","2":"type-product","3":"status-publish","4":"has-post-thumbnail","6":"product_cat-catalogo","7":"product_cat-libri","8":"product_cat-religione-e-spiritualita","10":"first","11":"instock","12":"shipping-taxable","13":"purchasable","14":"product-type-simple"},"yoast_head":"<!-- This site is optimized with the Yoast SEO plugin v25.9 - https:\/\/yoast.com\/wordpress\/plugins\/seo\/ -->\n<title>Maria Berbardetta dell&#039;Immacolata. La Suora che sorrideva alle anime - Gambini Editore<\/title>\n<meta name=\"robots\" content=\"noindex, follow, max-snippet:-1, max-image-preview:large, max-video-preview:-1\" \/>\n<meta property=\"og:locale\" content=\"it_IT\" \/>\n<meta property=\"og:type\" content=\"article\" \/>\n<meta property=\"og:title\" content=\"Maria Berbardetta dell&#039;Immacolata. La Suora che sorrideva alle anime - Gambini Editore\" \/>\n<meta property=\"og:description\" content=\"Maria Berbardetta dell&#039;Immacolata. La Suora che sorrideva alle anime\" \/>\n<meta property=\"og:url\" content=\"https:\/\/gambinieditore.studiozerocinque.it\/?product=maria-berbardetta-dell-immacolata-la-suora-che-sorrideva-alle-anime\" \/>\n<meta property=\"og:site_name\" content=\"Gambini Editore\" \/>\n<meta property=\"article:modified_time\" content=\"2025-09-11T08:00:43+00:00\" \/>\n<meta property=\"og:image\" content=\"https:\/\/gambinieditore.studiozerocinque.it\/wp-content\/uploads\/2022\/06\/351-Maria-Berbardetta-dellImmacolata.-La-Suora-che-sorrideva-alle-anime.jpg\" \/>\n\t<meta property=\"og:image:width\" content=\"1716\" \/>\n\t<meta property=\"og:image:height\" content=\"2421\" \/>\n\t<meta property=\"og:image:type\" content=\"image\/jpeg\" \/>\n<meta name=\"twitter:card\" content=\"summary_large_image\" \/>\n<meta name=\"twitter:label1\" content=\"Tempo di lettura stimato\" \/>\n\t<meta name=\"twitter:data1\" content=\"1 minuto\" \/>\n<script type=\"application\/ld+json\" class=\"yoast-schema-graph\">{\"@context\":\"https:\/\/schema.org\",\"@graph\":[{\"@type\":\"WebPage\",\"@id\":\"https:\/\/gambinieditore.studiozerocinque.it\/?product=maria-berbardetta-dell-immacolata-la-suora-che-sorrideva-alle-anime\",\"url\":\"https:\/\/gambinieditore.studiozerocinque.it\/?product=maria-berbardetta-dell-immacolata-la-suora-che-sorrideva-alle-anime\",\"name\":\"Maria Berbardetta dell'Immacolata. La Suora che sorrideva alle anime - Gambini Editore\",\"isPartOf\":{\"@id\":\"https:\/\/gambinieditore.studiozerocinque.it\/#website\"},\"primaryImageOfPage\":{\"@id\":\"https:\/\/gambinieditore.studiozerocinque.it\/?product=maria-berbardetta-dell-immacolata-la-suora-che-sorrideva-alle-anime#primaryimage\"},\"image\":{\"@id\":\"https:\/\/gambinieditore.studiozerocinque.it\/?product=maria-berbardetta-dell-immacolata-la-suora-che-sorrideva-alle-anime#primaryimage\"},\"thumbnailUrl\":\"https:\/\/gambinieditore.studiozerocinque.it\/wp-content\/uploads\/2022\/06\/351-Maria-Berbardetta-dellImmacolata.-La-Suora-che-sorrideva-alle-anime.jpg\",\"datePublished\":\"2022-06-20T11:30:26+00:00\",\"dateModified\":\"2025-09-11T08:00:43+00:00\",\"breadcrumb\":{\"@id\":\"https:\/\/gambinieditore.studiozerocinque.it\/?product=maria-berbardetta-dell-immacolata-la-suora-che-sorrideva-alle-anime#breadcrumb\"},\"inLanguage\":\"it-IT\",\"potentialAction\":[{\"@type\":\"ReadAction\",\"target\":[\"https:\/\/gambinieditore.studiozerocinque.it\/?product=maria-berbardetta-dell-immacolata-la-suora-che-sorrideva-alle-anime\"]}]},{\"@type\":\"ImageObject\",\"inLanguage\":\"it-IT\",\"@id\":\"https:\/\/gambinieditore.studiozerocinque.it\/?product=maria-berbardetta-dell-immacolata-la-suora-che-sorrideva-alle-anime#primaryimage\",\"url\":\"https:\/\/gambinieditore.studiozerocinque.it\/wp-content\/uploads\/2022\/06\/351-Maria-Berbardetta-dellImmacolata.-La-Suora-che-sorrideva-alle-anime.jpg\",\"contentUrl\":\"https:\/\/gambinieditore.studiozerocinque.it\/wp-content\/uploads\/2022\/06\/351-Maria-Berbardetta-dellImmacolata.-La-Suora-che-sorrideva-alle-anime.jpg\",\"width\":1716,\"height\":2421,\"caption\":\"Maria Berbardetta dell'Immacolata. La Suora che sorrideva alle anime\"},{\"@type\":\"BreadcrumbList\",\"@id\":\"https:\/\/gambinieditore.studiozerocinque.it\/?product=maria-berbardetta-dell-immacolata-la-suora-che-sorrideva-alle-anime#breadcrumb\",\"itemListElement\":[{\"@type\":\"ListItem\",\"position\":1,\"name\":\"Home\",\"item\":\"https:\/\/gambinieditore.studiozerocinque.it\/\"},{\"@type\":\"ListItem\",\"position\":2,\"name\":\"Catalogo\",\"item\":\"https:\/\/gambinieditore.studiozerocinque.it\/?page_id=7\"},{\"@type\":\"ListItem\",\"position\":3,\"name\":\"Maria Berbardetta dell&#8217;Immacolata. La Suora che sorrideva alle anime\"}]},{\"@type\":\"WebSite\",\"@id\":\"https:\/\/gambinieditore.studiozerocinque.it\/#website\",\"url\":\"https:\/\/gambinieditore.studiozerocinque.it\/\",\"name\":\"Gambini Editore\",\"description\":\"\",\"potentialAction\":[{\"@type\":\"SearchAction\",\"target\":{\"@type\":\"EntryPoint\",\"urlTemplate\":\"https:\/\/gambinieditore.studiozerocinque.it\/?s={search_term_string}\"},\"query-input\":{\"@type\":\"PropertyValueSpecification\",\"valueRequired\":true,\"valueName\":\"search_term_string\"}}],\"inLanguage\":\"it-IT\"}]}<\/script>\n<!-- \/ Yoast SEO plugin. -->","yoast_head_json":{"title":"Maria Berbardetta dell'Immacolata. La Suora che sorrideva alle anime - Gambini Editore","robots":{"index":"noindex","follow":"follow","max-snippet":"max-snippet:-1","max-image-preview":"max-image-preview:large","max-video-preview":"max-video-preview:-1"},"og_locale":"it_IT","og_type":"article","og_title":"Maria Berbardetta dell'Immacolata. La Suora che sorrideva alle anime - Gambini Editore","og_description":"Maria Berbardetta dell'Immacolata. La Suora che sorrideva alle anime","og_url":"https:\/\/gambinieditore.studiozerocinque.it\/?product=maria-berbardetta-dell-immacolata-la-suora-che-sorrideva-alle-anime","og_site_name":"Gambini Editore","article_modified_time":"2025-09-11T08:00:43+00:00","og_image":[{"width":1716,"height":2421,"url":"https:\/\/gambinieditore.studiozerocinque.it\/wp-content\/uploads\/2022\/06\/351-Maria-Berbardetta-dellImmacolata.-La-Suora-che-sorrideva-alle-anime.jpg","type":"image\/jpeg"}],"twitter_card":"summary_large_image","twitter_misc":{"Tempo di lettura stimato":"1 minuto"},"schema":{"@context":"https:\/\/schema.org","@graph":[{"@type":"WebPage","@id":"https:\/\/gambinieditore.studiozerocinque.it\/?product=maria-berbardetta-dell-immacolata-la-suora-che-sorrideva-alle-anime","url":"https:\/\/gambinieditore.studiozerocinque.it\/?product=maria-berbardetta-dell-immacolata-la-suora-che-sorrideva-alle-anime","name":"Maria Berbardetta dell'Immacolata. La Suora che sorrideva alle anime - Gambini Editore","isPartOf":{"@id":"https:\/\/gambinieditore.studiozerocinque.it\/#website"},"primaryImageOfPage":{"@id":"https:\/\/gambinieditore.studiozerocinque.it\/?product=maria-berbardetta-dell-immacolata-la-suora-che-sorrideva-alle-anime#primaryimage"},"image":{"@id":"https:\/\/gambinieditore.studiozerocinque.it\/?product=maria-berbardetta-dell-immacolata-la-suora-che-sorrideva-alle-anime#primaryimage"},"thumbnailUrl":"https:\/\/gambinieditore.studiozerocinque.it\/wp-content\/uploads\/2022\/06\/351-Maria-Berbardetta-dellImmacolata.-La-Suora-che-sorrideva-alle-anime.jpg","datePublished":"2022-06-20T11:30:26+00:00","dateModified":"2025-09-11T08:00:43+00:00","breadcrumb":{"@id":"https:\/\/gambinieditore.studiozerocinque.it\/?product=maria-berbardetta-dell-immacolata-la-suora-che-sorrideva-alle-anime#breadcrumb"},"inLanguage":"it-IT","potentialAction":[{"@type":"ReadAction","target":["https:\/\/gambinieditore.studiozerocinque.it\/?product=maria-berbardetta-dell-immacolata-la-suora-che-sorrideva-alle-anime"]}]},{"@type":"ImageObject","inLanguage":"it-IT","@id":"https:\/\/gambinieditore.studiozerocinque.it\/?product=maria-berbardetta-dell-immacolata-la-suora-che-sorrideva-alle-anime#primaryimage","url":"https:\/\/gambinieditore.studiozerocinque.it\/wp-content\/uploads\/2022\/06\/351-Maria-Berbardetta-dellImmacolata.-La-Suora-che-sorrideva-alle-anime.jpg","contentUrl":"https:\/\/gambinieditore.studiozerocinque.it\/wp-content\/uploads\/2022\/06\/351-Maria-Berbardetta-dellImmacolata.-La-Suora-che-sorrideva-alle-anime.jpg","width":1716,"height":2421,"caption":"Maria Berbardetta dell'Immacolata. La Suora che sorrideva alle anime"},{"@type":"BreadcrumbList","@id":"https:\/\/gambinieditore.studiozerocinque.it\/?product=maria-berbardetta-dell-immacolata-la-suora-che-sorrideva-alle-anime#breadcrumb","itemListElement":[{"@type":"ListItem","position":1,"name":"Home","item":"https:\/\/gambinieditore.studiozerocinque.it\/"},{"@type":"ListItem","position":2,"name":"Catalogo","item":"https:\/\/gambinieditore.studiozerocinque.it\/?page_id=7"},{"@type":"ListItem","position":3,"name":"Maria Berbardetta dell&#8217;Immacolata. La Suora che sorrideva alle anime"}]},{"@type":"WebSite","@id":"https:\/\/gambinieditore.studiozerocinque.it\/#website","url":"https:\/\/gambinieditore.studiozerocinque.it\/","name":"Gambini Editore","description":"","potentialAction":[{"@type":"SearchAction","target":{"@type":"EntryPoint","urlTemplate":"https:\/\/gambinieditore.studiozerocinque.it\/?s={search_term_string}"},"query-input":{"@type":"PropertyValueSpecification","valueRequired":true,"valueName":"search_term_string"}}],"inLanguage":"it-IT"}]}},"_links":{"self":[{"href":"https:\/\/gambinieditore.studiozerocinque.it\/index.php?rest_route=\/wp\/v2\/product\/644","targetHints":{"allow":["GET"]}}],"collection":[{"href":"https:\/\/gambinieditore.studiozerocinque.it\/index.php?rest_route=\/wp\/v2\/product"}],"about":[{"href":"https:\/\/gambinieditore.studiozerocinque.it\/index.php?rest_route=\/wp\/v2\/types\/product"}],"replies":[{"embeddable":true,"href":"https:\/\/gambinieditore.studiozerocinque.it\/index.php?rest_route=%2Fwp%2Fv2%2Fcomments&post=644"}],"wp:featuredmedia":[{"embeddable":true,"href":"https:\/\/gambinieditore.studiozerocinque.it\/index.php?rest_route=\/wp\/v2\/media\/643"}],"wp:attachment":[{"href":"https:\/\/gambinieditore.studiozerocinque.it\/index.php?rest_route=%2Fwp%2Fv2%2Fmedia&parent=644"}],"wp:term":[{"taxonomy":"product_brand","embeddable":true,"href":"https:\/\/gambinieditore.studiozerocinque.it\/index.php?rest_route=%2Fwp%2Fv2%2Fproduct_brand&post=644"},{"taxonomy":"product_cat","embeddable":true,"href":"https:\/\/gambinieditore.studiozerocinque.it\/index.php?rest_route=%2Fwp%2Fv2%2Fproduct_cat&post=644"},{"taxonomy":"product_tag","embeddable":true,"href":"https:\/\/gambinieditore.studiozerocinque.it\/index.php?rest_route=%2Fwp%2Fv2%2Fproduct_tag&post=644"}],"curies":[{"name":"wp","href":"https:\/\/api.w.org\/{rel}","templated":true}]}}