{"id":648,"date":"2022-06-29T13:51:52","date_gmt":"2022-06-29T11:51:52","guid":{"rendered":"https:\/\/gambinieditore.studiozerocinque.it\/prodotto\/imperfezioni-racconti\/"},"modified":"2025-09-11T10:00:43","modified_gmt":"2025-09-11T08:00:43","slug":"imperfezioni-racconti","status":"publish","type":"product","link":"https:\/\/gambinieditore.studiozerocinque.it\/?product=imperfezioni-racconti","title":{"rendered":"Imperfezioni. Racconti"},"content":{"rendered":"<p>\u00abL&#8217;imperfezione\u00bb &#8211; scrive Rita Levi Montalcini &#8211; \u00abha da sempre consentito continue mutazioni di quel meraviglioso quanto mai imperfetto meccanismo che \u00e8 il cervello umano\u00bb. Il non perfetto quindi \u00e8 nobile, dinamico, intelligente; perfettibile e perci\u00f2 stimolante, prezioso alleato della crescita individuale, sociale, scientifica. Senza contare che la sua irregolarit\u00e0 pu\u00f2 farsi arte, musica, creativit\u00e0. Lanciare messaggi oltre le pieghe della ragione, fino a diventare poesia. Ciononostante poche persone accettano le proprie imperfezioni, sentite pi\u00f9 come limiti che come vantaggi. E se le difficolt\u00e0, le diversit\u00e0, le ferite si legano spesso al dolore, al senso di inadeguatezza e al fallimento, possono per\u00f2 trasformarsi inaspettatamente in occasioni narrative. Nasce cos\u00ec questa raccolta di racconti finalisti e semifinalisti del Premio Lugnano, alla sua ottava edizione. Storie imperfette di sofferenza profonda ma anche di riscatto, con qualche venatura di autoironia. Nel coro delle voci molte donne, che con le loro fragilit\u00e0 ci rivelano quanto ogni imperfezione le renda uniche.<\/p>\n","protected":false},"excerpt":{"rendered":"<p>Imperfezioni. Racconti finalisti Premio Letterario Citt\u00e0 di Lugnano 2022 &#8211; Autori vari a cura di Elisabetta Putini\u00a0<\/p>\n<p class=\"MsoNormal\"><span>\u00a0RACCONTI E AUTORI: <\/span><\/p>\n<p class=\"MsoNormal\">\u201cLeggera come una piuma\u201d di Roberta Avallone, \u201cRitratto di Laura\u201d di Francesca Cond\u00f2, \u201cLa luna\u201d di Laura Giorgi , <span>\u00a0<\/span>\u201cL\u2019imperfezione\u201d di Jean Antoine Martin, \u201cSar\u00f2 papa\u201d di Marco Maria Vilucchi, \u201cMacchine\u201d di Antonella Bagordi, \u201cL\u2019amore accarezza\u201d di Eleonora Castellani &amp; Stella Conte, \u201cLa diagnosi\u201d di Cristiana Conti, \u201cIl dito indice\u201d di Rossella Forti, \u201cDio e il signor Palomino\u201d di Angela Potente <span style=\"font-size:12pt;font-family:'Times New Roman', serif;\"><\/span><\/p><\/p>\n","protected":false},"featured_media":647,"comment_status":"open","ping_status":"closed","template":"","meta":[],"product_brand":[],"product_cat":[17,18,25,23],"product_tag":[],"class_list":{"0":"post-648","1":"product","2":"type-product","3":"status-publish","4":"has-post-thumbnail","6":"product_cat-catalogo","7":"product_cat-libri","8":"product_cat-narrativa-italiana","9":"product_cat-fuori-collana","11":"first","12":"instock","13":"shipping-taxable","14":"purchasable","15":"product-type-simple"},"yoast_head":"<!-- This site is optimized with the Yoast SEO plugin v25.9 - https:\/\/yoast.com\/wordpress\/plugins\/seo\/ -->\n<title>Imperfezioni. Racconti - Gambini Editore<\/title>\n<meta name=\"robots\" content=\"noindex, follow, max-snippet:-1, max-image-preview:large, max-video-preview:-1\" \/>\n<meta property=\"og:locale\" content=\"it_IT\" \/>\n<meta property=\"og:type\" content=\"article\" \/>\n<meta property=\"og:title\" content=\"Imperfezioni. Racconti - Gambini Editore\" \/>\n<meta property=\"og:description\" content=\"Imperfezioni. Racconti finalisti Premio Letterario Citt\u00e0 di Lugnano 2022 - Autori vari a cura di Elisabetta Putini\u00a0 \u00a0RACCONTI E AUTORI: \u201cLeggera come una piuma\u201d di Roberta Avallone, \u201cRitratto di Laura\u201d di Francesca Cond\u00f2, \u201cLa luna\u201d di Laura Giorgi , \u00a0\u201cL\u2019imperfezione\u201d di Jean Antoine Martin, \u201cSar\u00f2 papa\u201d di Marco Maria Vilucchi, \u201cMacchine\u201d di Antonella Bagordi, \u201cL\u2019amore accarezza\u201d di Eleonora Castellani &amp; Stella Conte, \u201cLa diagnosi\u201d di Cristiana Conti, \u201cIl dito indice\u201d di Rossella Forti, \u201cDio e il signor Palomino\u201d di Angela Potente\" \/>\n<meta property=\"og:url\" content=\"https:\/\/gambinieditore.studiozerocinque.it\/?product=imperfezioni-racconti\" \/>\n<meta property=\"og:site_name\" content=\"Gambini Editore\" \/>\n<meta property=\"article:modified_time\" content=\"2025-09-11T08:00:43+00:00\" \/>\n<meta property=\"og:image\" content=\"https:\/\/gambinieditore.studiozerocinque.it\/wp-content\/uploads\/2022\/06\/354-Imperfezioni.-Racconti.jpg\" \/>\n\t<meta property=\"og:image:width\" content=\"831\" \/>\n\t<meta property=\"og:image:height\" content=\"1240\" \/>\n\t<meta property=\"og:image:type\" content=\"image\/jpeg\" \/>\n<meta name=\"twitter:card\" content=\"summary_large_image\" \/>\n<meta name=\"twitter:label1\" content=\"Tempo di lettura stimato\" \/>\n\t<meta name=\"twitter:data1\" content=\"1 minuto\" \/>\n<script type=\"application\/ld+json\" class=\"yoast-schema-graph\">{\"@context\":\"https:\/\/schema.org\",\"@graph\":[{\"@type\":\"WebPage\",\"@id\":\"https:\/\/gambinieditore.studiozerocinque.it\/?product=imperfezioni-racconti\",\"url\":\"https:\/\/gambinieditore.studiozerocinque.it\/?product=imperfezioni-racconti\",\"name\":\"Imperfezioni. Racconti - Gambini Editore\",\"isPartOf\":{\"@id\":\"https:\/\/gambinieditore.studiozerocinque.it\/#website\"},\"primaryImageOfPage\":{\"@id\":\"https:\/\/gambinieditore.studiozerocinque.it\/?product=imperfezioni-racconti#primaryimage\"},\"image\":{\"@id\":\"https:\/\/gambinieditore.studiozerocinque.it\/?product=imperfezioni-racconti#primaryimage\"},\"thumbnailUrl\":\"https:\/\/gambinieditore.studiozerocinque.it\/wp-content\/uploads\/2022\/06\/354-Imperfezioni.-Racconti.jpg\",\"datePublished\":\"2022-06-29T11:51:52+00:00\",\"dateModified\":\"2025-09-11T08:00:43+00:00\",\"breadcrumb\":{\"@id\":\"https:\/\/gambinieditore.studiozerocinque.it\/?product=imperfezioni-racconti#breadcrumb\"},\"inLanguage\":\"it-IT\",\"potentialAction\":[{\"@type\":\"ReadAction\",\"target\":[\"https:\/\/gambinieditore.studiozerocinque.it\/?product=imperfezioni-racconti\"]}]},{\"@type\":\"ImageObject\",\"inLanguage\":\"it-IT\",\"@id\":\"https:\/\/gambinieditore.studiozerocinque.it\/?product=imperfezioni-racconti#primaryimage\",\"url\":\"https:\/\/gambinieditore.studiozerocinque.it\/wp-content\/uploads\/2022\/06\/354-Imperfezioni.-Racconti.jpg\",\"contentUrl\":\"https:\/\/gambinieditore.studiozerocinque.it\/wp-content\/uploads\/2022\/06\/354-Imperfezioni.-Racconti.jpg\",\"width\":831,\"height\":1240,\"caption\":\"Imperfezioni. Racconti\"},{\"@type\":\"BreadcrumbList\",\"@id\":\"https:\/\/gambinieditore.studiozerocinque.it\/?product=imperfezioni-racconti#breadcrumb\",\"itemListElement\":[{\"@type\":\"ListItem\",\"position\":1,\"name\":\"Home\",\"item\":\"https:\/\/gambinieditore.studiozerocinque.it\/\"},{\"@type\":\"ListItem\",\"position\":2,\"name\":\"Catalogo\",\"item\":\"https:\/\/gambinieditore.studiozerocinque.it\/?page_id=7\"},{\"@type\":\"ListItem\",\"position\":3,\"name\":\"Imperfezioni. Racconti\"}]},{\"@type\":\"WebSite\",\"@id\":\"https:\/\/gambinieditore.studiozerocinque.it\/#website\",\"url\":\"https:\/\/gambinieditore.studiozerocinque.it\/\",\"name\":\"Gambini Editore\",\"description\":\"\",\"potentialAction\":[{\"@type\":\"SearchAction\",\"target\":{\"@type\":\"EntryPoint\",\"urlTemplate\":\"https:\/\/gambinieditore.studiozerocinque.it\/?s={search_term_string}\"},\"query-input\":{\"@type\":\"PropertyValueSpecification\",\"valueRequired\":true,\"valueName\":\"search_term_string\"}}],\"inLanguage\":\"it-IT\"}]}<\/script>\n<!-- \/ Yoast SEO plugin. -->","yoast_head_json":{"title":"Imperfezioni. Racconti - Gambini Editore","robots":{"index":"noindex","follow":"follow","max-snippet":"max-snippet:-1","max-image-preview":"max-image-preview:large","max-video-preview":"max-video-preview:-1"},"og_locale":"it_IT","og_type":"article","og_title":"Imperfezioni. Racconti - Gambini Editore","og_description":"Imperfezioni. Racconti finalisti Premio Letterario Citt\u00e0 di Lugnano 2022 - Autori vari a cura di Elisabetta Putini\u00a0 \u00a0RACCONTI E AUTORI: \u201cLeggera come una piuma\u201d di Roberta Avallone, \u201cRitratto di Laura\u201d di Francesca Cond\u00f2, \u201cLa luna\u201d di Laura Giorgi , \u00a0\u201cL\u2019imperfezione\u201d di Jean Antoine Martin, \u201cSar\u00f2 papa\u201d di Marco Maria Vilucchi, \u201cMacchine\u201d di Antonella Bagordi, \u201cL\u2019amore accarezza\u201d di Eleonora Castellani &amp; Stella Conte, \u201cLa diagnosi\u201d di Cristiana Conti, \u201cIl dito indice\u201d di Rossella Forti, \u201cDio e il signor Palomino\u201d di Angela Potente","og_url":"https:\/\/gambinieditore.studiozerocinque.it\/?product=imperfezioni-racconti","og_site_name":"Gambini Editore","article_modified_time":"2025-09-11T08:00:43+00:00","og_image":[{"width":831,"height":1240,"url":"https:\/\/gambinieditore.studiozerocinque.it\/wp-content\/uploads\/2022\/06\/354-Imperfezioni.-Racconti.jpg","type":"image\/jpeg"}],"twitter_card":"summary_large_image","twitter_misc":{"Tempo di lettura stimato":"1 minuto"},"schema":{"@context":"https:\/\/schema.org","@graph":[{"@type":"WebPage","@id":"https:\/\/gambinieditore.studiozerocinque.it\/?product=imperfezioni-racconti","url":"https:\/\/gambinieditore.studiozerocinque.it\/?product=imperfezioni-racconti","name":"Imperfezioni. Racconti - Gambini Editore","isPartOf":{"@id":"https:\/\/gambinieditore.studiozerocinque.it\/#website"},"primaryImageOfPage":{"@id":"https:\/\/gambinieditore.studiozerocinque.it\/?product=imperfezioni-racconti#primaryimage"},"image":{"@id":"https:\/\/gambinieditore.studiozerocinque.it\/?product=imperfezioni-racconti#primaryimage"},"thumbnailUrl":"https:\/\/gambinieditore.studiozerocinque.it\/wp-content\/uploads\/2022\/06\/354-Imperfezioni.-Racconti.jpg","datePublished":"2022-06-29T11:51:52+00:00","dateModified":"2025-09-11T08:00:43+00:00","breadcrumb":{"@id":"https:\/\/gambinieditore.studiozerocinque.it\/?product=imperfezioni-racconti#breadcrumb"},"inLanguage":"it-IT","potentialAction":[{"@type":"ReadAction","target":["https:\/\/gambinieditore.studiozerocinque.it\/?product=imperfezioni-racconti"]}]},{"@type":"ImageObject","inLanguage":"it-IT","@id":"https:\/\/gambinieditore.studiozerocinque.it\/?product=imperfezioni-racconti#primaryimage","url":"https:\/\/gambinieditore.studiozerocinque.it\/wp-content\/uploads\/2022\/06\/354-Imperfezioni.-Racconti.jpg","contentUrl":"https:\/\/gambinieditore.studiozerocinque.it\/wp-content\/uploads\/2022\/06\/354-Imperfezioni.-Racconti.jpg","width":831,"height":1240,"caption":"Imperfezioni. Racconti"},{"@type":"BreadcrumbList","@id":"https:\/\/gambinieditore.studiozerocinque.it\/?product=imperfezioni-racconti#breadcrumb","itemListElement":[{"@type":"ListItem","position":1,"name":"Home","item":"https:\/\/gambinieditore.studiozerocinque.it\/"},{"@type":"ListItem","position":2,"name":"Catalogo","item":"https:\/\/gambinieditore.studiozerocinque.it\/?page_id=7"},{"@type":"ListItem","position":3,"name":"Imperfezioni. Racconti"}]},{"@type":"WebSite","@id":"https:\/\/gambinieditore.studiozerocinque.it\/#website","url":"https:\/\/gambinieditore.studiozerocinque.it\/","name":"Gambini Editore","description":"","potentialAction":[{"@type":"SearchAction","target":{"@type":"EntryPoint","urlTemplate":"https:\/\/gambinieditore.studiozerocinque.it\/?s={search_term_string}"},"query-input":{"@type":"PropertyValueSpecification","valueRequired":true,"valueName":"search_term_string"}}],"inLanguage":"it-IT"}]}},"_links":{"self":[{"href":"https:\/\/gambinieditore.studiozerocinque.it\/index.php?rest_route=\/wp\/v2\/product\/648","targetHints":{"allow":["GET"]}}],"collection":[{"href":"https:\/\/gambinieditore.studiozerocinque.it\/index.php?rest_route=\/wp\/v2\/product"}],"about":[{"href":"https:\/\/gambinieditore.studiozerocinque.it\/index.php?rest_route=\/wp\/v2\/types\/product"}],"replies":[{"embeddable":true,"href":"https:\/\/gambinieditore.studiozerocinque.it\/index.php?rest_route=%2Fwp%2Fv2%2Fcomments&post=648"}],"wp:featuredmedia":[{"embeddable":true,"href":"https:\/\/gambinieditore.studiozerocinque.it\/index.php?rest_route=\/wp\/v2\/media\/647"}],"wp:attachment":[{"href":"https:\/\/gambinieditore.studiozerocinque.it\/index.php?rest_route=%2Fwp%2Fv2%2Fmedia&parent=648"}],"wp:term":[{"taxonomy":"product_brand","embeddable":true,"href":"https:\/\/gambinieditore.studiozerocinque.it\/index.php?rest_route=%2Fwp%2Fv2%2Fproduct_brand&post=648"},{"taxonomy":"product_cat","embeddable":true,"href":"https:\/\/gambinieditore.studiozerocinque.it\/index.php?rest_route=%2Fwp%2Fv2%2Fproduct_cat&post=648"},{"taxonomy":"product_tag","embeddable":true,"href":"https:\/\/gambinieditore.studiozerocinque.it\/index.php?rest_route=%2Fwp%2Fv2%2Fproduct_tag&post=648"}],"curies":[{"name":"wp","href":"https:\/\/api.w.org\/{rel}","templated":true}]}}