{"id":652,"date":"2022-06-29T15:02:53","date_gmt":"2022-06-29T13:02:53","guid":{"rendered":"https:\/\/gambinieditore.studiozerocinque.it\/prodotto\/la-tua-laurea-vale-romanzo\/"},"modified":"2025-09-11T10:00:43","modified_gmt":"2025-09-11T08:00:43","slug":"la-tua-laurea-vale-romanzo","status":"publish","type":"product","link":"https:\/\/gambinieditore.studiozerocinque.it\/?product=la-tua-laurea-vale-romanzo","title":{"rendered":"La tua laurea vale Romanzo"},"content":{"rendered":"<p>Nel romanzo si narrano le vicende di una coppia lungo il percorso che dal liceo porta alla realt\u00e0 lavorativa. Il valore dei sacrifici sembra raccontare, in ogni capitolo, la storia di chi ha lottato per raggiungere dei traguardi da ricordare. Si fondono sapientemente emozioni diverse, derivanti dalle esperienze di vita dei protagonisti che mostrano come la virt\u00f9, il merito, l\u2019integrit\u00e0 abbiano un valore primario, tra scenari di lotte familiari e sociali, contrapposizioni ideologiche, attivismo e superbia. Una storia tra antico e moderno, in cui l\u2019amore tra Alberto e Leda, unito alla passione per i classici greci e latini, declina in diverse sfaccettature. \u00c8 sempre vicendevole amore per la cultura e per il bello, per l\u2019armoniosa vitalit\u00e0 delle ambientazioni e per l\u2019arte \u201cmaestra di vita\u201d. \u201cLa tua laurea vale\u201d indica in modo pacato la strada che si pu\u00f2 percorrere verso quel benessere che di per s\u00e9 \u00e8 il viaggio verso la felicit\u00e0.<\/p>\n","protected":false},"excerpt":{"rendered":"<p>La tua laurea vale Romanzo di Armando Rossini\u00a0<\/p>\n","protected":false},"featured_media":651,"comment_status":"open","ping_status":"closed","template":"","meta":[],"product_brand":[],"product_cat":[17,18,25,23],"product_tag":[],"class_list":{"0":"post-652","1":"product","2":"type-product","3":"status-publish","4":"has-post-thumbnail","6":"product_cat-catalogo","7":"product_cat-libri","8":"product_cat-narrativa-italiana","9":"product_cat-fuori-collana","11":"first","12":"instock","13":"shipping-taxable","14":"purchasable","15":"product-type-simple"},"yoast_head":"<!-- This site is optimized with the Yoast SEO plugin v25.9 - https:\/\/yoast.com\/wordpress\/plugins\/seo\/ -->\n<title>La tua laurea vale Romanzo - Gambini Editore<\/title>\n<meta name=\"robots\" content=\"noindex, follow, max-snippet:-1, max-image-preview:large, max-video-preview:-1\" \/>\n<meta property=\"og:locale\" content=\"it_IT\" \/>\n<meta property=\"og:type\" content=\"article\" \/>\n<meta property=\"og:title\" content=\"La tua laurea vale Romanzo - Gambini Editore\" \/>\n<meta property=\"og:description\" content=\"La tua laurea vale Romanzo di Armando Rossini\u00a0\" \/>\n<meta property=\"og:url\" content=\"https:\/\/gambinieditore.studiozerocinque.it\/?product=la-tua-laurea-vale-romanzo\" \/>\n<meta property=\"og:site_name\" content=\"Gambini Editore\" \/>\n<meta property=\"article:modified_time\" content=\"2025-09-11T08:00:43+00:00\" \/>\n<meta property=\"og:image\" content=\"https:\/\/gambinieditore.studiozerocinque.it\/wp-content\/uploads\/2022\/06\/356-La-tua-laurea-vale-Romanzo.jpg\" \/>\n\t<meta property=\"og:image:width\" content=\"411\" \/>\n\t<meta property=\"og:image:height\" content=\"581\" \/>\n\t<meta property=\"og:image:type\" content=\"image\/jpeg\" \/>\n<meta name=\"twitter:card\" content=\"summary_large_image\" \/>\n<meta name=\"twitter:label1\" content=\"Tempo di lettura stimato\" \/>\n\t<meta name=\"twitter:data1\" content=\"1 minuto\" \/>\n<script type=\"application\/ld+json\" class=\"yoast-schema-graph\">{\"@context\":\"https:\/\/schema.org\",\"@graph\":[{\"@type\":\"WebPage\",\"@id\":\"https:\/\/gambinieditore.studiozerocinque.it\/?product=la-tua-laurea-vale-romanzo\",\"url\":\"https:\/\/gambinieditore.studiozerocinque.it\/?product=la-tua-laurea-vale-romanzo\",\"name\":\"La tua laurea vale Romanzo - Gambini Editore\",\"isPartOf\":{\"@id\":\"https:\/\/gambinieditore.studiozerocinque.it\/#website\"},\"primaryImageOfPage\":{\"@id\":\"https:\/\/gambinieditore.studiozerocinque.it\/?product=la-tua-laurea-vale-romanzo#primaryimage\"},\"image\":{\"@id\":\"https:\/\/gambinieditore.studiozerocinque.it\/?product=la-tua-laurea-vale-romanzo#primaryimage\"},\"thumbnailUrl\":\"https:\/\/gambinieditore.studiozerocinque.it\/wp-content\/uploads\/2022\/06\/356-La-tua-laurea-vale-Romanzo.jpg\",\"datePublished\":\"2022-06-29T13:02:53+00:00\",\"dateModified\":\"2025-09-11T08:00:43+00:00\",\"breadcrumb\":{\"@id\":\"https:\/\/gambinieditore.studiozerocinque.it\/?product=la-tua-laurea-vale-romanzo#breadcrumb\"},\"inLanguage\":\"it-IT\",\"potentialAction\":[{\"@type\":\"ReadAction\",\"target\":[\"https:\/\/gambinieditore.studiozerocinque.it\/?product=la-tua-laurea-vale-romanzo\"]}]},{\"@type\":\"ImageObject\",\"inLanguage\":\"it-IT\",\"@id\":\"https:\/\/gambinieditore.studiozerocinque.it\/?product=la-tua-laurea-vale-romanzo#primaryimage\",\"url\":\"https:\/\/gambinieditore.studiozerocinque.it\/wp-content\/uploads\/2022\/06\/356-La-tua-laurea-vale-Romanzo.jpg\",\"contentUrl\":\"https:\/\/gambinieditore.studiozerocinque.it\/wp-content\/uploads\/2022\/06\/356-La-tua-laurea-vale-Romanzo.jpg\",\"width\":411,\"height\":581,\"caption\":\"La tua laurea vale Romanzo\"},{\"@type\":\"BreadcrumbList\",\"@id\":\"https:\/\/gambinieditore.studiozerocinque.it\/?product=la-tua-laurea-vale-romanzo#breadcrumb\",\"itemListElement\":[{\"@type\":\"ListItem\",\"position\":1,\"name\":\"Home\",\"item\":\"https:\/\/gambinieditore.studiozerocinque.it\/\"},{\"@type\":\"ListItem\",\"position\":2,\"name\":\"Catalogo\",\"item\":\"https:\/\/gambinieditore.studiozerocinque.it\/?page_id=7\"},{\"@type\":\"ListItem\",\"position\":3,\"name\":\"La tua laurea vale Romanzo\"}]},{\"@type\":\"WebSite\",\"@id\":\"https:\/\/gambinieditore.studiozerocinque.it\/#website\",\"url\":\"https:\/\/gambinieditore.studiozerocinque.it\/\",\"name\":\"Gambini Editore\",\"description\":\"\",\"potentialAction\":[{\"@type\":\"SearchAction\",\"target\":{\"@type\":\"EntryPoint\",\"urlTemplate\":\"https:\/\/gambinieditore.studiozerocinque.it\/?s={search_term_string}\"},\"query-input\":{\"@type\":\"PropertyValueSpecification\",\"valueRequired\":true,\"valueName\":\"search_term_string\"}}],\"inLanguage\":\"it-IT\"}]}<\/script>\n<!-- \/ Yoast SEO plugin. -->","yoast_head_json":{"title":"La tua laurea vale Romanzo - Gambini Editore","robots":{"index":"noindex","follow":"follow","max-snippet":"max-snippet:-1","max-image-preview":"max-image-preview:large","max-video-preview":"max-video-preview:-1"},"og_locale":"it_IT","og_type":"article","og_title":"La tua laurea vale Romanzo - Gambini Editore","og_description":"La tua laurea vale Romanzo di Armando Rossini\u00a0","og_url":"https:\/\/gambinieditore.studiozerocinque.it\/?product=la-tua-laurea-vale-romanzo","og_site_name":"Gambini Editore","article_modified_time":"2025-09-11T08:00:43+00:00","og_image":[{"width":411,"height":581,"url":"https:\/\/gambinieditore.studiozerocinque.it\/wp-content\/uploads\/2022\/06\/356-La-tua-laurea-vale-Romanzo.jpg","type":"image\/jpeg"}],"twitter_card":"summary_large_image","twitter_misc":{"Tempo di lettura stimato":"1 minuto"},"schema":{"@context":"https:\/\/schema.org","@graph":[{"@type":"WebPage","@id":"https:\/\/gambinieditore.studiozerocinque.it\/?product=la-tua-laurea-vale-romanzo","url":"https:\/\/gambinieditore.studiozerocinque.it\/?product=la-tua-laurea-vale-romanzo","name":"La tua laurea vale Romanzo - Gambini Editore","isPartOf":{"@id":"https:\/\/gambinieditore.studiozerocinque.it\/#website"},"primaryImageOfPage":{"@id":"https:\/\/gambinieditore.studiozerocinque.it\/?product=la-tua-laurea-vale-romanzo#primaryimage"},"image":{"@id":"https:\/\/gambinieditore.studiozerocinque.it\/?product=la-tua-laurea-vale-romanzo#primaryimage"},"thumbnailUrl":"https:\/\/gambinieditore.studiozerocinque.it\/wp-content\/uploads\/2022\/06\/356-La-tua-laurea-vale-Romanzo.jpg","datePublished":"2022-06-29T13:02:53+00:00","dateModified":"2025-09-11T08:00:43+00:00","breadcrumb":{"@id":"https:\/\/gambinieditore.studiozerocinque.it\/?product=la-tua-laurea-vale-romanzo#breadcrumb"},"inLanguage":"it-IT","potentialAction":[{"@type":"ReadAction","target":["https:\/\/gambinieditore.studiozerocinque.it\/?product=la-tua-laurea-vale-romanzo"]}]},{"@type":"ImageObject","inLanguage":"it-IT","@id":"https:\/\/gambinieditore.studiozerocinque.it\/?product=la-tua-laurea-vale-romanzo#primaryimage","url":"https:\/\/gambinieditore.studiozerocinque.it\/wp-content\/uploads\/2022\/06\/356-La-tua-laurea-vale-Romanzo.jpg","contentUrl":"https:\/\/gambinieditore.studiozerocinque.it\/wp-content\/uploads\/2022\/06\/356-La-tua-laurea-vale-Romanzo.jpg","width":411,"height":581,"caption":"La tua laurea vale Romanzo"},{"@type":"BreadcrumbList","@id":"https:\/\/gambinieditore.studiozerocinque.it\/?product=la-tua-laurea-vale-romanzo#breadcrumb","itemListElement":[{"@type":"ListItem","position":1,"name":"Home","item":"https:\/\/gambinieditore.studiozerocinque.it\/"},{"@type":"ListItem","position":2,"name":"Catalogo","item":"https:\/\/gambinieditore.studiozerocinque.it\/?page_id=7"},{"@type":"ListItem","position":3,"name":"La tua laurea vale Romanzo"}]},{"@type":"WebSite","@id":"https:\/\/gambinieditore.studiozerocinque.it\/#website","url":"https:\/\/gambinieditore.studiozerocinque.it\/","name":"Gambini Editore","description":"","potentialAction":[{"@type":"SearchAction","target":{"@type":"EntryPoint","urlTemplate":"https:\/\/gambinieditore.studiozerocinque.it\/?s={search_term_string}"},"query-input":{"@type":"PropertyValueSpecification","valueRequired":true,"valueName":"search_term_string"}}],"inLanguage":"it-IT"}]}},"_links":{"self":[{"href":"https:\/\/gambinieditore.studiozerocinque.it\/index.php?rest_route=\/wp\/v2\/product\/652","targetHints":{"allow":["GET"]}}],"collection":[{"href":"https:\/\/gambinieditore.studiozerocinque.it\/index.php?rest_route=\/wp\/v2\/product"}],"about":[{"href":"https:\/\/gambinieditore.studiozerocinque.it\/index.php?rest_route=\/wp\/v2\/types\/product"}],"replies":[{"embeddable":true,"href":"https:\/\/gambinieditore.studiozerocinque.it\/index.php?rest_route=%2Fwp%2Fv2%2Fcomments&post=652"}],"wp:featuredmedia":[{"embeddable":true,"href":"https:\/\/gambinieditore.studiozerocinque.it\/index.php?rest_route=\/wp\/v2\/media\/651"}],"wp:attachment":[{"href":"https:\/\/gambinieditore.studiozerocinque.it\/index.php?rest_route=%2Fwp%2Fv2%2Fmedia&parent=652"}],"wp:term":[{"taxonomy":"product_brand","embeddable":true,"href":"https:\/\/gambinieditore.studiozerocinque.it\/index.php?rest_route=%2Fwp%2Fv2%2Fproduct_brand&post=652"},{"taxonomy":"product_cat","embeddable":true,"href":"https:\/\/gambinieditore.studiozerocinque.it\/index.php?rest_route=%2Fwp%2Fv2%2Fproduct_cat&post=652"},{"taxonomy":"product_tag","embeddable":true,"href":"https:\/\/gambinieditore.studiozerocinque.it\/index.php?rest_route=%2Fwp%2Fv2%2Fproduct_tag&post=652"}],"curies":[{"name":"wp","href":"https:\/\/api.w.org\/{rel}","templated":true}]}}