{"id":654,"date":"2022-07-08T18:30:13","date_gmt":"2022-07-08T16:30:13","guid":{"rendered":"https:\/\/gambinieditore.studiozerocinque.it\/prodotto\/io-non-sono-luca-romanzo\/"},"modified":"2025-09-11T10:01:11","modified_gmt":"2025-09-11T08:01:11","slug":"io-non-sono-luca-romanzo","status":"publish","type":"product","link":"https:\/\/gambinieditore.studiozerocinque.it\/?product=io-non-sono-luca-romanzo","title":{"rendered":"Io non sono Luca. Romanzo"},"content":{"rendered":"<p>Attilio \u00e8 un docente di Lettere che si trova a dover affrontare una situazione complessa e delicata. Luca, un adolescente del Sud Italia, \u00e8 figlio di una famiglia legata alla \u2019ndrangheta. Per offrirgli una possibilit\u00e0 di salvezza, viene allontanato dalla sua terra e trasferito altrove. Luca \u00e8 un ragazzino duro e impulsivo: minaccia in classe Attilio, si ribella con veemenza e fatica ad adattarsi alla nuova realt\u00e0. Il suo atteggiamento diretto e provocatorio lo porter\u00e0 ad essere allontanato dalla scuola, anche per proteggere la sua identit\u00e0. Nel frattempo Attilio, che nel tempo ha imparato a conoscere meglio Luca oltre le apparenze, decide di rintracciarlo. Ma la sua ricerca lo condurr\u00e0 a scoprire un\u2019angosciante verit\u00e0.<\/p>\n","protected":false},"excerpt":{"rendered":"<p>Io non sono Luca. Romanzo di Achille Salerno<\/p>\n","protected":false},"featured_media":653,"comment_status":"open","ping_status":"closed","template":"","meta":[],"product_brand":[],"product_cat":[17,18,25],"product_tag":[],"class_list":{"0":"post-654","1":"product","2":"type-product","3":"status-publish","4":"has-post-thumbnail","6":"product_cat-catalogo","7":"product_cat-libri","8":"product_cat-narrativa-italiana","10":"first","11":"instock","12":"shipping-taxable","13":"purchasable","14":"product-type-simple"},"yoast_head":"<!-- This site is optimized with the Yoast SEO plugin v25.9 - https:\/\/yoast.com\/wordpress\/plugins\/seo\/ -->\n<title>Io non sono Luca. Romanzo - Gambini Editore<\/title>\n<meta name=\"robots\" content=\"noindex, follow, max-snippet:-1, max-image-preview:large, max-video-preview:-1\" \/>\n<meta property=\"og:locale\" content=\"it_IT\" \/>\n<meta property=\"og:type\" content=\"article\" \/>\n<meta property=\"og:title\" content=\"Io non sono Luca. Romanzo - Gambini Editore\" \/>\n<meta property=\"og:description\" content=\"Io non sono Luca. Romanzo di Achille Salerno\" \/>\n<meta property=\"og:url\" content=\"https:\/\/gambinieditore.studiozerocinque.it\/?product=io-non-sono-luca-romanzo\" \/>\n<meta property=\"og:site_name\" content=\"Gambini Editore\" \/>\n<meta property=\"article:modified_time\" content=\"2025-09-11T08:01:11+00:00\" \/>\n<meta property=\"og:image\" content=\"https:\/\/gambinieditore.studiozerocinque.it\/wp-content\/uploads\/2022\/07\/357-Io-non-sono-Luca.-Romanzo.jpg\" \/>\n\t<meta property=\"og:image:width\" content=\"856\" \/>\n\t<meta property=\"og:image:height\" content=\"1211\" \/>\n\t<meta property=\"og:image:type\" content=\"image\/jpeg\" \/>\n<meta name=\"twitter:card\" content=\"summary_large_image\" \/>\n<meta name=\"twitter:label1\" content=\"Tempo di lettura stimato\" \/>\n\t<meta name=\"twitter:data1\" content=\"1 minuto\" \/>\n<script type=\"application\/ld+json\" class=\"yoast-schema-graph\">{\"@context\":\"https:\/\/schema.org\",\"@graph\":[{\"@type\":\"WebPage\",\"@id\":\"https:\/\/gambinieditore.studiozerocinque.it\/?product=io-non-sono-luca-romanzo\",\"url\":\"https:\/\/gambinieditore.studiozerocinque.it\/?product=io-non-sono-luca-romanzo\",\"name\":\"Io non sono Luca. Romanzo - Gambini Editore\",\"isPartOf\":{\"@id\":\"https:\/\/gambinieditore.studiozerocinque.it\/#website\"},\"primaryImageOfPage\":{\"@id\":\"https:\/\/gambinieditore.studiozerocinque.it\/?product=io-non-sono-luca-romanzo#primaryimage\"},\"image\":{\"@id\":\"https:\/\/gambinieditore.studiozerocinque.it\/?product=io-non-sono-luca-romanzo#primaryimage\"},\"thumbnailUrl\":\"https:\/\/gambinieditore.studiozerocinque.it\/wp-content\/uploads\/2022\/07\/357-Io-non-sono-Luca.-Romanzo.jpg\",\"datePublished\":\"2022-07-08T16:30:13+00:00\",\"dateModified\":\"2025-09-11T08:01:11+00:00\",\"breadcrumb\":{\"@id\":\"https:\/\/gambinieditore.studiozerocinque.it\/?product=io-non-sono-luca-romanzo#breadcrumb\"},\"inLanguage\":\"it-IT\",\"potentialAction\":[{\"@type\":\"ReadAction\",\"target\":[\"https:\/\/gambinieditore.studiozerocinque.it\/?product=io-non-sono-luca-romanzo\"]}]},{\"@type\":\"ImageObject\",\"inLanguage\":\"it-IT\",\"@id\":\"https:\/\/gambinieditore.studiozerocinque.it\/?product=io-non-sono-luca-romanzo#primaryimage\",\"url\":\"https:\/\/gambinieditore.studiozerocinque.it\/wp-content\/uploads\/2022\/07\/357-Io-non-sono-Luca.-Romanzo.jpg\",\"contentUrl\":\"https:\/\/gambinieditore.studiozerocinque.it\/wp-content\/uploads\/2022\/07\/357-Io-non-sono-Luca.-Romanzo.jpg\",\"width\":856,\"height\":1211,\"caption\":\"Io non sono Luca. Romanzo\"},{\"@type\":\"BreadcrumbList\",\"@id\":\"https:\/\/gambinieditore.studiozerocinque.it\/?product=io-non-sono-luca-romanzo#breadcrumb\",\"itemListElement\":[{\"@type\":\"ListItem\",\"position\":1,\"name\":\"Home\",\"item\":\"https:\/\/gambinieditore.studiozerocinque.it\/\"},{\"@type\":\"ListItem\",\"position\":2,\"name\":\"Catalogo\",\"item\":\"https:\/\/gambinieditore.studiozerocinque.it\/?page_id=7\"},{\"@type\":\"ListItem\",\"position\":3,\"name\":\"Io non sono Luca. Romanzo\"}]},{\"@type\":\"WebSite\",\"@id\":\"https:\/\/gambinieditore.studiozerocinque.it\/#website\",\"url\":\"https:\/\/gambinieditore.studiozerocinque.it\/\",\"name\":\"Gambini Editore\",\"description\":\"\",\"potentialAction\":[{\"@type\":\"SearchAction\",\"target\":{\"@type\":\"EntryPoint\",\"urlTemplate\":\"https:\/\/gambinieditore.studiozerocinque.it\/?s={search_term_string}\"},\"query-input\":{\"@type\":\"PropertyValueSpecification\",\"valueRequired\":true,\"valueName\":\"search_term_string\"}}],\"inLanguage\":\"it-IT\"}]}<\/script>\n<!-- \/ Yoast SEO plugin. -->","yoast_head_json":{"title":"Io non sono Luca. Romanzo - Gambini Editore","robots":{"index":"noindex","follow":"follow","max-snippet":"max-snippet:-1","max-image-preview":"max-image-preview:large","max-video-preview":"max-video-preview:-1"},"og_locale":"it_IT","og_type":"article","og_title":"Io non sono Luca. Romanzo - Gambini Editore","og_description":"Io non sono Luca. Romanzo di Achille Salerno","og_url":"https:\/\/gambinieditore.studiozerocinque.it\/?product=io-non-sono-luca-romanzo","og_site_name":"Gambini Editore","article_modified_time":"2025-09-11T08:01:11+00:00","og_image":[{"width":856,"height":1211,"url":"https:\/\/gambinieditore.studiozerocinque.it\/wp-content\/uploads\/2022\/07\/357-Io-non-sono-Luca.-Romanzo.jpg","type":"image\/jpeg"}],"twitter_card":"summary_large_image","twitter_misc":{"Tempo di lettura stimato":"1 minuto"},"schema":{"@context":"https:\/\/schema.org","@graph":[{"@type":"WebPage","@id":"https:\/\/gambinieditore.studiozerocinque.it\/?product=io-non-sono-luca-romanzo","url":"https:\/\/gambinieditore.studiozerocinque.it\/?product=io-non-sono-luca-romanzo","name":"Io non sono Luca. Romanzo - Gambini Editore","isPartOf":{"@id":"https:\/\/gambinieditore.studiozerocinque.it\/#website"},"primaryImageOfPage":{"@id":"https:\/\/gambinieditore.studiozerocinque.it\/?product=io-non-sono-luca-romanzo#primaryimage"},"image":{"@id":"https:\/\/gambinieditore.studiozerocinque.it\/?product=io-non-sono-luca-romanzo#primaryimage"},"thumbnailUrl":"https:\/\/gambinieditore.studiozerocinque.it\/wp-content\/uploads\/2022\/07\/357-Io-non-sono-Luca.-Romanzo.jpg","datePublished":"2022-07-08T16:30:13+00:00","dateModified":"2025-09-11T08:01:11+00:00","breadcrumb":{"@id":"https:\/\/gambinieditore.studiozerocinque.it\/?product=io-non-sono-luca-romanzo#breadcrumb"},"inLanguage":"it-IT","potentialAction":[{"@type":"ReadAction","target":["https:\/\/gambinieditore.studiozerocinque.it\/?product=io-non-sono-luca-romanzo"]}]},{"@type":"ImageObject","inLanguage":"it-IT","@id":"https:\/\/gambinieditore.studiozerocinque.it\/?product=io-non-sono-luca-romanzo#primaryimage","url":"https:\/\/gambinieditore.studiozerocinque.it\/wp-content\/uploads\/2022\/07\/357-Io-non-sono-Luca.-Romanzo.jpg","contentUrl":"https:\/\/gambinieditore.studiozerocinque.it\/wp-content\/uploads\/2022\/07\/357-Io-non-sono-Luca.-Romanzo.jpg","width":856,"height":1211,"caption":"Io non sono Luca. Romanzo"},{"@type":"BreadcrumbList","@id":"https:\/\/gambinieditore.studiozerocinque.it\/?product=io-non-sono-luca-romanzo#breadcrumb","itemListElement":[{"@type":"ListItem","position":1,"name":"Home","item":"https:\/\/gambinieditore.studiozerocinque.it\/"},{"@type":"ListItem","position":2,"name":"Catalogo","item":"https:\/\/gambinieditore.studiozerocinque.it\/?page_id=7"},{"@type":"ListItem","position":3,"name":"Io non sono Luca. Romanzo"}]},{"@type":"WebSite","@id":"https:\/\/gambinieditore.studiozerocinque.it\/#website","url":"https:\/\/gambinieditore.studiozerocinque.it\/","name":"Gambini Editore","description":"","potentialAction":[{"@type":"SearchAction","target":{"@type":"EntryPoint","urlTemplate":"https:\/\/gambinieditore.studiozerocinque.it\/?s={search_term_string}"},"query-input":{"@type":"PropertyValueSpecification","valueRequired":true,"valueName":"search_term_string"}}],"inLanguage":"it-IT"}]}},"_links":{"self":[{"href":"https:\/\/gambinieditore.studiozerocinque.it\/index.php?rest_route=\/wp\/v2\/product\/654","targetHints":{"allow":["GET"]}}],"collection":[{"href":"https:\/\/gambinieditore.studiozerocinque.it\/index.php?rest_route=\/wp\/v2\/product"}],"about":[{"href":"https:\/\/gambinieditore.studiozerocinque.it\/index.php?rest_route=\/wp\/v2\/types\/product"}],"replies":[{"embeddable":true,"href":"https:\/\/gambinieditore.studiozerocinque.it\/index.php?rest_route=%2Fwp%2Fv2%2Fcomments&post=654"}],"wp:featuredmedia":[{"embeddable":true,"href":"https:\/\/gambinieditore.studiozerocinque.it\/index.php?rest_route=\/wp\/v2\/media\/653"}],"wp:attachment":[{"href":"https:\/\/gambinieditore.studiozerocinque.it\/index.php?rest_route=%2Fwp%2Fv2%2Fmedia&parent=654"}],"wp:term":[{"taxonomy":"product_brand","embeddable":true,"href":"https:\/\/gambinieditore.studiozerocinque.it\/index.php?rest_route=%2Fwp%2Fv2%2Fproduct_brand&post=654"},{"taxonomy":"product_cat","embeddable":true,"href":"https:\/\/gambinieditore.studiozerocinque.it\/index.php?rest_route=%2Fwp%2Fv2%2Fproduct_cat&post=654"},{"taxonomy":"product_tag","embeddable":true,"href":"https:\/\/gambinieditore.studiozerocinque.it\/index.php?rest_route=%2Fwp%2Fv2%2Fproduct_tag&post=654"}],"curies":[{"name":"wp","href":"https:\/\/api.w.org\/{rel}","templated":true}]}}