{"id":66,"date":"2021-12-14T15:00:35","date_gmt":"2021-12-14T14:00:35","guid":{"rendered":"https:\/\/gambinieditore.studiozerocinque.it\/prodotto\/vocazione-i-romanzi-dell-esorcista\/"},"modified":"2021-12-14T15:00:35","modified_gmt":"2021-12-14T14:00:35","slug":"vocazione-i-romanzi-dell-esorcista","status":"publish","type":"product","link":"https:\/\/gambinieditore.studiozerocinque.it\/?product=vocazione-i-romanzi-dell-esorcista","title":{"rendered":"Vocazione. I romanzi dell&#8217;esorcista"},"content":{"rendered":"<p>Italia del Nord. Autunno 2019. Per don Tommaso, parroco di una minuscola comunit\u00e0 brianzola, esiste una sola fede, l\u2019Onnipotente, e una sola passione, la motocicletta. Giorni scanditi dalla lenta liturgia ambrosiana e dalle fulminee corse sulla Guzzi. Tra le ombre della sera avanza furtiva una presenza oscura, pronta a bussare al portone della canonica. Un\u2019inattesa missione attende il sacerdote. Quasi una seconda vocazione. Diventare esorcista. Inizier\u00e0 un nuovo cammino, che lo condurr\u00e0 negli oscuri meandri della natura umana, al limite della ragione. Si imbatter\u00e0 in personaggi ambigui e manipolatori, in vittime fragili e inconsapevoli. Soprattutto verr\u00e0 a contatto con la presenza pi\u00f9 inquietante, il Maligno. In questo libro, Vocazione, il primo episodio della storia.<\/p>\n","protected":false},"excerpt":{"rendered":"<p>Vocazione. I romanzi dell&#8217;esorcista di Elena E. Grebaz\u00a0<\/p>\n","protected":false},"featured_media":65,"comment_status":"open","ping_status":"closed","template":"","meta":[],"product_brand":[],"product_cat":[17,18,23],"product_tag":[],"class_list":{"0":"post-66","1":"product","2":"type-product","3":"status-publish","4":"has-post-thumbnail","6":"product_cat-catalogo","7":"product_cat-libri","8":"product_cat-fuori-collana","10":"first","11":"instock","12":"shipping-taxable","13":"purchasable","14":"product-type-simple"},"yoast_head":"<!-- This site is optimized with the Yoast SEO plugin v25.9 - https:\/\/yoast.com\/wordpress\/plugins\/seo\/ -->\n<title>Vocazione. I romanzi dell&#039;esorcista - Gambini Editore<\/title>\n<meta name=\"robots\" content=\"noindex, follow, max-snippet:-1, max-image-preview:large, max-video-preview:-1\" \/>\n<meta property=\"og:locale\" content=\"it_IT\" \/>\n<meta property=\"og:type\" content=\"article\" \/>\n<meta property=\"og:title\" content=\"Vocazione. I romanzi dell&#039;esorcista - Gambini Editore\" \/>\n<meta property=\"og:description\" content=\"Vocazione. I romanzi dell&#039;esorcista di Elena E. Grebaz\u00a0\" \/>\n<meta property=\"og:url\" content=\"https:\/\/gambinieditore.studiozerocinque.it\/?product=vocazione-i-romanzi-dell-esorcista\" \/>\n<meta property=\"og:site_name\" content=\"Gambini Editore\" \/>\n<meta property=\"og:image\" content=\"https:\/\/gambinieditore.studiozerocinque.it\/wp-content\/uploads\/2021\/12\/41-Vocazione.-I-romanzi-dellesorcista.jpg\" \/>\n\t<meta property=\"og:image:width\" content=\"600\" \/>\n\t<meta property=\"og:image:height\" content=\"887\" \/>\n\t<meta property=\"og:image:type\" content=\"image\/jpeg\" \/>\n<meta name=\"twitter:card\" content=\"summary_large_image\" \/>\n<meta name=\"twitter:label1\" content=\"Tempo di lettura stimato\" \/>\n\t<meta name=\"twitter:data1\" content=\"1 minuto\" \/>\n<script type=\"application\/ld+json\" class=\"yoast-schema-graph\">{\"@context\":\"https:\/\/schema.org\",\"@graph\":[{\"@type\":\"WebPage\",\"@id\":\"https:\/\/gambinieditore.studiozerocinque.it\/?product=vocazione-i-romanzi-dell-esorcista\",\"url\":\"https:\/\/gambinieditore.studiozerocinque.it\/?product=vocazione-i-romanzi-dell-esorcista\",\"name\":\"Vocazione. I romanzi dell'esorcista - Gambini Editore\",\"isPartOf\":{\"@id\":\"https:\/\/gambinieditore.studiozerocinque.it\/#website\"},\"primaryImageOfPage\":{\"@id\":\"https:\/\/gambinieditore.studiozerocinque.it\/?product=vocazione-i-romanzi-dell-esorcista#primaryimage\"},\"image\":{\"@id\":\"https:\/\/gambinieditore.studiozerocinque.it\/?product=vocazione-i-romanzi-dell-esorcista#primaryimage\"},\"thumbnailUrl\":\"https:\/\/gambinieditore.studiozerocinque.it\/wp-content\/uploads\/2021\/12\/41-Vocazione.-I-romanzi-dellesorcista.jpg\",\"datePublished\":\"2021-12-14T14:00:35+00:00\",\"breadcrumb\":{\"@id\":\"https:\/\/gambinieditore.studiozerocinque.it\/?product=vocazione-i-romanzi-dell-esorcista#breadcrumb\"},\"inLanguage\":\"it-IT\",\"potentialAction\":[{\"@type\":\"ReadAction\",\"target\":[\"https:\/\/gambinieditore.studiozerocinque.it\/?product=vocazione-i-romanzi-dell-esorcista\"]}]},{\"@type\":\"ImageObject\",\"inLanguage\":\"it-IT\",\"@id\":\"https:\/\/gambinieditore.studiozerocinque.it\/?product=vocazione-i-romanzi-dell-esorcista#primaryimage\",\"url\":\"https:\/\/gambinieditore.studiozerocinque.it\/wp-content\/uploads\/2021\/12\/41-Vocazione.-I-romanzi-dellesorcista.jpg\",\"contentUrl\":\"https:\/\/gambinieditore.studiozerocinque.it\/wp-content\/uploads\/2021\/12\/41-Vocazione.-I-romanzi-dellesorcista.jpg\",\"width\":600,\"height\":887,\"caption\":\"Vocazione. I romanzi dell'esorcista\"},{\"@type\":\"BreadcrumbList\",\"@id\":\"https:\/\/gambinieditore.studiozerocinque.it\/?product=vocazione-i-romanzi-dell-esorcista#breadcrumb\",\"itemListElement\":[{\"@type\":\"ListItem\",\"position\":1,\"name\":\"Home\",\"item\":\"https:\/\/gambinieditore.studiozerocinque.it\/\"},{\"@type\":\"ListItem\",\"position\":2,\"name\":\"Catalogo\",\"item\":\"https:\/\/gambinieditore.studiozerocinque.it\/?page_id=7\"},{\"@type\":\"ListItem\",\"position\":3,\"name\":\"Vocazione. I romanzi dell&#8217;esorcista\"}]},{\"@type\":\"WebSite\",\"@id\":\"https:\/\/gambinieditore.studiozerocinque.it\/#website\",\"url\":\"https:\/\/gambinieditore.studiozerocinque.it\/\",\"name\":\"Gambini Editore\",\"description\":\"\",\"potentialAction\":[{\"@type\":\"SearchAction\",\"target\":{\"@type\":\"EntryPoint\",\"urlTemplate\":\"https:\/\/gambinieditore.studiozerocinque.it\/?s={search_term_string}\"},\"query-input\":{\"@type\":\"PropertyValueSpecification\",\"valueRequired\":true,\"valueName\":\"search_term_string\"}}],\"inLanguage\":\"it-IT\"}]}<\/script>\n<!-- \/ Yoast SEO plugin. -->","yoast_head_json":{"title":"Vocazione. I romanzi dell'esorcista - Gambini Editore","robots":{"index":"noindex","follow":"follow","max-snippet":"max-snippet:-1","max-image-preview":"max-image-preview:large","max-video-preview":"max-video-preview:-1"},"og_locale":"it_IT","og_type":"article","og_title":"Vocazione. I romanzi dell'esorcista - Gambini Editore","og_description":"Vocazione. I romanzi dell'esorcista di Elena E. Grebaz\u00a0","og_url":"https:\/\/gambinieditore.studiozerocinque.it\/?product=vocazione-i-romanzi-dell-esorcista","og_site_name":"Gambini Editore","og_image":[{"width":600,"height":887,"url":"https:\/\/gambinieditore.studiozerocinque.it\/wp-content\/uploads\/2021\/12\/41-Vocazione.-I-romanzi-dellesorcista.jpg","type":"image\/jpeg"}],"twitter_card":"summary_large_image","twitter_misc":{"Tempo di lettura stimato":"1 minuto"},"schema":{"@context":"https:\/\/schema.org","@graph":[{"@type":"WebPage","@id":"https:\/\/gambinieditore.studiozerocinque.it\/?product=vocazione-i-romanzi-dell-esorcista","url":"https:\/\/gambinieditore.studiozerocinque.it\/?product=vocazione-i-romanzi-dell-esorcista","name":"Vocazione. I romanzi dell'esorcista - Gambini Editore","isPartOf":{"@id":"https:\/\/gambinieditore.studiozerocinque.it\/#website"},"primaryImageOfPage":{"@id":"https:\/\/gambinieditore.studiozerocinque.it\/?product=vocazione-i-romanzi-dell-esorcista#primaryimage"},"image":{"@id":"https:\/\/gambinieditore.studiozerocinque.it\/?product=vocazione-i-romanzi-dell-esorcista#primaryimage"},"thumbnailUrl":"https:\/\/gambinieditore.studiozerocinque.it\/wp-content\/uploads\/2021\/12\/41-Vocazione.-I-romanzi-dellesorcista.jpg","datePublished":"2021-12-14T14:00:35+00:00","breadcrumb":{"@id":"https:\/\/gambinieditore.studiozerocinque.it\/?product=vocazione-i-romanzi-dell-esorcista#breadcrumb"},"inLanguage":"it-IT","potentialAction":[{"@type":"ReadAction","target":["https:\/\/gambinieditore.studiozerocinque.it\/?product=vocazione-i-romanzi-dell-esorcista"]}]},{"@type":"ImageObject","inLanguage":"it-IT","@id":"https:\/\/gambinieditore.studiozerocinque.it\/?product=vocazione-i-romanzi-dell-esorcista#primaryimage","url":"https:\/\/gambinieditore.studiozerocinque.it\/wp-content\/uploads\/2021\/12\/41-Vocazione.-I-romanzi-dellesorcista.jpg","contentUrl":"https:\/\/gambinieditore.studiozerocinque.it\/wp-content\/uploads\/2021\/12\/41-Vocazione.-I-romanzi-dellesorcista.jpg","width":600,"height":887,"caption":"Vocazione. I romanzi dell'esorcista"},{"@type":"BreadcrumbList","@id":"https:\/\/gambinieditore.studiozerocinque.it\/?product=vocazione-i-romanzi-dell-esorcista#breadcrumb","itemListElement":[{"@type":"ListItem","position":1,"name":"Home","item":"https:\/\/gambinieditore.studiozerocinque.it\/"},{"@type":"ListItem","position":2,"name":"Catalogo","item":"https:\/\/gambinieditore.studiozerocinque.it\/?page_id=7"},{"@type":"ListItem","position":3,"name":"Vocazione. I romanzi dell&#8217;esorcista"}]},{"@type":"WebSite","@id":"https:\/\/gambinieditore.studiozerocinque.it\/#website","url":"https:\/\/gambinieditore.studiozerocinque.it\/","name":"Gambini Editore","description":"","potentialAction":[{"@type":"SearchAction","target":{"@type":"EntryPoint","urlTemplate":"https:\/\/gambinieditore.studiozerocinque.it\/?s={search_term_string}"},"query-input":{"@type":"PropertyValueSpecification","valueRequired":true,"valueName":"search_term_string"}}],"inLanguage":"it-IT"}]}},"_links":{"self":[{"href":"https:\/\/gambinieditore.studiozerocinque.it\/index.php?rest_route=\/wp\/v2\/product\/66","targetHints":{"allow":["GET"]}}],"collection":[{"href":"https:\/\/gambinieditore.studiozerocinque.it\/index.php?rest_route=\/wp\/v2\/product"}],"about":[{"href":"https:\/\/gambinieditore.studiozerocinque.it\/index.php?rest_route=\/wp\/v2\/types\/product"}],"replies":[{"embeddable":true,"href":"https:\/\/gambinieditore.studiozerocinque.it\/index.php?rest_route=%2Fwp%2Fv2%2Fcomments&post=66"}],"wp:featuredmedia":[{"embeddable":true,"href":"https:\/\/gambinieditore.studiozerocinque.it\/index.php?rest_route=\/wp\/v2\/media\/65"}],"wp:attachment":[{"href":"https:\/\/gambinieditore.studiozerocinque.it\/index.php?rest_route=%2Fwp%2Fv2%2Fmedia&parent=66"}],"wp:term":[{"taxonomy":"product_brand","embeddable":true,"href":"https:\/\/gambinieditore.studiozerocinque.it\/index.php?rest_route=%2Fwp%2Fv2%2Fproduct_brand&post=66"},{"taxonomy":"product_cat","embeddable":true,"href":"https:\/\/gambinieditore.studiozerocinque.it\/index.php?rest_route=%2Fwp%2Fv2%2Fproduct_cat&post=66"},{"taxonomy":"product_tag","embeddable":true,"href":"https:\/\/gambinieditore.studiozerocinque.it\/index.php?rest_route=%2Fwp%2Fv2%2Fproduct_tag&post=66"}],"curies":[{"name":"wp","href":"https:\/\/api.w.org\/{rel}","templated":true}]}}