{"id":662,"date":"2022-09-26T12:28:24","date_gmt":"2022-09-26T10:28:24","guid":{"rendered":"https:\/\/gambinieditore.studiozerocinque.it\/prodotto\/san-paolo-vi\/"},"modified":"2025-09-11T10:00:53","modified_gmt":"2025-09-11T08:00:53","slug":"san-paolo-vi","status":"publish","type":"product","link":"https:\/\/gambinieditore.studiozerocinque.it\/?product=san-paolo-vi","title":{"rendered":"San Paolo VI Un pensiero al giorno"},"content":{"rendered":"<p>Il volume offre l\u2019opportunit\u00e0 di trascorrere ogni giorno dell\u2019anno con il Papa Paolo VI, che la Chiesa ha proclamato santo il 14 ottobre 2018. \u00c8 una occasione per rinnovare il nostro amore e la nostra gratitudine con Colui che ci \u00e8 stato Maestro nella fede, nella speranza e nella carit\u00e0. Sono trascorsi molti anni da quel 6 agosto 1978, giorno in cui egli \u00e8 tornato alla Casa del Padre. Egli \u00e8 il \u201cPapa dimenticato\u201d, e questa immersione nel suo Magistero sar\u00e0, dunque, propizia per ridare al cuore (ricordare) codesto grande Padre della Chiesa che ha traghettato nel mondo la Chiesa uscita dal Concilio. Ha dialogato con la modernit\u00e0 senza fuggirla o condannarla a priori.\u00a0<\/p>\n","protected":false},"excerpt":{"rendered":"<p>SAN PAOLO VI Un pensiero al giorno di Tommaso Stenico<\/p>\n","protected":false},"featured_media":661,"comment_status":"open","ping_status":"closed","template":"","meta":[],"product_brand":[],"product_cat":[17,24],"product_tag":[],"class_list":{"0":"post-662","1":"product","2":"type-product","3":"status-publish","4":"has-post-thumbnail","6":"product_cat-catalogo","7":"product_cat-novita","9":"first","10":"instock","11":"shipping-taxable","12":"purchasable","13":"product-type-simple"},"yoast_head":"<!-- This site is optimized with the Yoast SEO plugin v25.9 - https:\/\/yoast.com\/wordpress\/plugins\/seo\/ -->\n<title>San Paolo VI Un pensiero al giorno - Gambini Editore<\/title>\n<meta name=\"robots\" content=\"noindex, follow, max-snippet:-1, max-image-preview:large, max-video-preview:-1\" \/>\n<meta property=\"og:locale\" content=\"it_IT\" \/>\n<meta property=\"og:type\" content=\"article\" \/>\n<meta property=\"og:title\" content=\"San Paolo VI Un pensiero al giorno - Gambini Editore\" \/>\n<meta property=\"og:description\" content=\"SAN PAOLO VI Un pensiero al giorno di Tommaso Stenico\" \/>\n<meta property=\"og:url\" content=\"https:\/\/gambinieditore.studiozerocinque.it\/?product=san-paolo-vi\" \/>\n<meta property=\"og:site_name\" content=\"Gambini Editore\" \/>\n<meta property=\"article:modified_time\" content=\"2025-09-11T08:00:53+00:00\" \/>\n<meta property=\"og:image\" content=\"https:\/\/gambinieditore.studiozerocinque.it\/wp-content\/uploads\/2022\/09\/428-San-Paolo-VI-Un-pensiero-al-giorno.jpg\" \/>\n\t<meta property=\"og:image:width\" content=\"1613\" \/>\n\t<meta property=\"og:image:height\" content=\"2503\" \/>\n\t<meta property=\"og:image:type\" content=\"image\/jpeg\" \/>\n<meta name=\"twitter:card\" content=\"summary_large_image\" \/>\n<meta name=\"twitter:label1\" content=\"Tempo di lettura stimato\" \/>\n\t<meta name=\"twitter:data1\" content=\"1 minuto\" \/>\n<script type=\"application\/ld+json\" class=\"yoast-schema-graph\">{\"@context\":\"https:\/\/schema.org\",\"@graph\":[{\"@type\":\"WebPage\",\"@id\":\"https:\/\/gambinieditore.studiozerocinque.it\/?product=san-paolo-vi\",\"url\":\"https:\/\/gambinieditore.studiozerocinque.it\/?product=san-paolo-vi\",\"name\":\"San Paolo VI Un pensiero al giorno - Gambini Editore\",\"isPartOf\":{\"@id\":\"https:\/\/gambinieditore.studiozerocinque.it\/#website\"},\"primaryImageOfPage\":{\"@id\":\"https:\/\/gambinieditore.studiozerocinque.it\/?product=san-paolo-vi#primaryimage\"},\"image\":{\"@id\":\"https:\/\/gambinieditore.studiozerocinque.it\/?product=san-paolo-vi#primaryimage\"},\"thumbnailUrl\":\"https:\/\/gambinieditore.studiozerocinque.it\/wp-content\/uploads\/2022\/09\/428-San-Paolo-VI-Un-pensiero-al-giorno.jpg\",\"datePublished\":\"2022-09-26T10:28:24+00:00\",\"dateModified\":\"2025-09-11T08:00:53+00:00\",\"breadcrumb\":{\"@id\":\"https:\/\/gambinieditore.studiozerocinque.it\/?product=san-paolo-vi#breadcrumb\"},\"inLanguage\":\"it-IT\",\"potentialAction\":[{\"@type\":\"ReadAction\",\"target\":[\"https:\/\/gambinieditore.studiozerocinque.it\/?product=san-paolo-vi\"]}]},{\"@type\":\"ImageObject\",\"inLanguage\":\"it-IT\",\"@id\":\"https:\/\/gambinieditore.studiozerocinque.it\/?product=san-paolo-vi#primaryimage\",\"url\":\"https:\/\/gambinieditore.studiozerocinque.it\/wp-content\/uploads\/2022\/09\/428-San-Paolo-VI-Un-pensiero-al-giorno.jpg\",\"contentUrl\":\"https:\/\/gambinieditore.studiozerocinque.it\/wp-content\/uploads\/2022\/09\/428-San-Paolo-VI-Un-pensiero-al-giorno.jpg\",\"width\":1613,\"height\":2503,\"caption\":\"San Paolo VI Un pensiero al giorno\"},{\"@type\":\"BreadcrumbList\",\"@id\":\"https:\/\/gambinieditore.studiozerocinque.it\/?product=san-paolo-vi#breadcrumb\",\"itemListElement\":[{\"@type\":\"ListItem\",\"position\":1,\"name\":\"Home\",\"item\":\"https:\/\/gambinieditore.studiozerocinque.it\/\"},{\"@type\":\"ListItem\",\"position\":2,\"name\":\"Catalogo\",\"item\":\"https:\/\/gambinieditore.studiozerocinque.it\/?page_id=7\"},{\"@type\":\"ListItem\",\"position\":3,\"name\":\"San Paolo VI Un pensiero al giorno\"}]},{\"@type\":\"WebSite\",\"@id\":\"https:\/\/gambinieditore.studiozerocinque.it\/#website\",\"url\":\"https:\/\/gambinieditore.studiozerocinque.it\/\",\"name\":\"Gambini Editore\",\"description\":\"\",\"potentialAction\":[{\"@type\":\"SearchAction\",\"target\":{\"@type\":\"EntryPoint\",\"urlTemplate\":\"https:\/\/gambinieditore.studiozerocinque.it\/?s={search_term_string}\"},\"query-input\":{\"@type\":\"PropertyValueSpecification\",\"valueRequired\":true,\"valueName\":\"search_term_string\"}}],\"inLanguage\":\"it-IT\"}]}<\/script>\n<!-- \/ Yoast SEO plugin. -->","yoast_head_json":{"title":"San Paolo VI Un pensiero al giorno - Gambini Editore","robots":{"index":"noindex","follow":"follow","max-snippet":"max-snippet:-1","max-image-preview":"max-image-preview:large","max-video-preview":"max-video-preview:-1"},"og_locale":"it_IT","og_type":"article","og_title":"San Paolo VI Un pensiero al giorno - Gambini Editore","og_description":"SAN PAOLO VI Un pensiero al giorno di Tommaso Stenico","og_url":"https:\/\/gambinieditore.studiozerocinque.it\/?product=san-paolo-vi","og_site_name":"Gambini Editore","article_modified_time":"2025-09-11T08:00:53+00:00","og_image":[{"width":1613,"height":2503,"url":"https:\/\/gambinieditore.studiozerocinque.it\/wp-content\/uploads\/2022\/09\/428-San-Paolo-VI-Un-pensiero-al-giorno.jpg","type":"image\/jpeg"}],"twitter_card":"summary_large_image","twitter_misc":{"Tempo di lettura stimato":"1 minuto"},"schema":{"@context":"https:\/\/schema.org","@graph":[{"@type":"WebPage","@id":"https:\/\/gambinieditore.studiozerocinque.it\/?product=san-paolo-vi","url":"https:\/\/gambinieditore.studiozerocinque.it\/?product=san-paolo-vi","name":"San Paolo VI Un pensiero al giorno - Gambini Editore","isPartOf":{"@id":"https:\/\/gambinieditore.studiozerocinque.it\/#website"},"primaryImageOfPage":{"@id":"https:\/\/gambinieditore.studiozerocinque.it\/?product=san-paolo-vi#primaryimage"},"image":{"@id":"https:\/\/gambinieditore.studiozerocinque.it\/?product=san-paolo-vi#primaryimage"},"thumbnailUrl":"https:\/\/gambinieditore.studiozerocinque.it\/wp-content\/uploads\/2022\/09\/428-San-Paolo-VI-Un-pensiero-al-giorno.jpg","datePublished":"2022-09-26T10:28:24+00:00","dateModified":"2025-09-11T08:00:53+00:00","breadcrumb":{"@id":"https:\/\/gambinieditore.studiozerocinque.it\/?product=san-paolo-vi#breadcrumb"},"inLanguage":"it-IT","potentialAction":[{"@type":"ReadAction","target":["https:\/\/gambinieditore.studiozerocinque.it\/?product=san-paolo-vi"]}]},{"@type":"ImageObject","inLanguage":"it-IT","@id":"https:\/\/gambinieditore.studiozerocinque.it\/?product=san-paolo-vi#primaryimage","url":"https:\/\/gambinieditore.studiozerocinque.it\/wp-content\/uploads\/2022\/09\/428-San-Paolo-VI-Un-pensiero-al-giorno.jpg","contentUrl":"https:\/\/gambinieditore.studiozerocinque.it\/wp-content\/uploads\/2022\/09\/428-San-Paolo-VI-Un-pensiero-al-giorno.jpg","width":1613,"height":2503,"caption":"San Paolo VI Un pensiero al giorno"},{"@type":"BreadcrumbList","@id":"https:\/\/gambinieditore.studiozerocinque.it\/?product=san-paolo-vi#breadcrumb","itemListElement":[{"@type":"ListItem","position":1,"name":"Home","item":"https:\/\/gambinieditore.studiozerocinque.it\/"},{"@type":"ListItem","position":2,"name":"Catalogo","item":"https:\/\/gambinieditore.studiozerocinque.it\/?page_id=7"},{"@type":"ListItem","position":3,"name":"San Paolo VI Un pensiero al giorno"}]},{"@type":"WebSite","@id":"https:\/\/gambinieditore.studiozerocinque.it\/#website","url":"https:\/\/gambinieditore.studiozerocinque.it\/","name":"Gambini Editore","description":"","potentialAction":[{"@type":"SearchAction","target":{"@type":"EntryPoint","urlTemplate":"https:\/\/gambinieditore.studiozerocinque.it\/?s={search_term_string}"},"query-input":{"@type":"PropertyValueSpecification","valueRequired":true,"valueName":"search_term_string"}}],"inLanguage":"it-IT"}]}},"_links":{"self":[{"href":"https:\/\/gambinieditore.studiozerocinque.it\/index.php?rest_route=\/wp\/v2\/product\/662","targetHints":{"allow":["GET"]}}],"collection":[{"href":"https:\/\/gambinieditore.studiozerocinque.it\/index.php?rest_route=\/wp\/v2\/product"}],"about":[{"href":"https:\/\/gambinieditore.studiozerocinque.it\/index.php?rest_route=\/wp\/v2\/types\/product"}],"replies":[{"embeddable":true,"href":"https:\/\/gambinieditore.studiozerocinque.it\/index.php?rest_route=%2Fwp%2Fv2%2Fcomments&post=662"}],"wp:featuredmedia":[{"embeddable":true,"href":"https:\/\/gambinieditore.studiozerocinque.it\/index.php?rest_route=\/wp\/v2\/media\/661"}],"wp:attachment":[{"href":"https:\/\/gambinieditore.studiozerocinque.it\/index.php?rest_route=%2Fwp%2Fv2%2Fmedia&parent=662"}],"wp:term":[{"taxonomy":"product_brand","embeddable":true,"href":"https:\/\/gambinieditore.studiozerocinque.it\/index.php?rest_route=%2Fwp%2Fv2%2Fproduct_brand&post=662"},{"taxonomy":"product_cat","embeddable":true,"href":"https:\/\/gambinieditore.studiozerocinque.it\/index.php?rest_route=%2Fwp%2Fv2%2Fproduct_cat&post=662"},{"taxonomy":"product_tag","embeddable":true,"href":"https:\/\/gambinieditore.studiozerocinque.it\/index.php?rest_route=%2Fwp%2Fv2%2Fproduct_tag&post=662"}],"curies":[{"name":"wp","href":"https:\/\/api.w.org\/{rel}","templated":true}]}}