{"id":664,"date":"2022-09-30T16:56:05","date_gmt":"2022-09-30T14:56:05","guid":{"rendered":"https:\/\/gambinieditore.studiozerocinque.it\/prodotto\/nazelie-la-bambina-circassa\/"},"modified":"2025-09-11T10:00:44","modified_gmt":"2025-09-11T08:00:44","slug":"nazelie-la-bambina-circassa","status":"publish","type":"product","link":"https:\/\/gambinieditore.studiozerocinque.it\/?product=nazelie-la-bambina-circassa","title":{"rendered":"Naz\u00e8lie. La bambina circassa"},"content":{"rendered":"<p class=\"Modulovuoto\" style=\"text-align:justify;line-height:115%;\">Naz\u00e8lie \u00e8 una bambina nata e cresciuta in Italia da genitori provenienti dalla Circassia. Suo padre Aleksandre \u00e8 figlio di Jakob, rozzo ma carismatico proprietario terriero, dal quale il figlio ha tentato per tutta la vita di prendere le distanze, deludendo ogni sua aspettativa fino a diventare professore di letteratura russa. Maryam, sua madre, incarna lecaratteristiche della sua terra: povert\u00e0 e bellezza, elementi che nel tempo mineranno la sua esistenza. Naz\u00e8lie cresce sensibile e curiosa, spiccatamente ironica; ma nonostante le amicizie, una laurea e la vita in una citt\u00e0 che ama, impregnata di arte e cultura, non riuscir\u00e0 mai a sentirsi pienamente italiana. L\u2019amicizia con Laura; l\u2019incontro e l\u2019amore con Qasim, un ragazzo siriano dolce e irrequieto, intrappolato nei traumi infantili vissuti nella sua terra e dal quale per la prima volta sentir\u00e0 pronunciare la parola Daesh, prima di vederlo scomparire per sempre; lo sfaldamento del rapporto tra sua madre e suo padre; la scoperta del dolore e della dispera &#8211; zione, toccato con mano negli stages universitari in alcuni campi profughi; il breve ma decisivo ritorno in Circassia, grazie ad una geniale e teatrale messa in scena di suo nonno Jakob. Sar\u00e0 tutto ci\u00f2, insieme ad un ultimo tragico evento, ad orientare Naz\u00e8lie verso una scelta radicale e coraggiosa, con un epilogo inatteso e sorprendente<\/p>\n","protected":false},"excerpt":{"rendered":"<p>Naz\u00e8lie. La bambina circassa di Sauro Ghigi\u00a0<\/p>\n","protected":false},"featured_media":663,"comment_status":"open","ping_status":"closed","template":"","meta":[],"product_brand":[],"product_cat":[18,25],"product_tag":[],"class_list":{"0":"post-664","1":"product","2":"type-product","3":"status-publish","4":"has-post-thumbnail","6":"product_cat-libri","7":"product_cat-narrativa-italiana","9":"first","10":"instock","11":"shipping-taxable","12":"purchasable","13":"product-type-simple"},"yoast_head":"<!-- This site is optimized with the Yoast SEO plugin v25.9 - https:\/\/yoast.com\/wordpress\/plugins\/seo\/ -->\n<title>Naz\u00e8lie. La bambina circassa - Gambini Editore<\/title>\n<meta name=\"robots\" content=\"noindex, follow, max-snippet:-1, max-image-preview:large, max-video-preview:-1\" \/>\n<meta property=\"og:locale\" content=\"it_IT\" \/>\n<meta property=\"og:type\" content=\"article\" \/>\n<meta property=\"og:title\" content=\"Naz\u00e8lie. La bambina circassa - Gambini Editore\" \/>\n<meta property=\"og:description\" content=\"Naz\u00e8lie. La bambina circassa di Sauro Ghigi\u00a0\" \/>\n<meta property=\"og:url\" content=\"https:\/\/gambinieditore.studiozerocinque.it\/?product=nazelie-la-bambina-circassa\" \/>\n<meta property=\"og:site_name\" content=\"Gambini Editore\" \/>\n<meta property=\"article:modified_time\" content=\"2025-09-11T08:00:44+00:00\" \/>\n<meta property=\"og:image\" content=\"https:\/\/gambinieditore.studiozerocinque.it\/wp-content\/uploads\/2022\/09\/364-Nazelie.-La-bambina-circassa.jpg\" \/>\n\t<meta property=\"og:image:width\" content=\"1713\" \/>\n\t<meta property=\"og:image:height\" content=\"2421\" \/>\n\t<meta property=\"og:image:type\" content=\"image\/jpeg\" \/>\n<meta name=\"twitter:card\" content=\"summary_large_image\" \/>\n<meta name=\"twitter:label1\" content=\"Tempo di lettura stimato\" \/>\n\t<meta name=\"twitter:data1\" content=\"1 minuto\" \/>\n<script type=\"application\/ld+json\" class=\"yoast-schema-graph\">{\"@context\":\"https:\/\/schema.org\",\"@graph\":[{\"@type\":\"WebPage\",\"@id\":\"https:\/\/gambinieditore.studiozerocinque.it\/?product=nazelie-la-bambina-circassa\",\"url\":\"https:\/\/gambinieditore.studiozerocinque.it\/?product=nazelie-la-bambina-circassa\",\"name\":\"Naz\u00e8lie. La bambina circassa - Gambini Editore\",\"isPartOf\":{\"@id\":\"https:\/\/gambinieditore.studiozerocinque.it\/#website\"},\"primaryImageOfPage\":{\"@id\":\"https:\/\/gambinieditore.studiozerocinque.it\/?product=nazelie-la-bambina-circassa#primaryimage\"},\"image\":{\"@id\":\"https:\/\/gambinieditore.studiozerocinque.it\/?product=nazelie-la-bambina-circassa#primaryimage\"},\"thumbnailUrl\":\"https:\/\/gambinieditore.studiozerocinque.it\/wp-content\/uploads\/2022\/09\/364-Nazelie.-La-bambina-circassa.jpg\",\"datePublished\":\"2022-09-30T14:56:05+00:00\",\"dateModified\":\"2025-09-11T08:00:44+00:00\",\"breadcrumb\":{\"@id\":\"https:\/\/gambinieditore.studiozerocinque.it\/?product=nazelie-la-bambina-circassa#breadcrumb\"},\"inLanguage\":\"it-IT\",\"potentialAction\":[{\"@type\":\"ReadAction\",\"target\":[\"https:\/\/gambinieditore.studiozerocinque.it\/?product=nazelie-la-bambina-circassa\"]}]},{\"@type\":\"ImageObject\",\"inLanguage\":\"it-IT\",\"@id\":\"https:\/\/gambinieditore.studiozerocinque.it\/?product=nazelie-la-bambina-circassa#primaryimage\",\"url\":\"https:\/\/gambinieditore.studiozerocinque.it\/wp-content\/uploads\/2022\/09\/364-Nazelie.-La-bambina-circassa.jpg\",\"contentUrl\":\"https:\/\/gambinieditore.studiozerocinque.it\/wp-content\/uploads\/2022\/09\/364-Nazelie.-La-bambina-circassa.jpg\",\"width\":1713,\"height\":2421,\"caption\":\"Naz\u00e8lie. La bambina circassa\"},{\"@type\":\"BreadcrumbList\",\"@id\":\"https:\/\/gambinieditore.studiozerocinque.it\/?product=nazelie-la-bambina-circassa#breadcrumb\",\"itemListElement\":[{\"@type\":\"ListItem\",\"position\":1,\"name\":\"Home\",\"item\":\"https:\/\/gambinieditore.studiozerocinque.it\/\"},{\"@type\":\"ListItem\",\"position\":2,\"name\":\"Catalogo\",\"item\":\"https:\/\/gambinieditore.studiozerocinque.it\/?page_id=7\"},{\"@type\":\"ListItem\",\"position\":3,\"name\":\"Naz\u00e8lie. La bambina circassa\"}]},{\"@type\":\"WebSite\",\"@id\":\"https:\/\/gambinieditore.studiozerocinque.it\/#website\",\"url\":\"https:\/\/gambinieditore.studiozerocinque.it\/\",\"name\":\"Gambini Editore\",\"description\":\"\",\"potentialAction\":[{\"@type\":\"SearchAction\",\"target\":{\"@type\":\"EntryPoint\",\"urlTemplate\":\"https:\/\/gambinieditore.studiozerocinque.it\/?s={search_term_string}\"},\"query-input\":{\"@type\":\"PropertyValueSpecification\",\"valueRequired\":true,\"valueName\":\"search_term_string\"}}],\"inLanguage\":\"it-IT\"}]}<\/script>\n<!-- \/ Yoast SEO plugin. -->","yoast_head_json":{"title":"Naz\u00e8lie. La bambina circassa - Gambini Editore","robots":{"index":"noindex","follow":"follow","max-snippet":"max-snippet:-1","max-image-preview":"max-image-preview:large","max-video-preview":"max-video-preview:-1"},"og_locale":"it_IT","og_type":"article","og_title":"Naz\u00e8lie. La bambina circassa - Gambini Editore","og_description":"Naz\u00e8lie. La bambina circassa di Sauro Ghigi\u00a0","og_url":"https:\/\/gambinieditore.studiozerocinque.it\/?product=nazelie-la-bambina-circassa","og_site_name":"Gambini Editore","article_modified_time":"2025-09-11T08:00:44+00:00","og_image":[{"width":1713,"height":2421,"url":"https:\/\/gambinieditore.studiozerocinque.it\/wp-content\/uploads\/2022\/09\/364-Nazelie.-La-bambina-circassa.jpg","type":"image\/jpeg"}],"twitter_card":"summary_large_image","twitter_misc":{"Tempo di lettura stimato":"1 minuto"},"schema":{"@context":"https:\/\/schema.org","@graph":[{"@type":"WebPage","@id":"https:\/\/gambinieditore.studiozerocinque.it\/?product=nazelie-la-bambina-circassa","url":"https:\/\/gambinieditore.studiozerocinque.it\/?product=nazelie-la-bambina-circassa","name":"Naz\u00e8lie. La bambina circassa - Gambini Editore","isPartOf":{"@id":"https:\/\/gambinieditore.studiozerocinque.it\/#website"},"primaryImageOfPage":{"@id":"https:\/\/gambinieditore.studiozerocinque.it\/?product=nazelie-la-bambina-circassa#primaryimage"},"image":{"@id":"https:\/\/gambinieditore.studiozerocinque.it\/?product=nazelie-la-bambina-circassa#primaryimage"},"thumbnailUrl":"https:\/\/gambinieditore.studiozerocinque.it\/wp-content\/uploads\/2022\/09\/364-Nazelie.-La-bambina-circassa.jpg","datePublished":"2022-09-30T14:56:05+00:00","dateModified":"2025-09-11T08:00:44+00:00","breadcrumb":{"@id":"https:\/\/gambinieditore.studiozerocinque.it\/?product=nazelie-la-bambina-circassa#breadcrumb"},"inLanguage":"it-IT","potentialAction":[{"@type":"ReadAction","target":["https:\/\/gambinieditore.studiozerocinque.it\/?product=nazelie-la-bambina-circassa"]}]},{"@type":"ImageObject","inLanguage":"it-IT","@id":"https:\/\/gambinieditore.studiozerocinque.it\/?product=nazelie-la-bambina-circassa#primaryimage","url":"https:\/\/gambinieditore.studiozerocinque.it\/wp-content\/uploads\/2022\/09\/364-Nazelie.-La-bambina-circassa.jpg","contentUrl":"https:\/\/gambinieditore.studiozerocinque.it\/wp-content\/uploads\/2022\/09\/364-Nazelie.-La-bambina-circassa.jpg","width":1713,"height":2421,"caption":"Naz\u00e8lie. La bambina circassa"},{"@type":"BreadcrumbList","@id":"https:\/\/gambinieditore.studiozerocinque.it\/?product=nazelie-la-bambina-circassa#breadcrumb","itemListElement":[{"@type":"ListItem","position":1,"name":"Home","item":"https:\/\/gambinieditore.studiozerocinque.it\/"},{"@type":"ListItem","position":2,"name":"Catalogo","item":"https:\/\/gambinieditore.studiozerocinque.it\/?page_id=7"},{"@type":"ListItem","position":3,"name":"Naz\u00e8lie. La bambina circassa"}]},{"@type":"WebSite","@id":"https:\/\/gambinieditore.studiozerocinque.it\/#website","url":"https:\/\/gambinieditore.studiozerocinque.it\/","name":"Gambini Editore","description":"","potentialAction":[{"@type":"SearchAction","target":{"@type":"EntryPoint","urlTemplate":"https:\/\/gambinieditore.studiozerocinque.it\/?s={search_term_string}"},"query-input":{"@type":"PropertyValueSpecification","valueRequired":true,"valueName":"search_term_string"}}],"inLanguage":"it-IT"}]}},"_links":{"self":[{"href":"https:\/\/gambinieditore.studiozerocinque.it\/index.php?rest_route=\/wp\/v2\/product\/664","targetHints":{"allow":["GET"]}}],"collection":[{"href":"https:\/\/gambinieditore.studiozerocinque.it\/index.php?rest_route=\/wp\/v2\/product"}],"about":[{"href":"https:\/\/gambinieditore.studiozerocinque.it\/index.php?rest_route=\/wp\/v2\/types\/product"}],"replies":[{"embeddable":true,"href":"https:\/\/gambinieditore.studiozerocinque.it\/index.php?rest_route=%2Fwp%2Fv2%2Fcomments&post=664"}],"wp:featuredmedia":[{"embeddable":true,"href":"https:\/\/gambinieditore.studiozerocinque.it\/index.php?rest_route=\/wp\/v2\/media\/663"}],"wp:attachment":[{"href":"https:\/\/gambinieditore.studiozerocinque.it\/index.php?rest_route=%2Fwp%2Fv2%2Fmedia&parent=664"}],"wp:term":[{"taxonomy":"product_brand","embeddable":true,"href":"https:\/\/gambinieditore.studiozerocinque.it\/index.php?rest_route=%2Fwp%2Fv2%2Fproduct_brand&post=664"},{"taxonomy":"product_cat","embeddable":true,"href":"https:\/\/gambinieditore.studiozerocinque.it\/index.php?rest_route=%2Fwp%2Fv2%2Fproduct_cat&post=664"},{"taxonomy":"product_tag","embeddable":true,"href":"https:\/\/gambinieditore.studiozerocinque.it\/index.php?rest_route=%2Fwp%2Fv2%2Fproduct_tag&post=664"}],"curies":[{"name":"wp","href":"https:\/\/api.w.org\/{rel}","templated":true}]}}