{"id":666,"date":"2022-10-07T16:46:21","date_gmt":"2022-10-07T14:46:21","guid":{"rendered":"https:\/\/gambinieditore.studiozerocinque.it\/prodotto\/organizza-apprendi-et-labora\/"},"modified":"2025-09-11T10:00:44","modified_gmt":"2025-09-11T08:00:44","slug":"organizza-apprendi-et-labora","status":"publish","type":"product","link":"https:\/\/gambinieditore.studiozerocinque.it\/?product=organizza-apprendi-et-labora","title":{"rendered":"ORGANIZZA,  APPRENDI  ET LABORA"},"content":{"rendered":"<p>Benedetto ha coniato un modello di vita ripreso con riconoscenza nei secoli e sperimentato come percorso alla maturit\u00e0 umana nella sequela di Cristo. Che cosa rende ancora valido dopo millecinquecento anni l\u2019insegnamento di questo maestro che \u00e8 ancora capace di formare gli uomini di oggi? \u00c8 vero che della vita di Benedetto noi non conosciamo molti aspetti storicamente documentati; ma \u00e8 dalle istruzioni della sua Regola che emerge l\u2019anima e l\u2019essere di chi fu capace di scriverle. Il Benedetto che possiamo immaginarci dalle parole della sua Regola deve essere stato un uomo di grande esperienza, uno che conosceva per esperienza personale le debolezze e le energie dell\u2019uomo, uno che aveva fatto unit\u00e0 in s\u00e9, uno pieno di moderazione, capace di guidare altri, guarire malati e deboli, infondere loro coraggio e speranza, uno che sapeva conciliare fra loro gli uomini che aveva armonizzato con s\u00e9 e crearsi intorno un\u2019atmosfera di pace. E deve essere anche stato un uomo di grande fede. Perch\u00e9 fu in un mondo tumultuoso che egli seppe, con sicurezza e senza lamentarsi dei tempi cattivi, impiantare una comunit\u00e0 di monaci. [Anselm Gr\u00fcn]<\/p>\n","protected":false},"excerpt":{"rendered":"<p>ORGANIZZA,\u00a0 APPRENDI\u00a0 ET LABORA. I paradigmi gestionali della Regola Benedettina di Sergio Bini<\/p>\n","protected":false},"featured_media":665,"comment_status":"open","ping_status":"closed","template":"","meta":[],"product_brand":[],"product_cat":[17,18,59],"product_tag":[],"class_list":{"0":"post-666","1":"product","2":"type-product","3":"status-publish","4":"has-post-thumbnail","6":"product_cat-catalogo","7":"product_cat-libri","8":"product_cat-saggistica","10":"first","11":"instock","12":"shipping-taxable","13":"purchasable","14":"product-type-simple"},"yoast_head":"<!-- This site is optimized with the Yoast SEO plugin v25.9 - https:\/\/yoast.com\/wordpress\/plugins\/seo\/ -->\n<title>ORGANIZZA, APPRENDI ET LABORA - Gambini Editore<\/title>\n<meta name=\"robots\" content=\"noindex, follow, max-snippet:-1, max-image-preview:large, max-video-preview:-1\" \/>\n<meta property=\"og:locale\" content=\"it_IT\" \/>\n<meta property=\"og:type\" content=\"article\" \/>\n<meta property=\"og:title\" content=\"ORGANIZZA, APPRENDI ET LABORA - Gambini Editore\" \/>\n<meta property=\"og:description\" content=\"ORGANIZZA,\u00a0 APPRENDI\u00a0 ET LABORA. I paradigmi gestionali della Regola Benedettina di Sergio Bini\" \/>\n<meta property=\"og:url\" content=\"https:\/\/gambinieditore.studiozerocinque.it\/?product=organizza-apprendi-et-labora\" \/>\n<meta property=\"og:site_name\" content=\"Gambini Editore\" \/>\n<meta property=\"article:modified_time\" content=\"2025-09-11T08:00:44+00:00\" \/>\n<meta property=\"og:image\" content=\"https:\/\/gambinieditore.studiozerocinque.it\/wp-content\/uploads\/2022\/10\/365-ORGANIZZA-APPRENDI-ET-LABORA.jpg\" \/>\n\t<meta property=\"og:image:width\" content=\"1132\" \/>\n\t<meta property=\"og:image:height\" content=\"1600\" \/>\n\t<meta property=\"og:image:type\" content=\"image\/jpeg\" \/>\n<meta name=\"twitter:card\" content=\"summary_large_image\" \/>\n<meta name=\"twitter:label1\" content=\"Tempo di lettura stimato\" \/>\n\t<meta name=\"twitter:data1\" content=\"1 minuto\" \/>\n<script type=\"application\/ld+json\" class=\"yoast-schema-graph\">{\"@context\":\"https:\/\/schema.org\",\"@graph\":[{\"@type\":\"WebPage\",\"@id\":\"https:\/\/gambinieditore.studiozerocinque.it\/?product=organizza-apprendi-et-labora\",\"url\":\"https:\/\/gambinieditore.studiozerocinque.it\/?product=organizza-apprendi-et-labora\",\"name\":\"ORGANIZZA, APPRENDI ET LABORA - Gambini Editore\",\"isPartOf\":{\"@id\":\"https:\/\/gambinieditore.studiozerocinque.it\/#website\"},\"primaryImageOfPage\":{\"@id\":\"https:\/\/gambinieditore.studiozerocinque.it\/?product=organizza-apprendi-et-labora#primaryimage\"},\"image\":{\"@id\":\"https:\/\/gambinieditore.studiozerocinque.it\/?product=organizza-apprendi-et-labora#primaryimage\"},\"thumbnailUrl\":\"https:\/\/gambinieditore.studiozerocinque.it\/wp-content\/uploads\/2022\/10\/365-ORGANIZZA-APPRENDI-ET-LABORA.jpg\",\"datePublished\":\"2022-10-07T14:46:21+00:00\",\"dateModified\":\"2025-09-11T08:00:44+00:00\",\"breadcrumb\":{\"@id\":\"https:\/\/gambinieditore.studiozerocinque.it\/?product=organizza-apprendi-et-labora#breadcrumb\"},\"inLanguage\":\"it-IT\",\"potentialAction\":[{\"@type\":\"ReadAction\",\"target\":[\"https:\/\/gambinieditore.studiozerocinque.it\/?product=organizza-apprendi-et-labora\"]}]},{\"@type\":\"ImageObject\",\"inLanguage\":\"it-IT\",\"@id\":\"https:\/\/gambinieditore.studiozerocinque.it\/?product=organizza-apprendi-et-labora#primaryimage\",\"url\":\"https:\/\/gambinieditore.studiozerocinque.it\/wp-content\/uploads\/2022\/10\/365-ORGANIZZA-APPRENDI-ET-LABORA.jpg\",\"contentUrl\":\"https:\/\/gambinieditore.studiozerocinque.it\/wp-content\/uploads\/2022\/10\/365-ORGANIZZA-APPRENDI-ET-LABORA.jpg\",\"width\":1132,\"height\":1600,\"caption\":\"ORGANIZZA, APPRENDI ET LABORA\"},{\"@type\":\"BreadcrumbList\",\"@id\":\"https:\/\/gambinieditore.studiozerocinque.it\/?product=organizza-apprendi-et-labora#breadcrumb\",\"itemListElement\":[{\"@type\":\"ListItem\",\"position\":1,\"name\":\"Home\",\"item\":\"https:\/\/gambinieditore.studiozerocinque.it\/\"},{\"@type\":\"ListItem\",\"position\":2,\"name\":\"Catalogo\",\"item\":\"https:\/\/gambinieditore.studiozerocinque.it\/?page_id=7\"},{\"@type\":\"ListItem\",\"position\":3,\"name\":\"ORGANIZZA, APPRENDI ET LABORA\"}]},{\"@type\":\"WebSite\",\"@id\":\"https:\/\/gambinieditore.studiozerocinque.it\/#website\",\"url\":\"https:\/\/gambinieditore.studiozerocinque.it\/\",\"name\":\"Gambini Editore\",\"description\":\"\",\"potentialAction\":[{\"@type\":\"SearchAction\",\"target\":{\"@type\":\"EntryPoint\",\"urlTemplate\":\"https:\/\/gambinieditore.studiozerocinque.it\/?s={search_term_string}\"},\"query-input\":{\"@type\":\"PropertyValueSpecification\",\"valueRequired\":true,\"valueName\":\"search_term_string\"}}],\"inLanguage\":\"it-IT\"}]}<\/script>\n<!-- \/ Yoast SEO plugin. -->","yoast_head_json":{"title":"ORGANIZZA, APPRENDI ET LABORA - Gambini Editore","robots":{"index":"noindex","follow":"follow","max-snippet":"max-snippet:-1","max-image-preview":"max-image-preview:large","max-video-preview":"max-video-preview:-1"},"og_locale":"it_IT","og_type":"article","og_title":"ORGANIZZA, APPRENDI ET LABORA - Gambini Editore","og_description":"ORGANIZZA,\u00a0 APPRENDI\u00a0 ET LABORA. I paradigmi gestionali della Regola Benedettina di Sergio Bini","og_url":"https:\/\/gambinieditore.studiozerocinque.it\/?product=organizza-apprendi-et-labora","og_site_name":"Gambini Editore","article_modified_time":"2025-09-11T08:00:44+00:00","og_image":[{"width":1132,"height":1600,"url":"https:\/\/gambinieditore.studiozerocinque.it\/wp-content\/uploads\/2022\/10\/365-ORGANIZZA-APPRENDI-ET-LABORA.jpg","type":"image\/jpeg"}],"twitter_card":"summary_large_image","twitter_misc":{"Tempo di lettura stimato":"1 minuto"},"schema":{"@context":"https:\/\/schema.org","@graph":[{"@type":"WebPage","@id":"https:\/\/gambinieditore.studiozerocinque.it\/?product=organizza-apprendi-et-labora","url":"https:\/\/gambinieditore.studiozerocinque.it\/?product=organizza-apprendi-et-labora","name":"ORGANIZZA, APPRENDI ET LABORA - Gambini Editore","isPartOf":{"@id":"https:\/\/gambinieditore.studiozerocinque.it\/#website"},"primaryImageOfPage":{"@id":"https:\/\/gambinieditore.studiozerocinque.it\/?product=organizza-apprendi-et-labora#primaryimage"},"image":{"@id":"https:\/\/gambinieditore.studiozerocinque.it\/?product=organizza-apprendi-et-labora#primaryimage"},"thumbnailUrl":"https:\/\/gambinieditore.studiozerocinque.it\/wp-content\/uploads\/2022\/10\/365-ORGANIZZA-APPRENDI-ET-LABORA.jpg","datePublished":"2022-10-07T14:46:21+00:00","dateModified":"2025-09-11T08:00:44+00:00","breadcrumb":{"@id":"https:\/\/gambinieditore.studiozerocinque.it\/?product=organizza-apprendi-et-labora#breadcrumb"},"inLanguage":"it-IT","potentialAction":[{"@type":"ReadAction","target":["https:\/\/gambinieditore.studiozerocinque.it\/?product=organizza-apprendi-et-labora"]}]},{"@type":"ImageObject","inLanguage":"it-IT","@id":"https:\/\/gambinieditore.studiozerocinque.it\/?product=organizza-apprendi-et-labora#primaryimage","url":"https:\/\/gambinieditore.studiozerocinque.it\/wp-content\/uploads\/2022\/10\/365-ORGANIZZA-APPRENDI-ET-LABORA.jpg","contentUrl":"https:\/\/gambinieditore.studiozerocinque.it\/wp-content\/uploads\/2022\/10\/365-ORGANIZZA-APPRENDI-ET-LABORA.jpg","width":1132,"height":1600,"caption":"ORGANIZZA, APPRENDI ET LABORA"},{"@type":"BreadcrumbList","@id":"https:\/\/gambinieditore.studiozerocinque.it\/?product=organizza-apprendi-et-labora#breadcrumb","itemListElement":[{"@type":"ListItem","position":1,"name":"Home","item":"https:\/\/gambinieditore.studiozerocinque.it\/"},{"@type":"ListItem","position":2,"name":"Catalogo","item":"https:\/\/gambinieditore.studiozerocinque.it\/?page_id=7"},{"@type":"ListItem","position":3,"name":"ORGANIZZA, APPRENDI ET LABORA"}]},{"@type":"WebSite","@id":"https:\/\/gambinieditore.studiozerocinque.it\/#website","url":"https:\/\/gambinieditore.studiozerocinque.it\/","name":"Gambini Editore","description":"","potentialAction":[{"@type":"SearchAction","target":{"@type":"EntryPoint","urlTemplate":"https:\/\/gambinieditore.studiozerocinque.it\/?s={search_term_string}"},"query-input":{"@type":"PropertyValueSpecification","valueRequired":true,"valueName":"search_term_string"}}],"inLanguage":"it-IT"}]}},"_links":{"self":[{"href":"https:\/\/gambinieditore.studiozerocinque.it\/index.php?rest_route=\/wp\/v2\/product\/666","targetHints":{"allow":["GET"]}}],"collection":[{"href":"https:\/\/gambinieditore.studiozerocinque.it\/index.php?rest_route=\/wp\/v2\/product"}],"about":[{"href":"https:\/\/gambinieditore.studiozerocinque.it\/index.php?rest_route=\/wp\/v2\/types\/product"}],"replies":[{"embeddable":true,"href":"https:\/\/gambinieditore.studiozerocinque.it\/index.php?rest_route=%2Fwp%2Fv2%2Fcomments&post=666"}],"wp:featuredmedia":[{"embeddable":true,"href":"https:\/\/gambinieditore.studiozerocinque.it\/index.php?rest_route=\/wp\/v2\/media\/665"}],"wp:attachment":[{"href":"https:\/\/gambinieditore.studiozerocinque.it\/index.php?rest_route=%2Fwp%2Fv2%2Fmedia&parent=666"}],"wp:term":[{"taxonomy":"product_brand","embeddable":true,"href":"https:\/\/gambinieditore.studiozerocinque.it\/index.php?rest_route=%2Fwp%2Fv2%2Fproduct_brand&post=666"},{"taxonomy":"product_cat","embeddable":true,"href":"https:\/\/gambinieditore.studiozerocinque.it\/index.php?rest_route=%2Fwp%2Fv2%2Fproduct_cat&post=666"},{"taxonomy":"product_tag","embeddable":true,"href":"https:\/\/gambinieditore.studiozerocinque.it\/index.php?rest_route=%2Fwp%2Fv2%2Fproduct_tag&post=666"}],"curies":[{"name":"wp","href":"https:\/\/api.w.org\/{rel}","templated":true}]}}