{"id":672,"date":"2022-11-16T18:39:07","date_gmt":"2022-11-16T17:39:07","guid":{"rendered":"https:\/\/gambinieditore.studiozerocinque.it\/prodotto\/la-novella-arte-racconti-e-e-pittura-fotografica-digitale\/"},"modified":"2025-09-11T10:00:45","modified_gmt":"2025-09-11T08:00:45","slug":"la-novella-arte-racconti-e-e-pittura-fotografica-digitale","status":"publish","type":"product","link":"https:\/\/gambinieditore.studiozerocinque.it\/?product=la-novella-arte-racconti-e-e-pittura-fotografica-digitale","title":{"rendered":"&#8220;La novella arte&#8221; Racconti e e pittura fotografica digitale"},"content":{"rendered":"<p>E se la nostra concezione di universo e di umanit\u00e0 fosse solo una delle tante possibili? Le pagine di questo libro offrono una visione alternativa e molto pi\u00f9 ampia della realt\u00e0 che ci circonda. Attraverso i suoi racconti, l\u2019autore ci porta a immaginare dimensioni altre. Realt\u00e0 in cui il concetto di razza e quello di razzismo si dissolvono come neve al sole. Nella seconda parte del volume, Giuseppe Basso ci guida poi alla scoperta di una nuova forma di arte figurativa, la cosiddetta Novella Arte, da lui stesso \u201cscoperta\u201d e sperimentata.<\/p>\n","protected":false},"excerpt":{"rendered":"<p>&#8220;La novella arte&#8221; Racconti e e pittura fotografica digitale di Giuseppe Basso<\/p>\n","protected":false},"featured_media":671,"comment_status":"open","ping_status":"closed","template":"","meta":[],"product_brand":[],"product_cat":[17,18,29],"product_tag":[],"class_list":{"0":"post-672","1":"product","2":"type-product","3":"status-publish","4":"has-post-thumbnail","6":"product_cat-catalogo","7":"product_cat-libri","8":"product_cat-fantasy-e-fantascienza","10":"first","11":"instock","12":"shipping-taxable","13":"purchasable","14":"product-type-simple"},"yoast_head":"<!-- This site is optimized with the Yoast SEO plugin v25.9 - https:\/\/yoast.com\/wordpress\/plugins\/seo\/ -->\n<title>&quot;La novella arte&quot; Racconti e e pittura fotografica digitale - Gambini Editore<\/title>\n<meta name=\"robots\" content=\"noindex, follow, max-snippet:-1, max-image-preview:large, max-video-preview:-1\" \/>\n<meta property=\"og:locale\" content=\"it_IT\" \/>\n<meta property=\"og:type\" content=\"article\" \/>\n<meta property=\"og:title\" content=\"&quot;La novella arte&quot; Racconti e e pittura fotografica digitale - Gambini Editore\" \/>\n<meta property=\"og:description\" content=\"&quot;La novella arte&quot; Racconti e e pittura fotografica digitale di Giuseppe Basso\" \/>\n<meta property=\"og:url\" content=\"https:\/\/gambinieditore.studiozerocinque.it\/?product=la-novella-arte-racconti-e-e-pittura-fotografica-digitale\" \/>\n<meta property=\"og:site_name\" content=\"Gambini Editore\" \/>\n<meta property=\"article:modified_time\" content=\"2025-09-11T08:00:45+00:00\" \/>\n<meta property=\"og:image\" content=\"https:\/\/gambinieditore.studiozerocinque.it\/wp-content\/uploads\/2022\/11\/368-La-novella-arte-Racconti-e-e-pittura-fotografica-digitale.jpg\" \/>\n\t<meta property=\"og:image:width\" content=\"1417\" \/>\n\t<meta property=\"og:image:height\" content=\"2071\" \/>\n\t<meta property=\"og:image:type\" content=\"image\/jpeg\" \/>\n<meta name=\"twitter:card\" content=\"summary_large_image\" \/>\n<script type=\"application\/ld+json\" class=\"yoast-schema-graph\">{\"@context\":\"https:\/\/schema.org\",\"@graph\":[{\"@type\":\"WebPage\",\"@id\":\"https:\/\/gambinieditore.studiozerocinque.it\/?product=la-novella-arte-racconti-e-e-pittura-fotografica-digitale\",\"url\":\"https:\/\/gambinieditore.studiozerocinque.it\/?product=la-novella-arte-racconti-e-e-pittura-fotografica-digitale\",\"name\":\"\\\"La novella arte\\\" Racconti e e pittura fotografica digitale - Gambini Editore\",\"isPartOf\":{\"@id\":\"https:\/\/gambinieditore.studiozerocinque.it\/#website\"},\"primaryImageOfPage\":{\"@id\":\"https:\/\/gambinieditore.studiozerocinque.it\/?product=la-novella-arte-racconti-e-e-pittura-fotografica-digitale#primaryimage\"},\"image\":{\"@id\":\"https:\/\/gambinieditore.studiozerocinque.it\/?product=la-novella-arte-racconti-e-e-pittura-fotografica-digitale#primaryimage\"},\"thumbnailUrl\":\"https:\/\/gambinieditore.studiozerocinque.it\/wp-content\/uploads\/2022\/11\/368-La-novella-arte-Racconti-e-e-pittura-fotografica-digitale.jpg\",\"datePublished\":\"2022-11-16T17:39:07+00:00\",\"dateModified\":\"2025-09-11T08:00:45+00:00\",\"breadcrumb\":{\"@id\":\"https:\/\/gambinieditore.studiozerocinque.it\/?product=la-novella-arte-racconti-e-e-pittura-fotografica-digitale#breadcrumb\"},\"inLanguage\":\"it-IT\",\"potentialAction\":[{\"@type\":\"ReadAction\",\"target\":[\"https:\/\/gambinieditore.studiozerocinque.it\/?product=la-novella-arte-racconti-e-e-pittura-fotografica-digitale\"]}]},{\"@type\":\"ImageObject\",\"inLanguage\":\"it-IT\",\"@id\":\"https:\/\/gambinieditore.studiozerocinque.it\/?product=la-novella-arte-racconti-e-e-pittura-fotografica-digitale#primaryimage\",\"url\":\"https:\/\/gambinieditore.studiozerocinque.it\/wp-content\/uploads\/2022\/11\/368-La-novella-arte-Racconti-e-e-pittura-fotografica-digitale.jpg\",\"contentUrl\":\"https:\/\/gambinieditore.studiozerocinque.it\/wp-content\/uploads\/2022\/11\/368-La-novella-arte-Racconti-e-e-pittura-fotografica-digitale.jpg\",\"width\":1417,\"height\":2071,\"caption\":\"\\\"La novella arte\\\" Racconti e e pittura fotografica digitale\"},{\"@type\":\"BreadcrumbList\",\"@id\":\"https:\/\/gambinieditore.studiozerocinque.it\/?product=la-novella-arte-racconti-e-e-pittura-fotografica-digitale#breadcrumb\",\"itemListElement\":[{\"@type\":\"ListItem\",\"position\":1,\"name\":\"Home\",\"item\":\"https:\/\/gambinieditore.studiozerocinque.it\/\"},{\"@type\":\"ListItem\",\"position\":2,\"name\":\"Catalogo\",\"item\":\"https:\/\/gambinieditore.studiozerocinque.it\/?page_id=7\"},{\"@type\":\"ListItem\",\"position\":3,\"name\":\"&#8220;La novella arte&#8221; Racconti e e pittura fotografica digitale\"}]},{\"@type\":\"WebSite\",\"@id\":\"https:\/\/gambinieditore.studiozerocinque.it\/#website\",\"url\":\"https:\/\/gambinieditore.studiozerocinque.it\/\",\"name\":\"Gambini Editore\",\"description\":\"\",\"potentialAction\":[{\"@type\":\"SearchAction\",\"target\":{\"@type\":\"EntryPoint\",\"urlTemplate\":\"https:\/\/gambinieditore.studiozerocinque.it\/?s={search_term_string}\"},\"query-input\":{\"@type\":\"PropertyValueSpecification\",\"valueRequired\":true,\"valueName\":\"search_term_string\"}}],\"inLanguage\":\"it-IT\"}]}<\/script>\n<!-- \/ Yoast SEO plugin. -->","yoast_head_json":{"title":"\"La novella arte\" Racconti e e pittura fotografica digitale - Gambini Editore","robots":{"index":"noindex","follow":"follow","max-snippet":"max-snippet:-1","max-image-preview":"max-image-preview:large","max-video-preview":"max-video-preview:-1"},"og_locale":"it_IT","og_type":"article","og_title":"\"La novella arte\" Racconti e e pittura fotografica digitale - Gambini Editore","og_description":"\"La novella arte\" Racconti e e pittura fotografica digitale di Giuseppe Basso","og_url":"https:\/\/gambinieditore.studiozerocinque.it\/?product=la-novella-arte-racconti-e-e-pittura-fotografica-digitale","og_site_name":"Gambini Editore","article_modified_time":"2025-09-11T08:00:45+00:00","og_image":[{"width":1417,"height":2071,"url":"https:\/\/gambinieditore.studiozerocinque.it\/wp-content\/uploads\/2022\/11\/368-La-novella-arte-Racconti-e-e-pittura-fotografica-digitale.jpg","type":"image\/jpeg"}],"twitter_card":"summary_large_image","schema":{"@context":"https:\/\/schema.org","@graph":[{"@type":"WebPage","@id":"https:\/\/gambinieditore.studiozerocinque.it\/?product=la-novella-arte-racconti-e-e-pittura-fotografica-digitale","url":"https:\/\/gambinieditore.studiozerocinque.it\/?product=la-novella-arte-racconti-e-e-pittura-fotografica-digitale","name":"\"La novella arte\" Racconti e e pittura fotografica digitale - Gambini Editore","isPartOf":{"@id":"https:\/\/gambinieditore.studiozerocinque.it\/#website"},"primaryImageOfPage":{"@id":"https:\/\/gambinieditore.studiozerocinque.it\/?product=la-novella-arte-racconti-e-e-pittura-fotografica-digitale#primaryimage"},"image":{"@id":"https:\/\/gambinieditore.studiozerocinque.it\/?product=la-novella-arte-racconti-e-e-pittura-fotografica-digitale#primaryimage"},"thumbnailUrl":"https:\/\/gambinieditore.studiozerocinque.it\/wp-content\/uploads\/2022\/11\/368-La-novella-arte-Racconti-e-e-pittura-fotografica-digitale.jpg","datePublished":"2022-11-16T17:39:07+00:00","dateModified":"2025-09-11T08:00:45+00:00","breadcrumb":{"@id":"https:\/\/gambinieditore.studiozerocinque.it\/?product=la-novella-arte-racconti-e-e-pittura-fotografica-digitale#breadcrumb"},"inLanguage":"it-IT","potentialAction":[{"@type":"ReadAction","target":["https:\/\/gambinieditore.studiozerocinque.it\/?product=la-novella-arte-racconti-e-e-pittura-fotografica-digitale"]}]},{"@type":"ImageObject","inLanguage":"it-IT","@id":"https:\/\/gambinieditore.studiozerocinque.it\/?product=la-novella-arte-racconti-e-e-pittura-fotografica-digitale#primaryimage","url":"https:\/\/gambinieditore.studiozerocinque.it\/wp-content\/uploads\/2022\/11\/368-La-novella-arte-Racconti-e-e-pittura-fotografica-digitale.jpg","contentUrl":"https:\/\/gambinieditore.studiozerocinque.it\/wp-content\/uploads\/2022\/11\/368-La-novella-arte-Racconti-e-e-pittura-fotografica-digitale.jpg","width":1417,"height":2071,"caption":"\"La novella arte\" Racconti e e pittura fotografica digitale"},{"@type":"BreadcrumbList","@id":"https:\/\/gambinieditore.studiozerocinque.it\/?product=la-novella-arte-racconti-e-e-pittura-fotografica-digitale#breadcrumb","itemListElement":[{"@type":"ListItem","position":1,"name":"Home","item":"https:\/\/gambinieditore.studiozerocinque.it\/"},{"@type":"ListItem","position":2,"name":"Catalogo","item":"https:\/\/gambinieditore.studiozerocinque.it\/?page_id=7"},{"@type":"ListItem","position":3,"name":"&#8220;La novella arte&#8221; Racconti e e pittura fotografica digitale"}]},{"@type":"WebSite","@id":"https:\/\/gambinieditore.studiozerocinque.it\/#website","url":"https:\/\/gambinieditore.studiozerocinque.it\/","name":"Gambini Editore","description":"","potentialAction":[{"@type":"SearchAction","target":{"@type":"EntryPoint","urlTemplate":"https:\/\/gambinieditore.studiozerocinque.it\/?s={search_term_string}"},"query-input":{"@type":"PropertyValueSpecification","valueRequired":true,"valueName":"search_term_string"}}],"inLanguage":"it-IT"}]}},"_links":{"self":[{"href":"https:\/\/gambinieditore.studiozerocinque.it\/index.php?rest_route=\/wp\/v2\/product\/672","targetHints":{"allow":["GET"]}}],"collection":[{"href":"https:\/\/gambinieditore.studiozerocinque.it\/index.php?rest_route=\/wp\/v2\/product"}],"about":[{"href":"https:\/\/gambinieditore.studiozerocinque.it\/index.php?rest_route=\/wp\/v2\/types\/product"}],"replies":[{"embeddable":true,"href":"https:\/\/gambinieditore.studiozerocinque.it\/index.php?rest_route=%2Fwp%2Fv2%2Fcomments&post=672"}],"wp:featuredmedia":[{"embeddable":true,"href":"https:\/\/gambinieditore.studiozerocinque.it\/index.php?rest_route=\/wp\/v2\/media\/671"}],"wp:attachment":[{"href":"https:\/\/gambinieditore.studiozerocinque.it\/index.php?rest_route=%2Fwp%2Fv2%2Fmedia&parent=672"}],"wp:term":[{"taxonomy":"product_brand","embeddable":true,"href":"https:\/\/gambinieditore.studiozerocinque.it\/index.php?rest_route=%2Fwp%2Fv2%2Fproduct_brand&post=672"},{"taxonomy":"product_cat","embeddable":true,"href":"https:\/\/gambinieditore.studiozerocinque.it\/index.php?rest_route=%2Fwp%2Fv2%2Fproduct_cat&post=672"},{"taxonomy":"product_tag","embeddable":true,"href":"https:\/\/gambinieditore.studiozerocinque.it\/index.php?rest_route=%2Fwp%2Fv2%2Fproduct_tag&post=672"}],"curies":[{"name":"wp","href":"https:\/\/api.w.org\/{rel}","templated":true}]}}