{"id":676,"date":"2022-12-12T14:23:06","date_gmt":"2022-12-12T13:23:06","guid":{"rendered":"https:\/\/gambinieditore.studiozerocinque.it\/prodotto\/amati-poesie\/"},"modified":"2025-09-11T10:00:45","modified_gmt":"2025-09-11T08:00:45","slug":"amati-poesie","status":"publish","type":"product","link":"https:\/\/gambinieditore.studiozerocinque.it\/?product=amati-poesie","title":{"rendered":"Am\u00e0ti. Poesie"},"content":{"rendered":"<p>Am\u00e0ti \u00e8 quell\u2019accento rosso che fa la differenza. Amare e lasciarsi amare sono l&#8217;una lo specchio dell\u2019altra e in questo intimo gioco di sguardi il primo passo da compiere non \u00e8 amare ma lasciarsi amare. Per amare, infatti, bisogna prima fare l\u2019esperienza dell\u2019essere amati. Questo libro vuol ripercorrere proprio questo delicato, intimo e bellissimo processo di ogni uomo e va letto come se ognuno di noi si trovasse di fronte ad uno specchio in cui viene riflessa la propria immagine. L\u2019ispirazione \u00e8 data da una rilettura in chiave poetica del Discorso della Montagna e cerca di farci percepire la presenza di Dio come compagno di viaggio lungo il cammino della nostra vita.<\/p>\n","protected":false},"excerpt":{"rendered":"<p>Am\u00e0ti. Poesie di Cristian Consilvio<\/p>\n","protected":false},"featured_media":675,"comment_status":"open","ping_status":"closed","template":"","meta":[],"product_brand":[],"product_cat":[18],"product_tag":[],"class_list":{"0":"post-676","1":"product","2":"type-product","3":"status-publish","4":"has-post-thumbnail","6":"product_cat-libri","8":"first","9":"instock","10":"shipping-taxable","11":"purchasable","12":"product-type-simple"},"yoast_head":"<!-- This site is optimized with the Yoast SEO plugin v25.9 - https:\/\/yoast.com\/wordpress\/plugins\/seo\/ -->\n<title>Am\u00e0ti. Poesie - Gambini Editore<\/title>\n<meta name=\"robots\" content=\"noindex, follow, max-snippet:-1, max-image-preview:large, max-video-preview:-1\" \/>\n<meta property=\"og:locale\" content=\"it_IT\" \/>\n<meta property=\"og:type\" content=\"article\" \/>\n<meta property=\"og:title\" content=\"Am\u00e0ti. Poesie - Gambini Editore\" \/>\n<meta property=\"og:description\" content=\"Am\u00e0ti. Poesie di Cristian Consilvio\" \/>\n<meta property=\"og:url\" content=\"https:\/\/gambinieditore.studiozerocinque.it\/?product=amati-poesie\" \/>\n<meta property=\"og:site_name\" content=\"Gambini Editore\" \/>\n<meta property=\"article:modified_time\" content=\"2025-09-11T08:00:45+00:00\" \/>\n<meta property=\"og:image\" content=\"https:\/\/gambinieditore.studiozerocinque.it\/wp-content\/uploads\/2022\/12\/370-Amati.-Poesie.jpg\" \/>\n\t<meta property=\"og:image:width\" content=\"885\" \/>\n\t<meta property=\"og:image:height\" content=\"1268\" \/>\n\t<meta property=\"og:image:type\" content=\"image\/jpeg\" \/>\n<meta name=\"twitter:card\" content=\"summary_large_image\" \/>\n<meta name=\"twitter:label1\" content=\"Tempo di lettura stimato\" \/>\n\t<meta name=\"twitter:data1\" content=\"1 minuto\" \/>\n<script type=\"application\/ld+json\" class=\"yoast-schema-graph\">{\"@context\":\"https:\/\/schema.org\",\"@graph\":[{\"@type\":\"WebPage\",\"@id\":\"https:\/\/gambinieditore.studiozerocinque.it\/?product=amati-poesie\",\"url\":\"https:\/\/gambinieditore.studiozerocinque.it\/?product=amati-poesie\",\"name\":\"Am\u00e0ti. Poesie - Gambini Editore\",\"isPartOf\":{\"@id\":\"https:\/\/gambinieditore.studiozerocinque.it\/#website\"},\"primaryImageOfPage\":{\"@id\":\"https:\/\/gambinieditore.studiozerocinque.it\/?product=amati-poesie#primaryimage\"},\"image\":{\"@id\":\"https:\/\/gambinieditore.studiozerocinque.it\/?product=amati-poesie#primaryimage\"},\"thumbnailUrl\":\"https:\/\/gambinieditore.studiozerocinque.it\/wp-content\/uploads\/2022\/12\/370-Amati.-Poesie.jpg\",\"datePublished\":\"2022-12-12T13:23:06+00:00\",\"dateModified\":\"2025-09-11T08:00:45+00:00\",\"breadcrumb\":{\"@id\":\"https:\/\/gambinieditore.studiozerocinque.it\/?product=amati-poesie#breadcrumb\"},\"inLanguage\":\"it-IT\",\"potentialAction\":[{\"@type\":\"ReadAction\",\"target\":[\"https:\/\/gambinieditore.studiozerocinque.it\/?product=amati-poesie\"]}]},{\"@type\":\"ImageObject\",\"inLanguage\":\"it-IT\",\"@id\":\"https:\/\/gambinieditore.studiozerocinque.it\/?product=amati-poesie#primaryimage\",\"url\":\"https:\/\/gambinieditore.studiozerocinque.it\/wp-content\/uploads\/2022\/12\/370-Amati.-Poesie.jpg\",\"contentUrl\":\"https:\/\/gambinieditore.studiozerocinque.it\/wp-content\/uploads\/2022\/12\/370-Amati.-Poesie.jpg\",\"width\":885,\"height\":1268,\"caption\":\"Am\u00e0ti. Poesie\"},{\"@type\":\"BreadcrumbList\",\"@id\":\"https:\/\/gambinieditore.studiozerocinque.it\/?product=amati-poesie#breadcrumb\",\"itemListElement\":[{\"@type\":\"ListItem\",\"position\":1,\"name\":\"Home\",\"item\":\"https:\/\/gambinieditore.studiozerocinque.it\/\"},{\"@type\":\"ListItem\",\"position\":2,\"name\":\"Catalogo\",\"item\":\"https:\/\/gambinieditore.studiozerocinque.it\/?page_id=7\"},{\"@type\":\"ListItem\",\"position\":3,\"name\":\"Am\u00e0ti. Poesie\"}]},{\"@type\":\"WebSite\",\"@id\":\"https:\/\/gambinieditore.studiozerocinque.it\/#website\",\"url\":\"https:\/\/gambinieditore.studiozerocinque.it\/\",\"name\":\"Gambini Editore\",\"description\":\"\",\"potentialAction\":[{\"@type\":\"SearchAction\",\"target\":{\"@type\":\"EntryPoint\",\"urlTemplate\":\"https:\/\/gambinieditore.studiozerocinque.it\/?s={search_term_string}\"},\"query-input\":{\"@type\":\"PropertyValueSpecification\",\"valueRequired\":true,\"valueName\":\"search_term_string\"}}],\"inLanguage\":\"it-IT\"}]}<\/script>\n<!-- \/ Yoast SEO plugin. -->","yoast_head_json":{"title":"Am\u00e0ti. Poesie - Gambini Editore","robots":{"index":"noindex","follow":"follow","max-snippet":"max-snippet:-1","max-image-preview":"max-image-preview:large","max-video-preview":"max-video-preview:-1"},"og_locale":"it_IT","og_type":"article","og_title":"Am\u00e0ti. Poesie - Gambini Editore","og_description":"Am\u00e0ti. Poesie di Cristian Consilvio","og_url":"https:\/\/gambinieditore.studiozerocinque.it\/?product=amati-poesie","og_site_name":"Gambini Editore","article_modified_time":"2025-09-11T08:00:45+00:00","og_image":[{"width":885,"height":1268,"url":"https:\/\/gambinieditore.studiozerocinque.it\/wp-content\/uploads\/2022\/12\/370-Amati.-Poesie.jpg","type":"image\/jpeg"}],"twitter_card":"summary_large_image","twitter_misc":{"Tempo di lettura stimato":"1 minuto"},"schema":{"@context":"https:\/\/schema.org","@graph":[{"@type":"WebPage","@id":"https:\/\/gambinieditore.studiozerocinque.it\/?product=amati-poesie","url":"https:\/\/gambinieditore.studiozerocinque.it\/?product=amati-poesie","name":"Am\u00e0ti. Poesie - Gambini Editore","isPartOf":{"@id":"https:\/\/gambinieditore.studiozerocinque.it\/#website"},"primaryImageOfPage":{"@id":"https:\/\/gambinieditore.studiozerocinque.it\/?product=amati-poesie#primaryimage"},"image":{"@id":"https:\/\/gambinieditore.studiozerocinque.it\/?product=amati-poesie#primaryimage"},"thumbnailUrl":"https:\/\/gambinieditore.studiozerocinque.it\/wp-content\/uploads\/2022\/12\/370-Amati.-Poesie.jpg","datePublished":"2022-12-12T13:23:06+00:00","dateModified":"2025-09-11T08:00:45+00:00","breadcrumb":{"@id":"https:\/\/gambinieditore.studiozerocinque.it\/?product=amati-poesie#breadcrumb"},"inLanguage":"it-IT","potentialAction":[{"@type":"ReadAction","target":["https:\/\/gambinieditore.studiozerocinque.it\/?product=amati-poesie"]}]},{"@type":"ImageObject","inLanguage":"it-IT","@id":"https:\/\/gambinieditore.studiozerocinque.it\/?product=amati-poesie#primaryimage","url":"https:\/\/gambinieditore.studiozerocinque.it\/wp-content\/uploads\/2022\/12\/370-Amati.-Poesie.jpg","contentUrl":"https:\/\/gambinieditore.studiozerocinque.it\/wp-content\/uploads\/2022\/12\/370-Amati.-Poesie.jpg","width":885,"height":1268,"caption":"Am\u00e0ti. Poesie"},{"@type":"BreadcrumbList","@id":"https:\/\/gambinieditore.studiozerocinque.it\/?product=amati-poesie#breadcrumb","itemListElement":[{"@type":"ListItem","position":1,"name":"Home","item":"https:\/\/gambinieditore.studiozerocinque.it\/"},{"@type":"ListItem","position":2,"name":"Catalogo","item":"https:\/\/gambinieditore.studiozerocinque.it\/?page_id=7"},{"@type":"ListItem","position":3,"name":"Am\u00e0ti. Poesie"}]},{"@type":"WebSite","@id":"https:\/\/gambinieditore.studiozerocinque.it\/#website","url":"https:\/\/gambinieditore.studiozerocinque.it\/","name":"Gambini Editore","description":"","potentialAction":[{"@type":"SearchAction","target":{"@type":"EntryPoint","urlTemplate":"https:\/\/gambinieditore.studiozerocinque.it\/?s={search_term_string}"},"query-input":{"@type":"PropertyValueSpecification","valueRequired":true,"valueName":"search_term_string"}}],"inLanguage":"it-IT"}]}},"_links":{"self":[{"href":"https:\/\/gambinieditore.studiozerocinque.it\/index.php?rest_route=\/wp\/v2\/product\/676","targetHints":{"allow":["GET"]}}],"collection":[{"href":"https:\/\/gambinieditore.studiozerocinque.it\/index.php?rest_route=\/wp\/v2\/product"}],"about":[{"href":"https:\/\/gambinieditore.studiozerocinque.it\/index.php?rest_route=\/wp\/v2\/types\/product"}],"replies":[{"embeddable":true,"href":"https:\/\/gambinieditore.studiozerocinque.it\/index.php?rest_route=%2Fwp%2Fv2%2Fcomments&post=676"}],"wp:featuredmedia":[{"embeddable":true,"href":"https:\/\/gambinieditore.studiozerocinque.it\/index.php?rest_route=\/wp\/v2\/media\/675"}],"wp:attachment":[{"href":"https:\/\/gambinieditore.studiozerocinque.it\/index.php?rest_route=%2Fwp%2Fv2%2Fmedia&parent=676"}],"wp:term":[{"taxonomy":"product_brand","embeddable":true,"href":"https:\/\/gambinieditore.studiozerocinque.it\/index.php?rest_route=%2Fwp%2Fv2%2Fproduct_brand&post=676"},{"taxonomy":"product_cat","embeddable":true,"href":"https:\/\/gambinieditore.studiozerocinque.it\/index.php?rest_route=%2Fwp%2Fv2%2Fproduct_cat&post=676"},{"taxonomy":"product_tag","embeddable":true,"href":"https:\/\/gambinieditore.studiozerocinque.it\/index.php?rest_route=%2Fwp%2Fv2%2Fproduct_tag&post=676"}],"curies":[{"name":"wp","href":"https:\/\/api.w.org\/{rel}","templated":true}]}}