{"id":678,"date":"2022-12-15T18:53:32","date_gmt":"2022-12-15T17:53:32","guid":{"rendered":"https:\/\/gambinieditore.studiozerocinque.it\/prodotto\/io-guardo-racconti\/"},"modified":"2025-09-11T10:00:45","modified_gmt":"2025-09-11T08:00:45","slug":"io-guardo-racconti","status":"publish","type":"product","link":"https:\/\/gambinieditore.studiozerocinque.it\/?product=io-guardo-racconti","title":{"rendered":"Io, guardo Racconti"},"content":{"rendered":"<p>\u201cIo guardo\u201d \u00e8 una raccolta di sedici racconti dalla quale emerge la voce di un autore originale e letterariamente maturo per capacit\u00e0 di scandagliare l\u2019animo umano con sguardo lucido e acuto, svelandone comportamenti, fragilit\u00e0 e mistificazioni. Il racconto che apre la raccolta e che d\u00e0 il nome al libro, intercetta la centralit\u00e0 dell\u2019osservazione come strumento di indagine della realt\u00e0, non in quanto \u201cnecessit\u00e0 di sopravvivenza, ma come piacere dell\u2019assaporare\u201d, dove l\u2019atto stesso di guardare diventa atto necessario, privo di finalit\u00e0 o giudizio. Incontri, equivoci, conversazioni, squarci di esistenze prendono vita per poi lasciare che il sipario si abbassi e si alzi sulle atmosfere del quadro narrativo successivo. Tutto ruota intorno ad alcuni temi eletti: l\u2019incomprensione e la sua perseveranza, l\u2019ineluttabile e la sua deprecazione, la sagacia e il suo apprendimento, la piet\u00e0 e la sua costernazione. Sono i soggetti di indagine delle quattro sezioni intorno a cui si sviluppano i racconti, caratterizzati da un\u2019esposizione sapiente e accurata, ma anche spiazzante, che si muove tra realismo e magia, possibilit\u00e0 e assurdo.<\/p>\n","protected":false},"excerpt":{"rendered":"<p>Io, guardo Racconti di Andrea Weismer\u00a0<\/p>\n","protected":false},"featured_media":677,"comment_status":"open","ping_status":"closed","template":"","meta":[],"product_brand":[],"product_cat":[17,18],"product_tag":[],"class_list":{"0":"post-678","1":"product","2":"type-product","3":"status-publish","4":"has-post-thumbnail","6":"product_cat-catalogo","7":"product_cat-libri","9":"first","10":"instock","11":"shipping-taxable","12":"purchasable","13":"product-type-simple"},"yoast_head":"<!-- This site is optimized with the Yoast SEO plugin v25.9 - https:\/\/yoast.com\/wordpress\/plugins\/seo\/ -->\n<title>Io, guardo Racconti - Gambini Editore<\/title>\n<meta name=\"robots\" content=\"noindex, follow, max-snippet:-1, max-image-preview:large, max-video-preview:-1\" \/>\n<meta property=\"og:locale\" content=\"it_IT\" \/>\n<meta property=\"og:type\" content=\"article\" \/>\n<meta property=\"og:title\" content=\"Io, guardo Racconti - Gambini Editore\" \/>\n<meta property=\"og:description\" content=\"Io, guardo Racconti di Andrea Weismer\u00a0\" \/>\n<meta property=\"og:url\" content=\"https:\/\/gambinieditore.studiozerocinque.it\/?product=io-guardo-racconti\" \/>\n<meta property=\"og:site_name\" content=\"Gambini Editore\" \/>\n<meta property=\"article:modified_time\" content=\"2025-09-11T08:00:45+00:00\" \/>\n<meta property=\"og:image\" content=\"https:\/\/gambinieditore.studiozerocinque.it\/wp-content\/uploads\/2022\/12\/371-Io-guardo-Racconti.jpg\" \/>\n\t<meta property=\"og:image:width\" content=\"1476\" \/>\n\t<meta property=\"og:image:height\" content=\"2303\" \/>\n\t<meta property=\"og:image:type\" content=\"image\/jpeg\" \/>\n<meta name=\"twitter:card\" content=\"summary_large_image\" \/>\n<meta name=\"twitter:label1\" content=\"Tempo di lettura stimato\" \/>\n\t<meta name=\"twitter:data1\" content=\"1 minuto\" \/>\n<script type=\"application\/ld+json\" class=\"yoast-schema-graph\">{\"@context\":\"https:\/\/schema.org\",\"@graph\":[{\"@type\":\"WebPage\",\"@id\":\"https:\/\/gambinieditore.studiozerocinque.it\/?product=io-guardo-racconti\",\"url\":\"https:\/\/gambinieditore.studiozerocinque.it\/?product=io-guardo-racconti\",\"name\":\"Io, guardo Racconti - Gambini Editore\",\"isPartOf\":{\"@id\":\"https:\/\/gambinieditore.studiozerocinque.it\/#website\"},\"primaryImageOfPage\":{\"@id\":\"https:\/\/gambinieditore.studiozerocinque.it\/?product=io-guardo-racconti#primaryimage\"},\"image\":{\"@id\":\"https:\/\/gambinieditore.studiozerocinque.it\/?product=io-guardo-racconti#primaryimage\"},\"thumbnailUrl\":\"https:\/\/gambinieditore.studiozerocinque.it\/wp-content\/uploads\/2022\/12\/371-Io-guardo-Racconti.jpg\",\"datePublished\":\"2022-12-15T17:53:32+00:00\",\"dateModified\":\"2025-09-11T08:00:45+00:00\",\"breadcrumb\":{\"@id\":\"https:\/\/gambinieditore.studiozerocinque.it\/?product=io-guardo-racconti#breadcrumb\"},\"inLanguage\":\"it-IT\",\"potentialAction\":[{\"@type\":\"ReadAction\",\"target\":[\"https:\/\/gambinieditore.studiozerocinque.it\/?product=io-guardo-racconti\"]}]},{\"@type\":\"ImageObject\",\"inLanguage\":\"it-IT\",\"@id\":\"https:\/\/gambinieditore.studiozerocinque.it\/?product=io-guardo-racconti#primaryimage\",\"url\":\"https:\/\/gambinieditore.studiozerocinque.it\/wp-content\/uploads\/2022\/12\/371-Io-guardo-Racconti.jpg\",\"contentUrl\":\"https:\/\/gambinieditore.studiozerocinque.it\/wp-content\/uploads\/2022\/12\/371-Io-guardo-Racconti.jpg\",\"width\":1476,\"height\":2303,\"caption\":\"Io, guardo Racconti\"},{\"@type\":\"BreadcrumbList\",\"@id\":\"https:\/\/gambinieditore.studiozerocinque.it\/?product=io-guardo-racconti#breadcrumb\",\"itemListElement\":[{\"@type\":\"ListItem\",\"position\":1,\"name\":\"Home\",\"item\":\"https:\/\/gambinieditore.studiozerocinque.it\/\"},{\"@type\":\"ListItem\",\"position\":2,\"name\":\"Catalogo\",\"item\":\"https:\/\/gambinieditore.studiozerocinque.it\/?page_id=7\"},{\"@type\":\"ListItem\",\"position\":3,\"name\":\"Io, guardo Racconti\"}]},{\"@type\":\"WebSite\",\"@id\":\"https:\/\/gambinieditore.studiozerocinque.it\/#website\",\"url\":\"https:\/\/gambinieditore.studiozerocinque.it\/\",\"name\":\"Gambini Editore\",\"description\":\"\",\"potentialAction\":[{\"@type\":\"SearchAction\",\"target\":{\"@type\":\"EntryPoint\",\"urlTemplate\":\"https:\/\/gambinieditore.studiozerocinque.it\/?s={search_term_string}\"},\"query-input\":{\"@type\":\"PropertyValueSpecification\",\"valueRequired\":true,\"valueName\":\"search_term_string\"}}],\"inLanguage\":\"it-IT\"}]}<\/script>\n<!-- \/ Yoast SEO plugin. -->","yoast_head_json":{"title":"Io, guardo Racconti - Gambini Editore","robots":{"index":"noindex","follow":"follow","max-snippet":"max-snippet:-1","max-image-preview":"max-image-preview:large","max-video-preview":"max-video-preview:-1"},"og_locale":"it_IT","og_type":"article","og_title":"Io, guardo Racconti - Gambini Editore","og_description":"Io, guardo Racconti di Andrea Weismer\u00a0","og_url":"https:\/\/gambinieditore.studiozerocinque.it\/?product=io-guardo-racconti","og_site_name":"Gambini Editore","article_modified_time":"2025-09-11T08:00:45+00:00","og_image":[{"width":1476,"height":2303,"url":"https:\/\/gambinieditore.studiozerocinque.it\/wp-content\/uploads\/2022\/12\/371-Io-guardo-Racconti.jpg","type":"image\/jpeg"}],"twitter_card":"summary_large_image","twitter_misc":{"Tempo di lettura stimato":"1 minuto"},"schema":{"@context":"https:\/\/schema.org","@graph":[{"@type":"WebPage","@id":"https:\/\/gambinieditore.studiozerocinque.it\/?product=io-guardo-racconti","url":"https:\/\/gambinieditore.studiozerocinque.it\/?product=io-guardo-racconti","name":"Io, guardo Racconti - Gambini Editore","isPartOf":{"@id":"https:\/\/gambinieditore.studiozerocinque.it\/#website"},"primaryImageOfPage":{"@id":"https:\/\/gambinieditore.studiozerocinque.it\/?product=io-guardo-racconti#primaryimage"},"image":{"@id":"https:\/\/gambinieditore.studiozerocinque.it\/?product=io-guardo-racconti#primaryimage"},"thumbnailUrl":"https:\/\/gambinieditore.studiozerocinque.it\/wp-content\/uploads\/2022\/12\/371-Io-guardo-Racconti.jpg","datePublished":"2022-12-15T17:53:32+00:00","dateModified":"2025-09-11T08:00:45+00:00","breadcrumb":{"@id":"https:\/\/gambinieditore.studiozerocinque.it\/?product=io-guardo-racconti#breadcrumb"},"inLanguage":"it-IT","potentialAction":[{"@type":"ReadAction","target":["https:\/\/gambinieditore.studiozerocinque.it\/?product=io-guardo-racconti"]}]},{"@type":"ImageObject","inLanguage":"it-IT","@id":"https:\/\/gambinieditore.studiozerocinque.it\/?product=io-guardo-racconti#primaryimage","url":"https:\/\/gambinieditore.studiozerocinque.it\/wp-content\/uploads\/2022\/12\/371-Io-guardo-Racconti.jpg","contentUrl":"https:\/\/gambinieditore.studiozerocinque.it\/wp-content\/uploads\/2022\/12\/371-Io-guardo-Racconti.jpg","width":1476,"height":2303,"caption":"Io, guardo Racconti"},{"@type":"BreadcrumbList","@id":"https:\/\/gambinieditore.studiozerocinque.it\/?product=io-guardo-racconti#breadcrumb","itemListElement":[{"@type":"ListItem","position":1,"name":"Home","item":"https:\/\/gambinieditore.studiozerocinque.it\/"},{"@type":"ListItem","position":2,"name":"Catalogo","item":"https:\/\/gambinieditore.studiozerocinque.it\/?page_id=7"},{"@type":"ListItem","position":3,"name":"Io, guardo Racconti"}]},{"@type":"WebSite","@id":"https:\/\/gambinieditore.studiozerocinque.it\/#website","url":"https:\/\/gambinieditore.studiozerocinque.it\/","name":"Gambini Editore","description":"","potentialAction":[{"@type":"SearchAction","target":{"@type":"EntryPoint","urlTemplate":"https:\/\/gambinieditore.studiozerocinque.it\/?s={search_term_string}"},"query-input":{"@type":"PropertyValueSpecification","valueRequired":true,"valueName":"search_term_string"}}],"inLanguage":"it-IT"}]}},"_links":{"self":[{"href":"https:\/\/gambinieditore.studiozerocinque.it\/index.php?rest_route=\/wp\/v2\/product\/678","targetHints":{"allow":["GET"]}}],"collection":[{"href":"https:\/\/gambinieditore.studiozerocinque.it\/index.php?rest_route=\/wp\/v2\/product"}],"about":[{"href":"https:\/\/gambinieditore.studiozerocinque.it\/index.php?rest_route=\/wp\/v2\/types\/product"}],"replies":[{"embeddable":true,"href":"https:\/\/gambinieditore.studiozerocinque.it\/index.php?rest_route=%2Fwp%2Fv2%2Fcomments&post=678"}],"wp:featuredmedia":[{"embeddable":true,"href":"https:\/\/gambinieditore.studiozerocinque.it\/index.php?rest_route=\/wp\/v2\/media\/677"}],"wp:attachment":[{"href":"https:\/\/gambinieditore.studiozerocinque.it\/index.php?rest_route=%2Fwp%2Fv2%2Fmedia&parent=678"}],"wp:term":[{"taxonomy":"product_brand","embeddable":true,"href":"https:\/\/gambinieditore.studiozerocinque.it\/index.php?rest_route=%2Fwp%2Fv2%2Fproduct_brand&post=678"},{"taxonomy":"product_cat","embeddable":true,"href":"https:\/\/gambinieditore.studiozerocinque.it\/index.php?rest_route=%2Fwp%2Fv2%2Fproduct_cat&post=678"},{"taxonomy":"product_tag","embeddable":true,"href":"https:\/\/gambinieditore.studiozerocinque.it\/index.php?rest_route=%2Fwp%2Fv2%2Fproduct_tag&post=678"}],"curies":[{"name":"wp","href":"https:\/\/api.w.org\/{rel}","templated":true}]}}