{"id":686,"date":"2023-01-17T10:05:49","date_gmt":"2023-01-17T09:05:49","guid":{"rendered":"https:\/\/gambinieditore.studiozerocinque.it\/prodotto\/tecniche-di-comunicazione-della-politica-30-come-dirlo\/"},"modified":"2023-01-17T10:05:49","modified_gmt":"2023-01-17T09:05:49","slug":"tecniche-di-comunicazione-della-politica-30-come-dirlo","status":"publish","type":"product","link":"https:\/\/gambinieditore.studiozerocinque.it\/?product=tecniche-di-comunicazione-della-politica-30-come-dirlo","title":{"rendered":"Tecniche di comunicazione della politica 3.0: come dirlo"},"content":{"rendered":"<p>Tutti possiamo aspirare a rivestire ruoli di responsabilit\u00e0 oppure candidarci a una posizione apicale o a una carica politica; ma qual \u00e8 la chiave per diventare leader di successo? In questo manuale, Laura Caldara prova a rispondere a questa domanda, mettendo a disposizione gli strumenti acquisiti in anni di studio ed esperienza per fornire all\u2019aspirante leader politico una cassetta degli attrezzi completa e multidisciplinare, partendo da un lavoro interiore che sia propedeutico alla costruzione dell\u2019immagine esteriore. Questo primo volume, dedicato alle modalit\u00e0 della comunicazione, \u00e8 un necessario preludio al successivo, che sar\u00e0 rivolto ai contenuti, nell\u2019ottica di una formazione completa e proficua, funzionale alla realizzazione di una reputazione solida e affidabile.<\/p>\n","protected":false},"excerpt":{"rendered":"<p>Tecniche di comunicazione della politica 3.0: come dirlo di Laura Caldara<\/p>\n","protected":false},"featured_media":685,"comment_status":"open","ping_status":"closed","template":"","meta":[],"product_brand":[],"product_cat":[41],"product_tag":[],"class_list":{"0":"post-686","1":"product","2":"type-product","3":"status-publish","4":"has-post-thumbnail","6":"product_cat-attualita-societa-e-politica-e-comunicazione","8":"first","9":"instock","10":"shipping-taxable","11":"purchasable","12":"product-type-simple"},"yoast_head":"<!-- This site is optimized with the Yoast SEO plugin v25.9 - https:\/\/yoast.com\/wordpress\/plugins\/seo\/ -->\n<title>Tecniche di comunicazione della politica 3.0: come dirlo - Gambini Editore<\/title>\n<meta name=\"robots\" content=\"noindex, follow, max-snippet:-1, max-image-preview:large, max-video-preview:-1\" \/>\n<meta property=\"og:locale\" content=\"it_IT\" \/>\n<meta property=\"og:type\" content=\"article\" \/>\n<meta property=\"og:title\" content=\"Tecniche di comunicazione della politica 3.0: come dirlo - Gambini Editore\" \/>\n<meta property=\"og:description\" content=\"Tecniche di comunicazione della politica 3.0: come dirlo di Laura Caldara\" \/>\n<meta property=\"og:url\" content=\"https:\/\/gambinieditore.studiozerocinque.it\/?product=tecniche-di-comunicazione-della-politica-30-come-dirlo\" \/>\n<meta property=\"og:site_name\" content=\"Gambini Editore\" \/>\n<meta property=\"og:image\" content=\"https:\/\/gambinieditore.studiozerocinque.it\/wp-content\/uploads\/2023\/01\/375-Tecniche-di-comunicazione-della-politica-3.0-come-dirlo.jpg\" \/>\n\t<meta property=\"og:image:width\" content=\"1713\" \/>\n\t<meta property=\"og:image:height\" content=\"2421\" \/>\n\t<meta property=\"og:image:type\" content=\"image\/jpeg\" \/>\n<meta name=\"twitter:card\" content=\"summary_large_image\" \/>\n<meta name=\"twitter:label1\" content=\"Tempo di lettura stimato\" \/>\n\t<meta name=\"twitter:data1\" content=\"1 minuto\" \/>\n<script type=\"application\/ld+json\" class=\"yoast-schema-graph\">{\"@context\":\"https:\/\/schema.org\",\"@graph\":[{\"@type\":\"WebPage\",\"@id\":\"https:\/\/gambinieditore.studiozerocinque.it\/?product=tecniche-di-comunicazione-della-politica-30-come-dirlo\",\"url\":\"https:\/\/gambinieditore.studiozerocinque.it\/?product=tecniche-di-comunicazione-della-politica-30-come-dirlo\",\"name\":\"Tecniche di comunicazione della politica 3.0: come dirlo - Gambini Editore\",\"isPartOf\":{\"@id\":\"https:\/\/gambinieditore.studiozerocinque.it\/#website\"},\"primaryImageOfPage\":{\"@id\":\"https:\/\/gambinieditore.studiozerocinque.it\/?product=tecniche-di-comunicazione-della-politica-30-come-dirlo#primaryimage\"},\"image\":{\"@id\":\"https:\/\/gambinieditore.studiozerocinque.it\/?product=tecniche-di-comunicazione-della-politica-30-come-dirlo#primaryimage\"},\"thumbnailUrl\":\"https:\/\/gambinieditore.studiozerocinque.it\/wp-content\/uploads\/2023\/01\/375-Tecniche-di-comunicazione-della-politica-3.0-come-dirlo.jpg\",\"datePublished\":\"2023-01-17T09:05:49+00:00\",\"breadcrumb\":{\"@id\":\"https:\/\/gambinieditore.studiozerocinque.it\/?product=tecniche-di-comunicazione-della-politica-30-come-dirlo#breadcrumb\"},\"inLanguage\":\"it-IT\",\"potentialAction\":[{\"@type\":\"ReadAction\",\"target\":[\"https:\/\/gambinieditore.studiozerocinque.it\/?product=tecniche-di-comunicazione-della-politica-30-come-dirlo\"]}]},{\"@type\":\"ImageObject\",\"inLanguage\":\"it-IT\",\"@id\":\"https:\/\/gambinieditore.studiozerocinque.it\/?product=tecniche-di-comunicazione-della-politica-30-come-dirlo#primaryimage\",\"url\":\"https:\/\/gambinieditore.studiozerocinque.it\/wp-content\/uploads\/2023\/01\/375-Tecniche-di-comunicazione-della-politica-3.0-come-dirlo.jpg\",\"contentUrl\":\"https:\/\/gambinieditore.studiozerocinque.it\/wp-content\/uploads\/2023\/01\/375-Tecniche-di-comunicazione-della-politica-3.0-come-dirlo.jpg\",\"width\":1713,\"height\":2421,\"caption\":\"Tecniche di comunicazione della politica 3.0: come dirlo\"},{\"@type\":\"BreadcrumbList\",\"@id\":\"https:\/\/gambinieditore.studiozerocinque.it\/?product=tecniche-di-comunicazione-della-politica-30-come-dirlo#breadcrumb\",\"itemListElement\":[{\"@type\":\"ListItem\",\"position\":1,\"name\":\"Home\",\"item\":\"https:\/\/gambinieditore.studiozerocinque.it\/\"},{\"@type\":\"ListItem\",\"position\":2,\"name\":\"Catalogo\",\"item\":\"https:\/\/gambinieditore.studiozerocinque.it\/?page_id=7\"},{\"@type\":\"ListItem\",\"position\":3,\"name\":\"Tecniche di comunicazione della politica 3.0: come dirlo\"}]},{\"@type\":\"WebSite\",\"@id\":\"https:\/\/gambinieditore.studiozerocinque.it\/#website\",\"url\":\"https:\/\/gambinieditore.studiozerocinque.it\/\",\"name\":\"Gambini Editore\",\"description\":\"\",\"potentialAction\":[{\"@type\":\"SearchAction\",\"target\":{\"@type\":\"EntryPoint\",\"urlTemplate\":\"https:\/\/gambinieditore.studiozerocinque.it\/?s={search_term_string}\"},\"query-input\":{\"@type\":\"PropertyValueSpecification\",\"valueRequired\":true,\"valueName\":\"search_term_string\"}}],\"inLanguage\":\"it-IT\"}]}<\/script>\n<!-- \/ Yoast SEO plugin. -->","yoast_head_json":{"title":"Tecniche di comunicazione della politica 3.0: come dirlo - Gambini Editore","robots":{"index":"noindex","follow":"follow","max-snippet":"max-snippet:-1","max-image-preview":"max-image-preview:large","max-video-preview":"max-video-preview:-1"},"og_locale":"it_IT","og_type":"article","og_title":"Tecniche di comunicazione della politica 3.0: come dirlo - Gambini Editore","og_description":"Tecniche di comunicazione della politica 3.0: come dirlo di Laura Caldara","og_url":"https:\/\/gambinieditore.studiozerocinque.it\/?product=tecniche-di-comunicazione-della-politica-30-come-dirlo","og_site_name":"Gambini Editore","og_image":[{"width":1713,"height":2421,"url":"https:\/\/gambinieditore.studiozerocinque.it\/wp-content\/uploads\/2023\/01\/375-Tecniche-di-comunicazione-della-politica-3.0-come-dirlo.jpg","type":"image\/jpeg"}],"twitter_card":"summary_large_image","twitter_misc":{"Tempo di lettura stimato":"1 minuto"},"schema":{"@context":"https:\/\/schema.org","@graph":[{"@type":"WebPage","@id":"https:\/\/gambinieditore.studiozerocinque.it\/?product=tecniche-di-comunicazione-della-politica-30-come-dirlo","url":"https:\/\/gambinieditore.studiozerocinque.it\/?product=tecniche-di-comunicazione-della-politica-30-come-dirlo","name":"Tecniche di comunicazione della politica 3.0: come dirlo - Gambini Editore","isPartOf":{"@id":"https:\/\/gambinieditore.studiozerocinque.it\/#website"},"primaryImageOfPage":{"@id":"https:\/\/gambinieditore.studiozerocinque.it\/?product=tecniche-di-comunicazione-della-politica-30-come-dirlo#primaryimage"},"image":{"@id":"https:\/\/gambinieditore.studiozerocinque.it\/?product=tecniche-di-comunicazione-della-politica-30-come-dirlo#primaryimage"},"thumbnailUrl":"https:\/\/gambinieditore.studiozerocinque.it\/wp-content\/uploads\/2023\/01\/375-Tecniche-di-comunicazione-della-politica-3.0-come-dirlo.jpg","datePublished":"2023-01-17T09:05:49+00:00","breadcrumb":{"@id":"https:\/\/gambinieditore.studiozerocinque.it\/?product=tecniche-di-comunicazione-della-politica-30-come-dirlo#breadcrumb"},"inLanguage":"it-IT","potentialAction":[{"@type":"ReadAction","target":["https:\/\/gambinieditore.studiozerocinque.it\/?product=tecniche-di-comunicazione-della-politica-30-come-dirlo"]}]},{"@type":"ImageObject","inLanguage":"it-IT","@id":"https:\/\/gambinieditore.studiozerocinque.it\/?product=tecniche-di-comunicazione-della-politica-30-come-dirlo#primaryimage","url":"https:\/\/gambinieditore.studiozerocinque.it\/wp-content\/uploads\/2023\/01\/375-Tecniche-di-comunicazione-della-politica-3.0-come-dirlo.jpg","contentUrl":"https:\/\/gambinieditore.studiozerocinque.it\/wp-content\/uploads\/2023\/01\/375-Tecniche-di-comunicazione-della-politica-3.0-come-dirlo.jpg","width":1713,"height":2421,"caption":"Tecniche di comunicazione della politica 3.0: come dirlo"},{"@type":"BreadcrumbList","@id":"https:\/\/gambinieditore.studiozerocinque.it\/?product=tecniche-di-comunicazione-della-politica-30-come-dirlo#breadcrumb","itemListElement":[{"@type":"ListItem","position":1,"name":"Home","item":"https:\/\/gambinieditore.studiozerocinque.it\/"},{"@type":"ListItem","position":2,"name":"Catalogo","item":"https:\/\/gambinieditore.studiozerocinque.it\/?page_id=7"},{"@type":"ListItem","position":3,"name":"Tecniche di comunicazione della politica 3.0: come dirlo"}]},{"@type":"WebSite","@id":"https:\/\/gambinieditore.studiozerocinque.it\/#website","url":"https:\/\/gambinieditore.studiozerocinque.it\/","name":"Gambini Editore","description":"","potentialAction":[{"@type":"SearchAction","target":{"@type":"EntryPoint","urlTemplate":"https:\/\/gambinieditore.studiozerocinque.it\/?s={search_term_string}"},"query-input":{"@type":"PropertyValueSpecification","valueRequired":true,"valueName":"search_term_string"}}],"inLanguage":"it-IT"}]}},"_links":{"self":[{"href":"https:\/\/gambinieditore.studiozerocinque.it\/index.php?rest_route=\/wp\/v2\/product\/686","targetHints":{"allow":["GET"]}}],"collection":[{"href":"https:\/\/gambinieditore.studiozerocinque.it\/index.php?rest_route=\/wp\/v2\/product"}],"about":[{"href":"https:\/\/gambinieditore.studiozerocinque.it\/index.php?rest_route=\/wp\/v2\/types\/product"}],"replies":[{"embeddable":true,"href":"https:\/\/gambinieditore.studiozerocinque.it\/index.php?rest_route=%2Fwp%2Fv2%2Fcomments&post=686"}],"wp:featuredmedia":[{"embeddable":true,"href":"https:\/\/gambinieditore.studiozerocinque.it\/index.php?rest_route=\/wp\/v2\/media\/685"}],"wp:attachment":[{"href":"https:\/\/gambinieditore.studiozerocinque.it\/index.php?rest_route=%2Fwp%2Fv2%2Fmedia&parent=686"}],"wp:term":[{"taxonomy":"product_brand","embeddable":true,"href":"https:\/\/gambinieditore.studiozerocinque.it\/index.php?rest_route=%2Fwp%2Fv2%2Fproduct_brand&post=686"},{"taxonomy":"product_cat","embeddable":true,"href":"https:\/\/gambinieditore.studiozerocinque.it\/index.php?rest_route=%2Fwp%2Fv2%2Fproduct_cat&post=686"},{"taxonomy":"product_tag","embeddable":true,"href":"https:\/\/gambinieditore.studiozerocinque.it\/index.php?rest_route=%2Fwp%2Fv2%2Fproduct_tag&post=686"}],"curies":[{"name":"wp","href":"https:\/\/api.w.org\/{rel}","templated":true}]}}