{"id":694,"date":"2023-04-01T12:47:40","date_gmt":"2023-04-01T10:47:40","guid":{"rendered":"https:\/\/gambinieditore.studiozerocinque.it\/prodotto\/le-opere-i-giorni-storie-quotidiane-di-passione-racconti\/"},"modified":"2023-04-01T12:47:40","modified_gmt":"2023-04-01T10:47:40","slug":"le-opere-i-giorni-storie-quotidiane-di-passione-racconti","status":"publish","type":"product","link":"https:\/\/gambinieditore.studiozerocinque.it\/?product=le-opere-i-giorni-storie-quotidiane-di-passione-racconti","title":{"rendered":"LE OPERE , I GIORNI: STORIE QUOTIDIANE DI PASSIONE. Racconti"},"content":{"rendered":"<p>Nella nostra epoca, per tanti e complessi motivi, abbiamo assistito ad una sorta di svalutazione del lavoro manuale e, per uno degli strani giochi che la storia sa determinare nel suo andamento dialettico, ad una necessit\u00e0, invece, di rivalutare la particolarit\u00e0 di prodotti non seriali e ripetitivi. La chiave narrativa che \u00e8 andata emergendo nella stesura dei racconti \u00e8 quella dell\u2019esperienza diretta e della relazione con gli altri esseri umani. Atmosfere, impressioni in una serie di spazi urbani in cui prende vita l\u2019incontro, lo scambio e il rapporto intorno ad attivit\u00e0 che assumono un valore centrale per definire le esistenze di chi si immerge nella propria attivit\u00e0 lavorativa. Il passato, il presente e il futuro si incrociano intorno alla definizione del lavoro \u201cben fatto\u201d, sempre nettamente distinto da un lavoro fatto in maniera approssimativa e sofferta. La tradizione e l\u2019innovazione si sposano nel desiderio di svolgere al meglio il mestiere che si annida nelle mani di abili artigiani. Le opere, i giorni: storie quotidiane di passione contiene in s\u00e9 anche un ovvio e necessario rimando alla nostra Costituzione: la democrazia ha trovato proprio nel lavoro il collante necessario a tenere insieme le diverse tradizioni culturali e politiche sulle quali poggia la nostra Repubblica. Un piccolo viaggio che ci aiuta a riflettere sul lavoro come punto di intersezione fra la realizzazione del singolo e la ricaduta della sua attivit\u00e0 nella societ\u00e0 Piccole storie che aiutano a riflettere sulle grandi trasformazioni del mondo in cui viviamo e sulle sfide della complessit\u00e0 e delle transizioni che dobbiamo affrontare.<\/p>\n","protected":false},"excerpt":{"rendered":"<p>\u00a0LE OPERE , I GIORNI: STORIE QUOTIDIANE DI PASSIONE. Racconti di Antonio Fresa<\/p>\n","protected":false},"featured_media":693,"comment_status":"open","ping_status":"closed","template":"","meta":[],"product_brand":[],"product_cat":[25,24],"product_tag":[],"class_list":{"0":"post-694","1":"product","2":"type-product","3":"status-publish","4":"has-post-thumbnail","6":"product_cat-narrativa-italiana","7":"product_cat-novita","9":"first","10":"instock","11":"shipping-taxable","12":"purchasable","13":"product-type-simple"},"yoast_head":"<!-- This site is optimized with the Yoast SEO plugin v25.9 - https:\/\/yoast.com\/wordpress\/plugins\/seo\/ -->\n<title>LE OPERE , I GIORNI: STORIE QUOTIDIANE DI PASSIONE. Racconti - Gambini Editore<\/title>\n<meta name=\"robots\" content=\"noindex, follow, max-snippet:-1, max-image-preview:large, max-video-preview:-1\" \/>\n<meta property=\"og:locale\" content=\"it_IT\" \/>\n<meta property=\"og:type\" content=\"article\" \/>\n<meta property=\"og:title\" content=\"LE OPERE , I GIORNI: STORIE QUOTIDIANE DI PASSIONE. Racconti - Gambini Editore\" \/>\n<meta property=\"og:description\" content=\"\u00a0LE OPERE , I GIORNI: STORIE QUOTIDIANE DI PASSIONE. Racconti di Antonio Fresa\" \/>\n<meta property=\"og:url\" content=\"https:\/\/gambinieditore.studiozerocinque.it\/?product=le-opere-i-giorni-storie-quotidiane-di-passione-racconti\" \/>\n<meta property=\"og:site_name\" content=\"Gambini Editore\" \/>\n<meta property=\"og:image\" content=\"https:\/\/gambinieditore.studiozerocinque.it\/wp-content\/uploads\/2023\/04\/380-LE-OPERE-I-GIORNI-STORIE-QUOTIDIANE-DI-PASSIONE.-Racconti.jpg\" \/>\n\t<meta property=\"og:image:width\" content=\"725\" \/>\n\t<meta property=\"og:image:height\" content=\"1190\" \/>\n\t<meta property=\"og:image:type\" content=\"image\/jpeg\" \/>\n<meta name=\"twitter:card\" content=\"summary_large_image\" \/>\n<meta name=\"twitter:label1\" content=\"Tempo di lettura stimato\" \/>\n\t<meta name=\"twitter:data1\" content=\"1 minuto\" \/>\n<script type=\"application\/ld+json\" class=\"yoast-schema-graph\">{\"@context\":\"https:\/\/schema.org\",\"@graph\":[{\"@type\":\"WebPage\",\"@id\":\"https:\/\/gambinieditore.studiozerocinque.it\/?product=le-opere-i-giorni-storie-quotidiane-di-passione-racconti\",\"url\":\"https:\/\/gambinieditore.studiozerocinque.it\/?product=le-opere-i-giorni-storie-quotidiane-di-passione-racconti\",\"name\":\"LE OPERE , I GIORNI: STORIE QUOTIDIANE DI PASSIONE. Racconti - Gambini Editore\",\"isPartOf\":{\"@id\":\"https:\/\/gambinieditore.studiozerocinque.it\/#website\"},\"primaryImageOfPage\":{\"@id\":\"https:\/\/gambinieditore.studiozerocinque.it\/?product=le-opere-i-giorni-storie-quotidiane-di-passione-racconti#primaryimage\"},\"image\":{\"@id\":\"https:\/\/gambinieditore.studiozerocinque.it\/?product=le-opere-i-giorni-storie-quotidiane-di-passione-racconti#primaryimage\"},\"thumbnailUrl\":\"https:\/\/gambinieditore.studiozerocinque.it\/wp-content\/uploads\/2023\/04\/380-LE-OPERE-I-GIORNI-STORIE-QUOTIDIANE-DI-PASSIONE.-Racconti.jpg\",\"datePublished\":\"2023-04-01T10:47:40+00:00\",\"breadcrumb\":{\"@id\":\"https:\/\/gambinieditore.studiozerocinque.it\/?product=le-opere-i-giorni-storie-quotidiane-di-passione-racconti#breadcrumb\"},\"inLanguage\":\"it-IT\",\"potentialAction\":[{\"@type\":\"ReadAction\",\"target\":[\"https:\/\/gambinieditore.studiozerocinque.it\/?product=le-opere-i-giorni-storie-quotidiane-di-passione-racconti\"]}]},{\"@type\":\"ImageObject\",\"inLanguage\":\"it-IT\",\"@id\":\"https:\/\/gambinieditore.studiozerocinque.it\/?product=le-opere-i-giorni-storie-quotidiane-di-passione-racconti#primaryimage\",\"url\":\"https:\/\/gambinieditore.studiozerocinque.it\/wp-content\/uploads\/2023\/04\/380-LE-OPERE-I-GIORNI-STORIE-QUOTIDIANE-DI-PASSIONE.-Racconti.jpg\",\"contentUrl\":\"https:\/\/gambinieditore.studiozerocinque.it\/wp-content\/uploads\/2023\/04\/380-LE-OPERE-I-GIORNI-STORIE-QUOTIDIANE-DI-PASSIONE.-Racconti.jpg\",\"width\":725,\"height\":1190,\"caption\":\"LE OPERE , I GIORNI: STORIE QUOTIDIANE DI PASSIONE. Racconti\"},{\"@type\":\"BreadcrumbList\",\"@id\":\"https:\/\/gambinieditore.studiozerocinque.it\/?product=le-opere-i-giorni-storie-quotidiane-di-passione-racconti#breadcrumb\",\"itemListElement\":[{\"@type\":\"ListItem\",\"position\":1,\"name\":\"Home\",\"item\":\"https:\/\/gambinieditore.studiozerocinque.it\/\"},{\"@type\":\"ListItem\",\"position\":2,\"name\":\"Catalogo\",\"item\":\"https:\/\/gambinieditore.studiozerocinque.it\/?page_id=7\"},{\"@type\":\"ListItem\",\"position\":3,\"name\":\"LE OPERE , I GIORNI: STORIE QUOTIDIANE DI PASSIONE. Racconti\"}]},{\"@type\":\"WebSite\",\"@id\":\"https:\/\/gambinieditore.studiozerocinque.it\/#website\",\"url\":\"https:\/\/gambinieditore.studiozerocinque.it\/\",\"name\":\"Gambini Editore\",\"description\":\"\",\"potentialAction\":[{\"@type\":\"SearchAction\",\"target\":{\"@type\":\"EntryPoint\",\"urlTemplate\":\"https:\/\/gambinieditore.studiozerocinque.it\/?s={search_term_string}\"},\"query-input\":{\"@type\":\"PropertyValueSpecification\",\"valueRequired\":true,\"valueName\":\"search_term_string\"}}],\"inLanguage\":\"it-IT\"}]}<\/script>\n<!-- \/ Yoast SEO plugin. -->","yoast_head_json":{"title":"LE OPERE , I GIORNI: STORIE QUOTIDIANE DI PASSIONE. Racconti - Gambini Editore","robots":{"index":"noindex","follow":"follow","max-snippet":"max-snippet:-1","max-image-preview":"max-image-preview:large","max-video-preview":"max-video-preview:-1"},"og_locale":"it_IT","og_type":"article","og_title":"LE OPERE , I GIORNI: STORIE QUOTIDIANE DI PASSIONE. Racconti - Gambini Editore","og_description":"\u00a0LE OPERE , I GIORNI: STORIE QUOTIDIANE DI PASSIONE. Racconti di Antonio Fresa","og_url":"https:\/\/gambinieditore.studiozerocinque.it\/?product=le-opere-i-giorni-storie-quotidiane-di-passione-racconti","og_site_name":"Gambini Editore","og_image":[{"width":725,"height":1190,"url":"https:\/\/gambinieditore.studiozerocinque.it\/wp-content\/uploads\/2023\/04\/380-LE-OPERE-I-GIORNI-STORIE-QUOTIDIANE-DI-PASSIONE.-Racconti.jpg","type":"image\/jpeg"}],"twitter_card":"summary_large_image","twitter_misc":{"Tempo di lettura stimato":"1 minuto"},"schema":{"@context":"https:\/\/schema.org","@graph":[{"@type":"WebPage","@id":"https:\/\/gambinieditore.studiozerocinque.it\/?product=le-opere-i-giorni-storie-quotidiane-di-passione-racconti","url":"https:\/\/gambinieditore.studiozerocinque.it\/?product=le-opere-i-giorni-storie-quotidiane-di-passione-racconti","name":"LE OPERE , I GIORNI: STORIE QUOTIDIANE DI PASSIONE. Racconti - Gambini Editore","isPartOf":{"@id":"https:\/\/gambinieditore.studiozerocinque.it\/#website"},"primaryImageOfPage":{"@id":"https:\/\/gambinieditore.studiozerocinque.it\/?product=le-opere-i-giorni-storie-quotidiane-di-passione-racconti#primaryimage"},"image":{"@id":"https:\/\/gambinieditore.studiozerocinque.it\/?product=le-opere-i-giorni-storie-quotidiane-di-passione-racconti#primaryimage"},"thumbnailUrl":"https:\/\/gambinieditore.studiozerocinque.it\/wp-content\/uploads\/2023\/04\/380-LE-OPERE-I-GIORNI-STORIE-QUOTIDIANE-DI-PASSIONE.-Racconti.jpg","datePublished":"2023-04-01T10:47:40+00:00","breadcrumb":{"@id":"https:\/\/gambinieditore.studiozerocinque.it\/?product=le-opere-i-giorni-storie-quotidiane-di-passione-racconti#breadcrumb"},"inLanguage":"it-IT","potentialAction":[{"@type":"ReadAction","target":["https:\/\/gambinieditore.studiozerocinque.it\/?product=le-opere-i-giorni-storie-quotidiane-di-passione-racconti"]}]},{"@type":"ImageObject","inLanguage":"it-IT","@id":"https:\/\/gambinieditore.studiozerocinque.it\/?product=le-opere-i-giorni-storie-quotidiane-di-passione-racconti#primaryimage","url":"https:\/\/gambinieditore.studiozerocinque.it\/wp-content\/uploads\/2023\/04\/380-LE-OPERE-I-GIORNI-STORIE-QUOTIDIANE-DI-PASSIONE.-Racconti.jpg","contentUrl":"https:\/\/gambinieditore.studiozerocinque.it\/wp-content\/uploads\/2023\/04\/380-LE-OPERE-I-GIORNI-STORIE-QUOTIDIANE-DI-PASSIONE.-Racconti.jpg","width":725,"height":1190,"caption":"LE OPERE , I GIORNI: STORIE QUOTIDIANE DI PASSIONE. Racconti"},{"@type":"BreadcrumbList","@id":"https:\/\/gambinieditore.studiozerocinque.it\/?product=le-opere-i-giorni-storie-quotidiane-di-passione-racconti#breadcrumb","itemListElement":[{"@type":"ListItem","position":1,"name":"Home","item":"https:\/\/gambinieditore.studiozerocinque.it\/"},{"@type":"ListItem","position":2,"name":"Catalogo","item":"https:\/\/gambinieditore.studiozerocinque.it\/?page_id=7"},{"@type":"ListItem","position":3,"name":"LE OPERE , I GIORNI: STORIE QUOTIDIANE DI PASSIONE. Racconti"}]},{"@type":"WebSite","@id":"https:\/\/gambinieditore.studiozerocinque.it\/#website","url":"https:\/\/gambinieditore.studiozerocinque.it\/","name":"Gambini Editore","description":"","potentialAction":[{"@type":"SearchAction","target":{"@type":"EntryPoint","urlTemplate":"https:\/\/gambinieditore.studiozerocinque.it\/?s={search_term_string}"},"query-input":{"@type":"PropertyValueSpecification","valueRequired":true,"valueName":"search_term_string"}}],"inLanguage":"it-IT"}]}},"_links":{"self":[{"href":"https:\/\/gambinieditore.studiozerocinque.it\/index.php?rest_route=\/wp\/v2\/product\/694","targetHints":{"allow":["GET"]}}],"collection":[{"href":"https:\/\/gambinieditore.studiozerocinque.it\/index.php?rest_route=\/wp\/v2\/product"}],"about":[{"href":"https:\/\/gambinieditore.studiozerocinque.it\/index.php?rest_route=\/wp\/v2\/types\/product"}],"replies":[{"embeddable":true,"href":"https:\/\/gambinieditore.studiozerocinque.it\/index.php?rest_route=%2Fwp%2Fv2%2Fcomments&post=694"}],"wp:featuredmedia":[{"embeddable":true,"href":"https:\/\/gambinieditore.studiozerocinque.it\/index.php?rest_route=\/wp\/v2\/media\/693"}],"wp:attachment":[{"href":"https:\/\/gambinieditore.studiozerocinque.it\/index.php?rest_route=%2Fwp%2Fv2%2Fmedia&parent=694"}],"wp:term":[{"taxonomy":"product_brand","embeddable":true,"href":"https:\/\/gambinieditore.studiozerocinque.it\/index.php?rest_route=%2Fwp%2Fv2%2Fproduct_brand&post=694"},{"taxonomy":"product_cat","embeddable":true,"href":"https:\/\/gambinieditore.studiozerocinque.it\/index.php?rest_route=%2Fwp%2Fv2%2Fproduct_cat&post=694"},{"taxonomy":"product_tag","embeddable":true,"href":"https:\/\/gambinieditore.studiozerocinque.it\/index.php?rest_route=%2Fwp%2Fv2%2Fproduct_tag&post=694"}],"curies":[{"name":"wp","href":"https:\/\/api.w.org\/{rel}","templated":true}]}}