{"id":702,"date":"2023-04-14T11:18:15","date_gmt":"2023-04-14T09:18:15","guid":{"rendered":"https:\/\/gambinieditore.studiozerocinque.it\/prodotto\/ettore-patrizi-da-montecastrilli-a-san-francisco-gli-scritti\/"},"modified":"2025-09-11T10:00:46","modified_gmt":"2025-09-11T08:00:46","slug":"ettore-patrizi-da-montecastrilli-a-san-francisco-gli-scritti","status":"publish","type":"product","link":"https:\/\/gambinieditore.studiozerocinque.it\/?product=ettore-patrizi-da-montecastrilli-a-san-francisco-gli-scritti","title":{"rendered":"Ettore Patrizi. Da Montecastrilli a San Francisco. Gli scritti"},"content":{"rendered":"<p>La figura di Ettore Patrizi si rivela attraverso i suoi interessi molteplici che vanno dalla politica all\u2019attivit\u00e0 giornalistica, dall\u2019amore della musica lirica a quello della madre patria, ma ci\u00f2 che esalta ancor di pi\u00f9 la sua personalit\u00e0 \u00e8 la difesa dell\u2019italianit\u00e0 in tutti i suoi aspetti: artistici, culturali, economici, politici e storici. Nato a Montecastrilli il 5 maggio 1865, trascorse i suoi anni giovanili sempre pronto ad aiutare gli altri, lo dimostra la sua partecipazione diretta alla costituzione della \u201cSociet\u00e0 Operaia\u201d, pronta a tutelare gli interessi dei lavoratori. Abbraccia gli ideali socialisti e repubblicani, durante gli studi universitari a Milano, venendo in contatto con politici e giornalisti. Nella capitale lombarda inizia la sua attivit\u00e0 di giornalista collaborando con le migliori testate come il Secolo e il Corriere della Sera. A Motta Visconti incontra la poetessa Ada Negri con la quale inizia un rapporto d\u2019amore prima e di stima successivamente. Nel marzo del 1893 parte da Genova raggiungendo prima Chicago, dove si svolge l\u2019esposizione mondiale in occasione dei quattrocento anni della scoperta dell\u2019America, poi a San Francisco.<\/p>\n<p>Nella citt\u00e0 californiana egli segue e dirige gli avvenimenti della comunit\u00e0 italiana. Us\u00f2 il giornale \u201cL\u2019Italia\u201d, di cui era diventato Direttore, poi proprietario, sia per informare, ma soprattutto per formare i propri lettori. Questo mio lavoro intende lasciare ai posteri gli scritti pi\u00f9 importanti dell\u2019ingegnere redatti durante la sua intensa vita, al fine di consentire, a chi vorr\u00e0, di approfondire la conoscenza di Ettore Patrizi.<\/p>\n","protected":false},"excerpt":{"rendered":"<p>Ettore Patrizi Da Montecastrilli a San Francisco, Gli scritti di Giacomo Pellican\u00f2<\/p>\n","protected":false},"featured_media":701,"comment_status":"open","ping_status":"closed","template":"","meta":[],"product_brand":[],"product_cat":[18,24,59],"product_tag":[],"class_list":{"0":"post-702","1":"product","2":"type-product","3":"status-publish","4":"has-post-thumbnail","6":"product_cat-libri","7":"product_cat-novita","8":"product_cat-saggistica","10":"first","11":"instock","12":"shipping-taxable","13":"purchasable","14":"product-type-simple"},"yoast_head":"<!-- This site is optimized with the Yoast SEO plugin v25.9 - https:\/\/yoast.com\/wordpress\/plugins\/seo\/ -->\n<title>Ettore Patrizi. Da Montecastrilli a San Francisco. Gli scritti - Gambini Editore<\/title>\n<meta name=\"robots\" content=\"noindex, follow, max-snippet:-1, max-image-preview:large, max-video-preview:-1\" \/>\n<meta property=\"og:locale\" content=\"it_IT\" \/>\n<meta property=\"og:type\" content=\"article\" \/>\n<meta property=\"og:title\" content=\"Ettore Patrizi. Da Montecastrilli a San Francisco. Gli scritti - Gambini Editore\" \/>\n<meta property=\"og:description\" content=\"Ettore Patrizi Da Montecastrilli a San Francisco, Gli scritti di Giacomo Pellican\u00f2\" \/>\n<meta property=\"og:url\" content=\"https:\/\/gambinieditore.studiozerocinque.it\/?product=ettore-patrizi-da-montecastrilli-a-san-francisco-gli-scritti\" \/>\n<meta property=\"og:site_name\" content=\"Gambini Editore\" \/>\n<meta property=\"article:modified_time\" content=\"2025-09-11T08:00:46+00:00\" \/>\n<meta property=\"og:image\" content=\"https:\/\/gambinieditore.studiozerocinque.it\/wp-content\/uploads\/2023\/04\/385-Ettore-Patrizi.-Da-Montecastrilli-a-San-Francisco.-Gli-scritti.jpg\" \/>\n\t<meta property=\"og:image:width\" content=\"740\" \/>\n\t<meta property=\"og:image:height\" content=\"1211\" \/>\n\t<meta property=\"og:image:type\" content=\"image\/jpeg\" \/>\n<meta name=\"twitter:card\" content=\"summary_large_image\" \/>\n<meta name=\"twitter:label1\" content=\"Tempo di lettura stimato\" \/>\n\t<meta name=\"twitter:data1\" content=\"1 minuto\" \/>\n<script type=\"application\/ld+json\" class=\"yoast-schema-graph\">{\"@context\":\"https:\/\/schema.org\",\"@graph\":[{\"@type\":\"WebPage\",\"@id\":\"https:\/\/gambinieditore.studiozerocinque.it\/?product=ettore-patrizi-da-montecastrilli-a-san-francisco-gli-scritti\",\"url\":\"https:\/\/gambinieditore.studiozerocinque.it\/?product=ettore-patrizi-da-montecastrilli-a-san-francisco-gli-scritti\",\"name\":\"Ettore Patrizi. Da Montecastrilli a San Francisco. Gli scritti - Gambini Editore\",\"isPartOf\":{\"@id\":\"https:\/\/gambinieditore.studiozerocinque.it\/#website\"},\"primaryImageOfPage\":{\"@id\":\"https:\/\/gambinieditore.studiozerocinque.it\/?product=ettore-patrizi-da-montecastrilli-a-san-francisco-gli-scritti#primaryimage\"},\"image\":{\"@id\":\"https:\/\/gambinieditore.studiozerocinque.it\/?product=ettore-patrizi-da-montecastrilli-a-san-francisco-gli-scritti#primaryimage\"},\"thumbnailUrl\":\"https:\/\/gambinieditore.studiozerocinque.it\/wp-content\/uploads\/2023\/04\/385-Ettore-Patrizi.-Da-Montecastrilli-a-San-Francisco.-Gli-scritti.jpg\",\"datePublished\":\"2023-04-14T09:18:15+00:00\",\"dateModified\":\"2025-09-11T08:00:46+00:00\",\"breadcrumb\":{\"@id\":\"https:\/\/gambinieditore.studiozerocinque.it\/?product=ettore-patrizi-da-montecastrilli-a-san-francisco-gli-scritti#breadcrumb\"},\"inLanguage\":\"it-IT\",\"potentialAction\":[{\"@type\":\"ReadAction\",\"target\":[\"https:\/\/gambinieditore.studiozerocinque.it\/?product=ettore-patrizi-da-montecastrilli-a-san-francisco-gli-scritti\"]}]},{\"@type\":\"ImageObject\",\"inLanguage\":\"it-IT\",\"@id\":\"https:\/\/gambinieditore.studiozerocinque.it\/?product=ettore-patrizi-da-montecastrilli-a-san-francisco-gli-scritti#primaryimage\",\"url\":\"https:\/\/gambinieditore.studiozerocinque.it\/wp-content\/uploads\/2023\/04\/385-Ettore-Patrizi.-Da-Montecastrilli-a-San-Francisco.-Gli-scritti.jpg\",\"contentUrl\":\"https:\/\/gambinieditore.studiozerocinque.it\/wp-content\/uploads\/2023\/04\/385-Ettore-Patrizi.-Da-Montecastrilli-a-San-Francisco.-Gli-scritti.jpg\",\"width\":740,\"height\":1211,\"caption\":\"Ettore Patrizi. Da Montecastrilli a San Francisco. Gli scritti\"},{\"@type\":\"BreadcrumbList\",\"@id\":\"https:\/\/gambinieditore.studiozerocinque.it\/?product=ettore-patrizi-da-montecastrilli-a-san-francisco-gli-scritti#breadcrumb\",\"itemListElement\":[{\"@type\":\"ListItem\",\"position\":1,\"name\":\"Home\",\"item\":\"https:\/\/gambinieditore.studiozerocinque.it\/\"},{\"@type\":\"ListItem\",\"position\":2,\"name\":\"Catalogo\",\"item\":\"https:\/\/gambinieditore.studiozerocinque.it\/?page_id=7\"},{\"@type\":\"ListItem\",\"position\":3,\"name\":\"Ettore Patrizi. Da Montecastrilli a San Francisco. Gli scritti\"}]},{\"@type\":\"WebSite\",\"@id\":\"https:\/\/gambinieditore.studiozerocinque.it\/#website\",\"url\":\"https:\/\/gambinieditore.studiozerocinque.it\/\",\"name\":\"Gambini Editore\",\"description\":\"\",\"potentialAction\":[{\"@type\":\"SearchAction\",\"target\":{\"@type\":\"EntryPoint\",\"urlTemplate\":\"https:\/\/gambinieditore.studiozerocinque.it\/?s={search_term_string}\"},\"query-input\":{\"@type\":\"PropertyValueSpecification\",\"valueRequired\":true,\"valueName\":\"search_term_string\"}}],\"inLanguage\":\"it-IT\"}]}<\/script>\n<!-- \/ Yoast SEO plugin. -->","yoast_head_json":{"title":"Ettore Patrizi. Da Montecastrilli a San Francisco. Gli scritti - Gambini Editore","robots":{"index":"noindex","follow":"follow","max-snippet":"max-snippet:-1","max-image-preview":"max-image-preview:large","max-video-preview":"max-video-preview:-1"},"og_locale":"it_IT","og_type":"article","og_title":"Ettore Patrizi. Da Montecastrilli a San Francisco. Gli scritti - Gambini Editore","og_description":"Ettore Patrizi Da Montecastrilli a San Francisco, Gli scritti di Giacomo Pellican\u00f2","og_url":"https:\/\/gambinieditore.studiozerocinque.it\/?product=ettore-patrizi-da-montecastrilli-a-san-francisco-gli-scritti","og_site_name":"Gambini Editore","article_modified_time":"2025-09-11T08:00:46+00:00","og_image":[{"width":740,"height":1211,"url":"https:\/\/gambinieditore.studiozerocinque.it\/wp-content\/uploads\/2023\/04\/385-Ettore-Patrizi.-Da-Montecastrilli-a-San-Francisco.-Gli-scritti.jpg","type":"image\/jpeg"}],"twitter_card":"summary_large_image","twitter_misc":{"Tempo di lettura stimato":"1 minuto"},"schema":{"@context":"https:\/\/schema.org","@graph":[{"@type":"WebPage","@id":"https:\/\/gambinieditore.studiozerocinque.it\/?product=ettore-patrizi-da-montecastrilli-a-san-francisco-gli-scritti","url":"https:\/\/gambinieditore.studiozerocinque.it\/?product=ettore-patrizi-da-montecastrilli-a-san-francisco-gli-scritti","name":"Ettore Patrizi. Da Montecastrilli a San Francisco. Gli scritti - Gambini Editore","isPartOf":{"@id":"https:\/\/gambinieditore.studiozerocinque.it\/#website"},"primaryImageOfPage":{"@id":"https:\/\/gambinieditore.studiozerocinque.it\/?product=ettore-patrizi-da-montecastrilli-a-san-francisco-gli-scritti#primaryimage"},"image":{"@id":"https:\/\/gambinieditore.studiozerocinque.it\/?product=ettore-patrizi-da-montecastrilli-a-san-francisco-gli-scritti#primaryimage"},"thumbnailUrl":"https:\/\/gambinieditore.studiozerocinque.it\/wp-content\/uploads\/2023\/04\/385-Ettore-Patrizi.-Da-Montecastrilli-a-San-Francisco.-Gli-scritti.jpg","datePublished":"2023-04-14T09:18:15+00:00","dateModified":"2025-09-11T08:00:46+00:00","breadcrumb":{"@id":"https:\/\/gambinieditore.studiozerocinque.it\/?product=ettore-patrizi-da-montecastrilli-a-san-francisco-gli-scritti#breadcrumb"},"inLanguage":"it-IT","potentialAction":[{"@type":"ReadAction","target":["https:\/\/gambinieditore.studiozerocinque.it\/?product=ettore-patrizi-da-montecastrilli-a-san-francisco-gli-scritti"]}]},{"@type":"ImageObject","inLanguage":"it-IT","@id":"https:\/\/gambinieditore.studiozerocinque.it\/?product=ettore-patrizi-da-montecastrilli-a-san-francisco-gli-scritti#primaryimage","url":"https:\/\/gambinieditore.studiozerocinque.it\/wp-content\/uploads\/2023\/04\/385-Ettore-Patrizi.-Da-Montecastrilli-a-San-Francisco.-Gli-scritti.jpg","contentUrl":"https:\/\/gambinieditore.studiozerocinque.it\/wp-content\/uploads\/2023\/04\/385-Ettore-Patrizi.-Da-Montecastrilli-a-San-Francisco.-Gli-scritti.jpg","width":740,"height":1211,"caption":"Ettore Patrizi. Da Montecastrilli a San Francisco. Gli scritti"},{"@type":"BreadcrumbList","@id":"https:\/\/gambinieditore.studiozerocinque.it\/?product=ettore-patrizi-da-montecastrilli-a-san-francisco-gli-scritti#breadcrumb","itemListElement":[{"@type":"ListItem","position":1,"name":"Home","item":"https:\/\/gambinieditore.studiozerocinque.it\/"},{"@type":"ListItem","position":2,"name":"Catalogo","item":"https:\/\/gambinieditore.studiozerocinque.it\/?page_id=7"},{"@type":"ListItem","position":3,"name":"Ettore Patrizi. Da Montecastrilli a San Francisco. Gli scritti"}]},{"@type":"WebSite","@id":"https:\/\/gambinieditore.studiozerocinque.it\/#website","url":"https:\/\/gambinieditore.studiozerocinque.it\/","name":"Gambini Editore","description":"","potentialAction":[{"@type":"SearchAction","target":{"@type":"EntryPoint","urlTemplate":"https:\/\/gambinieditore.studiozerocinque.it\/?s={search_term_string}"},"query-input":{"@type":"PropertyValueSpecification","valueRequired":true,"valueName":"search_term_string"}}],"inLanguage":"it-IT"}]}},"_links":{"self":[{"href":"https:\/\/gambinieditore.studiozerocinque.it\/index.php?rest_route=\/wp\/v2\/product\/702","targetHints":{"allow":["GET"]}}],"collection":[{"href":"https:\/\/gambinieditore.studiozerocinque.it\/index.php?rest_route=\/wp\/v2\/product"}],"about":[{"href":"https:\/\/gambinieditore.studiozerocinque.it\/index.php?rest_route=\/wp\/v2\/types\/product"}],"replies":[{"embeddable":true,"href":"https:\/\/gambinieditore.studiozerocinque.it\/index.php?rest_route=%2Fwp%2Fv2%2Fcomments&post=702"}],"wp:featuredmedia":[{"embeddable":true,"href":"https:\/\/gambinieditore.studiozerocinque.it\/index.php?rest_route=\/wp\/v2\/media\/701"}],"wp:attachment":[{"href":"https:\/\/gambinieditore.studiozerocinque.it\/index.php?rest_route=%2Fwp%2Fv2%2Fmedia&parent=702"}],"wp:term":[{"taxonomy":"product_brand","embeddable":true,"href":"https:\/\/gambinieditore.studiozerocinque.it\/index.php?rest_route=%2Fwp%2Fv2%2Fproduct_brand&post=702"},{"taxonomy":"product_cat","embeddable":true,"href":"https:\/\/gambinieditore.studiozerocinque.it\/index.php?rest_route=%2Fwp%2Fv2%2Fproduct_cat&post=702"},{"taxonomy":"product_tag","embeddable":true,"href":"https:\/\/gambinieditore.studiozerocinque.it\/index.php?rest_route=%2Fwp%2Fv2%2Fproduct_tag&post=702"}],"curies":[{"name":"wp","href":"https:\/\/api.w.org\/{rel}","templated":true}]}}