{"id":708,"date":"2023-05-15T16:56:52","date_gmt":"2023-05-15T14:56:52","guid":{"rendered":"https:\/\/gambinieditore.studiozerocinque.it\/prodotto\/il-porto-dell-olio-romanzo\/"},"modified":"2025-09-11T10:00:46","modified_gmt":"2025-09-11T08:00:46","slug":"il-porto-dell-olio-romanzo","status":"publish","type":"product","link":"https:\/\/gambinieditore.studiozerocinque.it\/?product=il-porto-dell-olio-romanzo","title":{"rendered":"IL PORTO DELL&#8217;OLIO. Romanzo"},"content":{"rendered":"<p>Ocriculum, anno 162 d.C. Valerio \u00e8 un giovane medico formatosi alla scuola del grande Galeno, che si prepara a partire per la guerra. In Mesopotamia la situazione \u00e8 grave e l\u2019imperatore Marco Aurelio ha deciso di inviarvi una spedizione militare che sconfigga definitivamente i Parti e renda stabili quei territori. Per il giovane chirurgo sar\u00e0 un viaggio durissimo e pericoloso, che lo metter\u00e0 alla prova in modi che non avrebbe mai immaginato. Curer\u00e0 i legionari feriti in battaglia, salver\u00e0 molte vite, ma dovr\u00e0 confrontarsi con intrighi, lotte di potere, attacchi di predoni e con una misteriosa malattia, che dissemina i corpi dei malcapitati di pustole verdastre e che non lascia scampo. Per fortuna con Valerio c\u2019\u00e8 Druso, l\u2019anziano medico che lo aiuta a crescere sia come medico che come uomo. E per fortuna a Roma c\u2019\u00e8 Flavia, la ragazza che occupa i suoi pensieri e che attende il suo ritorno. Ma dopo la lunga lontananza, i sentimenti di Flavia, e dello stesso Valerio, saranno ancora gli stessi? E quando la misteriosa malattia si diffonder\u00e0 rapidamente anche a Roma, riuscir\u00e0 Valerio a limitarla senza subire il contagio? In uno stile immediato, fatto di capito &#8211; li brevi, colpi di scena, appassionanti scene di battaglia, in una ricostruzione accurata e preziosa delle usanze del tempo, questo romanzo ci fa vedere gli ambienti, tastare la stoffa degli abiti, sentire l\u2019odore dei cibi e dei miasmi, soffrire per le ferite inferte ai legionari: Il porto dell\u2019olio fa respirare la Storia, qui e ora, sulla pagina<\/p>\n","protected":false},"excerpt":{"rendered":"<p>Ocriculum, anno 162 d.C. Valerio \u00e8 un giovane medico formatosi alla scuola del grande Galeno, che si prepara a partire per la guerra. In Mesopotamia la situazione \u00e8 grave e l\u2019imperatore Marco Aurelio ha deciso di inviarvi una spedizione militare che sconfigga definitivamente i Parti e renda stabili quei territori. Per il giovane chirurgo sar\u00e0 [&hellip;]<\/p>\n","protected":false},"featured_media":707,"comment_status":"open","ping_status":"closed","template":"","meta":[],"product_brand":[],"product_cat":[17,18,25,24],"product_tag":[],"class_list":{"0":"post-708","1":"product","2":"type-product","3":"status-publish","4":"has-post-thumbnail","6":"product_cat-catalogo","7":"product_cat-libri","8":"product_cat-narrativa-italiana","9":"product_cat-novita","11":"first","12":"instock","13":"shipping-taxable","14":"purchasable","15":"product-type-simple"},"yoast_head":"<!-- This site is optimized with the Yoast SEO plugin v25.9 - https:\/\/yoast.com\/wordpress\/plugins\/seo\/ -->\n<title>IL PORTO DELL&#039;OLIO. Romanzo - Gambini Editore<\/title>\n<meta name=\"robots\" content=\"noindex, follow, max-snippet:-1, max-image-preview:large, max-video-preview:-1\" \/>\n<meta property=\"og:locale\" content=\"it_IT\" \/>\n<meta property=\"og:type\" content=\"article\" \/>\n<meta property=\"og:title\" content=\"IL PORTO DELL&#039;OLIO. Romanzo - Gambini Editore\" \/>\n<meta property=\"og:description\" content=\"Ocriculum, anno 162 d.C. Valerio \u00e8 un giovane medico formatosi alla scuola del grande Galeno, che si prepara a partire per la guerra. In Mesopotamia la situazione \u00e8 grave e l\u2019imperatore Marco Aurelio ha deciso di inviarvi una spedizione militare che sconfigga definitivamente i Parti e renda stabili quei territori. Per il giovane chirurgo sar\u00e0 [&hellip;]\" \/>\n<meta property=\"og:url\" content=\"https:\/\/gambinieditore.studiozerocinque.it\/?product=il-porto-dell-olio-romanzo\" \/>\n<meta property=\"og:site_name\" content=\"Gambini Editore\" \/>\n<meta property=\"article:modified_time\" content=\"2025-09-11T08:00:46+00:00\" \/>\n<meta property=\"og:image\" content=\"https:\/\/gambinieditore.studiozerocinque.it\/wp-content\/uploads\/2023\/05\/388-IL-PORTO-DELLOLIO.-Romanzo.jpg\" \/>\n\t<meta property=\"og:image:width\" content=\"895\" \/>\n\t<meta property=\"og:image:height\" content=\"1280\" \/>\n\t<meta property=\"og:image:type\" content=\"image\/jpeg\" \/>\n<meta name=\"twitter:card\" content=\"summary_large_image\" \/>\n<meta name=\"twitter:label1\" content=\"Tempo di lettura stimato\" \/>\n\t<meta name=\"twitter:data1\" content=\"1 minuto\" \/>\n<script type=\"application\/ld+json\" class=\"yoast-schema-graph\">{\"@context\":\"https:\/\/schema.org\",\"@graph\":[{\"@type\":\"WebPage\",\"@id\":\"https:\/\/gambinieditore.studiozerocinque.it\/?product=il-porto-dell-olio-romanzo\",\"url\":\"https:\/\/gambinieditore.studiozerocinque.it\/?product=il-porto-dell-olio-romanzo\",\"name\":\"IL PORTO DELL'OLIO. Romanzo - Gambini Editore\",\"isPartOf\":{\"@id\":\"https:\/\/gambinieditore.studiozerocinque.it\/#website\"},\"primaryImageOfPage\":{\"@id\":\"https:\/\/gambinieditore.studiozerocinque.it\/?product=il-porto-dell-olio-romanzo#primaryimage\"},\"image\":{\"@id\":\"https:\/\/gambinieditore.studiozerocinque.it\/?product=il-porto-dell-olio-romanzo#primaryimage\"},\"thumbnailUrl\":\"https:\/\/gambinieditore.studiozerocinque.it\/wp-content\/uploads\/2023\/05\/388-IL-PORTO-DELLOLIO.-Romanzo.jpg\",\"datePublished\":\"2023-05-15T14:56:52+00:00\",\"dateModified\":\"2025-09-11T08:00:46+00:00\",\"breadcrumb\":{\"@id\":\"https:\/\/gambinieditore.studiozerocinque.it\/?product=il-porto-dell-olio-romanzo#breadcrumb\"},\"inLanguage\":\"it-IT\",\"potentialAction\":[{\"@type\":\"ReadAction\",\"target\":[\"https:\/\/gambinieditore.studiozerocinque.it\/?product=il-porto-dell-olio-romanzo\"]}]},{\"@type\":\"ImageObject\",\"inLanguage\":\"it-IT\",\"@id\":\"https:\/\/gambinieditore.studiozerocinque.it\/?product=il-porto-dell-olio-romanzo#primaryimage\",\"url\":\"https:\/\/gambinieditore.studiozerocinque.it\/wp-content\/uploads\/2023\/05\/388-IL-PORTO-DELLOLIO.-Romanzo.jpg\",\"contentUrl\":\"https:\/\/gambinieditore.studiozerocinque.it\/wp-content\/uploads\/2023\/05\/388-IL-PORTO-DELLOLIO.-Romanzo.jpg\",\"width\":895,\"height\":1280,\"caption\":\"IL PORTO DELL'OLIO. Romanzo\"},{\"@type\":\"BreadcrumbList\",\"@id\":\"https:\/\/gambinieditore.studiozerocinque.it\/?product=il-porto-dell-olio-romanzo#breadcrumb\",\"itemListElement\":[{\"@type\":\"ListItem\",\"position\":1,\"name\":\"Home\",\"item\":\"https:\/\/gambinieditore.studiozerocinque.it\/\"},{\"@type\":\"ListItem\",\"position\":2,\"name\":\"Catalogo\",\"item\":\"https:\/\/gambinieditore.studiozerocinque.it\/?page_id=7\"},{\"@type\":\"ListItem\",\"position\":3,\"name\":\"IL PORTO DELL&#8217;OLIO. Romanzo\"}]},{\"@type\":\"WebSite\",\"@id\":\"https:\/\/gambinieditore.studiozerocinque.it\/#website\",\"url\":\"https:\/\/gambinieditore.studiozerocinque.it\/\",\"name\":\"Gambini Editore\",\"description\":\"\",\"potentialAction\":[{\"@type\":\"SearchAction\",\"target\":{\"@type\":\"EntryPoint\",\"urlTemplate\":\"https:\/\/gambinieditore.studiozerocinque.it\/?s={search_term_string}\"},\"query-input\":{\"@type\":\"PropertyValueSpecification\",\"valueRequired\":true,\"valueName\":\"search_term_string\"}}],\"inLanguage\":\"it-IT\"}]}<\/script>\n<!-- \/ Yoast SEO plugin. -->","yoast_head_json":{"title":"IL PORTO DELL'OLIO. Romanzo - Gambini Editore","robots":{"index":"noindex","follow":"follow","max-snippet":"max-snippet:-1","max-image-preview":"max-image-preview:large","max-video-preview":"max-video-preview:-1"},"og_locale":"it_IT","og_type":"article","og_title":"IL PORTO DELL'OLIO. Romanzo - Gambini Editore","og_description":"Ocriculum, anno 162 d.C. Valerio \u00e8 un giovane medico formatosi alla scuola del grande Galeno, che si prepara a partire per la guerra. In Mesopotamia la situazione \u00e8 grave e l\u2019imperatore Marco Aurelio ha deciso di inviarvi una spedizione militare che sconfigga definitivamente i Parti e renda stabili quei territori. Per il giovane chirurgo sar\u00e0 [&hellip;]","og_url":"https:\/\/gambinieditore.studiozerocinque.it\/?product=il-porto-dell-olio-romanzo","og_site_name":"Gambini Editore","article_modified_time":"2025-09-11T08:00:46+00:00","og_image":[{"width":895,"height":1280,"url":"https:\/\/gambinieditore.studiozerocinque.it\/wp-content\/uploads\/2023\/05\/388-IL-PORTO-DELLOLIO.-Romanzo.jpg","type":"image\/jpeg"}],"twitter_card":"summary_large_image","twitter_misc":{"Tempo di lettura stimato":"1 minuto"},"schema":{"@context":"https:\/\/schema.org","@graph":[{"@type":"WebPage","@id":"https:\/\/gambinieditore.studiozerocinque.it\/?product=il-porto-dell-olio-romanzo","url":"https:\/\/gambinieditore.studiozerocinque.it\/?product=il-porto-dell-olio-romanzo","name":"IL PORTO DELL'OLIO. Romanzo - Gambini Editore","isPartOf":{"@id":"https:\/\/gambinieditore.studiozerocinque.it\/#website"},"primaryImageOfPage":{"@id":"https:\/\/gambinieditore.studiozerocinque.it\/?product=il-porto-dell-olio-romanzo#primaryimage"},"image":{"@id":"https:\/\/gambinieditore.studiozerocinque.it\/?product=il-porto-dell-olio-romanzo#primaryimage"},"thumbnailUrl":"https:\/\/gambinieditore.studiozerocinque.it\/wp-content\/uploads\/2023\/05\/388-IL-PORTO-DELLOLIO.-Romanzo.jpg","datePublished":"2023-05-15T14:56:52+00:00","dateModified":"2025-09-11T08:00:46+00:00","breadcrumb":{"@id":"https:\/\/gambinieditore.studiozerocinque.it\/?product=il-porto-dell-olio-romanzo#breadcrumb"},"inLanguage":"it-IT","potentialAction":[{"@type":"ReadAction","target":["https:\/\/gambinieditore.studiozerocinque.it\/?product=il-porto-dell-olio-romanzo"]}]},{"@type":"ImageObject","inLanguage":"it-IT","@id":"https:\/\/gambinieditore.studiozerocinque.it\/?product=il-porto-dell-olio-romanzo#primaryimage","url":"https:\/\/gambinieditore.studiozerocinque.it\/wp-content\/uploads\/2023\/05\/388-IL-PORTO-DELLOLIO.-Romanzo.jpg","contentUrl":"https:\/\/gambinieditore.studiozerocinque.it\/wp-content\/uploads\/2023\/05\/388-IL-PORTO-DELLOLIO.-Romanzo.jpg","width":895,"height":1280,"caption":"IL PORTO DELL'OLIO. Romanzo"},{"@type":"BreadcrumbList","@id":"https:\/\/gambinieditore.studiozerocinque.it\/?product=il-porto-dell-olio-romanzo#breadcrumb","itemListElement":[{"@type":"ListItem","position":1,"name":"Home","item":"https:\/\/gambinieditore.studiozerocinque.it\/"},{"@type":"ListItem","position":2,"name":"Catalogo","item":"https:\/\/gambinieditore.studiozerocinque.it\/?page_id=7"},{"@type":"ListItem","position":3,"name":"IL PORTO DELL&#8217;OLIO. Romanzo"}]},{"@type":"WebSite","@id":"https:\/\/gambinieditore.studiozerocinque.it\/#website","url":"https:\/\/gambinieditore.studiozerocinque.it\/","name":"Gambini Editore","description":"","potentialAction":[{"@type":"SearchAction","target":{"@type":"EntryPoint","urlTemplate":"https:\/\/gambinieditore.studiozerocinque.it\/?s={search_term_string}"},"query-input":{"@type":"PropertyValueSpecification","valueRequired":true,"valueName":"search_term_string"}}],"inLanguage":"it-IT"}]}},"_links":{"self":[{"href":"https:\/\/gambinieditore.studiozerocinque.it\/index.php?rest_route=\/wp\/v2\/product\/708","targetHints":{"allow":["GET"]}}],"collection":[{"href":"https:\/\/gambinieditore.studiozerocinque.it\/index.php?rest_route=\/wp\/v2\/product"}],"about":[{"href":"https:\/\/gambinieditore.studiozerocinque.it\/index.php?rest_route=\/wp\/v2\/types\/product"}],"replies":[{"embeddable":true,"href":"https:\/\/gambinieditore.studiozerocinque.it\/index.php?rest_route=%2Fwp%2Fv2%2Fcomments&post=708"}],"wp:featuredmedia":[{"embeddable":true,"href":"https:\/\/gambinieditore.studiozerocinque.it\/index.php?rest_route=\/wp\/v2\/media\/707"}],"wp:attachment":[{"href":"https:\/\/gambinieditore.studiozerocinque.it\/index.php?rest_route=%2Fwp%2Fv2%2Fmedia&parent=708"}],"wp:term":[{"taxonomy":"product_brand","embeddable":true,"href":"https:\/\/gambinieditore.studiozerocinque.it\/index.php?rest_route=%2Fwp%2Fv2%2Fproduct_brand&post=708"},{"taxonomy":"product_cat","embeddable":true,"href":"https:\/\/gambinieditore.studiozerocinque.it\/index.php?rest_route=%2Fwp%2Fv2%2Fproduct_cat&post=708"},{"taxonomy":"product_tag","embeddable":true,"href":"https:\/\/gambinieditore.studiozerocinque.it\/index.php?rest_route=%2Fwp%2Fv2%2Fproduct_tag&post=708"}],"curies":[{"name":"wp","href":"https:\/\/api.w.org\/{rel}","templated":true}]}}