{"id":739,"date":"2023-10-16T08:24:05","date_gmt":"2023-10-16T06:24:05","guid":{"rendered":"https:\/\/gambinieditore.studiozerocinque.it\/prodotto\/l-anello-mancante\/"},"modified":"2025-09-11T10:00:54","modified_gmt":"2025-09-11T08:00:54","slug":"l-anello-mancante","status":"publish","type":"product","link":"https:\/\/gambinieditore.studiozerocinque.it\/?product=l-anello-mancante","title":{"rendered":"L&#8217;anello mancante"},"content":{"rendered":"<p>Accade spesso, allo storico, di esaminare documenti che impongono un limite alla ricerca della verit\u00e0. Il Professore, conduttore della narrazione, ne \u00e8 consapevole tanto quanto \u00e8 certo che talvolta indizi di altra natura o provenienza possano svelarla inaspettatamente. I tre racconti presentati sono basati sul ritrovamento di testimonianze supposte, volutamente celate, criptiche o sopravvissute frammentarie che, vagliate da un ricercatore instancabile, gettano un ponte che approda alla successiva base documentaria e recupera, ricollegandolo, il corso della storia. Si verifica perci\u00f2 una cesura nella narrazione documentata a cui fa seguito una narrativa plausibile condotta su un filo ideale che si congiunge alla realt\u00e0 degli accadimenti successivamente documentati. \u00c8 questa la narrativa ripresa sotto l\u2019insegna dell\u2019anello mancante che simboleggia la ricostruzione dei fatti confluita nella trilogia qui riunita nel racconto storico. Essa riguarda le vicende inconfessate di tre illustri famiglie narnesi fiorite in tempi di governo pontificio, tra XVI e XVIII secolo: quelle dei Calderini, dei Cardoli e dei Sacripante. Nel primo caso emerge la verit\u00e0 su una misteriosa scomparsa; nel secondo si fa luce su una designazione ereditaria controversa, causa di dolore e sopraffazione indicibili; nel terzo si svela la copertura pietosa di una fatale trasgressione giovanile che coinvolge il fratello del cardinale Sacripante.<\/p>\n","protected":false},"excerpt":{"rendered":"<p>L&#8217;anello mancante di Francesco Luisi<\/p>\n","protected":false},"featured_media":738,"comment_status":"open","ping_status":"closed","template":"","meta":[],"product_brand":[],"product_cat":[17,18,25,24],"product_tag":[],"class_list":{"0":"post-739","1":"product","2":"type-product","3":"status-publish","4":"has-post-thumbnail","6":"product_cat-catalogo","7":"product_cat-libri","8":"product_cat-narrativa-italiana","9":"product_cat-novita","11":"first","12":"instock","13":"shipping-taxable","14":"purchasable","15":"product-type-simple"},"yoast_head":"<!-- This site is optimized with the Yoast SEO plugin v25.9 - https:\/\/yoast.com\/wordpress\/plugins\/seo\/ -->\n<title>L&#039;anello mancante - Gambini Editore<\/title>\n<meta name=\"robots\" content=\"noindex, follow, max-snippet:-1, max-image-preview:large, max-video-preview:-1\" \/>\n<meta property=\"og:locale\" content=\"it_IT\" \/>\n<meta property=\"og:type\" content=\"article\" \/>\n<meta property=\"og:title\" content=\"L&#039;anello mancante - Gambini Editore\" \/>\n<meta property=\"og:description\" content=\"L&#039;anello mancante di Francesco Luisi\" \/>\n<meta property=\"og:url\" content=\"https:\/\/gambinieditore.studiozerocinque.it\/?product=l-anello-mancante\" \/>\n<meta property=\"og:site_name\" content=\"Gambini Editore\" \/>\n<meta property=\"article:modified_time\" content=\"2025-09-11T08:00:54+00:00\" \/>\n<meta property=\"og:image\" content=\"https:\/\/gambinieditore.studiozerocinque.it\/wp-content\/uploads\/2023\/10\/409-Lanello-mancante.jpg\" \/>\n\t<meta property=\"og:image:width\" content=\"845\" \/>\n\t<meta property=\"og:image:height\" content=\"1211\" \/>\n\t<meta property=\"og:image:type\" content=\"image\/jpeg\" \/>\n<meta name=\"twitter:card\" content=\"summary_large_image\" \/>\n<meta name=\"twitter:label1\" content=\"Tempo di lettura stimato\" \/>\n\t<meta name=\"twitter:data1\" content=\"1 minuto\" \/>\n<script type=\"application\/ld+json\" class=\"yoast-schema-graph\">{\"@context\":\"https:\/\/schema.org\",\"@graph\":[{\"@type\":\"WebPage\",\"@id\":\"https:\/\/gambinieditore.studiozerocinque.it\/?product=l-anello-mancante\",\"url\":\"https:\/\/gambinieditore.studiozerocinque.it\/?product=l-anello-mancante\",\"name\":\"L'anello mancante - Gambini Editore\",\"isPartOf\":{\"@id\":\"https:\/\/gambinieditore.studiozerocinque.it\/#website\"},\"primaryImageOfPage\":{\"@id\":\"https:\/\/gambinieditore.studiozerocinque.it\/?product=l-anello-mancante#primaryimage\"},\"image\":{\"@id\":\"https:\/\/gambinieditore.studiozerocinque.it\/?product=l-anello-mancante#primaryimage\"},\"thumbnailUrl\":\"https:\/\/gambinieditore.studiozerocinque.it\/wp-content\/uploads\/2023\/10\/409-Lanello-mancante.jpg\",\"datePublished\":\"2023-10-16T06:24:05+00:00\",\"dateModified\":\"2025-09-11T08:00:54+00:00\",\"breadcrumb\":{\"@id\":\"https:\/\/gambinieditore.studiozerocinque.it\/?product=l-anello-mancante#breadcrumb\"},\"inLanguage\":\"it-IT\",\"potentialAction\":[{\"@type\":\"ReadAction\",\"target\":[\"https:\/\/gambinieditore.studiozerocinque.it\/?product=l-anello-mancante\"]}]},{\"@type\":\"ImageObject\",\"inLanguage\":\"it-IT\",\"@id\":\"https:\/\/gambinieditore.studiozerocinque.it\/?product=l-anello-mancante#primaryimage\",\"url\":\"https:\/\/gambinieditore.studiozerocinque.it\/wp-content\/uploads\/2023\/10\/409-Lanello-mancante.jpg\",\"contentUrl\":\"https:\/\/gambinieditore.studiozerocinque.it\/wp-content\/uploads\/2023\/10\/409-Lanello-mancante.jpg\",\"width\":845,\"height\":1211,\"caption\":\"L'anello mancante\"},{\"@type\":\"BreadcrumbList\",\"@id\":\"https:\/\/gambinieditore.studiozerocinque.it\/?product=l-anello-mancante#breadcrumb\",\"itemListElement\":[{\"@type\":\"ListItem\",\"position\":1,\"name\":\"Home\",\"item\":\"https:\/\/gambinieditore.studiozerocinque.it\/\"},{\"@type\":\"ListItem\",\"position\":2,\"name\":\"Catalogo\",\"item\":\"https:\/\/gambinieditore.studiozerocinque.it\/?page_id=7\"},{\"@type\":\"ListItem\",\"position\":3,\"name\":\"L&#8217;anello mancante\"}]},{\"@type\":\"WebSite\",\"@id\":\"https:\/\/gambinieditore.studiozerocinque.it\/#website\",\"url\":\"https:\/\/gambinieditore.studiozerocinque.it\/\",\"name\":\"Gambini Editore\",\"description\":\"\",\"potentialAction\":[{\"@type\":\"SearchAction\",\"target\":{\"@type\":\"EntryPoint\",\"urlTemplate\":\"https:\/\/gambinieditore.studiozerocinque.it\/?s={search_term_string}\"},\"query-input\":{\"@type\":\"PropertyValueSpecification\",\"valueRequired\":true,\"valueName\":\"search_term_string\"}}],\"inLanguage\":\"it-IT\"}]}<\/script>\n<!-- \/ Yoast SEO plugin. -->","yoast_head_json":{"title":"L'anello mancante - Gambini Editore","robots":{"index":"noindex","follow":"follow","max-snippet":"max-snippet:-1","max-image-preview":"max-image-preview:large","max-video-preview":"max-video-preview:-1"},"og_locale":"it_IT","og_type":"article","og_title":"L'anello mancante - Gambini Editore","og_description":"L'anello mancante di Francesco Luisi","og_url":"https:\/\/gambinieditore.studiozerocinque.it\/?product=l-anello-mancante","og_site_name":"Gambini Editore","article_modified_time":"2025-09-11T08:00:54+00:00","og_image":[{"width":845,"height":1211,"url":"https:\/\/gambinieditore.studiozerocinque.it\/wp-content\/uploads\/2023\/10\/409-Lanello-mancante.jpg","type":"image\/jpeg"}],"twitter_card":"summary_large_image","twitter_misc":{"Tempo di lettura stimato":"1 minuto"},"schema":{"@context":"https:\/\/schema.org","@graph":[{"@type":"WebPage","@id":"https:\/\/gambinieditore.studiozerocinque.it\/?product=l-anello-mancante","url":"https:\/\/gambinieditore.studiozerocinque.it\/?product=l-anello-mancante","name":"L'anello mancante - Gambini Editore","isPartOf":{"@id":"https:\/\/gambinieditore.studiozerocinque.it\/#website"},"primaryImageOfPage":{"@id":"https:\/\/gambinieditore.studiozerocinque.it\/?product=l-anello-mancante#primaryimage"},"image":{"@id":"https:\/\/gambinieditore.studiozerocinque.it\/?product=l-anello-mancante#primaryimage"},"thumbnailUrl":"https:\/\/gambinieditore.studiozerocinque.it\/wp-content\/uploads\/2023\/10\/409-Lanello-mancante.jpg","datePublished":"2023-10-16T06:24:05+00:00","dateModified":"2025-09-11T08:00:54+00:00","breadcrumb":{"@id":"https:\/\/gambinieditore.studiozerocinque.it\/?product=l-anello-mancante#breadcrumb"},"inLanguage":"it-IT","potentialAction":[{"@type":"ReadAction","target":["https:\/\/gambinieditore.studiozerocinque.it\/?product=l-anello-mancante"]}]},{"@type":"ImageObject","inLanguage":"it-IT","@id":"https:\/\/gambinieditore.studiozerocinque.it\/?product=l-anello-mancante#primaryimage","url":"https:\/\/gambinieditore.studiozerocinque.it\/wp-content\/uploads\/2023\/10\/409-Lanello-mancante.jpg","contentUrl":"https:\/\/gambinieditore.studiozerocinque.it\/wp-content\/uploads\/2023\/10\/409-Lanello-mancante.jpg","width":845,"height":1211,"caption":"L'anello mancante"},{"@type":"BreadcrumbList","@id":"https:\/\/gambinieditore.studiozerocinque.it\/?product=l-anello-mancante#breadcrumb","itemListElement":[{"@type":"ListItem","position":1,"name":"Home","item":"https:\/\/gambinieditore.studiozerocinque.it\/"},{"@type":"ListItem","position":2,"name":"Catalogo","item":"https:\/\/gambinieditore.studiozerocinque.it\/?page_id=7"},{"@type":"ListItem","position":3,"name":"L&#8217;anello mancante"}]},{"@type":"WebSite","@id":"https:\/\/gambinieditore.studiozerocinque.it\/#website","url":"https:\/\/gambinieditore.studiozerocinque.it\/","name":"Gambini Editore","description":"","potentialAction":[{"@type":"SearchAction","target":{"@type":"EntryPoint","urlTemplate":"https:\/\/gambinieditore.studiozerocinque.it\/?s={search_term_string}"},"query-input":{"@type":"PropertyValueSpecification","valueRequired":true,"valueName":"search_term_string"}}],"inLanguage":"it-IT"}]}},"_links":{"self":[{"href":"https:\/\/gambinieditore.studiozerocinque.it\/index.php?rest_route=\/wp\/v2\/product\/739","targetHints":{"allow":["GET"]}}],"collection":[{"href":"https:\/\/gambinieditore.studiozerocinque.it\/index.php?rest_route=\/wp\/v2\/product"}],"about":[{"href":"https:\/\/gambinieditore.studiozerocinque.it\/index.php?rest_route=\/wp\/v2\/types\/product"}],"replies":[{"embeddable":true,"href":"https:\/\/gambinieditore.studiozerocinque.it\/index.php?rest_route=%2Fwp%2Fv2%2Fcomments&post=739"}],"wp:featuredmedia":[{"embeddable":true,"href":"https:\/\/gambinieditore.studiozerocinque.it\/index.php?rest_route=\/wp\/v2\/media\/738"}],"wp:attachment":[{"href":"https:\/\/gambinieditore.studiozerocinque.it\/index.php?rest_route=%2Fwp%2Fv2%2Fmedia&parent=739"}],"wp:term":[{"taxonomy":"product_brand","embeddable":true,"href":"https:\/\/gambinieditore.studiozerocinque.it\/index.php?rest_route=%2Fwp%2Fv2%2Fproduct_brand&post=739"},{"taxonomy":"product_cat","embeddable":true,"href":"https:\/\/gambinieditore.studiozerocinque.it\/index.php?rest_route=%2Fwp%2Fv2%2Fproduct_cat&post=739"},{"taxonomy":"product_tag","embeddable":true,"href":"https:\/\/gambinieditore.studiozerocinque.it\/index.php?rest_route=%2Fwp%2Fv2%2Fproduct_tag&post=739"}],"curies":[{"name":"wp","href":"https:\/\/api.w.org\/{rel}","templated":true}]}}